{"id":100,"date":"2015-08-31T11:04:48","date_gmt":"2015-08-31T14:04:48","guid":{"rendered":"http:\/\/ciaexcessos.com.br\/ciawp\/?page_id=100"},"modified":"2023-12-23T13:44:48","modified_gmt":"2023-12-23T16:44:48","slug":"a-terra-dor","status":"publish","type":"page","link":"http:\/\/ciaexcessos.com.br\/en\/tales-frey\/criacoes\/a-terra-dor\/","title":{"rendered":"\u00c0-Terra-Dor (2014)"},"content":{"rendered":"<p>&nbsp;<\/p>\n<div style=\"padding: 56.25% 0 0 0; position: relative;\"><iframe style=\"position: absolute; top: 0; left: 0; width: 100%; height: 100%;\" src=\"https:\/\/player.vimeo.com\/video\/89370370?color=ffffff&amp;title=0&amp;byline=0&amp;portrait=0\" frameborder=\"0\" allowfullscreen=\"allowfullscreen\"><\/iframe><\/div>\n<p style=\"text-align: center;\"><span style=\"color: #000000;\">Tales Frey,\u00a0<b>\u00c0-Terra-Dor<\/b>, 2014. <span lang=\"EN-US\">Video, 3\u201913\u201d. Edition: 5 + 2 P.A.<\/span><\/span><\/p>\n<p style=\"text-align: center;\"><span style=\"color: #000000;\">Artist Revelation in the 18th Contemporary Salon belonging to the Salon of Plastic Arts of Catanduva. Catanduva, SP, 2014. Brazil<\/span><\/p>\n<p style=\"text-align: center;\"><span style=\"color: #000000;\">Edition 1\/5 is part of the collection of Museum of Modern Art (MAM RJ), Rio de Janeiro, Brazil<\/span><\/p>\n<p style=\"text-align: center;\"><span style=\"color: #000000;\">Edition 2\/5 is part of the collection of\u00a0Instituto Municipal de Arte y Cultura de Puebla (IMACP), Puebla, M\u00e9xico<\/span><\/p>\n<p>&nbsp;<\/p>\n<p style=\"text-align: justify;\"><span style=\"color: #000000;\"><span lang=\"EN-US\"><em>\u00c0-Terra-Dor<\/em> (original title in Portuguese that means at same time <em>To-Earth-Pain<\/em>\u00a0and <em>Startling<\/em>) functions as a metaphorical attempt to rewind time, to circumvent the inevitable in order to corrupt the natural degradation of matter. With this work, the purpose is to transform a natural chronological run through an imagined cure for the death, reflecting on the constant putrefaction of our matter, emphasizing, in a snapping way, our stay as it is always changing and how the materials are always in a process of recombination.<\/span><\/span><\/p>\n<p>&nbsp;<\/p>\n<h2 style=\"text-align: justify;\"><span style=\"color: #000000;\"><strong>TRAJECTORY<\/strong><\/span><\/h2>\n<div style=\"text-align: justify;\"><span style=\"color: #000000;\"><strong><span lang=\"EN-US\">[2021] <\/span><\/strong><b><span lang=\"EN-US\">10th The Videoperformance<\/span><\/b><span lang=\"EN-US\">. Art Web Gallery, Roma, Italy.<\/span><\/span><\/div>\n<p style=\"text-align: justify;\"><span style=\"color: #000000;\"><b><span lang=\"EN-US\">[2018] Critical Bodies &#8211; Season of Events<\/span><\/b><span lang=\"EN-US\">. Curated by <\/span>Nadam Guerra. Z42 Arte Contempor\u00e2nea, Rio de Janeiro, RJ, Brazil.<\/span><\/p>\n<p style=\"text-align: justify;\"><span style=\"color: #000000;\"><strong>[2016]<\/strong><span class=\"apple-converted-space\"><b>\u00a0<\/b><\/span><strong>Paratissima<\/strong><span class=\"apple-converted-space\">\u00a0<\/span><strong>\u2013 TPA torinoperformanceart<\/strong>. Curated by Manuela Macco and Guido Salvini. Torino, Italy.<\/span><\/p>\n<p style=\"text-align: justify;\"><span style=\"color: #000000;\"><strong><span lang=\"EN-US\">[2016]\u00a0The Nature of the Margin<\/span><\/strong><span lang=\"EN-US\">. Curated by<\/span>\u00a0Jos\u00e9 Apar\u00edcio Gon\u00e7alves.\u00a0XX Queer Lisbon Festival, Oficina Irm\u00e3os Marques, Lisbon, Portugal.<\/span><\/p>\n<p style=\"text-align: justify;\"><span style=\"color: #000000;\"><strong><span lang=\"EN-US\">[2016]<\/span><\/strong><span class=\"apple-converted-space\"><span lang=\"EN-US\">\u00a0<\/span><\/span><strong><span lang=\"EN-US\">Sixth Under the Subway Video Art Night<\/span><\/strong><span lang=\"EN-US\">.<\/span><span class=\"apple-converted-space\"><span lang=\"EN-US\"> Curated by<b>\u00a0<\/b>Antonio Ortu\u00f1o, Emili Pay\u00e0 and Irene Cruz Arroyo<\/span><\/span><span lang=\"EN-US\">. The Local NY (New York, USA). <\/span>Project Space Kleiner Salon (Berlin, Germany). La Casa Encendida (Madrid, Spain); KINO PALAIS, Palais de Glace \u2013 Palacio Nacional de las Artes (Buenos Aires, Argentina); October Centre de Cultura Contempor\u00e0nia (Valencia, Spain).<\/span><\/p>\n<p style=\"text-align: justify;\"><span style=\"color: #000000;\"><strong>[2016]<\/strong>\u00a0<strong>Memento Mori<\/strong>. Centro para os Assuntos da Arte e Arquitectura, Guimaraes, Portugal.<\/span><\/p>\n<p style=\"text-align: justify;\"><span style=\"color: #000000;\"><strong>[2016]<\/strong><span class=\"apple-converted-space\">\u00a0<\/span><strong>12\u00aa FONLAD \u2013 Video &amp; Performance Art Festival<\/strong>. Est\u00fadio Dois, Galeria Santa Clara e Galerias Avenida, Coimbra, Portugal.<\/span><\/p>\n<p style=\"text-align: justify;\"><span style=\"color: #000000;\"><strong>[2016]<\/strong><span class=\"apple-converted-space\">\u00a0<\/span><strong>ENAPE \u2013 Encuentro Nacional de Performance<\/strong>. Curated by Laura Lubozac.\u00a0Pachuca de Soto, Hgo., M\u00e9xico.<\/span><\/p>\n<p style=\"text-align: justify;\"><span style=\"color: #000000;\"><strong><span lang=\"EN-US\">[2016]<\/span><\/strong><span class=\"apple-converted-space\"><span lang=\"EN-US\">\u00a0<\/span><\/span><strong><span lang=\"EN-US\">Traverse Vid\u00e9o<\/span><\/strong><span lang=\"EN-US\">.\u00a0Institut Sup\u00e9rieur des arts,\u00a0Toulouse, France.<\/span><\/span><\/p>\n<p style=\"text-align: justify;\"><span style=\"color: #000000;\"><strong><span lang=\"EN-US\">[2016]\u00a0<\/span><\/strong><span lang=\"EN-US\">Collective exhibition\u00a0<\/span><strong><span lang=\"EN-US\">In State of War<\/span><\/strong><span lang=\"EN-US\">.\u00a0<\/span>Curated by Cia. Excessos. Teatro Acad\u00e9mico de Gil Vicente, Coimbra, Portugal.<\/span><\/p>\n<p style=\"text-align: justify;\"><span style=\"color: #000000;\"><strong>\u00a0[2015]<\/strong><span class=\"apple-converted-space\">\u00a0<\/span><strong>TRAFKINTU<\/strong>.\u00a0Co-habitar III,\u00a0Espa\u00e7o Independente de Arte Contempor\u00e2nea\u00a0G\u00e1lvez Inc.,\u00a0Pasaje G\u00e1lvez,\u00a0167, Cerro Concepci\u00f3n, Valpara\u00edso, Chile.<\/span><\/p>\n<p style=\"text-align: justify;\"><span style=\"color: #000000;\"><strong>[2015]<\/strong>\u00a0<strong>Converg\u00eancia 2015<\/strong>.\u00a0Mostra de Performance Arte, Sesc Tocantins, Palmas, Brazil.<\/span><\/p>\n<p style=\"text-align: justify;\"><span style=\"color: #000000;\"><strong><span lang=\"EN-US\">[2015]<\/span><\/strong><span class=\"apple-converted-space\"><span lang=\"EN-US\">\u00a0<\/span><\/span><strong><span lang=\"EN-US\">XVIII Cerveira International Art Biennial:\u00a0Looking at the past to build the future<\/span><\/strong><span lang=\"EN-US\">. <\/span>Vila Nova de Cerveira, Portugal.<\/span><\/p>\n<p style=\"text-align: justify;\"><span style=\"color: #000000;\"><strong>[2015]<\/strong>\u00a0Collective Exhibition\u00a0<strong>(Tra)vestir um Fa(c)to<\/strong>. Curated by Jos\u00e9 Maia. Espa\u00e7o MIRA, Porto, Portugal.<\/span><\/p>\n<p style=\"text-align: justify;\"><span style=\"color: #000000;\"><strong><span lang=\"EN-US\">[2014]<\/span><\/strong><span class=\"apple-converted-space\"><span lang=\"EN-US\">\u00a0<\/span><\/span><strong><span lang=\"EN-US\">18\u00ba <\/span><\/strong><b><span lang=\"EN-US\">Salon of Plastic Arts of Catanduva<\/span><\/b><span lang=\"EN-US\">. <\/span>Salon of Exhibitions, Esta\u00e7\u00e3o Cultura, Catanduva, SP, Brazil.<\/span><\/p>\n<p style=\"text-align: justify;\"><span style=\"color: #000000;\"><strong>[2014] 1\u00ba Bienal Internacional de Videoarte y Animaci\u00f3n Puebla 2014<\/strong>. Instituto Municipal de Arte y Cultura de Puebla, Puebla, M\u00e9xico.<\/span><\/p>\n<p style=\"text-align: justify;\"><span style=\"color: #000000;\"><strong>[2014]\u00a0Projeto Lacuna: Mostra de Videoarte<\/strong>. Galeria Alfinete. Bras\u00edlia, Brazil.<\/span><\/p>\n<p style=\"text-align: justify;\"><span style=\"color: #000000;\"><strong>[2014]<\/strong>\u00a0Cineclube<span class=\"apple-converted-space\">\u00a0<\/span><strong>Fenianos Portuenses \/ Video Jam Sessions \u2013 3\u00aa Sess\u00e3o<\/strong>. <span lang=\"EN-US\">Clube Fenianos Portuenses, Porto, Portugal.<\/span><\/span><\/p>\n<p style=\"text-align: justify;\"><span style=\"color: #000000;\"><strong><span lang=\"EN-US\">[2014]\u00a0<\/span><\/strong><span lang=\"EN-US\">Collective Exhibition\u00a0<\/span><strong><span lang=\"EN-US\">Fashion and Religiosity in Body Marks<\/span><\/strong><span lang=\"EN-US\">. <\/span>Organization by Cia. Excessos. SESC Rio Preto, S\u00e3o Jos\u00e9 do Rio Preto, Brazil.<\/span><\/p>\n<p style=\"text-align: justify;\"><span style=\"color: #000000;\"><strong><span lang=\"EN-US\">[2014]<\/span><\/strong><span lang=\"EN-US\">\u00a0Exhibition<\/span><strong><span lang=\"EN-US\"> Orexia<\/span><\/strong><span lang=\"EN-US\">\u00a0by Tales Frey. <\/span>Barrac\u00e3o Maravilha, Rio de Janeiro, Brazil.<\/span><\/p>\n<p><\/p>","protected":false},"excerpt":{"rendered":"<p>&nbsp; Tales Frey,\u00a0\u00c0-Terra-Dor, 2014. Video, 3\u201913\u201d. Edition: 5 + 2 P.A. Artist Revelation in the [&hellip;]<\/p>\n","protected":false},"author":1,"featured_media":0,"parent":54,"menu_order":519,"comment_status":"closed","ping_status":"closed","template":"","meta":{"footnotes":""},"class_list":["post-100","page","type-page","status-publish","hentry"],"_links":{"self":[{"href":"http:\/\/ciaexcessos.com.br\/en\/wp-json\/wp\/v2\/pages\/100","targetHints":{"allow":["GET"]}}],"collection":[{"href":"http:\/\/ciaexcessos.com.br\/en\/wp-json\/wp\/v2\/pages"}],"about":[{"href":"http:\/\/ciaexcessos.com.br\/en\/wp-json\/wp\/v2\/types\/page"}],"author":[{"embeddable":true,"href":"http:\/\/ciaexcessos.com.br\/en\/wp-json\/wp\/v2\/users\/1"}],"replies":[{"embeddable":true,"href":"http:\/\/ciaexcessos.com.br\/en\/wp-json\/wp\/v2\/comments?post=100"}],"version-history":[{"count":32,"href":"http:\/\/ciaexcessos.com.br\/en\/wp-json\/wp\/v2\/pages\/100\/revisions"}],"predecessor-version":[{"id":9381,"href":"http:\/\/ciaexcessos.com.br\/en\/wp-json\/wp\/v2\/pages\/100\/revisions\/9381"}],"up":[{"embeddable":true,"href":"http:\/\/ciaexcessos.com.br\/en\/wp-json\/wp\/v2\/pages\/54"}],"wp:attachment":[{"href":"http:\/\/ciaexcessos.com.br\/en\/wp-json\/wp\/v2\/media?parent=100"}],"curies":[{"name":"wp","href":"https:\/\/api.w.org\/{rel}","templated":true}]}}