{"id":10096,"date":"2025-05-23T18:25:13","date_gmt":"2025-05-23T21:25:13","guid":{"rendered":"https:\/\/ciaexcessos.com.br\/?page_id=10096"},"modified":"2025-05-23T18:28:13","modified_gmt":"2025-05-23T21:28:13","slug":"bienal-de-cerveira","status":"publish","type":"page","link":"http:\/\/ciaexcessos.com.br\/en\/hilda-de-paulo\/citacoes\/bienal-de-cerveira\/","title":{"rendered":"(PT) \u201c\u2018\u00c9 bonita a festa, p\u00e1!\u2019: a experi\u00eancia da imigra\u00e7\u00e3o brasileira na Bienal de Cerveira, Portugal, 2024\u201d, de Thiago Sp\u00edndola Motta Fernandes (2024)"},"content":{"rendered":"<p class=\"qtranxs-available-languages-message qtranxs-available-languages-message-en\">Sorry, this entry is only available in <a href=\"http:\/\/ciaexcessos.com.br\/pb\/wp-json\/wp\/v2\/pages\/10096\" class=\"qtranxs-available-language-link qtranxs-available-language-link-pb\" title=\"PT\">PT<\/a>.<\/p>","protected":false},"excerpt":{"rendered":"<p>Sorry, this entry is only available in PT.<\/p>\n","protected":false},"author":1,"featured_media":0,"parent":12,"menu_order":472,"comment_status":"closed","ping_status":"closed","template":"","meta":{"footnotes":""},"class_list":["post-10096","page","type-page","status-publish","hentry"],"_links":{"self":[{"href":"http:\/\/ciaexcessos.com.br\/en\/wp-json\/wp\/v2\/pages\/10096","targetHints":{"allow":["GET"]}}],"collection":[{"href":"http:\/\/ciaexcessos.com.br\/en\/wp-json\/wp\/v2\/pages"}],"about":[{"href":"http:\/\/ciaexcessos.com.br\/en\/wp-json\/wp\/v2\/types\/page"}],"author":[{"embeddable":true,"href":"http:\/\/ciaexcessos.com.br\/en\/wp-json\/wp\/v2\/users\/1"}],"replies":[{"embeddable":true,"href":"http:\/\/ciaexcessos.com.br\/en\/wp-json\/wp\/v2\/comments?post=10096"}],"version-history":[{"count":2,"href":"http:\/\/ciaexcessos.com.br\/en\/wp-json\/wp\/v2\/pages\/10096\/revisions"}],"predecessor-version":[{"id":10099,"href":"http:\/\/ciaexcessos.com.br\/en\/wp-json\/wp\/v2\/pages\/10096\/revisions\/10099"}],"up":[{"embeddable":true,"href":"http:\/\/ciaexcessos.com.br\/en\/wp-json\/wp\/v2\/pages\/12"}],"wp:attachment":[{"href":"http:\/\/ciaexcessos.com.br\/en\/wp-json\/wp\/v2\/media?parent=10096"}],"curies":[{"name":"wp","href":"https:\/\/api.w.org\/{rel}","templated":true}]}}