{"id":115,"date":"2015-08-31T11:11:10","date_gmt":"2015-08-31T14:11:10","guid":{"rendered":"http:\/\/ciaexcessos.com.br\/ciawp\/?page_id=115"},"modified":"2023-12-23T13:40:22","modified_gmt":"2023-12-23T16:40:22","slug":"o-outro-beijo-no-asfalto","status":"publish","type":"page","link":"http:\/\/ciaexcessos.com.br\/en\/tales-frey\/criacoes\/o-outro-beijo-no-asfalto\/","title":{"rendered":"The Other Asphalt Kiss (2009)"},"content":{"rendered":"<p>&nbsp;<\/p>\n<p style=\"text-align: center;\"><span style=\"color: #000000;\"><img loading=\"lazy\" decoding=\"async\" class=\"aligncenter wp-image-5544 size-full\" title=\"Tales Frey,\u00a0&quot;The Other Asphalt Kiss&quot;. Performance art realizedin Porto,\u00a0Portugal. January 2009.\u00a0Photos by\u00a0Tales Frey, 5 x 7 cm each. Edition: 7 + 2 P.A.\" src=\"http:\/\/ciaexcessos.com.br\/ciawp\/wp-content\/uploads\/2019\/12\/Tales-Frey-O-Outro-Beijo-no-Asfalto.jpeg\" alt=\"\" width=\"1280\" height=\"908\" srcset=\"http:\/\/ciaexcessos.com.br\/ciawp\/wp-content\/uploads\/2019\/12\/Tales-Frey-O-Outro-Beijo-no-Asfalto.jpeg 1280w, http:\/\/ciaexcessos.com.br\/ciawp\/wp-content\/uploads\/2019\/12\/Tales-Frey-O-Outro-Beijo-no-Asfalto-300x213.jpeg 300w, http:\/\/ciaexcessos.com.br\/ciawp\/wp-content\/uploads\/2019\/12\/Tales-Frey-O-Outro-Beijo-no-Asfalto-768x545.jpeg 768w, http:\/\/ciaexcessos.com.br\/ciawp\/wp-content\/uploads\/2019\/12\/Tales-Frey-O-Outro-Beijo-no-Asfalto-1024x726.jpeg 1024w\" sizes=\"auto, (max-width: 1280px) 100vw, 1280px\" \/><\/span><\/p>\n<p style=\"text-align: center;\"><span style=\"color: #000000;\"><span lang=\"EN-US\">Tales Frey,<\/span><span class=\"apple-converted-space\"><span lang=\"EN-US\">\u00a0<\/span><\/span><strong><span lang=\"EN-US\">The Other Asphalt Kiss<\/span><\/strong><span lang=\"EN-US\">. Performance art <\/span><span lang=\"EN-US\">realized<\/span><span lang=\"EN-US\">in Porto,\u00a0Portugal. January 2009.\u00a0Photos by\u00a0Tales Frey, 5 x 7 cm each. Edition: 7 + 2 P.A.<\/span><\/span><\/p>\n<p>&nbsp;<\/p>\n<p style=\"text-align: justify;\"><span lang=\"EN-US\" style=\"color: #000000;\">It consists in an intertextuality with the classic <em>The Asphalt Kiss<\/em> by Nelson Rodrigues and an evolution of the art performance <em>The Kiss<\/em> by Cia. Excessos.<\/span><\/p>\n<p style=\"text-align: justify;\"><span lang=\"EN-US\" style=\"color: #000000;\">It is about two artists, through a 30 uninterrupted minutes kiss, whose codes found on wedding clothes and accessories on the two bodies are reversed according to heteronormative and binary logic. <\/span><\/p>\n<p style=\"text-align: justify;\"><span lang=\"EN-US\" style=\"color: #000000;\">It acknowledges that prejudice is huge when the image brings a sexual connotation yet shocking in a context morally conservative.<\/span><\/p>\n<p style=\"text-align: justify;\"><span style=\"color: #000000;\"><span lang=\"EN-US\">Coincidently, the place where the video was made is, nowadays, a wedding dress store; it was an off store during the filming time<\/span>.<\/span><\/p>\n<p>&nbsp;<\/p>\n<h2 style=\"text-align: justify;\"><span style=\"color: #000000;\"><strong><span lang=\"EN-US\">CREDITS<\/span><\/strong><\/span><\/h2>\n<p style=\"text-align: justify;\"><span lang=\"EN-US\" style=\"color: #000000;\">Conception: Tales Frey | Invited performers: Berenice Isabel, Emily Cruz Nowell, Hilda de Paulo, Joana Leys, Lizi Menezes, Marcela Tavares, Paola Frey and T\u00e2nia Dinis | Length of the action: 30 minutes | Year of the creation: 2009<\/span><\/p>\n<p>&nbsp;<\/p>\n<h2 style=\"text-align: justify;\"><span style=\"color: #000000;\"><strong>TRAJECTORY<\/strong><\/span><\/h2>\n<h3 style=\"text-align: justify;\"><span style=\"color: #000000;\"><strong><u>LIVE<\/u><\/strong><\/span><\/h3>\n<p style=\"text-align: justify;\"><span style=\"color: #000000;\"><strong>[2019]\u00a0Queer Porto V: Cinema Queer International Festival<\/strong>. Teatro Municipal Rivoli, Porto, Portugal.<\/span><\/p>\n<p style=\"text-align: justify;\"><span style=\"color: #000000;\"><b>[2018] <\/b>SESC Ribeir\u00e3o Preto. Ribeirao Preto, SP, Brazil.<\/span><\/p>\n<p style=\"text-align: justify;\"><span style=\"color: #000000;\"><strong><span lang=\"EN-US\">[2012] Rapid Pulse Performance Art Festival 2012<\/span><\/strong><span lang=\"EN-US\">. Defibrillator Performance Art Gallery, Chicago, USA.<\/span><\/span><\/p>\n<p style=\"text-align: justify;\"><span style=\"color: #000000;\"><strong><span lang=\"PT-BR\">[2012]\u00a025\u00aa Feira Franca<\/span><\/strong><span lang=\"PT-BR\">. Pal\u00e1cio das Artes\/ F\u00e1brica de Talentos, Porto, Portugal.<\/span><\/span><\/p>\n<p style=\"text-align: justify;\"><span style=\"color: #000000;\"><strong><span lang=\"EN-US\">[2012] XII Art History Week &#8211; FLUP<\/span><\/strong><span lang=\"EN-US\">. Faculty of Letters,\u00a0University of Porto, Porto, Portugal.<\/span><\/span><\/p>\n<p style=\"text-align: justify;\"><span style=\"color: #000000;\"><strong><span lang=\"EN-US\">[2011]\u00a0Stoff \u2013 Stockholm Fringe Festival 2011<\/span><\/strong><span lang=\"EN-US\">. Stockholm, Sweden.<\/span><\/span><\/p>\n<p style=\"text-align: justify;\"><span style=\"color: #000000;\"><strong><span lang=\"EN-US\">[2011] Performance Art Festival of Belo Horizonte 2011<\/span><\/strong><span lang=\"EN-US\">. <\/span><span lang=\"PT-BR\">Belo Horizonte, Brazil.<\/span><\/span><\/p>\n<p style=\"text-align: justify;\"><span style=\"color: #000000;\"><strong><span lang=\"PT-BR\">[2009]\u00a0<\/span><\/strong><span lang=\"PT-BR\">Clerigos Street, Porto, Portugal.<\/span><\/span><\/p>\n<p>&nbsp;<\/p>\n<h3 style=\"text-align: justify;\"><span style=\"color: #000000;\"><strong><u><span lang=\"EN-US\">AS VIDEO AND\/OR PHOTOGRAPHY<\/span><\/u><\/strong><\/span><\/h3>\n<p style=\"text-align: justify;\"><span style=\"color: #000000;\"><strong><span lang=\"EN-US\">[2018]<\/span><\/strong><span class=\"apple-converted-space\"><span lang=\"EN-US\">\u00a0<\/span><\/span><span lang=\"EN-US\">Exhibition<\/span><span class=\"apple-converted-space\"><span lang=\"EN-US\">\u00a0<\/span><\/span><strong><span lang=\"EN-US\">Entanglements for a Body<\/span><\/strong><span lang=\"EN-US\">. <\/span><span lang=\"PT-BR\">Curated by Raphael Fonseca. Federal Justice Cultural Center, Rio de Janeiro, RJ, Brazil.\u00a0<\/span><\/span><\/p>\n<p style=\"text-align: justify;\"><span style=\"color: #000000;\"><strong><span lang=\"EN-US\">[2017] Temporal Festival<\/span><\/strong><span lang=\"EN-US\">. Asunci\u00f3n, Paraguay.<\/span><\/span><\/p>\n<p style=\"text-align: justify;\"><span style=\"color: #000000;\"><strong><span lang=\"EN-US\">[2016]\u00a0<\/span><\/strong><span lang=\"EN-US\">Collective exhibition\u00a0<\/span><strong><span lang=\"EN-US\">In State of War<\/span><\/strong><span lang=\"EN-US\">.\u00a0<\/span><span lang=\"PT-BR\">Curated by Cia. Excessos. Teatro Acad\u00e9mico de Gil Vicente, Coimbra, Portugal.<\/span><\/span><\/p>\n<p style=\"text-align: justify;\"><span style=\"color: #000000;\"><strong><span lang=\"EN-US\">[2016]\u00a0<\/span><\/strong><span lang=\"EN-US\">Collective Exhibition\u00a0<\/span><strong><span lang=\"EN-US\">Sob (Ul)Trajes e Gozos<\/span><\/strong><span lang=\"EN-US\">. Curated by Suianni Macedo. J\u00falio Dinis Museum, Ovar, Portugal.<\/span><\/span><\/p>\n<p style=\"text-align: justify;\"><span style=\"color: #000000;\"><strong><span lang=\"EN-US\">[2015]\u00a0<\/span><\/strong><span lang=\"EN-US\">Collective exhibition\u00a0<\/span><strong><span lang=\"EN-US\">Multiple Perspectives and Not Less Contradictions and Dreams<\/span><\/strong><span lang=\"EN-US\">. Curated by Jos\u00e9 Maia.\u00a0<\/span><strong><span lang=\"EN-US\">I Biennial of Maia:\u00a0<\/span><\/strong><em><b><span lang=\"EN-US\">Places of Journey<\/span><\/b><\/em><span lang=\"EN-US\">, Maia, Portugal.<\/span><\/span><\/p>\n<p style=\"text-align: justify;\"><span style=\"color: #000000;\"><strong><span lang=\"EN-US\">[2015]\u00a0<\/span><\/strong><span lang=\"EN-US\">Collective exhibition\u00a0<\/span><strong><span lang=\"EN-US\">(Tra)vestir um fa(c)to<\/span><\/strong><span lang=\"EN-US\">. Curated by Jos\u00e9 Maia. <\/span><span lang=\"PT-BR\">Espa\u00e7o MIRA, Porto, Portugal.<\/span><\/span><\/p>\n<p style=\"text-align: justify;\"><span style=\"color: #000000;\"><strong><span lang=\"PT-BR\">[2015]\u00a0<\/span><\/strong><span lang=\"PT-BR\">Collective exhibition\u00a0<\/span><strong><span lang=\"PT-BR\">Kiss me<\/span><\/strong><span lang=\"PT-BR\">. Organized by Cia. Excessos. <\/span><span lang=\"EN-US\">SESC Ribeirao Preto, Ribeirao Preto, Brazil.<\/span><\/span><\/p>\n<p style=\"text-align: justify;\"><span style=\"color: #000000;\"><strong><span lang=\"EN-US\">[2014]\u00a0<\/span><\/strong><span lang=\"EN-US\">Collective exhibition\u00a0<\/span><strong><span lang=\"EN-US\">Fashion and Religiosity in Body Marks<\/span><\/strong><span lang=\"EN-US\">. <\/span><span lang=\"PT-BR\">Organized by Cia. Excessos. SESC Rio Preto, S\u00e3o Jos\u00e9 do Rio Preto, Brazil.<\/span><\/span><\/p>\n<p style=\"text-align: justify;\"><span style=\"color: #000000;\"><strong><span lang=\"EN-US\">[2013]\u00a0<\/span><\/strong><span lang=\"EN-US\">Collective exhibition\u00a0<\/span><strong><span lang=\"EN-US\">Fashion and Religiosity in Body Marks<\/span><\/strong><span lang=\"EN-US\">. <\/span><span lang=\"PT-BR\">Organized by Cia.Excessos. SESC Campinas, SP, Brazil.<\/span><\/span><\/p>\n<p style=\"text-align: justify;\"><span style=\"color: #000000;\"><strong><span lang=\"PT-BR\">[2013] III Circuito Regional de Performance Bodearte (Corpos Ausentes)<\/span><\/strong><span lang=\"PT-BR\">. Curated by ES3 (Andr\u00e9 Bezerra and Chrystine Silva). Pinacoteca do Estado do Rio Grande do Norte, Natal, Brazil.<\/span><\/span><\/p>\n<p style=\"text-align: justify;\"><span style=\"color: #000000;\"><strong><span lang=\"EN-US\">[2013]\u00a0<\/span><\/strong><span lang=\"EN-US\">Collective exhibition\u00a0<\/span><strong><span lang=\"EN-US\">Kiss me<\/span><\/strong><span lang=\"EN-US\">. Organized by Cia. <\/span><span lang=\"PT-BR\">Excessos. Esta\u00e7\u00e3o Cultura, IV Festival de Formas Po\u00e9ticas, Catanduva, SP, Brazil.<\/span><\/span><\/p>\n<p style=\"text-align: justify;\"><span style=\"color: #000000;\"><strong><span lang=\"EN-US\">[2012]\u00a0Colloquium <\/span><span lang=\"EN-US\">\u201c<\/span><span lang=\"EN-US\">Feminist Studies: The Future of the Past\u201d<\/span><\/strong><em><span lang=\"EN-US\">.\u00a0<\/span><\/em><span lang=\"EN-US\">Colloquium of the postgraduate studies in Feminist Studies of the Faculty of Letters of the University of Coimbra. Coimbra, Portugal.<\/span><\/span><\/p>\n<p style=\"text-align: justify;\"><span style=\"color: #000000;\"><strong><span lang=\"EN-US\">[2012]\u00a0<\/span><\/strong><span lang=\"EN-US\">Launch of the catalog\u00a0<\/span><strong><span lang=\"EN-US\">Emergency Index 2011<\/span><\/strong><span lang=\"EN-US\">. The Kitchen. New York, USA.<\/span><\/span><\/p>\n<p style=\"text-align: justify;\"><span style=\"color: #000000;\"><strong><span lang=\"EN-US\">[2010]<\/span><\/strong><span lang=\"EN-US\">\u00a0<\/span><strong><span lang=\"EN-US\">Soul of the Street 2010<\/span><\/strong><span lang=\"EN-US\">. <\/span><span lang=\"PT-BR\">Lomography Embassy, Porto, Portugal.<\/span><\/span><\/p>\n<p style=\"text-align: justify;\"><span style=\"color: #000000;\"><strong><span lang=\"PT-BR\">[2009]<\/span><\/strong><span lang=\"PT-BR\">\u00a0<\/span><strong><span lang=\"PT-BR\">Festival Dan\u00e7a em Dia<\/span><\/strong><span lang=\"PT-BR\">. <\/span><span lang=\"EN-US\">Contagiarte, Porto, Portugal<\/span>.<\/span><\/p>\n<p>&nbsp;<\/p>\n<div style=\"padding: 73.75% 0 0 0; position: relative;\"><iframe style=\"position: absolute; top: 0; left: 0; width: 100%; height: 100%;\" src=\"https:\/\/player.vimeo.com\/video\/39121978?color=ffffff&amp;title=0&amp;byline=0&amp;portrait=0\" frameborder=\"0\" allowfullscreen=\"allowfullscreen\" data-mce-fragment=\"1\"><\/iframe><\/div>\n<p align=\"center\"><span style=\"color: #000000;\"><span lang=\"EN-US\">Tales Frey,<\/span><span class=\"apple-converted-space\"><span lang=\"EN-US\">\u00a0<\/span><\/span><strong><span lang=\"EN-US\">The Other Asphalt Kiss<\/span><\/strong><span lang=\"EN-US\">, 2009. Video, 6\u201959\u201d. Edition: 7 + 2 P.A.<\/span><\/span><\/p>\n<p style=\"text-align: center;\"><span lang=\"EN-US\" style=\"color: #000000;\">Edition 1\/5 + 2 P.A. is part of the collection of the Museum of Contemporary Arts of Niteroi (MAC Niteroi), Niteroi, RJ, Brazil<\/span><\/p>\n<p>&nbsp;<\/p>\n<div style=\"padding: 56.25% 0 0 0; position: relative;\"><iframe style=\"position: absolute; top: 0; left: 0; width: 100%; height: 100%;\" src=\"https:\/\/player.vimeo.com\/video\/64850533?color=ffffff&amp;title=0&amp;byline=0&amp;portrait=0\" frameborder=\"0\" allowfullscreen=\"allowfullscreen\" data-mce-fragment=\"1\"><\/iframe><\/div>\n<p style=\"text-align: center;\"><span style=\"color: #000000;\"><span lang=\"EN-US\">Tales Frey,\u00a0<\/span><strong><span lang=\"EN-US\">The Other Asphalt Kiss<\/span><\/strong><span lang=\"EN-US\">, 2012. Video, 4\u201901\u201d. Edition: 7 + 2 P.A.<\/span><\/span><\/p>\n<p>&nbsp;<\/p>\n<div style=\"padding: 56.25% 0 0 0; position: relative;\"><iframe style=\"position: absolute; top: 0; left: 0; width: 100%; height: 100%;\" src=\"https:\/\/player.vimeo.com\/video\/44800606?color=ffffff&amp;title=0&amp;byline=0&amp;portrait=0\" frameborder=\"0\" allowfullscreen=\"allowfullscreen\" data-mce-fragment=\"1\"><\/iframe><\/div>\n<p style=\"text-align: center;\"><span style=\"color: #000000;\"><strong><span lang=\"EN-US\">The Other Asphalt Kiss\u00a0<\/span><\/strong><span lang=\"EN-US\">(2012), by Tales Frey during the Rapid Pulse International Performance Art Festival 2012 in the F News Magazine<\/span><\/span><\/p>\n<p>&nbsp;<\/p>\n<div style=\"padding: 65.93% 0 0 0; position: relative;\"><iframe style=\"position: absolute; top: 0; left: 0; width: 100%; height: 100%;\" src=\"https:\/\/player.vimeo.com\/video\/39225706?color=ffffff&amp;title=0&amp;byline=0&amp;portrait=0\" frameborder=\"0\" allowfullscreen=\"allowfullscreen\" data-mce-fragment=\"1\"><\/iframe><\/div>\n<p style=\"text-align: center;\"><span style=\"color: #000000;\">Interview with\u00a0Tales Frey during the Festival de Performance de Belo Horizonte 2011 on TV Brasil<\/span><\/p>\n<p>&nbsp;<\/p>\n<div style=\"padding: 66.67% 0 0 0; position: relative;\"><iframe style=\"position: absolute; top: 0; left: 0; width: 100%; height: 100%;\" src=\"https:\/\/player.vimeo.com\/video\/39140605?color=ffffff&amp;title=0&amp;byline=0&amp;portrait=0\" frameborder=\"0\" allowfullscreen=\"allowfullscreen\" data-mce-fragment=\"1\"><\/iframe><\/div>\n<p style=\"text-align: center;\"><span style=\"color: #000000;\">Tales Frey Interviewed to Est\u00fadio M\u00f3vel &#8211; TV Brasil in 2011<\/span><\/p>\n<p>&nbsp;<\/p>\n<p style=\"text-align: center;\"><span style=\"color: #000000;\"><img loading=\"lazy\" decoding=\"async\" class=\"aligncenter wp-image-893\" title=\"Tales Frey, &quot;The Other Asphalt Kiss&quot;. Performance art realized in Ouro Preto, Brazil. August 2011. Photo by Alber Centurion, 66,5 x 99,6 cm. Edition: 7 + 2 P.A.\" src=\"http:\/\/ciaexcessos.com.br\/ciawp\/wp-content\/uploads\/2015\/08\/O-Outro-beijo-no-asfalto-Tales-Frey-01-1024x683.jpg\" alt=\"\" width=\"1000\" height=\"667\" srcset=\"http:\/\/ciaexcessos.com.br\/ciawp\/wp-content\/uploads\/2015\/08\/O-Outro-beijo-no-asfalto-Tales-Frey-01-1024x683.jpg 1024w, http:\/\/ciaexcessos.com.br\/ciawp\/wp-content\/uploads\/2015\/08\/O-Outro-beijo-no-asfalto-Tales-Frey-01-300x200.jpg 300w\" sizes=\"auto, (max-width: 1000px) 100vw, 1000px\" \/><\/span><\/p>\n<p style=\"text-align: center;\"><span style=\"color: #000000;\"><span lang=\"EN-US\">Tales Frey,<span class=\"apple-converted-space\">\u00a0<\/span><\/span><strong><span lang=\"EN-US\">The Other Asphalt Kiss<\/span><\/strong><span lang=\"EN-US\">. Performance art realized in Ouro Preto, Brazil. August 2011.\u00a0Photo by\u00a0Alber Centurion, 66,5 x 99,6 cm. Edition: 7 + 2 P.A.<\/span><\/span><\/p>\n<p>&nbsp;<\/p>\n<p style=\"text-align: center;\"><span style=\"color: #000000;\"><img loading=\"lazy\" decoding=\"async\" class=\"aligncenter wp-image-906\" title=\"Tales Frey, &quot;The Other Asphalt Kiss&quot;. Performance art realized in Belo Horizonte, Brazil. August 2011. Photo by Gustavo Moreira Alves, 76 x 50,7 cm. Edition: 7 + 2 P.A.\" src=\"http:\/\/ciaexcessos.com.br\/ciawp\/wp-content\/uploads\/2015\/08\/O-Outro-beijo-no-asfalto-Tales-Frey-09-1024x683.jpg\" alt=\"\" width=\"1000\" height=\"667\" srcset=\"http:\/\/ciaexcessos.com.br\/ciawp\/wp-content\/uploads\/2015\/08\/O-Outro-beijo-no-asfalto-Tales-Frey-09-1024x683.jpg 1024w, http:\/\/ciaexcessos.com.br\/ciawp\/wp-content\/uploads\/2015\/08\/O-Outro-beijo-no-asfalto-Tales-Frey-09-300x200.jpg 300w\" sizes=\"auto, (max-width: 1000px) 100vw, 1000px\" \/><\/span><\/p>\n<p style=\"text-align: center;\"><span style=\"color: #000000;\"><span lang=\"EN-US\">Tales Frey,<\/span><span class=\"apple-converted-space\"><span lang=\"EN-US\">\u00a0<\/span><\/span><strong><span lang=\"EN-US\">The Other Asphalt Kiss<\/span><\/strong><span lang=\"EN-US\">. Performance art <\/span><span lang=\"EN-US\">realized<\/span><span lang=\"EN-US\">in Belo Horizonte, Brazil. August 2011.\u00a0Photo by Gustavo Moreira Alves, 76\u00a0x 50,7 cm. Edition: 7 + 2 P.A.<\/span><\/span><\/p>\n<p>&nbsp;<\/p>\n<p style=\"text-align: center;\"><span style=\"color: #000000;\"><img loading=\"lazy\" decoding=\"async\" class=\"aligncenter wp-image-896\" title=\"Tales Frey, &quot;The Other Asphalt Kiss&quot;. Performance art realized in Chicago, USA. June 2012. Photo by Helmut Heiss, 68,3 x 51,2 cm. Edition: 7 + 2 P.A.\" src=\"http:\/\/ciaexcessos.com.br\/ciawp\/wp-content\/uploads\/2015\/08\/O-Outro-beijo-no-asfalto-Tales-Frey-02-768x1024.jpg\" alt=\"\" width=\"1000\" height=\"1333\" srcset=\"http:\/\/ciaexcessos.com.br\/ciawp\/wp-content\/uploads\/2015\/08\/O-Outro-beijo-no-asfalto-Tales-Frey-02-768x1024.jpg 768w, http:\/\/ciaexcessos.com.br\/ciawp\/wp-content\/uploads\/2015\/08\/O-Outro-beijo-no-asfalto-Tales-Frey-02-225x300.jpg 225w\" sizes=\"auto, (max-width: 1000px) 100vw, 1000px\" \/><\/span><\/p>\n<p style=\"text-align: center;\"><span style=\"color: #000000;\"><span lang=\"EN-US\">Tales Frey,<span class=\"apple-converted-space\">\u00a0<\/span><\/span><strong><span lang=\"EN-US\">The Other Asphalt Kiss<\/span><\/strong><span lang=\"EN-US\">. Performance art realized in Chicago, USA. June 2012.\u00a0Photo by Helmut Heiss, 68,3 x 51,2 cm. Edition: 7 + 2 P.A.<\/span><\/span><\/p>\n<p>&nbsp;<\/p>\n<p style=\"text-align: center;\"><span style=\"color: #000000;\"><img loading=\"lazy\" decoding=\"async\" class=\"aligncenter wp-image-899\" title=\"Tales Frey, &quot;The Other Asphalt Kiss&quot;. Performance art realized in Chicago, USA. June 2012. Photo by Tales Frey, 43,8 x 65,7 cm. Edition: 7 + 2 P.A.\" src=\"http:\/\/ciaexcessos.com.br\/ciawp\/wp-content\/uploads\/2015\/08\/O-Outro-beijo-no-asfalto-Tales-Frey-03-1024x683.jpg\" alt=\"\" width=\"1000\" height=\"667\" srcset=\"http:\/\/ciaexcessos.com.br\/ciawp\/wp-content\/uploads\/2015\/08\/O-Outro-beijo-no-asfalto-Tales-Frey-03-1024x683.jpg 1024w, http:\/\/ciaexcessos.com.br\/ciawp\/wp-content\/uploads\/2015\/08\/O-Outro-beijo-no-asfalto-Tales-Frey-03-300x200.jpg 300w\" sizes=\"auto, (max-width: 1000px) 100vw, 1000px\" \/><\/span><\/p>\n<p style=\"text-align: center;\"><span style=\"color: #000000;\"><span lang=\"EN-US\">Tales Frey,<span class=\"apple-converted-space\">\u00a0<\/span><\/span><strong><span lang=\"EN-US\">The Other Asphalt Kiss<\/span><\/strong><span lang=\"EN-US\">. Performance art realized in Chicago, USA.\u00a0June\u00a02012.\u00a0Photo by\u00a0Tales Frey, 43,8 x 65,7 cm. Edition: 7 + 2 P.A<\/span>.<\/span><\/p>\n<p>&nbsp;<\/p>\n<p style=\"text-align: center;\"><span style=\"color: #000000;\"><img loading=\"lazy\" decoding=\"async\" class=\"aligncenter wp-image-903\" title=\"Tales Frey, &quot;The Other Asphalt Kiss&quot;. Performance art realized in Porto, Portugal. May 2012. Photo by Tales Frey, 60,2 x 40,1 cm. Edition: 7 + 2 P.A.\" src=\"http:\/\/ciaexcessos.com.br\/ciawp\/wp-content\/uploads\/2015\/08\/O-Outro-beijo-no-asfalto-Tales-Frey-06-682x1024.jpg\" alt=\"\" width=\"1000\" height=\"1500\" srcset=\"http:\/\/ciaexcessos.com.br\/ciawp\/wp-content\/uploads\/2015\/08\/O-Outro-beijo-no-asfalto-Tales-Frey-06-682x1024.jpg 682w, http:\/\/ciaexcessos.com.br\/ciawp\/wp-content\/uploads\/2015\/08\/O-Outro-beijo-no-asfalto-Tales-Frey-06-200x300.jpg 200w\" sizes=\"auto, (max-width: 1000px) 100vw, 1000px\" \/><\/span><\/p>\n<p style=\"text-align: center;\"><span style=\"color: #000000;\"><span lang=\"EN-US\">Tales Frey,<span class=\"apple-converted-space\">\u00a0<\/span><\/span><strong><span lang=\"EN-US\">The Other Asphalt Kiss<\/span><\/strong><span lang=\"EN-US\">. Performance art realized in Porto, Portugal. May 2012.\u00a0Photo by\u00a0Tales Frey,\u00a060,2\u00a0x\u00a040,1\u00a0cm. Edition: 7 + 2 P.A.<\/span><\/span><\/p>\n<p>&nbsp;<\/p>\n<p style=\"text-align: center;\"><span style=\"color: #000000;\"><img loading=\"lazy\" decoding=\"async\" class=\"aligncenter wp-image-5106\" title=\"Tales Frey,\u00a0&quot;The Other Asphalt Kiss&quot;. Ribeir\u00e3o Preto,\u00a0Brazil. November 2018.\u00a0Photo by Eduardo Saad.\" src=\"http:\/\/ciaexcessos.com.br\/ciawp\/wp-content\/uploads\/2019\/06\/O-Outro-Beijo-no-Asfalto-Tales-Frey-BR.jpg\" alt=\"\" width=\"1000\" height=\"1000\" srcset=\"http:\/\/ciaexcessos.com.br\/ciawp\/wp-content\/uploads\/2019\/06\/O-Outro-Beijo-no-Asfalto-Tales-Frey-BR.jpg 711w, http:\/\/ciaexcessos.com.br\/ciawp\/wp-content\/uploads\/2019\/06\/O-Outro-Beijo-no-Asfalto-Tales-Frey-BR-150x150.jpg 150w, http:\/\/ciaexcessos.com.br\/ciawp\/wp-content\/uploads\/2019\/06\/O-Outro-Beijo-no-Asfalto-Tales-Frey-BR-300x300.jpg 300w\" sizes=\"auto, (max-width: 1000px) 100vw, 1000px\" \/><\/span><\/p>\n<p style=\"text-align: center;\"><span style=\"color: #000000;\"><span lang=\"EN-US\">Tales Frey,<span class=\"apple-converted-space\">\u00a0<\/span><\/span><strong><span lang=\"EN-US\">The Other Asphalt Kiss<\/span><\/strong><span lang=\"EN-US\">. <\/span>Ribeir\u00e3o Preto,\u00a0Brazil. November 2018.\u00a0Photo by Eduardo Saad<\/span><\/p>\n<p>&nbsp;<\/p>\n<p style=\"text-align: center;\"><span style=\"color: #000000;\"><img loading=\"lazy\" decoding=\"async\" class=\"aligncenter wp-image-3435\" title=\"&quot;The Other Asphalt Kiss&quot; (2011) by Tales Frey published in the catalog &quot;Emergency Index 2011&quot; (Ugly Duckling Presse, 2012).\" src=\"http:\/\/ciaexcessos.com.br\/ciawp\/wp-content\/uploads\/2015\/08\/emergency-2-1024x694.jpg\" alt=\"\" width=\"1000\" height=\"677\" srcset=\"http:\/\/ciaexcessos.com.br\/ciawp\/wp-content\/uploads\/2015\/08\/emergency-2-1024x694.jpg 1024w, http:\/\/ciaexcessos.com.br\/ciawp\/wp-content\/uploads\/2015\/08\/emergency-2-300x203.jpg 300w, http:\/\/ciaexcessos.com.br\/ciawp\/wp-content\/uploads\/2015\/08\/emergency-2-768x520.jpg 768w, http:\/\/ciaexcessos.com.br\/ciawp\/wp-content\/uploads\/2015\/08\/emergency-2.jpg 1280w\" sizes=\"auto, (max-width: 1000px) 100vw, 1000px\" \/><\/span><\/p>\n<p style=\"text-align: center;\"><span style=\"color: #000000;\"><strong><span lang=\"EN-US\">The Other Asphalt Kiss\u00a0<\/span><\/strong><span lang=\"EN-US\">(2011)\u00a0by\u00a0Tales Frey published in the catalog\u00a0<\/span><strong><span lang=\"EN-US\">Emergency Index 2011<\/span><\/strong><span lang=\"EN-US\">\u00a0(Ugly Duckling Presse, 2012)<\/span><\/span><\/p>\n<p><\/p>","protected":false},"excerpt":{"rendered":"<p>&nbsp; Tales Frey,\u00a0The Other Asphalt Kiss. Performance art realizedin Porto,\u00a0Portugal. January 2009.\u00a0Photos by\u00a0Tales Frey, 5 [&hellip;]<\/p>\n","protected":false},"author":1,"featured_media":0,"parent":54,"menu_order":530,"comment_status":"closed","ping_status":"closed","template":"","meta":{"footnotes":""},"class_list":["post-115","page","type-page","status-publish","hentry"],"_links":{"self":[{"href":"http:\/\/ciaexcessos.com.br\/en\/wp-json\/wp\/v2\/pages\/115","targetHints":{"allow":["GET"]}}],"collection":[{"href":"http:\/\/ciaexcessos.com.br\/en\/wp-json\/wp\/v2\/pages"}],"about":[{"href":"http:\/\/ciaexcessos.com.br\/en\/wp-json\/wp\/v2\/types\/page"}],"author":[{"embeddable":true,"href":"http:\/\/ciaexcessos.com.br\/en\/wp-json\/wp\/v2\/users\/1"}],"replies":[{"embeddable":true,"href":"http:\/\/ciaexcessos.com.br\/en\/wp-json\/wp\/v2\/comments?post=115"}],"version-history":[{"count":47,"href":"http:\/\/ciaexcessos.com.br\/en\/wp-json\/wp\/v2\/pages\/115\/revisions"}],"predecessor-version":[{"id":9374,"href":"http:\/\/ciaexcessos.com.br\/en\/wp-json\/wp\/v2\/pages\/115\/revisions\/9374"}],"up":[{"embeddable":true,"href":"http:\/\/ciaexcessos.com.br\/en\/wp-json\/wp\/v2\/pages\/54"}],"wp:attachment":[{"href":"http:\/\/ciaexcessos.com.br\/en\/wp-json\/wp\/v2\/media?parent=115"}],"curies":[{"name":"wp","href":"https:\/\/api.w.org\/{rel}","templated":true}]}}