{"id":121,"date":"2015-08-31T11:13:56","date_gmt":"2015-08-31T14:13:56","guid":{"rendered":"http:\/\/ciaexcessos.com.br\/ciawp\/?page_id=121"},"modified":"2023-12-23T13:36:41","modified_gmt":"2023-12-23T16:36:41","slug":"alianca","status":"publish","type":"page","link":"http:\/\/ciaexcessos.com.br\/en\/tales-frey\/criacoes\/alianca\/","title":{"rendered":"Alliance (2013)"},"content":{"rendered":"<p>&nbsp;<\/p>\n<h2 style=\"text-align: justify;\"><span style=\"color: #000000;\"><b><span lang=\"EN-US\">SYNOPSIS<\/span><\/b><\/span><\/h2>\n<p style=\"text-align: justify;\"><span style=\"color: #000000;\"><span class=\"jlqj4b\"><span lang=\"EN-US\">The performance \/ installation is a wedding ritual in the strict sense. It is an artistic performance, a pseudo-religious ritual and an aesthetic ritual; it is an injunction and liminoid ritual. It is art and life at the same time<\/span><\/span>.<\/span><\/p>\n<p>&nbsp;<\/p>\n<p style=\"text-align: center;\"><span style=\"color: #000000;\"><img loading=\"lazy\" decoding=\"async\" class=\"aligncenter wp-image-5730 size-full\" title=\"Hilda de Paulo\/Paulo Aureliano da Mata e Tales Frey, &quot;Alian\u00e7a&quot;.\u00a0Performance art showed in Catanduva-SP, Brazil.\u00a0March 2013. Photos by Gustavo Rosa Fontes, Nath\u00e1lia Mello and Paola Frey, 50 x 98 cm. Edition: 6 + 2 P.A.\" src=\"http:\/\/ciaexcessos.com.br\/ciawp\/wp-content\/uploads\/2020\/02\/Alian\u00e7a-Paulo-Aureliano-da-Mata-Tales-Frey.jpeg\" alt=\"\" width=\"901\" height=\"617\" srcset=\"http:\/\/ciaexcessos.com.br\/ciawp\/wp-content\/uploads\/2020\/02\/Alian\u00e7a-Paulo-Aureliano-da-Mata-Tales-Frey.jpeg 901w, http:\/\/ciaexcessos.com.br\/ciawp\/wp-content\/uploads\/2020\/02\/Alian\u00e7a-Paulo-Aureliano-da-Mata-Tales-Frey-300x205.jpeg 300w, http:\/\/ciaexcessos.com.br\/ciawp\/wp-content\/uploads\/2020\/02\/Alian\u00e7a-Paulo-Aureliano-da-Mata-Tales-Frey-768x526.jpeg 768w\" sizes=\"auto, (max-width: 901px) 100vw, 901px\" \/> <\/span><\/p>\n<p style=\"text-align: center;\"><span style=\"color: #000000;\">Hilda de Paulo\/Paulo Aureliano da Mata e Tales Frey, <b>Alian\u00e7a<\/b>.\u00a0Performance art showed in Catanduva-SP, Brazil.\u00a0March 2013. Photos by Gustavo Rosa Fontes, Nath\u00e1lia Mello and Paola Frey, 50 x 98 cm. Edition: 6 + 2 P.A.<\/span><\/p>\n<p>&nbsp;<\/p>\n<h2 style=\"text-align: justify;\"><span style=\"color: #000000;\"><strong><span class=\"jlqj4b\"><span lang=\"EN-US\">DESCRIPTION<\/span><\/span><\/strong><\/span><\/h2>\n<p style=\"text-align: justify;\"><span style=\"color: #000000;\">On March 13, 2013, on the last day of the <em>Kiss me<\/em> exhibition, we began our wedding ritual, making our partnership between art and life official. We concluded our ceremony on the 15th of the same month, so the action was performed in two stages. From the marriage (contract sanctioned by the State) came the visual poetics proposed by us in a work that has our signatures, that is, it is a co-authorial work. With this work, we seek to impress love at the expense of exclusion, prejudice, affirming differences at the expense of conventionality strongly concentrated in various religious and also in the most trivial media.<\/span><\/p>\n<p style=\"text-align: justify;\"><span style=\"color: #000000;\">The performance \/ installation took place in an empty exhibition hall, which was filled with flowers by the spectators <strong>[1]<\/strong> and marks of lipstick kisses by us performers. In addition to the silhouette, we drew with flowers in the afternoon, before the opening of the exhibition, with the collaboration of artist Nath\u00e1lia Mello, our action consisted solely of registering kiss stamps with our mouths painted by brightly colored lipsticks (black and red lipsticks that last 24h on the lips). On the one hand, one of us started the construction of columns of kisses that corresponded to the height of the body of the kisser, where a kind of painting was formed with the lips that marked several kisses (one beside the other). We did the same action, each coming from one side of the entrance to the room, until we met at a certain point. At the meeting, we kissed the same surface, stamping a kiss over the other in more reddish tones than the previous ones, which had purple tones and which, with drying, acquired a black color. Finally, we gave a kiss like &#8220;peck&#8221; and left for our family.<\/span><\/p>\n<p style=\"text-align: justify;\"><span style=\"color: #000000;\">The performance took place only once, with potent ritualistic effectiveness, since it transformed our marital status forever. From \u201csingles\u201d, we move on to \u201cmarried\u201d. Not even if we want to, we can go back to the first condition, because if we end our marriage, we will be &#8220;divorced&#8221;, &#8220;widowed&#8221;, but never &#8220;single&#8221; again.<\/span><\/p>\n<p style=\"text-align: justify;\"><span style=\"color: #000000;\">The lipstick &#8211; which remained on our lips for a little over 24 hours &#8211; and the friction mark on the tip of our noses &#8211; which were grated all the time on the surface of the white modules that bounded the performance room within our exhibition &#8211; marked the transitory element between the action that we consider our \u201cwedding party\u201d (public event) and the event at the registry office (announced in the official daily newspaper of the local newspaper). The general rule of a wedding was re-established: the party was the episode of the performance, which took place before the event at the registry office. We wear jeans and black T-shirts from the brand Der Metropol, with flower print details. On the day the wedding contract was signed, we wore a shirt made with the same fabric as the flower print details of Der Metropol, an Adidas brand shirt designed by Jeremy Scott and printed with teddy bears.<\/span><\/p>\n<p style=\"text-align: justify;\"><span style=\"color: #000000;\">At the bottom of one of the walls, we left, from the first day of the <em>Kiss me<\/em> exhibition, a \u201clooped\u201d video with reddish tones, which were changed every 1 second, which showed overlays of images of our scars and tattoos and, also, of individual parts of our bodies, establishing a fusion of our stigmas, our pains, our experiences and memories, forming a new body, a body in communion.<\/span><\/p>\n<p style=\"text-align: justify;\"><span style=\"color: #000000;\">We serve well-married and kisses; sweets that were accompanied by lemonade seasoned with orange blossom water, a refreshment that marks our first year of dating. The two waiters-performers were dressed in white tulle dresses.<\/span><\/p>\n<p style=\"text-align: justify;\"><span style=\"color: #000000;\">In addition to the presentation of photos and videos, the performance can be redone, but only as an aesthetic action and no longer with the transforming ritualistic efficacy, as we are already married.<\/span><\/p>\n<p>&nbsp;<\/p>\n<h3 style=\"text-align: justify;\"><span style=\"text-decoration: underline; color: #000000;\"><strong>NOTE<\/strong><\/span><\/h3>\n<p style=\"text-align: justify;\"><span style=\"color: #000000;\"><strong>[1]<\/strong> <span lang=\"EN-US\">Spectators were advised from the first day of the exhibition, March 5, 2013, to take such elements. The sign posted in the room said: &#8220;Bring us flowers and be an integral part of our performance-wedding ritual that will take place right here&#8221;<\/span>.<\/span><\/p>\n<p>&nbsp;<\/p>\n<h3 style=\"text-align: justify;\"><span style=\"color: #000000;\"><b>CREDITS<\/b><\/span><\/h3>\n<p style=\"text-align: justify;\"><span lang=\"EN-US\" style=\"color: #000000;\">Performance created by Hilda de Paulo \/ Paulo Aureliano da Mata and Tales Frey | <span class=\"jlqj4b\">Crossdresser waiters: Carlos Alexandre and Lucas Alves | Action Duration: around 2 hours | Realization: Cia. Excessos | Catanduva, SP, Brazil 2013<\/span><\/span><\/p>\n<p style=\"text-align: justify;\"><span style=\"color: #000000;\">\u2192 <span class=\"jlqj4b\"><span lang=\"EN-US\">the action was performed as part of the exhibition <i>Kiss me<\/i>, which was held by the VI Festival of Forms of Poetics and by Dell&#8217;Arte Associa\u00e7\u00e3o Cultural, with support from the State Government of S\u00e3o Paulo, from the State Department of Culture &#8211; Program of Cultural Action 2012 (PROAC)<\/span><\/span>.<\/span><\/p>\n<p>&nbsp;<\/p>\n<h2 style=\"text-align: justify;\"><span style=\"color: #000000;\"><strong>TRAJECTORY<\/strong><\/span><\/h2>\n<h3 style=\"text-align: justify;\"><span style=\"color: #000000;\"><strong><u>LIVE<\/u><\/strong><\/span><\/h3>\n<p><span style=\"color: #000000;\"><strong>[2013]<\/strong> Exhibition <strong>Kiss me<\/strong>. IV Festival of Poetic Forms, Esta\u00e7\u00e3o Cultura, Catanduva, SP, Brazil.<\/span><\/p>\n<p>&nbsp;<\/p>\n<h3><span style=\"color: #000000;\"><strong><u><span class=\"jlqj4b\"><span lang=\"EN-US\">AS VIDEO, INSTALLATION AND \/ OR PHOTOGRAPHY<\/span><\/span><\/u><\/strong><\/span><\/h3>\n<p style=\"text-align: justify;\"><span style=\"color: #000000;\"><strong>[2016]<\/strong> Exhibition <strong>In State of War<\/strong>. Academic Theater of Gil Vicente, Coimbra, Portugal.<\/span><\/p>\n<p style=\"text-align: justify;\"><span style=\"color: #000000;\"><strong>[2015]<\/strong> Exhibition <strong>Kiss me<\/strong>. SESC Ribeir\u00e3o Preto, Ribeir\u00e3o Preto, Brazil.<\/span><\/p>\n<p style=\"text-align: justify;\"><span style=\"color: #000000;\"><strong>[2013]<\/strong> <strong>Fashion and Religiosity in Body Marks<\/strong>. CAAA Centro para os Assuntos da Arte e Arquitectura, Guimar\u00e3es, Portugal.<\/span><\/p>\n<p>&nbsp;<\/p>\n<h2 style=\"text-align: justify;\"><span class=\"jlqj4b\" style=\"color: #000000;\"><b><span lang=\"EN-US\">ENVIRONMENT<\/span><\/b><\/span><\/h2>\n<p style=\"text-align: justify;\"><span style=\"color: #000000;\">As it is an extraordinary event such as our own wedding, we believe it is of paramount importance that our marriage be held in the city of Catanduva, state of S\u00e3o Paulo, where almost all of our family lives. Furthermore, at a time when an evangelical pastor, a federal deputy, chaired, in our native country, the Human Rights and Minorities Committee of the Chamber of Deputies and, denying a supposedly secular policy, preached hatred of homosexuals and blacks in his speech, we assume the urgency of stirring the commonplace of this society, transforming our marriage into a performance composition. The feeling of overblown faith, of religious fanaticism that condemns the freedom of the subject has grown in a fearful way in Brazil, being unbridledly introduced into the political environment by devotees of extrapolated religious feelings.<\/span><\/p>\n<p style=\"text-align: justify;\"><span style=\"color: #000000;\">The performance, the most daring part of our wedding ritual, was held at Esta\u00e7\u00e3o Cultura, an environment dedicated to the arts at the headquarters of the Municipal Secretary of Culture of Catanduva. Coincidentally, there is, right in front of the enclosure, an Evangelical Assembly of God Church.<\/span><\/p>\n<p style=\"text-align: justify;\"><span style=\"color: #000000;\">Phone calls from fervent religious, prejudiced people without religion, among several others who took a stand against the event, marked the impediment so that the Alliance performance was not held at the headquarters of the small town&#8217;s Municipal Secretary of Culture. In vain, since everyone from the city&#8217;s cultural area collaborated so that the event would be indefectible.<\/span><\/p>\n<p>&nbsp;<\/p>\n<p style=\"text-align: center;\"><span style=\"color: #000000;\"><img loading=\"lazy\" decoding=\"async\" class=\"aligncenter wp-image-5735\" title=\"Brazilian Newspaper &quot;Di\u00e1rio da Regi\u00e3o:\u00a0'The Advancement of Gay Marriage'&quot;. Catanduva, 10 December 2014.\" src=\"http:\/\/ciaexcessos.com.br\/ciawp\/wp-content\/uploads\/2020\/02\/Alian\u00e7a-Paulo-Aureliano-da-Mata-Tales-Frey-391x1024.jpg\" alt=\"\" width=\"1000\" height=\"2618\" srcset=\"http:\/\/ciaexcessos.com.br\/ciawp\/wp-content\/uploads\/2020\/02\/Alian\u00e7a-Paulo-Aureliano-da-Mata-Tales-Frey-391x1024.jpg 391w, http:\/\/ciaexcessos.com.br\/ciawp\/wp-content\/uploads\/2020\/02\/Alian\u00e7a-Paulo-Aureliano-da-Mata-Tales-Frey-115x300.jpg 115w, http:\/\/ciaexcessos.com.br\/ciawp\/wp-content\/uploads\/2020\/02\/Alian\u00e7a-Paulo-Aureliano-da-Mata-Tales-Frey.jpg 740w\" sizes=\"auto, (max-width: 1000px) 100vw, 1000px\" \/><\/span><\/p>\n<p style=\"text-align: center;\"><span style=\"color: #000000;\"><span lang=\"EN-US\">Brazilian Newspaper <\/span><strong><span lang=\"EN-US\">Di\u00e1rio da Regi\u00e3o<\/span><\/strong><span lang=\"EN-US\">:<span class=\"apple-converted-space\">\u00a0<\/span><\/span><em><span lang=\"EN-US\">The Advancement of Gay Marriage<\/span><\/em><span lang=\"EN-US\">. Catanduva, 10 December 2014. More details<\/span>:\u00a0<span style=\"text-decoration: underline;\"><a style=\"text-decoration: underline; color: #000000;\" href=\"http:\/\/issuu.com\/ciaexcessos\/docs\/di__rio_da_regi__o_dezembro_2014\">http:\/\/issuu.com\/ciaexcessos\/docs\/di__rio_da_regi__o_dezembro_2014<\/a><\/span><\/span><\/p>\n<p>&nbsp;<\/p>\n<h2 style=\"text-align: justify;\"><span style=\"color: #000000;\"><b><span lang=\"EN-US\">REFERENCES \/ PROCESS<\/span><\/b><\/span><\/h2>\n<p style=\"text-align: justify;\"><span style=\"color: #000000;\">The first visual reference we used was a work by Ana Mendieta, in which the artist lies down among several flowers and marks her body in that space. The visual feature of drawing body silhouettes proposed by Mendieta&#8217;s work, consisted of visiting the sign of death in an event full of life.<\/span><\/p>\n<p style=\"text-align: justify;\"><span style=\"color: #000000;\">Then, we focused on research on other works that could dialogue in some way with ours and then, we came across Vito Acconci&#8217;s <em>Kiss off<\/em>; we perceive, in this work, an echo of Cia. Excessos&#8217; own series of kisses, a set of performances composed by <em>The Kiss<\/em>, <em>The Kiss II<\/em>, <em>Soulless Reciprocity<\/em>, <em>The Other Asphalt<\/em> <em>Kiss, Kiss Off<\/em> and, finally, <em>Alliance<\/em>.<\/span><\/p>\n<p style=\"text-align: justify;\"><span style=\"color: #000000;\"><em>Kiss off<\/em>, when bringing a man to wear lipstick (article considered to be female) to stamp kisses on some surface, dialogues with <em>Alliance<\/em>. The narcissistic gesture of Acconci&#8217;s work generates, as an object, a male body full of kisses (which are supposed to have come from female lips), while <em>Alliance <\/em>originates a space full of kiss marks (also calculated as female body marks).<\/span><\/p>\n<p style=\"text-align: justify;\"><span style=\"color: #000000;\">Regarding the affirmation of diversity in relation to the sexuality of each individual, performance (as well as exposure) ended up harmonizing with LGBTQIA discourse, Queer theory and feminist ideals. Coincidentally, weeks after our action, a series of kisses between artists of the same sex served as a strategy to draw the media&#8217;s attention in favor of the elimination of the evangelical pastor Marcos Feliciano of the presidency of the Commission of Human Rights and Minorities of the Chamber of Deputies in Brazil. Among other examples of this act, we highlight the kiss between actresses Fernanda Montenegro and Camila Amado during the 7th edition of APTR (Association of Theater Producers in Rio).<\/span><\/p>\n<p style=\"text-align: justify;\"><span style=\"color: #000000;\">On the cover of the American magazine Time, the protest of the image of kisses between two people of the same sex was accompanied by the following phrase: \u201cThe Supreme Court has not made up its mind &#8211; but America has\u201d, showing (or considering) that the majority opinion is in favor of gay marriage, which is currently only recognized in state laws in the USA.<\/span><\/p>\n<p style=\"text-align: justify;\"><span style=\"color: #000000;\">In France, although gay marriage is already recognized, hundreds of thousands of people were protesting in early 2013 against same-sex unions, mainly because the adoption of children among gay couples was approved in that country.<\/span><\/p>\n<p style=\"text-align: justify;\"><span style=\"color: #000000;\">The creation of the <em>Alliance <\/em>risked a particular ritual, perhaps because homosexuality is repelled by most religions: &#8220;Islam, orthodox Judaism and many Protestant fundamentalist churches are homophobic&#8221; <strong>[1]<\/strong>.<\/span><\/p>\n<p style=\"text-align: justify;\"><span style=\"color: #000000;\">Finally, the performance <em>Emotion in Motion<\/em>, by Nezaket Ekici &#8211; in which the artist stamps kisses on her own body and in every space inside a house (sofa, chair, carpet, floor, window, vases, walls, ceiling, etc.) &#8211; motivated me and Hilda to build a kiss corridor on four walls of an exhibition room until we got our tumultuous meeting recorded in more intense kisses with a bright red hue, which differed from previous kisses in less fiery tones, more funerals, which have become black over time, with the drying of lipstick on the white paint of the gallery modules.<\/span><\/p>\n<p>&nbsp;<\/p>\n<p style=\"text-align: justify;\"><span style=\"text-decoration: underline; color: #000000;\"><strong>NOTE<\/strong><\/span><\/p>\n<p style=\"text-align: justify;\"><span style=\"color: #000000;\"><strong>[1]<\/strong> SCHECHNER, Richard. \u201cRitual, jogo e performance\u201d. <em>apud<\/em>. LIGI\u00c9RO, Zeca (org). <strong>Performance e Antropologia de Richard Schechner<\/strong>, Rio de Janeiro, Mauad X, 2012, p. 85.<\/span><\/p>\n<p>&nbsp;<\/p>\n<div style=\"padding: 56.25% 0 0 0; position: relative;\"><iframe style=\"position: absolute; top: 0; left: 0; width: 100%; height: 100%;\" src=\"https:\/\/player.vimeo.com\/video\/138042023?color=ffffff&amp;title=0&amp;byline=0&amp;portrait=0\" frameborder=\"0\" allowfullscreen=\"allowfullscreen\"><\/iframe><\/div>\n<p style=\"text-align: center;\"><span style=\"color: #000000;\">Hilda de Paulo\/Paulo Aureliano da Mata e Tales Frey,<strong> Alliance<\/strong>, 2013. Video, 2\u201935\u201d<\/span><\/p>\n<p><\/p>","protected":false},"excerpt":{"rendered":"<p>&nbsp; SYNOPSIS The performance \/ installation is a wedding ritual in the strict sense. It [&hellip;]<\/p>\n","protected":false},"author":1,"featured_media":0,"parent":54,"menu_order":524,"comment_status":"closed","ping_status":"closed","template":"","meta":{"footnotes":""},"class_list":["post-121","page","type-page","status-publish","hentry"],"_links":{"self":[{"href":"http:\/\/ciaexcessos.com.br\/en\/wp-json\/wp\/v2\/pages\/121","targetHints":{"allow":["GET"]}}],"collection":[{"href":"http:\/\/ciaexcessos.com.br\/en\/wp-json\/wp\/v2\/pages"}],"about":[{"href":"http:\/\/ciaexcessos.com.br\/en\/wp-json\/wp\/v2\/types\/page"}],"author":[{"embeddable":true,"href":"http:\/\/ciaexcessos.com.br\/en\/wp-json\/wp\/v2\/users\/1"}],"replies":[{"embeddable":true,"href":"http:\/\/ciaexcessos.com.br\/en\/wp-json\/wp\/v2\/comments?post=121"}],"version-history":[{"count":31,"href":"http:\/\/ciaexcessos.com.br\/en\/wp-json\/wp\/v2\/pages\/121\/revisions"}],"predecessor-version":[{"id":9368,"href":"http:\/\/ciaexcessos.com.br\/en\/wp-json\/wp\/v2\/pages\/121\/revisions\/9368"}],"up":[{"embeddable":true,"href":"http:\/\/ciaexcessos.com.br\/en\/wp-json\/wp\/v2\/pages\/54"}],"wp:attachment":[{"href":"http:\/\/ciaexcessos.com.br\/en\/wp-json\/wp\/v2\/media?parent=121"}],"curies":[{"name":"wp","href":"https:\/\/api.w.org\/{rel}","templated":true}]}}