{"id":2519,"date":"2016-10-10T22:42:35","date_gmt":"2016-10-11T01:42:35","guid":{"rendered":"http:\/\/ciaexcessos.com.br\/?page_id=2519"},"modified":"2026-04-06T18:39:15","modified_gmt":"2026-04-06T21:39:15","slug":"be-on-you","status":"publish","type":"page","link":"http:\/\/ciaexcessos.com.br\/en\/tales-frey\/criacoes\/be-on-you\/","title":{"rendered":"Be (On) You (2016)"},"content":{"rendered":"<p>&nbsp;<\/p>\n<div style=\"padding: 56.25% 0 0 0; position: relative;\"><iframe style=\"position: absolute; top: 0; left: 0; width: 100%; height: 100%;\" src=\"https:\/\/player.vimeo.com\/video\/185902191?color=ffffff&amp;title=0&amp;byline=0&amp;portrait=0\" frameborder=\"0\" allowfullscreen=\"allowfullscreen\"><\/iframe><\/div>\n<p style=\"text-align: center;\"><span style=\"color: #000000;\"><span lang=\"EN-US\">Tales Frey,<\/span><span class=\"apple-converted-space\"><span lang=\"EN-US\">\u00a0<\/span><\/span><strong><span lang=\"EN-US\">Be (On) You<\/span><\/strong><span lang=\"EN-US\">, 2016. Video, 2\u201947\u201d<\/span><\/span><\/p>\n<p>&nbsp;<\/p>\n<p style=\"text-align: justify;\"><span style=\"color: #000000;\"><span lang=\"EN-US\">Two cisgender male bodies* kiss their own images reflected in a single double-sided mirror for one hour without interruption while they move their connected bodies to different areas<\/span>.<\/span><\/p>\n<p><span style=\"color: #000000;\"><strong>\u00a0<\/strong><\/span><\/p>\n<p style=\"text-align: justify;\"><span style=\"color: #000000;\"><em><span lang=\"EN-US\">* At the time of the creation of the performance <\/span><\/em><span lang=\"EN-US\">Be (on) You<\/span><em><span lang=\"EN-US\">, Hilda de Paulo was still known as Paulo Aureliano da Mata. <span class=\"jlqj4b\">The artist began her gender transition in 2020, changing her name in the same year.<\/span><\/span><\/em><\/span><\/p>\n<p>&nbsp;<\/p>\n<h2 style=\"text-align: justify;\"><span style=\"color: #000000;\"><strong>CREDITS<\/strong><\/span><\/h2>\n<p style=\"text-align: justify;\"><span lang=\"EN-US\" style=\"color: #000000;\">Performance art by Tales Frey | Exclusive participation by Hilda de Paulo | Production: Cia. Excessos | Length of the action: 1h | Monterrey, M\u00e9xico, 2016<\/span><\/p>\n<p><span style=\"color: #000000;\"><strong>\u00a0<\/strong><strong>\u00a0<\/strong><\/span><\/p>\n<h2 style=\"text-align: justify;\"><strong>TRAJECTORY<\/strong><\/h2>\n<h3 style=\"text-align: justify;\"><span style=\"color: #000000;\"><strong><u>LIVE<\/u><\/strong><\/span><\/h3>\n<p style=\"text-align: justify;\"><span style=\"color: #000000;\"><strong>[2019]<\/strong>\u00a0<strong>A! Performance Festival<\/strong>. Akureyri Art Museu, Akyreyri, Iceland.<\/span><\/p>\n<p><span style=\"color: #000000;\"><b><span lang=\"EN-US\">[2019]\u00a0<\/span><\/b><span lang=\"EN-US\"><b>The Performance Arcade 2019<\/b>. Wellington, New Zealand.<\/span><\/span><\/p>\n<p style=\"text-align: justify;\"><span style=\"color: #000000;\"><strong>[2017]<\/strong><span class=\"apple-converted-space\">\u00a0<\/span>SESC Santana.\u00a0S\u00e3o Paulo, SP, Brazil.<\/span><\/p>\n<p style=\"text-align: justify;\"><span style=\"color: #000000;\"><strong>[2017]<\/strong><span class=\"apple-converted-space\">\u00a0<\/span>SESC Registro.\u00a0Registro, SP, Brazil.<\/span><\/p>\n<p style=\"text-align: justify;\"><span style=\"color: #000000;\"><strong>[2016]\u00a0Queer Porto<\/strong><span class=\"apple-converted-space\">\u00a0<\/span>(Second edition). Maus H\u00e1bitos \u2013 Espa\u00e7o de Interven\u00e7\u00e3o Cultural, Porto, Portugal.<\/span><\/p>\n<p style=\"text-align: justify;\"><span style=\"color: #000000;\"><strong><span lang=\"EN-US\">[2016]\u00a0III Internacional Biennial of Performance Art &#8211; HorasPerdidas<\/span><\/strong><span lang=\"EN-US\">. Curated by Celeste Flores. Monterrey, Mexico.<\/span><\/span><\/p>\n<p>&nbsp;<\/p>\n<h3 style=\"text-align: justify;\"><span style=\"color: #000000;\"><strong><u><span lang=\"EN-US\">AS VIDEO AND\/OR PHOTOGRAPHY<\/span><\/u><\/strong><\/span><\/h3>\n<p style=\"font-weight: 400; text-align: justify;\"><span style=\"color: #000000;\"><strong>[2022]<\/strong> SESC Campinas. Campinas-SP, Brazil.<\/span><\/p>\n<p style=\"font-weight: 400; text-align: justify;\"><span style=\"color: #000000;\"><strong>[2022]<\/strong> Group exhibition<strong> The Mallard&#8217;s Paradise<\/strong>. Fonte, S\u00e3o Paulo-SP, Brazil.<\/span><\/p>\n<p style=\"text-align: justify;\"><span style=\"color: #000000;\"><strong>[2021]<\/strong> <strong>What Can a Body Do?<\/strong>\u00a0SP-Arte 365 and Verve Gallery, S\u00e3o Paulo-SP, Brazil.<\/span><\/p>\n<p style=\"text-align: justify;\"><span style=\"color: #000000;\"><b><span lang=\"EN-US\">[2019] The Performance Arcade \u2013 Video Series<\/span><\/b><span lang=\"EN-US\">, TSB &#8211; Wallace Arts Centre<\/span><span lang=\"EN-US\">, curatorship Sam Trubridge, Auckland, New Zealand.<\/span><\/span><\/p>\n<p style=\"text-align: justify;\"><span style=\"color: #000000;\"><strong>[2017] 9\u00ba Encuentro de Acci\u00f3n en Vivo y Diferido\/ Territorio Abierto<\/strong>. Casa de la Juventud de los M\u00e1rtires, Bogot\u00e1, Colombia.<\/span><\/p>\n<p style=\"text-align: justify;\"><span style=\"color: #000000;\"><strong>[2017]\u00a0Conquista Ruas<\/strong>. <span lang=\"EN-US\">Vit\u00f3ria, ES, Brazil.<\/span><\/span><\/p>\n<p>&nbsp;<\/p>\n<p style=\"text-align: center;\"><span style=\"color: #000000;\"><img loading=\"lazy\" decoding=\"async\" class=\"aligncenter wp-image-5484 size-full\" title=\"Tales Frey, &quot;Be (On) You&quot;. Performance art showed in Wellington, New Zealand. February 2019. Photos by Aaron Mitchell.\" src=\"http:\/\/ciaexcessos.com.br\/ciawp\/wp-content\/uploads\/2019\/12\/The-Performance-Arcade-Tales-Frey-Be-On-You-2.png\" alt=\"\" width=\"1920\" height=\"1080\" srcset=\"http:\/\/ciaexcessos.com.br\/ciawp\/wp-content\/uploads\/2019\/12\/The-Performance-Arcade-Tales-Frey-Be-On-You-2.png 1920w, http:\/\/ciaexcessos.com.br\/ciawp\/wp-content\/uploads\/2019\/12\/The-Performance-Arcade-Tales-Frey-Be-On-You-2-300x169.png 300w, http:\/\/ciaexcessos.com.br\/ciawp\/wp-content\/uploads\/2019\/12\/The-Performance-Arcade-Tales-Frey-Be-On-You-2-768x432.png 768w, http:\/\/ciaexcessos.com.br\/ciawp\/wp-content\/uploads\/2019\/12\/The-Performance-Arcade-Tales-Frey-Be-On-You-2-1024x576.png 1024w, http:\/\/ciaexcessos.com.br\/ciawp\/wp-content\/uploads\/2019\/12\/The-Performance-Arcade-Tales-Frey-Be-On-You-2-180x100.png 180w\" sizes=\"auto, (max-width: 1920px) 100vw, 1920px\" \/><\/span><\/p>\n<p style=\"text-align: center;\"><span style=\"color: #000000;\"><img loading=\"lazy\" decoding=\"async\" class=\"aligncenter wp-image-5482 size-full\" title=\"Tales Frey, &quot;Be (On) You&quot;. Performance art showed in Wellington, New Zealand. February 2019. Photos by Aaron Mitchell.\" src=\"http:\/\/ciaexcessos.com.br\/ciawp\/wp-content\/uploads\/2019\/12\/The-Performance-Arcade-Tales-Frey-Be-On-You.jpeg\" alt=\"\" width=\"3200\" height=\"1043\" srcset=\"http:\/\/ciaexcessos.com.br\/ciawp\/wp-content\/uploads\/2019\/12\/The-Performance-Arcade-Tales-Frey-Be-On-You.jpeg 3200w, http:\/\/ciaexcessos.com.br\/ciawp\/wp-content\/uploads\/2019\/12\/The-Performance-Arcade-Tales-Frey-Be-On-You-300x98.jpeg 300w, http:\/\/ciaexcessos.com.br\/ciawp\/wp-content\/uploads\/2019\/12\/The-Performance-Arcade-Tales-Frey-Be-On-You-768x250.jpeg 768w, http:\/\/ciaexcessos.com.br\/ciawp\/wp-content\/uploads\/2019\/12\/The-Performance-Arcade-Tales-Frey-Be-On-You-1024x334.jpeg 1024w\" sizes=\"auto, (max-width: 3200px) 100vw, 3200px\" \/><\/span><\/p>\n<p style=\"text-align: center;\"><span style=\"color: #000000;\">Tales Frey,\u00a0<strong>Be (On) You<\/strong>. Performance art showed in Wellington, New Zealand. February 2019. Photos by Aaron Mitchell<\/span><\/p>\n<p>&nbsp;<\/p>\n<p style=\"text-align: center;\"><span style=\"color: #000000;\"><img loading=\"lazy\" decoding=\"async\" class=\"aligncenter wp-image-6120\" title=\"Tales Frey,\u00a0&quot;Be (On) You&quot;. Performance art showed in Akureyri, Iceland. October 2019. Photo by Akureyri Art Museum.\" src=\"http:\/\/ciaexcessos.com.br\/ciawp\/wp-content\/uploads\/2020\/05\/Be-On-You-A-Performance-Festival-Tales-Frey.png\" alt=\"\" width=\"1000\" height=\"664\" srcset=\"http:\/\/ciaexcessos.com.br\/ciawp\/wp-content\/uploads\/2020\/05\/Be-On-You-A-Performance-Festival-Tales-Frey.png 960w, http:\/\/ciaexcessos.com.br\/ciawp\/wp-content\/uploads\/2020\/05\/Be-On-You-A-Performance-Festival-Tales-Frey-300x199.png 300w, http:\/\/ciaexcessos.com.br\/ciawp\/wp-content\/uploads\/2020\/05\/Be-On-You-A-Performance-Festival-Tales-Frey-768x510.png 768w\" sizes=\"auto, (max-width: 1000px) 100vw, 1000px\" \/><\/span><\/p>\n<p style=\"text-align: center;\"><span style=\"color: #000000;\">Tales Frey,\u00a0<strong>Be (On) You<\/strong>. Performance art showed in Akureyri, Iceland. October 2019. Photo by Akureyri Art Museum<\/span><\/p>\n<p>&nbsp;<\/p>\n<p style=\"text-align: center;\"><span style=\"color: #000000;\"><img loading=\"lazy\" decoding=\"async\" class=\"aligncenter wp-image-3343 size-full\" title=\"Tales Frey, &quot;Be (On) You&quot;. Performance art showed in S\u00e3o Paulo-SP, Brazil. July 2017. Photo by Eve Bonneau\" src=\"http:\/\/ciaexcessos.com.br\/ciawp\/wp-content\/uploads\/2017\/03\/be-on-you-tales-frey-sesc-santana-cia-excessos.jpg\" alt=\"\" width=\"1280\" height=\"853\" srcset=\"http:\/\/ciaexcessos.com.br\/ciawp\/wp-content\/uploads\/2017\/03\/be-on-you-tales-frey-sesc-santana-cia-excessos.jpg 1280w, http:\/\/ciaexcessos.com.br\/ciawp\/wp-content\/uploads\/2017\/03\/be-on-you-tales-frey-sesc-santana-cia-excessos-300x200.jpg 300w, http:\/\/ciaexcessos.com.br\/ciawp\/wp-content\/uploads\/2017\/03\/be-on-you-tales-frey-sesc-santana-cia-excessos-768x512.jpg 768w, http:\/\/ciaexcessos.com.br\/ciawp\/wp-content\/uploads\/2017\/03\/be-on-you-tales-frey-sesc-santana-cia-excessos-1024x682.jpg 1024w\" sizes=\"auto, (max-width: 1280px) 100vw, 1280px\" \/><\/span><\/p>\n<p style=\"text-align: center;\"><span style=\"color: #000000;\">Tales Frey,\u00a0<strong>Be (On) You<\/strong>. Performance art showed in S\u00e3o Paulo-SP, Brazil.\u00a0July 2017.\u00a0Photo by Eve Bonneau<\/span><\/p>\n<p>&nbsp;<\/p>\n<p style=\"text-align: center;\"><span style=\"color: #000000;\"><img loading=\"lazy\" decoding=\"async\" class=\"aligncenter wp-image-6125\" title=\"Tales Frey, &quot;Be (On) You&quot;. Performance art showed in cidade do Porto, Portugal. October 2016. Photos by Stijn Lanters.\" src=\"http:\/\/ciaexcessos.com.br\/ciawp\/wp-content\/uploads\/2020\/05\/Be-On-You-Tales-Frey-Queer-Porto-1024x352.jpeg\" alt=\"\" width=\"1200\" height=\"412\" srcset=\"http:\/\/ciaexcessos.com.br\/ciawp\/wp-content\/uploads\/2020\/05\/Be-On-You-Tales-Frey-Queer-Porto-1024x352.jpeg 1024w, http:\/\/ciaexcessos.com.br\/ciawp\/wp-content\/uploads\/2020\/05\/Be-On-You-Tales-Frey-Queer-Porto-300x103.jpeg 300w, http:\/\/ciaexcessos.com.br\/ciawp\/wp-content\/uploads\/2020\/05\/Be-On-You-Tales-Frey-Queer-Porto-768x264.jpeg 768w\" sizes=\"auto, (max-width: 1200px) 100vw, 1200px\" \/><\/span><\/p>\n<p style=\"text-align: center;\"><span style=\"color: #000000;\">Tales Frey,\u00a0<strong>Be (On) You<\/strong>. Performance art showed in cidade do Porto, Portugal. October 2016. Photos by\u00a0Stijn Lanters<\/span><\/p>\n<p>&nbsp;<\/p>\n<p><span style=\"color: #000000;\"><img loading=\"lazy\" decoding=\"async\" class=\"aligncenter wp-image-3401\" title=\"Tales Frey, &quot;Be (On) You&quot;. Performance art realized in Monterrey, Mexico. August 2016. Photo by Roberto de Le\u00f3n.\" src=\"http:\/\/ciaexcessos.com.br\/ciawp\/wp-content\/uploads\/2016\/10\/R.-L-682x1024.jpg\" sizes=\"auto, (max-width: 640px) 100vw, 640px\" srcset=\"http:\/\/ciaexcessos.com.br\/ciawp\/wp-content\/uploads\/2016\/10\/R.-L-682x1024.jpg 682w, http:\/\/ciaexcessos.com.br\/ciawp\/wp-content\/uploads\/2016\/10\/R.-L-200x300.jpg 200w, http:\/\/ciaexcessos.com.br\/ciawp\/wp-content\/uploads\/2016\/10\/R.-L-768x1152.jpg 768w, http:\/\/ciaexcessos.com.br\/ciawp\/wp-content\/uploads\/2016\/10\/R.-L.jpg 853w\" alt=\"\" width=\"1000\" height=\"1501\" \/><\/span><\/p>\n<p><span style=\"color: #000000;\"><img loading=\"lazy\" decoding=\"async\" class=\"aligncenter wp-image-3402\" title=\"Tales Frey, &quot;Be (On) You&quot;. Performance art realized in Monterrey, Mexico. August 2016. Photo by Roberto de Le\u00f3n.\" src=\"http:\/\/ciaexcessos.com.br\/ciawp\/wp-content\/uploads\/2016\/10\/R-L-2-682x1024.jpg\" sizes=\"auto, (max-width: 640px) 100vw, 640px\" srcset=\"http:\/\/ciaexcessos.com.br\/ciawp\/wp-content\/uploads\/2016\/10\/R-L-2-682x1024.jpg 682w, http:\/\/ciaexcessos.com.br\/ciawp\/wp-content\/uploads\/2016\/10\/R-L-2-200x300.jpg 200w, http:\/\/ciaexcessos.com.br\/ciawp\/wp-content\/uploads\/2016\/10\/R-L-2-768x1152.jpg 768w, http:\/\/ciaexcessos.com.br\/ciawp\/wp-content\/uploads\/2016\/10\/R-L-2.jpg 853w\" alt=\"\" width=\"1000\" height=\"1501\" \/><\/span><\/p>\n<p><span style=\"color: #000000;\"><img loading=\"lazy\" decoding=\"async\" class=\"aligncenter wp-image-3403\" title=\"Tales Frey, &quot;Be (On) You&quot;. Performance art realized in Monterrey, Mexico. August 2016. Photo by Roberto de Le\u00f3n.\" src=\"http:\/\/ciaexcessos.com.br\/ciawp\/wp-content\/uploads\/2016\/10\/Roberto-de-Le\u00f3n-682x1024.jpg\" alt=\"\" width=\"1000\" height=\"1501\" srcset=\"http:\/\/ciaexcessos.com.br\/ciawp\/wp-content\/uploads\/2016\/10\/Roberto-de-Le\u00f3n-682x1024.jpg 682w, http:\/\/ciaexcessos.com.br\/ciawp\/wp-content\/uploads\/2016\/10\/Roberto-de-Le\u00f3n-200x300.jpg 200w, http:\/\/ciaexcessos.com.br\/ciawp\/wp-content\/uploads\/2016\/10\/Roberto-de-Le\u00f3n-768x1152.jpg 768w, http:\/\/ciaexcessos.com.br\/ciawp\/wp-content\/uploads\/2016\/10\/Roberto-de-Le\u00f3n.jpg 853w\" sizes=\"auto, (max-width: 1000px) 100vw, 1000px\" \/><\/span><\/p>\n<p style=\"text-align: center;\"><span style=\"color: #000000;\">Tales Frey, <strong><span lang=\"EN-US\">Be (On) You<\/span><\/strong><span lang=\"EN-US\">. Performance art realized in Monterrey, Mexico. August 2016. Photos by Roberto de Le\u00f3n<\/span><\/span><\/p>\n<p>&nbsp;<\/p>\n<p><span style=\"color: #000000;\"><img loading=\"lazy\" decoding=\"async\" class=\"aligncenter wp-image-4097\" title=\"&quot;Be (on) You&quot; (2016) by Tales Frey published in the catalog &quot;Emergency Index Volume 6&quot; (Ugly Duckling Presse, 2017).\" src=\"http:\/\/ciaexcessos.com.br\/ciawp\/wp-content\/uploads\/2016\/10\/Be-On-You-Emergency-Index-1024x768.jpeg\" sizes=\"auto, (max-width: 640px) 100vw, 640px\" srcset=\"http:\/\/ciaexcessos.com.br\/ciawp\/wp-content\/uploads\/2016\/10\/Be-On-You-Emergency-Index-1024x768.jpeg 1024w, http:\/\/ciaexcessos.com.br\/ciawp\/wp-content\/uploads\/2016\/10\/Be-On-You-Emergency-Index-300x225.jpeg 300w, http:\/\/ciaexcessos.com.br\/ciawp\/wp-content\/uploads\/2016\/10\/Be-On-You-Emergency-Index-768x576.jpeg 768w\" alt=\"\" width=\"1000\" height=\"750\" \/><\/span><\/p>\n<p style=\"text-align: center;\"><span style=\"color: #000000;\"><strong>Be (on) You<\/strong>\u00a0(2016) by\u00a0Tales Frey published in the catalog\u00a0<strong>Emergency Index Volume 6<\/strong>\u00a0(Ugly Duckling Presse, 2017)<\/span><\/p>\n<p><\/p>","protected":false},"excerpt":{"rendered":"<p>&nbsp; Tales Frey,\u00a0Be (On) You, 2016. Video, 2\u201947\u201d &nbsp; Two cisgender male bodies* kiss their [&hellip;]<\/p>\n","protected":false},"author":1,"featured_media":0,"parent":54,"menu_order":506,"comment_status":"closed","ping_status":"closed","template":"","meta":{"footnotes":""},"class_list":["post-2519","page","type-page","status-publish","hentry"],"_links":{"self":[{"href":"http:\/\/ciaexcessos.com.br\/en\/wp-json\/wp\/v2\/pages\/2519","targetHints":{"allow":["GET"]}}],"collection":[{"href":"http:\/\/ciaexcessos.com.br\/en\/wp-json\/wp\/v2\/pages"}],"about":[{"href":"http:\/\/ciaexcessos.com.br\/en\/wp-json\/wp\/v2\/types\/page"}],"author":[{"embeddable":true,"href":"http:\/\/ciaexcessos.com.br\/en\/wp-json\/wp\/v2\/users\/1"}],"replies":[{"embeddable":true,"href":"http:\/\/ciaexcessos.com.br\/en\/wp-json\/wp\/v2\/comments?post=2519"}],"version-history":[{"count":30,"href":"http:\/\/ciaexcessos.com.br\/en\/wp-json\/wp\/v2\/pages\/2519\/revisions"}],"predecessor-version":[{"id":10602,"href":"http:\/\/ciaexcessos.com.br\/en\/wp-json\/wp\/v2\/pages\/2519\/revisions\/10602"}],"up":[{"embeddable":true,"href":"http:\/\/ciaexcessos.com.br\/en\/wp-json\/wp\/v2\/pages\/54"}],"wp:attachment":[{"href":"http:\/\/ciaexcessos.com.br\/en\/wp-json\/wp\/v2\/media?parent=2519"}],"curies":[{"name":"wp","href":"https:\/\/api.w.org\/{rel}","templated":true}]}}