{"id":5181,"date":"2019-08-19T01:22:25","date_gmt":"2019-08-19T04:22:25","guid":{"rendered":"http:\/\/ciaexcessos.com.br\/?page_id=5181"},"modified":"2022-09-20T11:09:58","modified_gmt":"2022-09-20T14:09:58","slug":"doente-de-brasil","status":"publish","type":"page","link":"http:\/\/ciaexcessos.com.br\/en\/hilda-de-paulo\/exposicoes\/doente-de-brasil\/","title":{"rendered":"(PT) &#8230;que eu tamb\u00e9m n\u00e3o adoe\u00e7a de Brasil! (2020)"},"content":{"rendered":"<p class=\"qtranxs-available-languages-message qtranxs-available-languages-message-en\">Sorry, this entry is only available in <a href=\"http:\/\/ciaexcessos.com.br\/pb\/wp-json\/wp\/v2\/pages\/5181\" class=\"qtranxs-available-language-link qtranxs-available-language-link-pb\" title=\"PT\">PT<\/a>.<\/p>","protected":false},"excerpt":{"rendered":"<p>Sorry, this entry is only available in PT.<\/p>\n","protected":false},"author":1,"featured_media":0,"parent":4428,"menu_order":99,"comment_status":"closed","ping_status":"closed","template":"","meta":{"footnotes":""},"class_list":["post-5181","page","type-page","status-publish","hentry"],"_links":{"self":[{"href":"http:\/\/ciaexcessos.com.br\/en\/wp-json\/wp\/v2\/pages\/5181","targetHints":{"allow":["GET"]}}],"collection":[{"href":"http:\/\/ciaexcessos.com.br\/en\/wp-json\/wp\/v2\/pages"}],"about":[{"href":"http:\/\/ciaexcessos.com.br\/en\/wp-json\/wp\/v2\/types\/page"}],"author":[{"embeddable":true,"href":"http:\/\/ciaexcessos.com.br\/en\/wp-json\/wp\/v2\/users\/1"}],"replies":[{"embeddable":true,"href":"http:\/\/ciaexcessos.com.br\/en\/wp-json\/wp\/v2\/comments?post=5181"}],"version-history":[{"count":26,"href":"http:\/\/ciaexcessos.com.br\/en\/wp-json\/wp\/v2\/pages\/5181\/revisions"}],"predecessor-version":[{"id":8627,"href":"http:\/\/ciaexcessos.com.br\/en\/wp-json\/wp\/v2\/pages\/5181\/revisions\/8627"}],"up":[{"embeddable":true,"href":"http:\/\/ciaexcessos.com.br\/en\/wp-json\/wp\/v2\/pages\/4428"}],"wp:attachment":[{"href":"http:\/\/ciaexcessos.com.br\/en\/wp-json\/wp\/v2\/media?parent=5181"}],"curies":[{"name":"wp","href":"https:\/\/api.w.org\/{rel}","templated":true}]}}