{"id":5191,"date":"2019-08-19T01:35:41","date_gmt":"2019-08-19T04:35:41","guid":{"rendered":"http:\/\/ciaexcessos.com.br\/?page_id=5191"},"modified":"2021-01-03T21:04:45","modified_gmt":"2021-01-04T00:04:45","slug":"cinco-taticas-de-ativacao","status":"publish","type":"page","link":"http:\/\/ciaexcessos.com.br\/en\/tales-frey\/exposicoes\/cinco-taticas-de-ativacao\/","title":{"rendered":"Five Activation Tactics (2019)"},"content":{"rendered":"<p>&nbsp;<\/p>\n<p style=\"text-align: center;\"><img loading=\"lazy\" decoding=\"async\" class=\"aligncenter wp-image-7038 size-full\" src=\"http:\/\/ciaexcessos.com.br\/ciawp\/wp-content\/uploads\/2021\/01\/V-T\u00e1ticas-de-Ativa\u00e7\u00e3o.jpeg\" alt=\"\" width=\"1280\" height=\"960\" srcset=\"http:\/\/ciaexcessos.com.br\/ciawp\/wp-content\/uploads\/2021\/01\/V-T\u00e1ticas-de-Ativa\u00e7\u00e3o.jpeg 1280w, http:\/\/ciaexcessos.com.br\/ciawp\/wp-content\/uploads\/2021\/01\/V-T\u00e1ticas-de-Ativa\u00e7\u00e3o-300x225.jpeg 300w, http:\/\/ciaexcessos.com.br\/ciawp\/wp-content\/uploads\/2021\/01\/V-T\u00e1ticas-de-Ativa\u00e7\u00e3o-768x576.jpeg 768w, http:\/\/ciaexcessos.com.br\/ciawp\/wp-content\/uploads\/2021\/01\/V-T\u00e1ticas-de-Ativa\u00e7\u00e3o-1024x768.jpeg 1024w\" sizes=\"auto, (max-width: 1280px) 100vw, 1280px\" \/><\/p>\n<p>&nbsp;<\/p>\n<p style=\"text-align: justify;\"><span style=\"color: #000000;\"><span lang=\"EN-US\">From the intersection between performance, video, photography, relational object, and instruction, the exhibited works not only admit interaction but make better sense when activated by the audience. Through the use of props, costumes or specific objects (which are able to provide sculptural forms on or through human support), the audience becomes a participant, blending sculpture and dance in the communion between their bodies and artifacts<\/span>.<\/span><\/p>\n<p>&nbsp;<\/p>\n<h3><b><span lang=\"EN-US\">ARTWORKS<\/span><\/b><\/h3>\n<p style=\"text-align: center;\"><span style=\"color: #000000;\"><img loading=\"lazy\" decoding=\"async\" class=\"size-large wp-image-6324 aligncenter\" src=\"http:\/\/ciaexcessos.com.br\/ciawp\/wp-content\/uploads\/2020\/05\/mapa-sala-tales-caaa-1024x540.jpeg\" alt=\"\" width=\"640\" height=\"338\" srcset=\"http:\/\/ciaexcessos.com.br\/ciawp\/wp-content\/uploads\/2020\/05\/mapa-sala-tales-caaa-1024x540.jpeg 1024w, http:\/\/ciaexcessos.com.br\/ciawp\/wp-content\/uploads\/2020\/05\/mapa-sala-tales-caaa-300x158.jpeg 300w, http:\/\/ciaexcessos.com.br\/ciawp\/wp-content\/uploads\/2020\/05\/mapa-sala-tales-caaa-768x405.jpeg 768w, http:\/\/ciaexcessos.com.br\/ciawp\/wp-content\/uploads\/2020\/05\/mapa-sala-tales-caaa.jpeg 1764w\" sizes=\"auto, (max-width: 640px) 100vw, 640px\" \/><\/span><\/p>\n<p>&nbsp;<\/p>\n<p style=\"text-align: justify;\"><strong>1)<\/strong>\u00a0Tales Frey,\u00a0<strong>To Be Privy<\/strong>, 2017. Video, 3\u201950\u2019\u2019;<\/p>\n<p style=\"text-align: justify;\"><strong>2)<\/strong>\u00a0Tales Frey,\u00a0<strong>To Be Privy<\/strong>, 2017. Photo;<\/p>\n<p style=\"text-align: justify;\"><strong>3)<\/strong>\u00a0Instruction to activate the object\u00a0<strong>To Be Privy<\/strong>;<\/p>\n<p style=\"text-align: justify;\"><strong>4)<\/strong>\u00a0Tales Frey,\u00a0<strong>To Be Privy \u2013 Object<\/strong>, 2017. Object;<\/p>\n<p style=\"text-align: justify;\"><strong>5)<\/strong>\u00a0Tales Frey,\u00a0<strong>Sensitive Group<\/strong>, 2018. Performative costume + instruction + photographic polyptych;<\/p>\n<p style=\"text-align: justify;\"><strong>6)<\/strong>\u00a0Tales Frey,\u00a0<strong>Common Point<\/strong>, 2018. Video, 2\u201944\u201d + Instruction to activate the costume<strong> Common Point \u2013 Relational Costume<\/strong>;<\/p>\n<p style=\"text-align: justify;\"><strong>7)<\/strong>\u00a0Tales Frey,\u00a0<strong>Common Point \u2013 Relational Costume<\/strong>, 2018. Performative costume;<\/p>\n<p style=\"text-align: justify;\"><strong>8)<\/strong>\u00a0Tales Frey,\u00a0<strong>Il Faut Souffrir pour \u00catre Belle<\/strong>, 2018. Video, 2\u201903\u2019\u2019 + demonstrative objects + activation instruction;<\/p>\n<p style=\"text-align: justify;\"><strong>9)<\/strong>\u00a0Tales Frey,\u00a0<strong>Dress<\/strong>.\u00a0Photo \/ performance \/ Activism. 2018 + activation instruction.<\/p>\n<p>&nbsp;<\/p>\n<p style=\"text-align: center;\"><span style=\"color: #000000;\"><img loading=\"lazy\" decoding=\"async\" class=\"aligncenter wp-image-6327\" title=\"Solo exhibition &quot;Five Activation Tactics&quot; (2019) by Tales Frey. CAAA Centro para os Assuntos da Arte e Arquitectura, Guimar\u00e3es, Portugal. Photos by Hilda de Paulo.\" src=\"http:\/\/ciaexcessos.com.br\/ciawp\/wp-content\/uploads\/2020\/05\/Cinco-Taticas-de-Ativacao-Tales-Frey-CAAA-1-1024x753.jpeg\" alt=\"\" width=\"1200\" height=\"882\" srcset=\"http:\/\/ciaexcessos.com.br\/ciawp\/wp-content\/uploads\/2020\/05\/Cinco-Taticas-de-Ativacao-Tales-Frey-CAAA-1-1024x753.jpeg 1024w, http:\/\/ciaexcessos.com.br\/ciawp\/wp-content\/uploads\/2020\/05\/Cinco-Taticas-de-Ativacao-Tales-Frey-CAAA-1-300x220.jpeg 300w, http:\/\/ciaexcessos.com.br\/ciawp\/wp-content\/uploads\/2020\/05\/Cinco-Taticas-de-Ativacao-Tales-Frey-CAAA-1-768x564.jpeg 768w\" sizes=\"auto, (max-width: 1200px) 100vw, 1200px\" \/><\/span><\/p>\n<p style=\"text-align: center;\">Solo exhibition <strong>Five Activation Tactics<\/strong>\u00a0(2019) by Tales Frey. CAAA Centro para os Assuntos da Arte e Arquitectura, Guimar\u00e3es, Portugal. Photos by Hilda de Paulo<\/p>\n<p>&nbsp;<\/p>\n<p style=\"text-align: center;\"><span style=\"color: #000000;\"><img loading=\"lazy\" decoding=\"async\" class=\"aligncenter wp-image-6328\" title=\"Solo exhibition &quot;Five Activation Tactics&quot; (2019) by Tales Frey. CAAA Centro para os Assuntos da Arte e Arquitectura, Guimar\u00e3es, Portugal. Photos by Hilda de Paulo.\" src=\"http:\/\/ciaexcessos.com.br\/ciawp\/wp-content\/uploads\/2020\/05\/Cinco-Taticas-de-Ativacao-Tales-Frey-CAAA-2-1024x607.jpeg\" alt=\"\" width=\"1200\" height=\"711\" srcset=\"http:\/\/ciaexcessos.com.br\/ciawp\/wp-content\/uploads\/2020\/05\/Cinco-Taticas-de-Ativacao-Tales-Frey-CAAA-2-1024x607.jpeg 1024w, http:\/\/ciaexcessos.com.br\/ciawp\/wp-content\/uploads\/2020\/05\/Cinco-Taticas-de-Ativacao-Tales-Frey-CAAA-2-300x178.jpeg 300w, http:\/\/ciaexcessos.com.br\/ciawp\/wp-content\/uploads\/2020\/05\/Cinco-Taticas-de-Ativacao-Tales-Frey-CAAA-2-768x455.jpeg 768w\" sizes=\"auto, (max-width: 1200px) 100vw, 1200px\" \/><\/span><\/p>\n<p style=\"text-align: center;\">Solo exhibition<strong><span class=\"apple-converted-space\"> Five Activation Tactics<\/span><\/strong><span class=\"apple-converted-space\">\u00a0<\/span>(2019) by Tales Frey. CAAA Centro para os Assuntos da Arte e Arquitectura, Guimar\u00e3es, Portugal. <span lang=\"EN-US\">Photos by Hilda de Paulo<\/span><\/p>\n<p>&nbsp;<\/p>\n<h3><span style=\"color: #000000;\"><span style=\"text-decoration: underline;\"><strong><u>Parallel Program of the Exhibition<\/u><\/strong> <\/span><\/span><em><strong><u>Five Activation Tactics<\/u><\/strong><\/em><\/h3>\n<p>March 9, 2019, 4pm: Conversation with artist Tales Fre<span style=\"color: #000000;\">y<\/span><\/p>\n<p>&nbsp;<\/p>\n<h3 style=\"text-align: justify;\"><span style=\"text-decoration: underline; color: #000000;\">Educational Service<\/span><\/h3>\n<p style=\"text-align: justify;\"><span style=\"text-decoration: underline;\">February 23, 2019, from 11am<\/span><\/p>\n<p style=\"text-align: justify;\"><strong>Visit-Workshop for Families<\/strong>, Rita Medinas Faustino<\/p>\n<p style=\"text-align: justify;\"><em>Duration of approximately 120 minutes<\/em><\/p>\n<p>&nbsp;<\/p>\n<h3><strong>CREDITS<\/strong><\/h3>\n<p style=\"text-align: justify;\">Frey Tales: Five Activation Tactics | CAAA Center for the Affairs of Art and Architecture, Guimar\u00e3es, Portugal | Press Office: Sara Cunha | Educational Service: Rita Medinas Faustino | Graphic Design: Joel Queiroga | Editing: Igor Sampaio | Intern \/ Editing: Nuno Pires | Realization: CAAA Center for the Affairs of Art and Architecture | Funded: Government of Portugal &#8211; Secretary of State for Culture and DGArtes \/ Directorate-General for the Arts | Acknowledgments: Hilda de Paulo, Olga Machado and T\u00e2nia Dinis | From January 11 to March 16, 2019<\/p>\n<p>&nbsp;<\/p>\n<h3>Clipping<\/h3>\n<p>&nbsp;<\/p>\n<div style=\"text-align: center;\">\n<div style=\"padding: 56.25% 0 0 0; position: relative;\"><iframe style=\"position: absolute; top: 0; left: 0; width: 100%; height: 100%;\" src=\"https:\/\/player.vimeo.com\/video\/310995301?color=ffffff&amp;title=0&amp;byline=0&amp;portrait=0\" frameborder=\"0\" allowfullscreen=\"allowfullscreen\"><\/iframe><\/div>\n<\/div>\n<p style=\"text-align: center;\">Promotional video made by the Jornal de Not\u00edcias team<\/p>\n<p>&nbsp;<\/p>\n<div style=\"text-align: center;\">\n<div style=\"padding: 56.25% 0 0 0; position: relative;\"><iframe style=\"position: absolute; top: 0; left: 0; width: 100%; height: 100%;\" src=\"https:\/\/player.vimeo.com\/video\/311116105?color=ffffff&amp;title=0&amp;byline=0&amp;portrait=0\" frameborder=\"0\" allowfullscreen=\"allowfullscreen\"><\/iframe><\/div>\n<\/div>\n<p style=\"text-align: center;\">Tales Frey interview to Radio RUM 97.5 FM &#8211; R\u00e1dio Universit\u00e1ria do Minho<\/p>\n<p>&nbsp;<\/p>\n<p><span style=\"text-decoration: underline; color: #000000;\"><a style=\"color: #000000; text-decoration: underline;\" href=\"https:\/\/glam-magazine.pt\/os-corpos-e-as-suas-micropoliticas-em-exposicao-no-caaa\/\" target=\"_blank\" rel=\"noopener noreferrer\"><strong>Glam Magazine<\/strong>, 14 de dezembro de 2018<\/a><\/span><\/p>\n<p><span style=\"text-decoration: underline; color: #000000;\"><a style=\"color: #000000; text-decoration: underline;\" href=\"https:\/\/dezanove.pt\/tales-frey-e-da-mata-apresentam-se-em-1225462\" target=\"_blank\" rel=\"noopener noreferrer\">Revista <strong>Dezanove<\/strong>, 26 de dezembro de 2018<\/a><\/span><\/p>\n<p><span style=\"text-decoration: underline; color: #000000;\"><a style=\"color: #000000; text-decoration: underline;\" href=\"https:\/\/www.sabado.pt\/gps\/detalhe\/exposicao-sobre-as-micropoliticas-do-corpo-em-guimaraes\" target=\"_blank\" rel=\"noopener noreferrer\">Jornal <strong>S\u00e1bado<\/strong>, 10 de janeiro de 2019<\/a><\/span><\/p>\n<p><span style=\"text-decoration: underline; color: #000000;\"><a style=\"color: #000000; text-decoration: underline;\" href=\"https:\/\/www.jn.pt\/artes\/interior\/o-grito-dos-artistas-que-lutam-por-quem-nao-tem-voz-10428933.html\" target=\"_blank\" rel=\"noopener noreferrer\"><strong>Jornal de Not\u00edcias<\/strong>, 11 de janeiro de 2019<\/a><\/span><\/p>\n<p><span style=\"text-decoration: underline; color: #000000;\"><a style=\"color: #000000; text-decoration: underline;\" href=\"https:\/\/www.jn.pt\/artes\/videos\/interior\/dois-artistas-que-lutam-por-quem-nao-tem-voz--10428307.html\" target=\"_blank\" rel=\"noopener noreferrer\"><strong>Jornal de Not\u00edcias<\/strong>, 11 de janeiro de 2019<\/a><\/span><\/p>","protected":false},"excerpt":{"rendered":"<p>&nbsp; &nbsp; From the intersection between performance, video, photography, relational object, and instruction, the exhibited [&hellip;]<\/p>\n","protected":false},"author":1,"featured_media":0,"parent":5269,"menu_order":103,"comment_status":"closed","ping_status":"closed","template":"","meta":{"footnotes":""},"class_list":["post-5191","page","type-page","status-publish","hentry"],"_links":{"self":[{"href":"http:\/\/ciaexcessos.com.br\/en\/wp-json\/wp\/v2\/pages\/5191","targetHints":{"allow":["GET"]}}],"collection":[{"href":"http:\/\/ciaexcessos.com.br\/en\/wp-json\/wp\/v2\/pages"}],"about":[{"href":"http:\/\/ciaexcessos.com.br\/en\/wp-json\/wp\/v2\/types\/page"}],"author":[{"embeddable":true,"href":"http:\/\/ciaexcessos.com.br\/en\/wp-json\/wp\/v2\/users\/1"}],"replies":[{"embeddable":true,"href":"http:\/\/ciaexcessos.com.br\/en\/wp-json\/wp\/v2\/comments?post=5191"}],"version-history":[{"count":9,"href":"http:\/\/ciaexcessos.com.br\/en\/wp-json\/wp\/v2\/pages\/5191\/revisions"}],"predecessor-version":[{"id":7039,"href":"http:\/\/ciaexcessos.com.br\/en\/wp-json\/wp\/v2\/pages\/5191\/revisions\/7039"}],"up":[{"embeddable":true,"href":"http:\/\/ciaexcessos.com.br\/en\/wp-json\/wp\/v2\/pages\/5269"}],"wp:attachment":[{"href":"http:\/\/ciaexcessos.com.br\/en\/wp-json\/wp\/v2\/media?parent=5191"}],"curies":[{"name":"wp","href":"https:\/\/api.w.org\/{rel}","templated":true}]}}