{"id":5287,"date":"2019-12-24T02:17:56","date_gmt":"2019-12-24T04:17:56","guid":{"rendered":"http:\/\/ciaexcessos.com.br\/?page_id=5287"},"modified":"2024-02-11T12:03:57","modified_gmt":"2024-02-11T15:03:57","slug":"doenca-de-brasil","status":"publish","type":"page","link":"http:\/\/ciaexcessos.com.br\/en\/hilda-de-paulo\/obras\/doenca-de-brasil\/","title":{"rendered":"(PT) \u2026que eu tamb\u00e9m n\u00e3o adoe\u00e7a de Brasil! (2020)"},"content":{"rendered":"<p class=\"qtranxs-available-languages-message qtranxs-available-languages-message-en\">Sorry, this entry is only available in <a href=\"http:\/\/ciaexcessos.com.br\/pb\/wp-json\/wp\/v2\/pages\/5287\" class=\"qtranxs-available-language-link qtranxs-available-language-link-pb\" title=\"PT\">PT<\/a>.<\/p>","protected":false},"excerpt":{"rendered":"<p>Sorry, this entry is only available in PT.<\/p>\n","protected":false},"author":1,"featured_media":0,"parent":3721,"menu_order":998,"comment_status":"closed","ping_status":"closed","template":"","meta":{"footnotes":""},"class_list":["post-5287","page","type-page","status-publish","hentry"],"_links":{"self":[{"href":"http:\/\/ciaexcessos.com.br\/en\/wp-json\/wp\/v2\/pages\/5287","targetHints":{"allow":["GET"]}}],"collection":[{"href":"http:\/\/ciaexcessos.com.br\/en\/wp-json\/wp\/v2\/pages"}],"about":[{"href":"http:\/\/ciaexcessos.com.br\/en\/wp-json\/wp\/v2\/types\/page"}],"author":[{"embeddable":true,"href":"http:\/\/ciaexcessos.com.br\/en\/wp-json\/wp\/v2\/users\/1"}],"replies":[{"embeddable":true,"href":"http:\/\/ciaexcessos.com.br\/en\/wp-json\/wp\/v2\/comments?post=5287"}],"version-history":[{"count":29,"href":"http:\/\/ciaexcessos.com.br\/en\/wp-json\/wp\/v2\/pages\/5287\/revisions"}],"predecessor-version":[{"id":7484,"href":"http:\/\/ciaexcessos.com.br\/en\/wp-json\/wp\/v2\/pages\/5287\/revisions\/7484"}],"up":[{"embeddable":true,"href":"http:\/\/ciaexcessos.com.br\/en\/wp-json\/wp\/v2\/pages\/3721"}],"wp:attachment":[{"href":"http:\/\/ciaexcessos.com.br\/en\/wp-json\/wp\/v2\/media?parent=5287"}],"curies":[{"name":"wp","href":"https:\/\/api.w.org\/{rel}","templated":true}]}}