{"id":5558,"date":"2019-12-16T03:42:23","date_gmt":"2019-12-16T05:42:23","guid":{"rendered":"http:\/\/ciaexcessos.com.br\/?page_id=5558"},"modified":"2020-12-25T00:19:18","modified_gmt":"2020-12-25T03:19:18","slug":"adorno-politico","status":"publish","type":"page","link":"http:\/\/ciaexcessos.com.br\/en\/tales-frey\/curadoria-organizacao\/adorno-politico\/","title":{"rendered":"Adorno Pol\u00edtico (2018)"},"content":{"rendered":"<p>&nbsp;<\/p>\n<p style=\"text-align: justify;\"><span style=\"color: #000000;\">Sabemos que o corpo \u00e9 cada vez mais idealizado pela sociedade de consumo, onde h\u00e1 uma supervaloriza\u00e7\u00e3o da forma e do prazer correspondentes aos moldes fornecidos por um poder hegem\u00f4nico que, embora seja cada vez mais questionado, adestra-o \u00e0s normas ainda vigentes, priorizando um sistema j\u00e1 viciado numa heteronormatividade compuls\u00f3ria, num sexismo inflex\u00edvel e num nefasto projeto colonialista.<\/span><\/p>\n<p style=\"text-align: justify;\"><span style=\"color: #000000;\"><em>Adorno Pol\u00edtico<\/em> re\u00fane subjetividades que compreendem o mundo e que transformam as suas pr\u00f3prias conjunturas por meio dos adornos\/indumentos com intuito de promoverem a desestabiliza\u00e7\u00e3o de todos os outros corpos na sociedade, acionando as emo\u00e7\u00f5es e a percep\u00e7\u00e3o de um sistema social, recusando uma vida homogeneizada em uma massa t\u00e3o neutralizada pela ditadura dos padr\u00f5es est\u00e9ticos e comportamentais.<\/span><\/p>\n<p style=\"text-align: justify;\"><span style=\"color: #000000;\">Tendo a consci\u00eancia de que \u201co abandono do pensamento pol\u00edtico pelo mundo da arte \u00e9 uma cat\u00e1strofe\u201d <strong>[1]<\/strong>, atrav\u00e9s de trabalhos que testam limites corporais, que se materializam na autorrepresenta\u00e7\u00e3o (fidedigna ou n\u00e3o) ou que se sustentam num sarcasmo corrosivo, reunimos esse conjunto de artistas do Brasil \u2013 que operam atrav\u00e9s da performance, <em>body art<\/em> e dos seus desdobramentos em objetos, fotos e v\u00eddeos \u2013 para levantarmos uma ideia central por meio de suas proposi\u00e7\u00f5es que t\u00eam o adorno corporal como um elemento de proemin\u00eancia e de discurso altamente politizado: como podemos viver em harmonia em uma sociedade formada por singularidades t\u00e3o distintas?<\/span><\/p>\n<p style=\"text-align: justify;\"><span style=\"color: #000000;\">A pol\u00edtica \u00e9 a arte de assegurar uma unidade formada por diferen\u00e7as em reconhecimentos rec\u00edprocos, em respeito acima da toler\u00e2ncia e, nesse sentido, propusemos tran\u00e7ar rela\u00e7\u00f5es entre a audi\u00eancia e as obras, integrando viv\u00eancias d\u00edspares por meio da participa\u00e7\u00e3o e do embate, apresentando situa\u00e7\u00f5es em que, por exemplo, todas e todos da audi\u00eancia saiam ornadas(os) de maneira uniformizada, mas n\u00e3o necessariamente correspondentes aos preceitos sociais e, assim, a reflex\u00e3o passa a ser direta por meio da pr\u00f3pria viv\u00eancia em uma nova roupagem, a qual apresentada no contexto social, pode gerar conforto ou desconforto, suscitando a autorregula\u00e7\u00e3o\/desregula\u00e7\u00e3o bem como a (des)regula\u00e7\u00e3o do outro. Em obras n\u00e3o participativas, s\u00e3o apresentadas justamente as conforma\u00e7\u00f5es tidas por \u201cex\u00f3ticas\u201d num contexto normalizante, onde a tatuagem n\u00e3o convencional, a interven\u00e7\u00e3o cir\u00fargica e o traje ou objeto\/acess\u00f3rio despertam a transforma\u00e7\u00e3o do pensar sobre o outro.<\/span><\/p>\n<p style=\"text-align: justify;\"><span style=\"color: #000000;\">Sabendo que as atuais armas do capitalismo s\u00e3o est\u00e9ticas e que inegavelmente estamos inseridos no que Deleuze nomeou por \u201csociedades de controle\u201d, assistimos ao senso-comum submisso aos condicionamentos ditados pelo <em>marketing<\/em>, reproduzindo as mesmas formas manjadas e condenando tudo o que n\u00e3o se encaixa em tal configura\u00e7\u00e3o que prioriza as peles claras, f\u00edsicos magros e malhados, dentes exageradamente brancos e uma felicidade t\u00e3o fabricada que chega a ser patol\u00f3gica. <em>Adorno Pol\u00edtico<\/em> sugere um contraponto direto com essa norma alienante ao reunir conjecturas art\u00edsticas que se apropriam dos tais c\u00f3digos j\u00e1 t\u00e3o normalizados para subvert\u00ea-los e, estrategicamente, buscar a aniquila\u00e7\u00e3o dos mesmos, implicando na liberta\u00e7\u00e3o dos corpos que ainda permanecem des-singularizados.<\/span><\/p>\n<p>&nbsp;<\/p>\n<p style=\"text-align: justify;\"><span style=\"color: #000000;\"><strong>NOTA<\/strong><\/span><\/p>\n<p style=\"text-align: justify;\"><span style=\"color: #000000;\"><strong>[1] <\/strong>STIEGLER, Bernard. <strong>Da Mis\u00e9ria Simb\u00f3lica: I. A Era Hiperindustrial<\/strong>. Lisboa: Orfeu Negro, 2018, p. 17.<\/span><\/p>\n<p>&nbsp;<\/p>\n<p style=\"text-align: right;\"><span style=\"color: #000000;\">Tales Frey<\/span><\/p>\n<p style=\"text-align: right;\"><span style=\"color: #000000;\"><em>curador<\/em><\/span><\/p>\n<p>&nbsp;<\/p>\n<p style=\"text-align: justify;\"><span style=\"color: #000000;\"><strong><u><span lang=\"PT-BR\">ARTISTAS PARTICIPANTES<\/span><\/u><\/strong><\/span><\/p>\n<p style=\"text-align: justify;\"><span lang=\"PT-BR\" style=\"color: #000000;\"><span class=\"apple-converted-space\">Andr\u00e9 Parente, Andressa Cantergiani, \u00c9lle de Bernardini, Gal Oppido, Joana Bueno, Lenora de Barros, Let\u00edcia Parente, Lyz Parayzo, Marcela Tiboni, Nino Cais, Priscilla Davanzo, Rafael Bqueer, Renan Marcondes, Suelen Calonga e Tiago Sant\u2019Ana <\/span><\/span><\/p>\n<p>&nbsp;<\/p>\n<p style=\"text-align: center;\"><span style=\"color: #000000;\"><img loading=\"lazy\" decoding=\"async\" class=\"aligncenter wp-image-6085\" title=\"Exposi\u00e7\u00e3o &quot;Adorno Pol\u00edtico&quot; (2018) com curadoria de Tales Frey. Espa\u00e7o de Interven\u00e7\u00e3o Cultural Maus H\u00e1bitos, Porto, Portugal. Fotografias de Jos\u00e9 Caldeira.\" src=\"http:\/\/ciaexcessos.com.br\/ciawp\/wp-content\/uploads\/2020\/05\/exposicao-adorno-politico-1-1024x685.jpeg\" alt=\"\" width=\"1000\" height=\"668\" srcset=\"http:\/\/ciaexcessos.com.br\/ciawp\/wp-content\/uploads\/2020\/05\/exposicao-adorno-politico-1-1024x685.jpeg 1024w, http:\/\/ciaexcessos.com.br\/ciawp\/wp-content\/uploads\/2020\/05\/exposicao-adorno-politico-1-300x201.jpeg 300w, http:\/\/ciaexcessos.com.br\/ciawp\/wp-content\/uploads\/2020\/05\/exposicao-adorno-politico-1-768x513.jpeg 768w\" sizes=\"auto, (max-width: 1000px) 100vw, 1000px\" \/><\/span><\/p>\n<p style=\"text-align: center;\"><span style=\"color: #000000;\">Exposi\u00e7\u00e3o <strong>Adorno Pol\u00edtico<\/strong> (2018) com curadoria de Tales Frey. Espa\u00e7o de Interven\u00e7\u00e3o Cultural Maus H\u00e1bitos, Porto, Portugal. Fotografias de Jos\u00e9 Caldeira<\/span><\/p>\n<p>&nbsp;<\/p>\n<p style=\"text-align: center;\"><iframe loading=\"lazy\" src=\"https:\/\/www.youtube.com\/embed\/4FFBKiE8o8A\" width=\"560\" height=\"315\" frameborder=\"0\" allowfullscreen=\"allowfullscreen\" data-mce-fragment=\"1\"><\/iframe><\/p>\n<p style=\"text-align: center;\"><span style=\"color: #000000;\">Videorregistro da abertura da exposi\u00e7\u00e3o coletiva\u00a0<strong>Adorno Pol\u00edtico<\/strong>\u00a0por T\u00e2nia Dinis. Espa\u00e7o de Interven\u00e7\u00e3o Cultural Maus H\u00e1bitos, Porto, Portugal, 2018<\/span><\/p>\n<p>&nbsp;<\/p>\n<h3><span style=\"text-decoration: underline; color: #000000;\">Programa Paralelo da Exposi\u00e7\u00e3o <em>Aparelho<\/em><\/span><\/h3>\n<p><span style=\"text-decoration: underline; color: #000000;\"><span lang=\"PT-BR\">15 de novembro de 2018<\/span>, \u00e0s 21h30 | Sala de Exposi\u00e7\u00f5es<\/span><\/p>\n<h4><span style=\"text-decoration: underline; color: #000000;\">Performance <em><span lang=\"PT-BR\">Manicure Pol\u00edtica<\/span><\/em>, de <span lang=\"PT-BR\">Lyz Parayzo<\/span><\/span><\/h4>\n<p style=\"text-align: justify;\"><span lang=\"PT-BR\" style=\"color: #000000;\">Manicure como proposta est\u00e9tica. Um sal\u00e3o \u00e9 montado, o Sal\u00e3o Parayzo, e volunt\u00e1rios s\u00e3o convidados a pintar suas unhas apenas de rosa pela manicura. A manicura n\u00e3o quer s\u00f3 criar uma imagem a partir da repeti\u00e7\u00e3o da a\u00e7\u00e3o de pintar unhas. A manicura \u00e9 pintora e cria uma obra na casa-corpo. A cor se torna v\u00edrus, diminuto infeccioso que n\u00e3o tem capacidade metab\u00f3lica aut\u00f4noma, mas que ganha vida contra luz \u00e0 performatividade do rosa. Leituras corporais s\u00e3o recriadas a partir da fus\u00e3o da unha\/cor.<\/span><\/p>\n<p><span style=\"color: #000000;\"><em>Dura\u00e7\u00e3o:\u00a0aproximadamente\u00a0120 minutos<\/em><\/span><\/p>\n<p>&nbsp;<\/p>\n<p style=\"text-align: center;\"><span style=\"color: #000000;\"><img loading=\"lazy\" decoding=\"async\" class=\"aligncenter wp-image-6087\" title=\"Lyz Parayzo, &quot;Manicure Pol\u00edtica&quot;. Performance realizada no Porto, Portugal. Novembro de 2018. Fotografias de Jos\u00e9 Caldeira.\" src=\"http:\/\/ciaexcessos.com.br\/ciawp\/wp-content\/uploads\/2020\/05\/exposicao-adorno-politico-3-1024x222.jpeg\" alt=\"\" width=\"1000\" height=\"217\" srcset=\"http:\/\/ciaexcessos.com.br\/ciawp\/wp-content\/uploads\/2020\/05\/exposicao-adorno-politico-3-1024x222.jpeg 1024w, http:\/\/ciaexcessos.com.br\/ciawp\/wp-content\/uploads\/2020\/05\/exposicao-adorno-politico-3-300x65.jpeg 300w, http:\/\/ciaexcessos.com.br\/ciawp\/wp-content\/uploads\/2020\/05\/exposicao-adorno-politico-3-768x167.jpeg 768w\" sizes=\"auto, (max-width: 1000px) 100vw, 1000px\" \/><\/span><\/p>\n<p style=\"text-align: center;\"><span style=\"color: #000000;\">Lyz Parayzo, <strong>Manicure Pol\u00edtica<\/strong>. Performance realizada no Porto, Portugal. Novembro de 2018. Fotografias de Jos\u00e9 Caldeira<\/span><\/p>\n<p>&nbsp;<\/p>\n<p style=\"text-align: justify;\"><span style=\"text-decoration: underline; color: #000000;\"><span lang=\"PT-BR\">15 de novembro de 2018<\/span>, \u00e0s 22h | Sala de Exposi\u00e7\u00f5es<\/span><\/p>\n<h4 style=\"text-align: justify;\"><span style=\"text-decoration: underline; color: #000000;\">Performance <em><span lang=\"PT-BR\">Pour \u00catre Une Seductrice<\/span><\/em>, de <span lang=\"PT-BR\">Priscilla Davanzo<\/span><\/span><\/h4>\n<p style=\"text-align: justify;\"><span style=\"color: #000000;\">Acontecimento perform\u00e1tico que prop\u00f5e um novo desenho para o corpo humano, propondo a integra\u00e7\u00e3o de vestimentas no corpo, como um \u00fanico corpo integrado. A meia 7\/8 \u00e9 desprendida da liga e presa diretamente nas coxas, a partir do procedimento de sutura<span lang=\"PT-BR\">.<\/span><\/span><\/p>\n<p><span style=\"color: #000000;\"><em>Dura\u00e7\u00e3o: aproximadamente 10 minutos<\/em><\/span><\/p>\n<p>&nbsp;<\/p>\n<p style=\"text-align: center;\"><span style=\"color: #000000;\"><img loading=\"lazy\" decoding=\"async\" class=\"aligncenter wp-image-6086\" title=\"Priscilla Davanzo,\u00a0&quot;Pour \u00catre Une Seductrice&quot;. Performance realizada no Porto, Portugal. Novembro de 2018. Fotografias de Jos\u00e9 Caldeira.\" src=\"http:\/\/ciaexcessos.com.br\/ciawp\/wp-content\/uploads\/2020\/05\/exposicao-adorno-politico-2-1024x220.jpeg\" alt=\"\" width=\"1000\" height=\"215\" srcset=\"http:\/\/ciaexcessos.com.br\/ciawp\/wp-content\/uploads\/2020\/05\/exposicao-adorno-politico-2-1024x220.jpeg 1024w, http:\/\/ciaexcessos.com.br\/ciawp\/wp-content\/uploads\/2020\/05\/exposicao-adorno-politico-2-300x65.jpeg 300w, http:\/\/ciaexcessos.com.br\/ciawp\/wp-content\/uploads\/2020\/05\/exposicao-adorno-politico-2-768x165.jpeg 768w\" sizes=\"auto, (max-width: 1000px) 100vw, 1000px\" \/><\/span><\/p>\n<p style=\"text-align: center;\"><span style=\"color: #000000;\">Priscilla Davanzo,\u00a0<strong><span lang=\"PT-BR\">Pour \u00catre Une Seductrice<\/span><\/strong>. Performance realizada no Porto, Portugal. Novembro de 2018. Fotografias de Jos\u00e9 Caldeira<\/span><\/p>\n<p>&nbsp;<\/p>\n<p style=\"text-align: justify;\"><span style=\"text-decoration: underline; color: #000000;\"><span lang=\"PT-BR\">17 de novembro de 2018<\/span>, \u00e0s 17h | Sala de\u00a0E<span lang=\"PT-BR\">spet\u00e1culos<\/span><\/span><\/p>\n<h4 style=\"text-align: justify;\"><span style=\"text-decoration: underline; color: #000000;\">Conversa-performance\u00a0<em><span lang=\"PT-BR\">A V\u00eanus de Cor<\/span><\/em><span lang=\"PT-BR\"> com<\/span>\u00a0<span lang=\"PT-BR\">Lyz Parayzo + Exibi\u00e7\u00e3o do Minidocument\u00e1rio <em>PARAYZO<\/em> (2017), de Clara Balbi e Talita Barcelos<\/span><\/span><\/h4>\n<p style=\"text-align: justify;\"><span style=\"color: #000000;\">Nos \u00faltimos 12 anos o Brasil passou por uma transforma\u00e7\u00e3o no seu sistema educacional. Se eu converso com meus amigos de cor dentro da Universidade Federal do Estado Rio de Janeiro, aonde sou graduanda no curso de teatro, chegamos sempre a um denominador comum. Grande parte de n\u00f3s \u00e9 a primeira gera\u00e7\u00e3o de nossas fam\u00edlias a estar em um curso de gradua\u00e7\u00e3o. Esta chance ao acesso no \u00faltimo pa\u00eds do mundo a abolir a escravid\u00e3o, que n\u00e3o escravizou s\u00f3 negros retintos, mas pessoas mulatas como eu ou pessoas de cor se quisermos conscientizar nossas falas quanto as nossas heran\u00e7as racistas e despolarizar uma discuss\u00e3o dentro do sistema bin\u00e1rio negro x branco, interferiu diretamente na produ\u00e7\u00e3o art\u00edstica na primeira d\u00e9cada dos anos 2000 . As mulatas de peito de fora de Di Cavalcanti n\u00e3o s\u00e3o mais s\u00f3 imagens est\u00e1ticas. Elas em 2017 est\u00e3o vivas para al\u00e9m da constru\u00e7\u00e3o imag\u00e9tica dada a elas por homens artistas durante o s\u00e9culo XX. Est\u00e3o andando, pensando e gritando. Tem ainda como heran\u00e7a o trabalho dobrado, pois , para reconstru\u00edrem suas pr\u00f3prias narrativas em seu novo lugar de poder tem de gingar com estado de coloniedade, ou seja, as atualiza\u00e7\u00f5es da col\u00f4nia que insistem em coloca-las em seus devidos lugares. Eu sou essa h\u00edbrida de cor<span lang=\"PT-BR\">.<\/span><\/span><\/p>\n<p><span style=\"color: #000000;\"><em>Dura\u00e7\u00e3o: aproximadamente 60 minutos<\/em><\/span><\/p>\n<p><span style=\"color: #000000;\"><em>&#8211;\u00a0<span lang=\"PT-BR\">Exibi\u00e7\u00e3o do minidocument\u00e1rio <strong>PARAYZO<\/strong> (2017), de Clara Balbi e Talita Barcelos.\u00a0Dura\u00e7\u00e3o: 10\u201932\u2019\u2019<\/span><\/em><\/span><\/p>\n<p>&nbsp;<\/p>\n<p style=\"text-align: center;\"><span style=\"color: #000000;\"><img loading=\"lazy\" decoding=\"async\" class=\"aligncenter wp-image-6088\" title=\"Conversa-performance\u00a0&quot;A V\u00eanus de Cor&quot; com\u00a0Lyz Parayzo inserida na programa\u00e7\u00e3o paralela da exposi\u00e7\u00e3o coletiva &quot;Adorno Pol\u00edtico&quot; (2018). Espa\u00e7o de Interven\u00e7\u00e3o Cultural Maus H\u00e1bitos, Porto, Portugal.\" src=\"http:\/\/ciaexcessos.com.br\/ciawp\/wp-content\/uploads\/2020\/05\/exposicao-adorno-politico-4-1024x384.jpeg\" alt=\"\" width=\"1000\" height=\"375\" srcset=\"http:\/\/ciaexcessos.com.br\/ciawp\/wp-content\/uploads\/2020\/05\/exposicao-adorno-politico-4-1024x384.jpeg 1024w, http:\/\/ciaexcessos.com.br\/ciawp\/wp-content\/uploads\/2020\/05\/exposicao-adorno-politico-4-300x112.jpeg 300w, http:\/\/ciaexcessos.com.br\/ciawp\/wp-content\/uploads\/2020\/05\/exposicao-adorno-politico-4-768x288.jpeg 768w\" sizes=\"auto, (max-width: 1000px) 100vw, 1000px\" \/><\/span><\/p>\n<p style=\"text-align: center;\"><span style=\"color: #000000;\">Conversa-performance\u00a0<strong><span lang=\"PT-BR\">A V\u00eanus de Cor<\/span><\/strong><span lang=\"PT-BR\"> com<\/span>\u00a0<span lang=\"PT-BR\">Lyz Parayzo inserida na programa\u00e7\u00e3o paralela da exposi\u00e7\u00e3o coletiva <em>Adorno Pol\u00edtico<\/em> (2018). Espa\u00e7o de Interven\u00e7\u00e3o Cultural Maus H\u00e1bitos, Porto, Portugal<\/span><\/span><\/p>\n<p>&nbsp;<\/p>\n<p style=\"text-align: justify;\"><span style=\"text-decoration: underline; color: #000000;\"><span lang=\"PT-BR\">24 de novembro de 2018<\/span>, \u00e0s 17h | Sala de\u00a0E<span lang=\"PT-BR\">spet\u00e1culos<\/span><\/span><\/p>\n<h4 style=\"text-align: justify;\"><span style=\"text-decoration: underline; color: #000000;\">Conversa-performance <span lang=\"PT-BR\">Um Corpo pra Chamar de Meu<\/span><span lang=\"PT-BR\">\u00a0com<\/span> <span lang=\"PT-BR\">Priscilla Davanzo<\/span><span lang=\"PT-BR\">\u00a0+ Exibi\u00e7\u00e3o do Minidocument\u00e1rio <em>Geotomia<\/em> (2000), de Marcelo Garcia<\/span><\/span><\/h4>\n<p style=\"text-align: justify;\"><span lang=\"PT-BR\" style=\"color: #000000;\">A import\u00e2ncia da consci\u00eancia de um pr\u00f3prio corpo, aut\u00f4nomo e independente, da necessidade de &#8211; para al\u00e9m dos deveres &#8211; direitos legais com rela\u00e7\u00e3o a esse corpo. \u00c9 preciso contar com muito mais que nossos pr\u00f3prios culh\u00f5es e objetivos, com muito mais que a pot\u00eancia da nossa pr\u00f3pria voz. Colocar o nosso corpo \u00e0 frente simultaneamente como um escudo e uma arma, como uma afronta e um questionamento. Um corpo, uma pessoa, um ser humano.<\/span><\/p>\n<p><span style=\"color: #000000;\"><em>Dura\u00e7\u00e3o: aproximadamente 60 minutos<\/em><\/span><\/p>\n<p><span style=\"color: #000000;\"><em>-&gt; <span lang=\"PT-BR\">Exibi\u00e7\u00e3o do document\u00e1rio <strong>Geotomia<\/strong> (2000), de Marcelo Garcia.\u00a0Dura\u00e7\u00e3o: 19&#8217;02&#8221;<\/span><\/em><\/span><\/p>\n<p>&nbsp;<\/p>\n<h2 style=\"text-align: justify;\"><span style=\"color: #000000;\">FICHA T\u00c9CNICA<\/span><\/h2>\n<p style=\"text-align: justify;\"><span style=\"color: #000000;\">V\u00e1riXs Artistas: <em>Adorno Pol\u00edtico<\/em>\u00a0| Curadoria e Texto: Tales Frey | Artistas: <span lang=\"PT-BR\"><span class=\"apple-converted-space\">Andr\u00e9 Parente, Andressa Cantergiani, \u00c9lle de Bernardini, Gal Oppido, Joana Bueno, Lenora de Barros, Let\u00edcia Parente, Lyz Parayzo, Marcela Tiboni, Nino Cais, Priscilla Davanzo, Rafael Bqueer, Renan Marcondes, Suelen Calonga e Tiago Sant\u2019Ana |\u00a0<\/span><\/span>Dire\u00e7\u00e3o de Produ\u00e7\u00e3o: Mariana Vitale |\u00a0Assist\u00eancia de Produ\u00e7\u00e3o: Catarina Rangel Pereira |\u00a0Montagem: Kiko Richard |\u00a0Limpeza: Manuela Pinto |\u00a0Gest\u00e3o de Conte\u00fados Digitais: Mariana Oliveira |\u00a0Comunica\u00e7\u00e3o: Catarina Rangel Pereira e Mariana Vitale |\u00a0Design Gr\u00e1fico: Combonation |\u00a0Impress\u00e3o: Lumen |\u00a0Assessoria de Imprensa: Sara Cunha |\u00a0Fotografia: Jos\u00e9 Caldeira |\u00a0Registo Audiovisual: T\u00e2nia Dinis |\u00a0Colabora\u00e7\u00e3o: Jo\u00e3o Abreu, Jos\u00e9 Pedro, Luis Salgado e Rui Mascarenhas |\u00a0Organiza\u00e7\u00e3o: Saco Azul e Maus H\u00e1bitos |\u00a0Espa\u00e7o de Interven\u00e7\u00e3o Cultural Maus H\u00e1bitos, Porto, Portugal |\u00a0<span lang=\"PT-BR\">15 de novembro a 20 de janeiro de 2018<\/span><\/span><\/p>\n<p>&nbsp;<\/p>\n<h3><span style=\"color: #000000;\">Clipping<\/span><\/h3>\n<p><span style=\"text-decoration: underline;\"><span style=\"color: #000000; text-decoration: underline;\"><a style=\"color: #000000; text-decoration: underline;\" href=\"https:\/\/labs.mil.up.pt\/blogs\/ovigilante\/2019\/01\/03\/o-corpo-como-um-signo-de-micropoliticas-variadas\/\" target=\"_blank\" rel=\"noopener noreferrer\"><strong>O Vigilante<\/strong>, 3 de janeiro de 2019<\/a><\/span><\/span><\/p>\n<p><span style=\"text-decoration: underline;\"><span style=\"color: #000000; text-decoration: underline;\"><a class=\"trms-StreamElement-title\" style=\"color: #000000; text-decoration: underline;\" tabindex=\"-1\" href=\"https:\/\/issuu.com\/ciaexcessos\/docs\/observador\" aria-hidden=\"true\">Jornal <strong>Observador<\/strong>, 14 de novembro de 2018<\/a><\/span><\/span><\/p>\n<p><span style=\"text-decoration: underline;\"><span style=\"color: #000000; text-decoration: underline;\"><a style=\"color: #000000; text-decoration: underline;\" href=\"https:\/\/dezanove.pt\/brasil-dissidente-vai-ocupar-maus-1215821\" target=\"_blank\" rel=\"noopener noreferrer\"><strong>dezanove<\/strong>, 14 de novembro de 2018<\/a><\/span><\/span><\/p>\n<p><span style=\"text-decoration: underline;\"><span style=\"color: #000000; text-decoration: underline;\"><a class=\"trms-StreamElement-title\" style=\"color: #000000; text-decoration: underline;\" tabindex=\"-1\" href=\"https:\/\/issuu.com\/ciaexcessos\/docs\/jornal_publico\" aria-hidden=\"true\">Jornal <strong>P\u00fablico<\/strong>, 9 de novembro de 2018<\/a><\/span><\/span><\/p>\n<p>&nbsp;<\/p>\n<div style=\"padding: 75% 0 0 0; position: relative;\"><iframe style=\"position: absolute; top: 0; left: 0; width: 100%; height: 100%;\" src=\"https:\/\/player.vimeo.com\/video\/297731990?color=ffffff&amp;title=0&amp;byline=0&amp;portrait=0\" frameborder=\"0\" allowfullscreen=\"allowfullscreen\" data-mce-fragment=\"1\"><\/iframe><\/div>\n<p style=\"text-align: center;\"><span style=\"color: #000000;\">V\u00eddeo promocional da exposi\u00e7\u00e3o coletiva <strong>Adorno Pol\u00edtico<\/strong> (2018)<\/span><\/p>\n<p>&nbsp;<\/p>\n<p style=\"text-align: center;\"><span style=\"color: #000000;\"><img loading=\"lazy\" decoding=\"async\" class=\"aligncenter wp-image-6094\" title=\"Cartazes e flyer da exposi\u00e7\u00e3o coletiva &quot;Adorno Pol\u00edtico&quot; (2018).\" src=\"http:\/\/ciaexcessos.com.br\/ciawp\/wp-content\/uploads\/2020\/05\/Exposicao-Adorno-Politico-Tales-Frey-2-Maus-Habitos-1024x470.jpeg\" alt=\"\" width=\"1000\" height=\"459\" srcset=\"http:\/\/ciaexcessos.com.br\/ciawp\/wp-content\/uploads\/2020\/05\/Exposicao-Adorno-Politico-Tales-Frey-2-Maus-Habitos-1024x470.jpeg 1024w, http:\/\/ciaexcessos.com.br\/ciawp\/wp-content\/uploads\/2020\/05\/Exposicao-Adorno-Politico-Tales-Frey-2-Maus-Habitos-300x138.jpeg 300w, http:\/\/ciaexcessos.com.br\/ciawp\/wp-content\/uploads\/2020\/05\/Exposicao-Adorno-Politico-Tales-Frey-2-Maus-Habitos-768x352.jpeg 768w\" sizes=\"auto, (max-width: 1000px) 100vw, 1000px\" \/><\/span><\/p>\n<p style=\"text-align: center;\"><span style=\"color: #000000;\">Cartazes e <em>flyer<\/em> da exposi\u00e7\u00e3o coletiva <strong>Adorno Pol\u00edtico<\/strong> (2018)<\/span><\/p>\n<p>&nbsp;<\/p>\n<p style=\"text-align: center;\"><span style=\"color: #000000;\"><img loading=\"lazy\" decoding=\"async\" class=\"aligncenter wp-image-6093\" title=\"Divulga\u00e7\u00e3o para Instagram da exposi\u00e7\u00e3o coletiva &quot;Adorno Pol\u00edtico&quot; (2018).\" src=\"http:\/\/ciaexcessos.com.br\/ciawp\/wp-content\/uploads\/2020\/05\/Exposicao-Adorno-Politico-Tales-Frey-1-Maus-Habitos-1024x511.jpeg\" alt=\"\" width=\"1000\" height=\"499\" srcset=\"http:\/\/ciaexcessos.com.br\/ciawp\/wp-content\/uploads\/2020\/05\/Exposicao-Adorno-Politico-Tales-Frey-1-Maus-Habitos-1024x511.jpeg 1024w, http:\/\/ciaexcessos.com.br\/ciawp\/wp-content\/uploads\/2020\/05\/Exposicao-Adorno-Politico-Tales-Frey-1-Maus-Habitos-300x150.jpeg 300w, http:\/\/ciaexcessos.com.br\/ciawp\/wp-content\/uploads\/2020\/05\/Exposicao-Adorno-Politico-Tales-Frey-1-Maus-Habitos-768x383.jpeg 768w\" sizes=\"auto, (max-width: 1000px) 100vw, 1000px\" \/><\/span><\/p>\n<p style=\"text-align: center;\"><span style=\"color: #000000;\">Divulga\u00e7\u00e3o para Instagram da exposi\u00e7\u00e3o coletiva <strong>Adorno Pol\u00edtico<\/strong> (2018)<\/span><\/p>\n","protected":false},"excerpt":{"rendered":"<p>&nbsp; Sabemos que o corpo \u00e9 cada vez mais idealizado pela sociedade de consumo, onde [&hellip;]<\/p>\n","protected":false},"author":1,"featured_media":0,"parent":5271,"menu_order":103,"comment_status":"closed","ping_status":"closed","template":"","meta":{"footnotes":""},"class_list":["post-5558","page","type-page","status-publish","hentry"],"_links":{"self":[{"href":"http:\/\/ciaexcessos.com.br\/en\/wp-json\/wp\/v2\/pages\/5558","targetHints":{"allow":["GET"]}}],"collection":[{"href":"http:\/\/ciaexcessos.com.br\/en\/wp-json\/wp\/v2\/pages"}],"about":[{"href":"http:\/\/ciaexcessos.com.br\/en\/wp-json\/wp\/v2\/types\/page"}],"author":[{"embeddable":true,"href":"http:\/\/ciaexcessos.com.br\/en\/wp-json\/wp\/v2\/users\/1"}],"replies":[{"embeddable":true,"href":"http:\/\/ciaexcessos.com.br\/en\/wp-json\/wp\/v2\/comments?post=5558"}],"version-history":[{"count":14,"href":"http:\/\/ciaexcessos.com.br\/en\/wp-json\/wp\/v2\/pages\/5558\/revisions"}],"predecessor-version":[{"id":6918,"href":"http:\/\/ciaexcessos.com.br\/en\/wp-json\/wp\/v2\/pages\/5558\/revisions\/6918"}],"up":[{"embeddable":true,"href":"http:\/\/ciaexcessos.com.br\/en\/wp-json\/wp\/v2\/pages\/5271"}],"wp:attachment":[{"href":"http:\/\/ciaexcessos.com.br\/en\/wp-json\/wp\/v2\/media?parent=5558"}],"curies":[{"name":"wp","href":"https:\/\/api.w.org\/{rel}","templated":true}]}}