{"id":6260,"date":"2020-05-25T23:30:08","date_gmt":"2020-05-26T02:30:08","guid":{"rendered":"http:\/\/ciaexcessos.com.br\/?page_id=6260"},"modified":"2020-12-25T00:34:09","modified_gmt":"2020-12-25T03:34:09","slug":"adorno-politico-publico","status":"publish","type":"page","link":"http:\/\/ciaexcessos.com.br\/en\/tales-frey\/textos-entrevistas\/adorno-politico-publico\/","title":{"rendered":"(PT) \u201cEstes corpos fora da (hetero)norma j\u00e1 s\u00e3o resist\u00eancia desde sempre\u201d, por Mariana Duarte (2018)"},"content":{"rendered":"<p class=\"qtranxs-available-languages-message qtranxs-available-languages-message-en\">Sorry, this entry is only available in <a href=\"http:\/\/ciaexcessos.com.br\/pb\/wp-json\/wp\/v2\/pages\/6260\" class=\"qtranxs-available-language-link qtranxs-available-language-link-pb\" title=\"PT\">PT<\/a>.<\/p>","protected":false},"excerpt":{"rendered":"<p>Sorry, this entry is only available in PT.<\/p>\n","protected":false},"author":1,"featured_media":0,"parent":56,"menu_order":992,"comment_status":"closed","ping_status":"closed","template":"","meta":{"footnotes":""},"class_list":["post-6260","page","type-page","status-publish","hentry"],"_links":{"self":[{"href":"http:\/\/ciaexcessos.com.br\/en\/wp-json\/wp\/v2\/pages\/6260","targetHints":{"allow":["GET"]}}],"collection":[{"href":"http:\/\/ciaexcessos.com.br\/en\/wp-json\/wp\/v2\/pages"}],"about":[{"href":"http:\/\/ciaexcessos.com.br\/en\/wp-json\/wp\/v2\/types\/page"}],"author":[{"embeddable":true,"href":"http:\/\/ciaexcessos.com.br\/en\/wp-json\/wp\/v2\/users\/1"}],"replies":[{"embeddable":true,"href":"http:\/\/ciaexcessos.com.br\/en\/wp-json\/wp\/v2\/comments?post=6260"}],"version-history":[{"count":3,"href":"http:\/\/ciaexcessos.com.br\/en\/wp-json\/wp\/v2\/pages\/6260\/revisions"}],"predecessor-version":[{"id":6933,"href":"http:\/\/ciaexcessos.com.br\/en\/wp-json\/wp\/v2\/pages\/6260\/revisions\/6933"}],"up":[{"embeddable":true,"href":"http:\/\/ciaexcessos.com.br\/en\/wp-json\/wp\/v2\/pages\/56"}],"wp:attachment":[{"href":"http:\/\/ciaexcessos.com.br\/en\/wp-json\/wp\/v2\/media?parent=6260"}],"curies":[{"name":"wp","href":"https:\/\/api.w.org\/{rel}","templated":true}]}}