{"id":6464,"date":"2020-09-01T22:33:17","date_gmt":"2020-09-02T01:33:17","guid":{"rendered":"http:\/\/ciaexcessos.com.br\/?page_id=6464"},"modified":"2026-04-06T18:42:25","modified_gmt":"2026-04-06T21:42:25","slug":"fio-condutor","status":"publish","type":"page","link":"http:\/\/ciaexcessos.com.br\/en\/tales-frey\/criacoes\/fio-condutor\/","title":{"rendered":"Conductive Wire (2020)"},"content":{"rendered":"<p>&nbsp;<\/p>\n<div style=\"padding: 56.25% 0 0 0; position: relative;\"><iframe style=\"position: absolute; top: 0; left: 0; width: 100%; height: 100%;\" src=\"https:\/\/player.vimeo.com\/video\/457177082?title=0&amp;byline=0&amp;portrait=0\" frameborder=\"0\" allowfullscreen=\"allowfullscreen\"><\/iframe><\/div>\n<p style=\"text-align: center;\"><span style=\"color: #000000;\">Tales Frey, <strong>Conductive Wire<\/strong>, 2020. Video, 4\u201948<span lang=\"EN-US\">\u201d<\/span><\/span><\/p>\n<p>&nbsp;<\/p>\n<p style=\"text-align: justify;\"><span style=\"color: #000000;\">In this action, we see reflections already evoked in procedural drawings, in sculptural objects and in previous performance works, with an uninterrupted thread that includes several visual constructions that present hybrid bodies in a queer perspective, whose expressions approach dance, sculpture and of clothing at once.<\/span><\/p>\n<p style=\"text-align: justify;\"><span style=\"color: #000000;\">\u201cConductor Wire\u201d brings different qualities resolved in a continuous way: distance and closeness, ephemeral and lasting time, freedom and imprisonment, movement and static.<\/span><\/p>\n<p style=\"text-align: justify;\"><span style=\"color: #000000;\">This is the eighth creation belonging to the Memento Mori series, through which I transform the passing rites of my birthdays into performance actions.<\/span><\/p>\n<p>&nbsp;<\/p>\n<h2 style=\"text-align: justify;\"><span style=\"color: #000000;\"><strong>CREDITS<\/strong><\/span><\/h2>\n<p style=\"text-align: justify;\"><span style=\"color: #000000;\">Performance by Tales Frey |\u00a0Invited performer: J\u00falia Zuccon, Katiana Rangel, Paola Frey and T\u00e2nia Dinis<\/span><\/p>\n<p style=\"text-align: justify;\"><span style=\"color: #000000;\">Assistance: Hilda de Paulo<\/span><\/p>\n<p style=\"text-align: justify;\"><span style=\"color: #000000;\">Porto\/Portugal 2020<\/span><\/p>\n<p>&nbsp;<\/p>\n<h2 style=\"text-align: justify;\"><span style=\"color: #000000;\"><strong>TRAJECTORY<\/strong><\/span><\/h2>\n<div>\n<h3 style=\"text-align: justify;\"><span style=\"color: #000000;\"><u>LIVE<\/u><\/span><\/h3>\n<\/div>\n<div>\n<p style=\"font-weight: 400;\"><span style=\"color: #000000;\"><strong>[2023]<\/strong> Judson Memorial Church, New York City, USA. \u00a0<\/span><\/p>\n<p style=\"font-weight: 400;\"><span style=\"color: #000000;\"><strong>[2023]<\/strong> Serralves Museum of Contemporary Art. Porto, Portugal.<\/span><\/p>\n<p style=\"font-weight: 400;\"><span style=\"color: #000000;\"><strong>[2023]<\/strong> SESC S\u00e3o Jos\u00e9 do Rio Preto. S\u00e3o Jos\u00e9 do Rio Preto-SP, Brazil.<\/span><\/p>\n<p style=\"font-weight: 400;\"><span style=\"color: #000000;\"><strong>[2022]<\/strong>\u00a0SESC Campinas. Campinas-SP, Brazil.<\/span><\/p>\n<p style=\"font-weight: 400;\"><span style=\"color: #000000;\"><strong>[2021]<\/strong>\u00a0<strong>XXIVth International Encounters Traverse<\/strong>, Pr\u00e9p\u00b4Art, Toulouse, France.<\/span><\/p>\n<p style=\"font-weight: 400;\"><span style=\"color: #000000;\"><strong>[2020]<\/strong>\u00a0Mira Artes Performativas. Porto, Portugal.<\/span><\/p>\n<\/div>\n<div><span style=\"color: #000000;\"><b>[2022]<\/b>\u00a0SESC Campinas. Campinas-SP, Brazil.<\/span><\/div>\n<p><span style=\"color: #000000;\"><b><span lang=\"PT-BR\">[2020]<\/span><\/b><span lang=\"PT-BR\"> Mira Artes Performativas. Porto, Portugal.<\/span><\/span><\/p>\n<p>&nbsp;<\/p>\n<h3 style=\"text-align: justify;\"><span style=\"color: #000000;\"><u><span lang=\"EN-US\">AS VIDEO AND\/OR OBJECT<\/span><\/u><\/span><\/h3>\n<p style=\"font-weight: 400; text-align: justify;\"><span style=\"color: #000000;\"><strong>[2023]<\/strong> <strong>Lei\u00f0niv\u00edr | Conducting Wire<\/strong>. Akureyri Art Museum, Akureyri, Iceland.<\/span><\/p>\n<p style=\"font-weight: 400; text-align: justify;\"><span style=\"color: #000000;\"><strong>[2023] Quinzena de Dan\u00e7a de Almada \u2013 International Dance Festival<\/strong>. Almada, Portugal.<\/span><\/p>\n<p style=\"font-weight: 400; text-align: justify;\"><span style=\"color: #000000;\"><strong>[2023] 1\u00ba Encuentro Latinoamericano de Performance Art<\/strong>. OKK &#8211; Organ Kritischer Kunst, Berlin, German.<\/span><\/p>\n<p style=\"font-weight: 400; text-align: justify;\"><span style=\"color: #000000;\"><strong>[2023]<\/strong> <strong>ARCOlisboa<\/strong>\u00a0&#8211; Verve Gallery stand &#8211; Opening Sector. The Cordoaria Nacional, Lisbon, Portugal.<\/span><\/p>\n<p style=\"font-weight: 400; text-align: justify;\"><span style=\"color: #000000;\"><strong>[2022] <\/strong>Solo exhibition<strong> Addressing Strategies to Undress Norms<\/strong><em>.<\/em> Espa\u00e7o Mira, Porto, Portugal.<\/span><\/p>\n<p style=\"font-weight: 400; text-align: justify;\"><span style=\"color: #000000;\"><strong>[2022] Encruzilhada Blockchain<\/strong>. 30\u00ba Festival MixBrasil de Cultura da Diversidade. Galeria Olido,\u00a0MIS-SP, S\u00e3o Paulo-SP, Brazil.<\/span><\/p>\n<p style=\"font-weight: 400; text-align: justify;\"><span style=\"color: #000000;\"><strong>[2022]<\/strong> Solo exhibition <strong>Academia Corpus<\/strong>. Galeria do Lago, Museu da Rep\u00fablica, Rio de Janeiro, Brazil.<\/span><\/p>\n<p style=\"text-align: justify;\"><span style=\"color: #000000;\"><strong>[2021]<\/strong>\u00a0<strong>Be Ing \u2013 Genre \/ Identit\u00e9s \/ Repr\u00e9sentations<\/strong>. Espace D\u2019art Contemporain: L\u2019angle. La Roche-Sur-Foron, France.<\/span><\/p>\n<p style=\"text-align: justify;\"><span style=\"color: #000000;\"><strong>[2021]<\/strong> <strong>2\u00ba Festival Internacional de Videodan\u00e7a do RS \u2013 FIVRS<\/strong>, Porto Alegre-RS, Brazil.<\/span><\/p>\n<p style=\"text-align: justify;\"><span style=\"color: #000000;\"><strong>[2021]<\/strong> <strong>Shared Skins<\/strong>. Oficina Cultural Oswald Andrade. S\u00e3o Paulo-SP, Brazil.<\/span><\/p>\n<p style=\"text-align: justify;\"><span style=\"color: #000000;\"><strong>[2020] Crossed Bodies.<\/strong>\u00a0MEANWHILE Gallery, online, Wellington, Nova Zel\u00e2ndia.<\/span><\/p>\n<p style=\"text-align: justify;\"><span style=\"color: #000000;\"><b><span lang=\"EN-US\">[2020] <\/span><\/b><span lang=\"EN-US\">SESC Santos. Live Streaming. <\/span><span lang=\"PT-BR\">Santos-SP, Brazil.<b><\/b><\/span><\/span><\/p>\n<p>&nbsp;<\/p>\n<p style=\"text-align: center;\"><span style=\"color: #000000;\"><img loading=\"lazy\" decoding=\"async\" class=\"aligncenter wp-image-6519\" title=\"Tales Frey,\u00a0&quot;Conductor Wire&quot;. Performance happened in Porto, Portugal. September 2019. Photo by Hilda de Paulo.\" src=\"http:\/\/ciaexcessos.com.br\/ciawp\/wp-content\/uploads\/2020\/09\/Fio-Condutor-Tales-Frey-01-1024x683.jpeg\" alt=\"\" width=\"1200\" height=\"800\" srcset=\"http:\/\/ciaexcessos.com.br\/ciawp\/wp-content\/uploads\/2020\/09\/Fio-Condutor-Tales-Frey-01-1024x683.jpeg 1024w, http:\/\/ciaexcessos.com.br\/ciawp\/wp-content\/uploads\/2020\/09\/Fio-Condutor-Tales-Frey-01-300x200.jpeg 300w, http:\/\/ciaexcessos.com.br\/ciawp\/wp-content\/uploads\/2020\/09\/Fio-Condutor-Tales-Frey-01-768x512.jpeg 768w\" sizes=\"auto, (max-width: 1200px) 100vw, 1200px\" \/><\/span><\/p>\n<p style=\"text-align: center;\"><span style=\"color: #000000;\"><img loading=\"lazy\" decoding=\"async\" class=\"aligncenter wp-image-6518\" title=\"Tales Frey,\u00a0&quot;Conductor Wire&quot;. Performance happened in Porto, Portugal. September 2019. Photo by Hilda de Paulo.\" src=\"http:\/\/ciaexcessos.com.br\/ciawp\/wp-content\/uploads\/2020\/09\/Fio-Condutor-Tales-Frey-02-1024x683.jpeg\" alt=\"\" width=\"1200\" height=\"800\" srcset=\"http:\/\/ciaexcessos.com.br\/ciawp\/wp-content\/uploads\/2020\/09\/Fio-Condutor-Tales-Frey-02-1024x683.jpeg 1024w, http:\/\/ciaexcessos.com.br\/ciawp\/wp-content\/uploads\/2020\/09\/Fio-Condutor-Tales-Frey-02-300x200.jpeg 300w, http:\/\/ciaexcessos.com.br\/ciawp\/wp-content\/uploads\/2020\/09\/Fio-Condutor-Tales-Frey-02-768x512.jpeg 768w\" sizes=\"auto, (max-width: 1200px) 100vw, 1200px\" \/><\/span><\/p>\n<p style=\"text-align: center;\"><span style=\"color: #000000;\">Tales Frey,\u00a0<strong>Conductor Wire<\/strong>. Performance happened in Porto, Portugal. September 2019. Photos by Hilda de Paulo<\/span><\/p>\n<p>&nbsp;<\/p>\n<p style=\"text-align: center;\"><span style=\"color: #000000;\"><img loading=\"lazy\" decoding=\"async\" class=\"aligncenter wp-image-6468 size-full\" title=\"Tales Frey, &quot;Tales Frey,\u00a0Sketch #1 for 'Conductive Wire'&quot;, 2020. Acrylic paint on paper, 30 x 20 cm.\" src=\"http:\/\/ciaexcessos.com.br\/ciawp\/wp-content\/uploads\/2020\/09\/Tales-Frey-Fio-Condutor.jpeg\" alt=\"\" width=\"1890\" height=\"1417\" srcset=\"http:\/\/ciaexcessos.com.br\/ciawp\/wp-content\/uploads\/2020\/09\/Tales-Frey-Fio-Condutor.jpeg 1890w, http:\/\/ciaexcessos.com.br\/ciawp\/wp-content\/uploads\/2020\/09\/Tales-Frey-Fio-Condutor-300x225.jpeg 300w, http:\/\/ciaexcessos.com.br\/ciawp\/wp-content\/uploads\/2020\/09\/Tales-Frey-Fio-Condutor-768x576.jpeg 768w, http:\/\/ciaexcessos.com.br\/ciawp\/wp-content\/uploads\/2020\/09\/Tales-Frey-Fio-Condutor-1024x768.jpeg 1024w\" sizes=\"auto, (max-width: 1890px) 100vw, 1890px\" \/><\/span><\/p>\n<p style=\"text-align: center;\"><span style=\"color: #000000;\"><span lang=\"PT-BR\">Tales Frey,\u00a0<\/span><span lang=\"EN-US\"><strong>Sketch #1 for \u201cConductive Wire\u201d<\/strong>, 2020. Acrylic paint on paper, 30 x 20 cm<\/span><\/span><\/p>\n<p><\/p>","protected":false},"excerpt":{"rendered":"<p>&nbsp; Tales Frey, Conductive Wire, 2020. Video, 4\u201948\u201d &nbsp; In this action, we see reflections [&hellip;]<\/p>\n","protected":false},"author":1,"featured_media":0,"parent":54,"menu_order":485,"comment_status":"closed","ping_status":"closed","template":"","meta":{"footnotes":""},"class_list":["post-6464","page","type-page","status-publish","hentry"],"_links":{"self":[{"href":"http:\/\/ciaexcessos.com.br\/en\/wp-json\/wp\/v2\/pages\/6464","targetHints":{"allow":["GET"]}}],"collection":[{"href":"http:\/\/ciaexcessos.com.br\/en\/wp-json\/wp\/v2\/pages"}],"about":[{"href":"http:\/\/ciaexcessos.com.br\/en\/wp-json\/wp\/v2\/types\/page"}],"author":[{"embeddable":true,"href":"http:\/\/ciaexcessos.com.br\/en\/wp-json\/wp\/v2\/users\/1"}],"replies":[{"embeddable":true,"href":"http:\/\/ciaexcessos.com.br\/en\/wp-json\/wp\/v2\/comments?post=6464"}],"version-history":[{"count":13,"href":"http:\/\/ciaexcessos.com.br\/en\/wp-json\/wp\/v2\/pages\/6464\/revisions"}],"predecessor-version":[{"id":10605,"href":"http:\/\/ciaexcessos.com.br\/en\/wp-json\/wp\/v2\/pages\/6464\/revisions\/10605"}],"up":[{"embeddable":true,"href":"http:\/\/ciaexcessos.com.br\/en\/wp-json\/wp\/v2\/pages\/54"}],"wp:attachment":[{"href":"http:\/\/ciaexcessos.com.br\/en\/wp-json\/wp\/v2\/media?parent=6464"}],"curies":[{"name":"wp","href":"https:\/\/api.w.org\/{rel}","templated":true}]}}