{"id":9420,"date":"2023-12-23T21:12:59","date_gmt":"2023-12-24T00:12:59","guid":{"rendered":"http:\/\/ciaexcessos.com.br\/?page_id=9420"},"modified":"2023-12-23T22:03:49","modified_gmt":"2023-12-24T01:03:49","slug":"vestir-estrategias-para-despir-normas","status":"publish","type":"page","link":"http:\/\/ciaexcessos.com.br\/en\/tales-frey\/exposicoes\/vestir-estrategias-para-despir-normas\/","title":{"rendered":"Addressing Strategies to Undress Norms (2022)"},"content":{"rendered":"<p>&nbsp;<\/p>\n<p style=\"text-align: center;\"><span style=\"color: #000000;\"><img loading=\"lazy\" decoding=\"async\" class=\"aligncenter wp-image-9428 size-full\" src=\"http:\/\/ciaexcessos.com.br\/ciawp\/wp-content\/uploads\/2023\/12\/Tales-Frey-Espaco-Mira-Daniela-Labra-1-scaled.jpg\" alt=\"\" width=\"2560\" height=\"1707\" srcset=\"http:\/\/ciaexcessos.com.br\/ciawp\/wp-content\/uploads\/2023\/12\/Tales-Frey-Espaco-Mira-Daniela-Labra-1-scaled.jpg 2560w, http:\/\/ciaexcessos.com.br\/ciawp\/wp-content\/uploads\/2023\/12\/Tales-Frey-Espaco-Mira-Daniela-Labra-1-300x200.jpg 300w, http:\/\/ciaexcessos.com.br\/ciawp\/wp-content\/uploads\/2023\/12\/Tales-Frey-Espaco-Mira-Daniela-Labra-1-1024x683.jpg 1024w, http:\/\/ciaexcessos.com.br\/ciawp\/wp-content\/uploads\/2023\/12\/Tales-Frey-Espaco-Mira-Daniela-Labra-1-768x512.jpg 768w, http:\/\/ciaexcessos.com.br\/ciawp\/wp-content\/uploads\/2023\/12\/Tales-Frey-Espaco-Mira-Daniela-Labra-1-1536x1024.jpg 1536w, http:\/\/ciaexcessos.com.br\/ciawp\/wp-content\/uploads\/2023\/12\/Tales-Frey-Espaco-Mira-Daniela-Labra-1-2048x1365.jpg 2048w\" sizes=\"auto, (max-width: 2560px) 100vw, 2560px\" \/><\/span><\/p>\n<p>&nbsp;<\/p>\n<div>\n<p style=\"font-weight: 400; text-align: justify;\"><span style=\"color: #000000;\">Even though Tales Frey can hastily be called a performer, the title, in fact, does not account for the many languages that cross his transdisciplinary investigations. Driven primarily by drawing and the body, the artist built a path that accumulates experiences from the scenic universe, such as acting, costume design, dramaturgy, scenography and theatrical direction, in addition to dance and choreography, and visual art languages, such as sculpture, objects, photography and video art.<\/span><\/p>\n<p style=\"font-weight: 400; text-align: justify;\"><span style=\"color: #000000;\"><em>Addressing Strategies to Undress<\/em> <em>Norms<\/em> is Tales Frey&#8217;s most comprehensive solo exhibition in the city of Porto, where he has lived since 2008. Plastic propositions arising from the interweaving of so many references and artistic languages are displayed. The sculptures, clothes, drawings, objects, video, and photographs challenge taboos constructed by the culture of so-called \u201ccompulsory cisheteronormativity\u201d in a playful and sarcastic way. The affirmation of identity in a world hostile to non-heteronormative experiences is a natural issue in the artist&#8217;s visual dramaturgy, based on art criticism, theories of gender, performativity, and others.<\/span><\/p>\n<p style=\"font-weight: 400; text-align: justify;\"><span style=\"color: #000000;\">Tales Frey&#8217;s practice is autobiographical, because as he himself points out, \u201cperformance is a genre in which inevitably the artist&#8217;s self is often exposed\u201d. In a series of performances, for example, he converted his birthday rites of passage into actions, turning them into artistic rituals. The desire for constant and profound experimentalism, combined with a vast contemporary cultural repertoire, achieved an aesthetic radicality in the artistic form.<\/span><\/p>\n<p class=\"Standard\" style=\"text-align: justify;\"><span style=\"color: #000000;\"><span style=\"font-weight: 400;\">Through experience with performing and body arts, the scenic and temporal elements are present. Faithful to the fiction of art-life, the artist uses the loop as a linguistic, visual and dramaturgical resource, mirroring and repeating images in media in addition to video. The double, whether or not thought of as a doppelg\u00e4nger, is present in pieces that are fragments of bodies, some sculpted to be worn by spectator-users. In a very original way, Tales Frey creates an activist, critically committed, ultimately ironic and sensual visual-performative multidisciplinary poetics. For him, \u201cthe body is pivot\u201d, something that his propositions do not leave us doubting<\/span>.<\/span><\/p>\n<\/div>\n<div>\n<p class=\"Standard\">\n<\/div>\n<div>\n<p class=\"Standard\" align=\"right\"><span style=\"color: #000000;\">Daniela Labra<\/span><\/p>\n<p style=\"font-weight: 400; text-align: right;\"><span style=\"color: #000000;\">\u00a0Curator<\/span><\/p>\n<\/div>\n<p>&nbsp;<\/p>\n<p style=\"text-align: center;\"><span style=\"color: #000000;\"><img loading=\"lazy\" decoding=\"async\" class=\" wp-image-9427 aligncenter\" src=\"http:\/\/ciaexcessos.com.br\/ciawp\/wp-content\/uploads\/2023\/12\/MAPA.jpeg\" alt=\"\" width=\"230\" height=\"526\" srcset=\"http:\/\/ciaexcessos.com.br\/ciawp\/wp-content\/uploads\/2023\/12\/MAPA.jpeg 149w, http:\/\/ciaexcessos.com.br\/ciawp\/wp-content\/uploads\/2023\/12\/MAPA-131x300.jpeg 131w\" sizes=\"auto, (max-width: 230px) 100vw, 230px\" \/><\/span><\/p>\n<p>&nbsp;<\/p>\n<div>\n<h3 class=\"Standard\"><span style=\"color: #000000;\"><b>OBRAS<\/b><\/span><\/h3>\n<\/div>\n<div>\n<p class=\"Standard\"><span style=\"color: #000000;\"><strong>1) Il Faut Souffrir pour \u00catre Belle<\/strong><span lang=\"PT-BR\">, 2018. Photo, 70 x 50 cm;<\/span><\/span><\/p>\n<\/div>\n<div>\n<p class=\"Standard\"><span style=\"color: #000000;\"><strong>2) Sissyparity<\/strong>, <span lang=\"PT-BR\">2020. Photographic polyptych, 80 x 63,5 cm each;<\/span><\/span><\/p>\n<\/div>\n<div>\n<p class=\"Standard\"><span style=\"color: #000000;\"><strong>3)\u00a0<\/strong><strong><span lang=\"PT-BR\">One Hundred and Thirty-Two Corporeal Figures as Sign Mediations<\/span><\/strong>,\u00a0<span lang=\"PT-BR\">2020. Video art, 2\u201948\u201d;<\/span><\/span><\/p>\n<\/div>\n<div>\n<p class=\"Standard\"><span style=\"color: #000000;\"><b>4)\u00a0<\/b><strong><span lang=\"PT-BR\">Gushing<\/span><\/strong><b><\/b>, <span lang=\"PT-BR\">2022. Ink on paper, 33 x 22 cm;<\/span><\/span><\/p>\n<\/div>\n<div>\n<p class=\"Standard\"><span style=\"color: #000000;\"><b>5)\u00a0<\/b><b><span lang=\"PT-BR\">Order Araneae<\/span><\/b><b><\/b>,\u00a0<span lang=\"PT-BR\">2022. Photographic polyptych, 40 x 40 cm each;<\/span><\/span><\/p>\n<\/div>\n<div>\n<p class=\"Standard\"><span style=\"color: #000000;\"><strong>6) <\/strong><strong><span lang=\"PT-BR\">Suruba I<\/span><\/strong><span lang=\"PT-BR\"> and <\/span><strong><span lang=\"PT-BR\">Suruba II<\/span><\/strong><span lang=\"PT-BR\">, 2022. Ink on paper, 45 x 25 cm each;<\/span><\/span><\/p>\n<\/div>\n<div>\n<p><span style=\"color: #000000;\"><b>7)<\/b>\u00a0<b>Thighlighting<\/b>,\u00a0<span lang=\"PT-BR\">2022. Kinetic acrylic objects, Diameters 100 cm, 60 cm, 30 cm;<\/span><\/span><\/p>\n<\/div>\n<div>\n<p class=\"Standard\"><span style=\"color: #000000;\"><b>8) Tucking<\/b>,\u00a0<span lang=\"PT-BR\">2022. Installation, 200 x 120 x 50 cm;<\/span><\/span><\/p>\n<\/div>\n<div>\n<p class=\"Standard\"><span style=\"color: #000000;\"><strong>9)\u00a0<\/strong><b><span lang=\"PT-BR\">Conductive Wire<\/span><\/b><span lang=\"PT-BR\">, 2020. Video, 4\u201948\u201d.<\/span><\/span><\/p>\n<\/div>\n<div>\n<p class=\"Standard\">\n<\/div>\n<div>\n<p class=\"Standard\"><span style=\"color: #000000;\"><em>See folder:\u00a0<a style=\"color: #000000;\" href=\"http:\/\/ciaexcessos.com.br\/ciawp\/wp-content\/uploads\/2023\/12\/Tales-Frey-Espaco-Mira-Daniela-Labra-3.pdf\" target=\"_blank\" rel=\"noopener\">LINK<\/a><\/em><\/span><\/p>\n<\/div>\n<p>&nbsp;<\/p>\n<p><span style=\"color: #000000;\"><img loading=\"lazy\" decoding=\"async\" class=\"aligncenter wp-image-9435 size-full\" src=\"http:\/\/ciaexcessos.com.br\/ciawp\/wp-content\/uploads\/2023\/12\/Tales-Frey-Daniela-Labra-Espaco-Mira-1-scaled.jpeg\" alt=\"\" width=\"2560\" height=\"2555\" srcset=\"http:\/\/ciaexcessos.com.br\/ciawp\/wp-content\/uploads\/2023\/12\/Tales-Frey-Daniela-Labra-Espaco-Mira-1-scaled.jpeg 2560w, http:\/\/ciaexcessos.com.br\/ciawp\/wp-content\/uploads\/2023\/12\/Tales-Frey-Daniela-Labra-Espaco-Mira-1-300x300.jpeg 300w, http:\/\/ciaexcessos.com.br\/ciawp\/wp-content\/uploads\/2023\/12\/Tales-Frey-Daniela-Labra-Espaco-Mira-1-1024x1022.jpeg 1024w, http:\/\/ciaexcessos.com.br\/ciawp\/wp-content\/uploads\/2023\/12\/Tales-Frey-Daniela-Labra-Espaco-Mira-1-150x150.jpeg 150w, http:\/\/ciaexcessos.com.br\/ciawp\/wp-content\/uploads\/2023\/12\/Tales-Frey-Daniela-Labra-Espaco-Mira-1-768x767.jpeg 768w, http:\/\/ciaexcessos.com.br\/ciawp\/wp-content\/uploads\/2023\/12\/Tales-Frey-Daniela-Labra-Espaco-Mira-1-1536x1533.jpeg 1536w, http:\/\/ciaexcessos.com.br\/ciawp\/wp-content\/uploads\/2023\/12\/Tales-Frey-Daniela-Labra-Espaco-Mira-1-2048x2044.jpeg 2048w\" sizes=\"auto, (max-width: 2560px) 100vw, 2560px\" \/><\/span><\/p>\n<p>&nbsp;<\/p>\n<h3 style=\"text-align: justify;\"><span style=\"color: #000000;\"><u><span lang=\"PT-BR\">Exhibition Parallel Program<em> Addressing Strategies to Undress Norms<\/em><\/span><\/u><\/span><\/h3>\n<p style=\"font-weight: 400; text-align: justify;\"><span style=\"color: #000000;\"><u><span lang=\"PT-BR\">November 27, 2022, at 3pm | Exhibition Room<\/span><\/u><\/span><\/p>\n<h4 style=\"text-align: justify;\"><span style=\"color: #000000;\"><strong><u><span lang=\"EN-US\">Conversation between artist and curator, with Tales Frey and Daniela Labra<\/span><\/u><\/strong><\/span><\/h4>\n<div style=\"text-align: justify;\"><span style=\"color: #000000;\"><span lang=\"PT-BR\">Based on the artworks of the exhibition, the artist and the curator present a dialogue that comments on different creative processes, circuits and a transdisciplinary trajectory in art<\/span>.<\/span><\/div>\n<p>&nbsp;<\/p>\n<p style=\"font-weight: 400; text-align: justify;\"><span style=\"color: #000000;\"><u><span lang=\"PT-BR\">December 10, 2022, at 3 pm | Exhibition Room<\/span><\/u><\/span><\/p>\n<p style=\"font-weight: 400; text-align: justify;\"><span style=\"color: #000000;\"><u><span lang=\"EN-US\">Mini-doc <em>Memento Mori<\/em> (2021) by Tales Frey<\/span><\/u><\/span><\/p>\n<p style=\"font-weight: 400; text-align: justify;\"><span lang=\"PT-BR\" style=\"color: #000000;\">Portugal, 2021, Doc., 17\u201905\u201d, Color.<\/span><\/p>\n<div style=\"text-align: justify;\"><span style=\"color: #000000;\"><span lang=\"EN-US\">From the performance series \u201cMemento Mori\u201d, in which Tales Frey converts his birthdays into performance actions, in this mini-documentary, the artist presents a reflection on the creative stimuli that were decisive for his art creations, with a guiding thread in which the body is always pivot<\/span>.<\/span><\/div>\n<p>&nbsp;<\/p>\n<h2><span style=\"color: #000000;\">CREDITS<\/span><\/h2>\n<p style=\"font-weight: 400; text-align: justify;\"><span style=\"color: #000000;\"><span class=\"apple-converted-space\"><i><span lang=\"PT-BR\">Addressing Strategies to Undress Norms<\/span><\/i><\/span> <span lang=\"PT-BR\">| Espa\u00e7o Mira, Porto, Portugal |\u00a0Curator: Daniela Labra | Production: Alicia Medeiros | Setting: Jorge Marques | Gallery and Communication Assistant: Luisa Rosas da Silva | Photography: Carlos Campos and Luisa Rosas da Silva | Espa\u00e7o Mira Management: Jo\u00e3o Lafuente and Manuela Matos Monteiro | Artistic Direction of Espa\u00e7o Mira: Jos\u00e9 Maia | November 25th to December 23rd, 2022 |\u00a0<\/span>Project contemplated by DGArtes through Project Support &#8211; Visual Arts \u2013 Creation and Edition 2021<\/span><\/p>\n<p>&nbsp;<\/p>\n<div>\n<h2><span style=\"color: #000000;\">Clipping<\/span><\/h2>\n<\/div>\n<div>\n<p class=\"Standard\"><span style=\"color: #000000;\"><a style=\"color: #000000;\" href=\"https:\/\/www.artecapital.net\/entrevista-320-tales-frey\" target=\"_blank\" rel=\"noopener\"><span style=\"text-decoration: underline;\"><span><strong>Artecapital Magazine de Arte Contempor\u00e2n<\/strong><strong>ea<\/strong>, December 15, 2022<\/span><\/span><\/a><\/span><\/p>\n<p>&nbsp;<\/p>\n<\/div>\n<p style=\"text-align: center;\"><iframe loading=\"lazy\" title=\"YouTube video player\" src=\"https:\/\/www.youtube.com\/embed\/e_nU-K8X5hw?si=EAat1iKWGSQsSfYu&amp;controls=0\" width=\"560\" height=\"315\" frameborder=\"0\" allowfullscreen=\"allowfullscreen\"><\/iframe><\/p>\n<div>\n<p class=\"Standard\" style=\"text-align: center;\"><span style=\"color: #000000;\">Video recording of the opening of the solo exhibition <strong>Addressing Strategies to Undress Norms<\/strong>. Espa\u00e7o Mira, Porto, Portugal, 2023<\/span><\/p>\n<\/div>\n<p><\/p>","protected":false},"excerpt":{"rendered":"<p>&nbsp; &nbsp; Even though Tales Frey can hastily be called a performer, the title, in [&hellip;]<\/p>\n","protected":false},"author":1,"featured_media":0,"parent":5269,"menu_order":88,"comment_status":"closed","ping_status":"closed","template":"","meta":{"footnotes":""},"class_list":["post-9420","page","type-page","status-publish","hentry"],"_links":{"self":[{"href":"http:\/\/ciaexcessos.com.br\/en\/wp-json\/wp\/v2\/pages\/9420","targetHints":{"allow":["GET"]}}],"collection":[{"href":"http:\/\/ciaexcessos.com.br\/en\/wp-json\/wp\/v2\/pages"}],"about":[{"href":"http:\/\/ciaexcessos.com.br\/en\/wp-json\/wp\/v2\/types\/page"}],"author":[{"embeddable":true,"href":"http:\/\/ciaexcessos.com.br\/en\/wp-json\/wp\/v2\/users\/1"}],"replies":[{"embeddable":true,"href":"http:\/\/ciaexcessos.com.br\/en\/wp-json\/wp\/v2\/comments?post=9420"}],"version-history":[{"count":7,"href":"http:\/\/ciaexcessos.com.br\/en\/wp-json\/wp\/v2\/pages\/9420\/revisions"}],"predecessor-version":[{"id":9440,"href":"http:\/\/ciaexcessos.com.br\/en\/wp-json\/wp\/v2\/pages\/9420\/revisions\/9440"}],"up":[{"embeddable":true,"href":"http:\/\/ciaexcessos.com.br\/en\/wp-json\/wp\/v2\/pages\/5269"}],"wp:attachment":[{"href":"http:\/\/ciaexcessos.com.br\/en\/wp-json\/wp\/v2\/media?parent=9420"}],"curies":[{"name":"wp","href":"https:\/\/api.w.org\/{rel}","templated":true}]}}