{"id":108,"date":"2015-08-31T11:08:43","date_gmt":"2015-08-31T14:08:43","guid":{"rendered":"http:\/\/ciaexcessos.com.br\/ciawp\/?page_id=108"},"modified":"2023-12-23T13:42:11","modified_gmt":"2023-12-23T16:42:11","slug":"o-beijo","status":"publish","type":"page","link":"https:\/\/ciaexcessos.com.br\/en\/tales-frey\/criacoes\/o-beijo\/","title":{"rendered":"The Kiss (2006)"},"content":{"rendered":"<p>&nbsp;<\/p>\n<p style=\"text-align: center;\"><span style=\"color: #000000;\"><img loading=\"lazy\" decoding=\"async\" class=\"aligncenter wp-image-574\" title=\"Tales Frey and Cristine \u00c1gape, &quot;The Kiss&quot;. Performance art realized in Rio de Janeiro, Brazil. March 2006. Photo by Hugus F\u00e9lix, 37,4 x 28,1 cm. Edition: 3 + 2 P.A.\" src=\"http:\/\/ciaexcessos.com.br\/ciawp\/wp-content\/uploads\/2015\/08\/o-beijo-tales-frey-1024x768.jpg\" alt=\"\" width=\"1000\" height=\"750\" srcset=\"https:\/\/ciaexcessos.com.br\/ciawp\/wp-content\/uploads\/2015\/08\/o-beijo-tales-frey-1024x768.jpg 1024w, https:\/\/ciaexcessos.com.br\/ciawp\/wp-content\/uploads\/2015\/08\/o-beijo-tales-frey-300x225.jpg 300w\" sizes=\"auto, (max-width: 1000px) 100vw, 1000px\" \/><\/span><\/p>\n<p style=\"text-align: center;\"><span style=\"color: #000000;\"> <span lang=\"EN-US\">Tales Frey and Cristine \u00c1gape,\u00a0<\/span><strong><span lang=\"EN-US\">The Kiss<\/span><\/strong><span lang=\"EN-US\">. Performance art <\/span><span lang=\"EN-US\">realized\u00a0<\/span><span lang=\"EN-US\">in Rio de Janeiro, Brazil. March\u00a02006. Photo by Hugus F\u00e9lix,\u00a037,4 x 28,1 cm.\u00a0Edition: 3 + 2 P.A.<\/span><\/span><\/p>\n<p>&nbsp;<\/p>\n<div class=\"\" style=\"text-align: justify;\">\n<p><span style=\"color: #000000;\"><span lang=\"EN-US\">The first kiss \u2013 A 30 minutes kiss makes the observer doubt if what is happening is an\u00a0<i>performance art <\/i>or a random surprise. Tales Frey wears miniskirts and Cristine \u00c1gape dressed baggy pants. The artists were not invited to the exhibition \u201cErotic \u2013 The Sense of Art\u201d at CCBB (Cultural Centre of Bank of Brazil) in Rio de Janeiro but they were not censored as M\u00e1rcia X. <\/span><\/span><\/p>\n<p><span style=\"color: #000000;\"><span lang=\"EN-US\">They weren&#8217;t invited but they wanted to be incorrectly censored as Marcia X.!<\/span><\/span><\/p>\n<\/div>\n<p>&nbsp;<\/p>\n<h2 style=\"text-align: justify;\"><span style=\"color: #000000;\"><strong>CREDITS<\/strong><\/span><\/h2>\n<p style=\"text-align: justify;\"><span lang=\"EN-US\">Creation by Tales Frey and\u00a0Cristine \u00c1gape | Invited performers to other presentations: Helena Ferreira, Grasiele Sousa a.k.a Grasiele Cabelodroma and T\u00e2nia Dinis | Length of the action: 30 minutes | Year of the creation: 2006<\/span><\/p>\n<p>&nbsp;<\/p>\n<h2 style=\"text-align: justify;\"><span style=\"color: #000000;\"><strong>TRAJECTORY<\/strong><\/span><\/h2>\n<h3 style=\"text-align: justify;\"><span style=\"color: #000000;\"><strong><u>LIVE<\/u><\/strong><\/span><\/h3>\n<p style=\"text-align: justify;\"><span style=\"color: #000000;\"><strong>[2016]\u00a0XX Queer Lisbon<\/strong>. Late Birds, Lisbon, Portugal.<\/span><\/p>\n<p style=\"text-align: justify;\"><span style=\"color: #000000;\"><strong>[2015]<\/strong><span class=\"apple-converted-space\">\u00a0<\/span><strong>Performance em Encontro<\/strong>. Curated by C\u00e1ssio Quit\u00e9rio. SESC Campinas, Campinas, SP, Brazil.<\/span><\/p>\n<p style=\"text-align: justify;\"><span style=\"color: #000000;\"><strong><span lang=\"EN-US\">[2015]<\/span><\/strong><span class=\"apple-converted-space\"><span lang=\"EN-US\">\u00a0<\/span><\/span><span lang=\"EN-US\">Collective exhibition<span class=\"apple-converted-space\">\u00a0<\/span><\/span><strong><span lang=\"EN-US\">The Walking, Listening and Breathing of Action<\/span><\/strong><em><span lang=\"EN-US\">.<\/span><\/em><span class=\"apple-converted-space\"><span lang=\"EN-US\">\u00a0<\/span><\/span>Curated by Jos\u00e9 Maia, Susana Rodrigues\u00a0and Maria C\u00f4rte-Real. Quinta da Bonj\u00f3ia, Porto, Portugal.<\/span><\/p>\n<p style=\"text-align: justify;\"><span style=\"color: #000000;\"><strong>[2007]<\/strong><span class=\"apple-converted-space\">\u00a0<\/span><strong>MOLA 2007 \u2013 Mostra Livre de Artes<\/strong>. Circo Voador, Rio de Janeiro, Brazil.<\/span><\/p>\n<p style=\"text-align: justify;\"><span style=\"color: #000000;\"><strong><span lang=\"EN-US\">[2006]<\/span><\/strong><span class=\"apple-converted-space\"><span lang=\"EN-US\">\u00a0<\/span><\/span><span lang=\"EN-US\">An intervention originally designed to be performed (without authorization) at the Cultural Centre of Bank of Brazil (CCBB) during the exhibition<span class=\"apple-converted-space\">\u00a0<\/span><b>Erotic \u2013 The Sense of Art<\/b>. <\/span>Rio de Janeiro, Brazil.<\/span><\/p>\n<p>&nbsp;<\/p>\n<h3><span style=\"color: #000000;\"><strong><u><span lang=\"EN-US\">AS VIDEO AND\/OR PHOTOGRAPHY<\/span><\/u><\/strong><\/span><\/h3>\n<p style=\"text-align: justify;\"><span style=\"color: #000000;\"><strong>[2016]\u00a0<\/strong>Collective exhibition\u00a0<strong>In State of War<\/strong>.\u00a0Curated by Hilda de Paulo e Tales Frey. Teatro Acad\u00e9mico de Gil Vicente, Coimbra, Portugal.<\/span><\/p>\n<p style=\"text-align: justify;\"><span style=\"color: #000000;\"><strong><span lang=\"EN-US\">[2016]\u00a0<\/span><\/strong><span lang=\"EN-US\">Collective Exhibition\u00a0<\/span><strong><span lang=\"EN-US\">Sob (Ul)Trajes e Gozos<\/span><\/strong><span lang=\"EN-US\">. Curated by Suianni Macedo. <\/span>J\u00falio Dinis Museum, Ovar, Portugal.<\/span><\/p>\n<p style=\"text-align: justify;\"><span style=\"color: #000000;\"><strong>[2015]\u00a0<\/strong>Collective exhibition\u00a0<strong>(Tra)vestir um fa(c)to<\/strong>. Curated by Jos\u00e9 Maia. Espa\u00e7o MIRA, Porto, Portugal.<\/span><\/p>\n<p style=\"text-align: justify;\"><span style=\"color: #000000;\"><strong><span lang=\"EN-US\">[2015]<\/span><\/strong><span class=\"apple-converted-space\"><span lang=\"EN-US\">\u00a0<\/span><\/span><span lang=\"EN-US\">Collective exhibition\u00a0<\/span><strong><span lang=\"EN-US\">Kiss me<\/span><\/strong><span lang=\"EN-US\">. Curated by Hilda de Paulo e Tales Frey<\/span>. SESC Ribeirao Preto, Ribeirao Preto, Brazil.<\/span><\/p>\n<p style=\"text-align: justify;\"><span style=\"color: #000000;\"><strong><span lang=\"EN-US\">[2014]\u00a0<\/span><\/strong><span lang=\"EN-US\">Collective exhibition\u00a0<\/span><strong><span lang=\"EN-US\">Fashion and Religiosity in Body Marks<\/span><\/strong><span lang=\"EN-US\">. <\/span>Organized by Tales Frey. SESC Rio Preto, S\u00e3o Jos\u00e9 do Rio Preto, Brazil.<\/span><\/p>\n<p style=\"text-align: justify;\"><span style=\"color: #000000;\"><strong><span lang=\"EN-US\">[2013]\u00a0<\/span><\/strong><span lang=\"EN-US\">Collective exhibition\u00a0<\/span><strong><span lang=\"EN-US\">Fashion and Religiosity in Body Marks<\/span><\/strong><span lang=\"EN-US\">. Organized by Tales Frey. SESC Campinas, SP, Brazil.<\/span><\/span><\/p>\n<p style=\"text-align: justify;\"><span style=\"color: #000000;\"><strong><span lang=\"EN-US\">[2013]<\/span><\/strong><span class=\"apple-converted-space\"><span lang=\"EN-US\">\u00a0<\/span><\/span><span lang=\"EN-US\">Collective exhibition\u00a0<\/span><strong><span lang=\"EN-US\">Kiss me<\/span><\/strong><span lang=\"EN-US\">. Curated by Hilda de Paulo e Tales Frey<\/span>. Esta\u00e7\u00e3o Cultura, IV Festival de Formas Po\u00e9ticas, Catanduva, SP, Brazil.<\/span><\/p>\n<p>&nbsp;<\/p>\n<div style=\"padding: 73.75% 0 0 0; position: relative;\"><iframe style=\"position: absolute; top: 0; left: 0; width: 100%; height: 100%;\" src=\"https:\/\/player.vimeo.com\/video\/16889882?color=ffffff&amp;title=0&amp;byline=0&amp;portrait=0\" frameborder=\"0\" allowfullscreen=\"allowfullscreen\"><\/iframe><\/div>\n<p style=\"text-align: center;\"><span style=\"color: #000000;\"><span lang=\"EN-US\">Tales Frey and Cristine \u00c1gape,<\/span><span class=\"apple-converted-space\"><span lang=\"EN-US\">\u00a0<\/span><\/span><strong><span lang=\"EN-US\">The Kiss<\/span><\/strong><span lang=\"EN-US\">, 2006. Video, 5\u201924\u201d.\u00a0Edition: 3 + 2 P.A.<\/span><\/span><\/p>\n<p>&nbsp;<\/p>\n<div style=\"padding: 56.25% 0 0 0; position: relative;\"><iframe style=\"position: absolute; top: 0; left: 0; width: 100%; height: 100%;\" src=\"https:\/\/player.vimeo.com\/video\/131987274?color=ffffff&amp;title=0&amp;byline=0&amp;portrait=0\" frameborder=\"0\" allowfullscreen=\"allowfullscreen\"><\/iframe><\/div>\n<p style=\"text-align: center;\"><span style=\"color: #000000;\"><span lang=\"EN-US\">Tales Frey,\u00a0<\/span><strong><span lang=\"EN-US\">The Kiss<\/span><\/strong><span lang=\"EN-US\">, 2006-15. Video, 3\u201911\u201d.\u00a0Edition: 3 + 2 P.A.<\/span><\/span><\/p>\n<p><\/p>","protected":false},"excerpt":{"rendered":"<p>&nbsp; Tales Frey and Cristine \u00c1gape,\u00a0The Kiss. Performance art realized\u00a0in Rio de Janeiro, Brazil. March\u00a02006. [&hellip;]<\/p>\n","protected":false},"author":1,"featured_media":0,"parent":54,"menu_order":532,"comment_status":"closed","ping_status":"closed","template":"","meta":{"footnotes":""},"class_list":["post-108","page","type-page","status-publish","hentry"],"_links":{"self":[{"href":"https:\/\/ciaexcessos.com.br\/en\/wp-json\/wp\/v2\/pages\/108","targetHints":{"allow":["GET"]}}],"collection":[{"href":"https:\/\/ciaexcessos.com.br\/en\/wp-json\/wp\/v2\/pages"}],"about":[{"href":"https:\/\/ciaexcessos.com.br\/en\/wp-json\/wp\/v2\/types\/page"}],"author":[{"embeddable":true,"href":"https:\/\/ciaexcessos.com.br\/en\/wp-json\/wp\/v2\/users\/1"}],"replies":[{"embeddable":true,"href":"https:\/\/ciaexcessos.com.br\/en\/wp-json\/wp\/v2\/comments?post=108"}],"version-history":[{"count":31,"href":"https:\/\/ciaexcessos.com.br\/en\/wp-json\/wp\/v2\/pages\/108\/revisions"}],"predecessor-version":[{"id":9376,"href":"https:\/\/ciaexcessos.com.br\/en\/wp-json\/wp\/v2\/pages\/108\/revisions\/9376"}],"up":[{"embeddable":true,"href":"https:\/\/ciaexcessos.com.br\/en\/wp-json\/wp\/v2\/pages\/54"}],"wp:attachment":[{"href":"https:\/\/ciaexcessos.com.br\/en\/wp-json\/wp\/v2\/media?parent=108"}],"curies":[{"name":"wp","href":"https:\/\/api.w.org\/{rel}","templated":true}]}}