{"id":111,"date":"2015-08-31T11:09:45","date_gmt":"2015-08-31T14:09:45","guid":{"rendered":"http:\/\/ciaexcessos.com.br\/ciawp\/?page_id=111"},"modified":"2023-12-23T13:40:51","modified_gmt":"2023-12-23T16:40:51","slug":"o-beijo-ii","status":"publish","type":"page","link":"https:\/\/ciaexcessos.com.br\/en\/tales-frey\/criacoes\/o-beijo-ii\/","title":{"rendered":"The Kiss II (2007)"},"content":{"rendered":"<p>&nbsp;<\/p>\n<div style=\"padding: 73.75% 0 0 0; position: relative;\"><iframe style=\"position: absolute; top: 0; left: 0; width: 100%; height: 100%;\" src=\"https:\/\/player.vimeo.com\/video\/16890084?color=ffffff&amp;title=0&amp;byline=0&amp;portrait=0\" frameborder=\"0\" allowfullscreen=\"allowfullscreen\"><\/iframe><\/div>\n<p style=\"text-align: center;\"><span style=\"color: #000000;\">Tales Frey, <strong>The Kiss II<\/strong><em>,<\/em>\u00a02007. Video, 4&#8217;21&#8221;<\/span><\/p>\n<p>&nbsp;<\/p>\n<p style=\"text-align: justify;\"><span style=\"color: #000000;\">This is the first variant of the performance <em>The Kiss<\/em> and, different from the first version, it happens with the consent of the space where the action is activated. It is a kiss long-lasting 30 minutes between two performers, and the codes found in clothes and accessories on the two bodies are subverted in relation to the social norm of heteronormativity.<\/span><\/p>\n<p>&nbsp;<\/p>\n<h2 style=\"text-align: justify;\"><span style=\"color: #000000;\"><strong>CREDITS<\/strong><\/span><\/h2>\n<p style=\"text-align: justify;\"><span style=\"color: #000000;\"><span lang=\"EN-US\">Conception: Tales Frey | Invited performer: Larissa C\u00e2mara | During: 30 minutos |\u00a0<\/span><span lang=\"EN-US\">Year of the creation: 2007<\/span><\/span><\/p>\n<p>&nbsp;<\/p>\n<h2 style=\"text-align: justify;\"><span style=\"color: #000000;\"><strong>TRAJECTORY<\/strong><\/span><\/h2>\n<h3 style=\"text-align: justify;\"><span style=\"color: #000000;\"><strong><u>LIVE<\/u><\/strong><\/span><\/h3>\n<p><span style=\"color: #000000;\"><strong><span lang=\"PT-BR\">[2007]<\/span><\/strong><span class=\"apple-converted-space\"><span lang=\"PT-BR\">\u00a0<\/span><\/span><span lang=\"PT-BR\">Casar\u00e3o Cultural dos Arcos, Rio de Janeiro-RJ, Brazil.<\/span><\/span><\/p>\n<p>&nbsp;<\/p>\n<h3><span style=\"color: #000000;\"><u><span lang=\"EN-US\">AS PHOTOGRAPHY AND VIDEO<\/span><\/u><\/span><\/h3>\n<p style=\"text-align: justify;\"><span style=\"color: #000000;\"><strong><span lang=\"EN-US\">[2016]\u00a0<\/span><\/strong><span lang=\"EN-US\">Exhibition\u00a0<strong>In State of War<\/strong>. <\/span><span lang=\"PT-BR\">Teatro Acad\u00e9mico de Gil Vicente TAGV, Coimbra, Portugal.<\/span><\/span><\/p>\n<p style=\"text-align: justify;\"><span style=\"color: #000000;\"><strong><span lang=\"PT-BR\">[2015]<\/span><\/strong><span class=\"apple-converted-space\"><span lang=\"PT-BR\">\u00a0E<\/span><\/span><span lang=\"PT-BR\">xhibition<\/span><span class=\"apple-converted-space\"><span lang=\"PT-BR\">\u00a0<\/span><\/span><strong><span lang=\"PT-BR\">(Tra)vestir um Fa(c)to<\/span><\/strong><span lang=\"PT-BR\">. Curated by Jos\u00e9 Maia. Espa\u00e7o MIRA, Porto, Portugal.<\/span><\/span><\/p>\n<p style=\"text-align: justify;\"><span style=\"color: #000000;\"><strong><span lang=\"PT-BR\">[2015]<\/span><\/strong><span class=\"apple-converted-space\"><span lang=\"PT-BR\">\u00a0E<\/span><\/span><span lang=\"PT-BR\">xhibition<\/span><span class=\"apple-converted-space\"><span lang=\"PT-BR\">\u00a0<\/span><\/span><strong><span lang=\"PT-BR\">Kiss me<\/span><\/strong><span lang=\"PT-BR\">. SESC Ribeir\u00e3o Preto, Ribeir\u00e3o Preto-SP, Brazil.<\/span><\/span><\/p>\n<p style=\"text-align: justify;\"><span style=\"color: #000000;\"><strong><span lang=\"EN-US\">[2014]<\/span><\/strong><span class=\"apple-converted-space\"><span lang=\"EN-US\">\u00a0E<\/span><\/span><span lang=\"EN-US\">xhibition<strong> Fashion and Religiosity in Body Marks<\/strong>. <\/span><span lang=\"PT-BR\">SESC Rio Preto, S\u00e3o Jos\u00e9 do Rio Preto-SP, Brazil.<\/span><\/span><\/p>\n<p style=\"text-align: justify;\"><span style=\"color: #000000;\"><strong><span lang=\"EN-US\">[2014]<\/span><\/strong><span class=\"apple-converted-space\"><span lang=\"EN-US\">\u00a0E<\/span><\/span><span lang=\"EN-US\">xhibition<strong> Fashion and Religiosity in Body Marks<\/strong>. <\/span><span lang=\"PT-BR\">SESC Campinas, Campinas-SP, Brazil.<\/span><\/span><\/p>\n<p style=\"text-align: justify;\"><span style=\"color: #000000;\"><strong><span lang=\"EN-US\">[2013]<\/span><\/strong><span class=\"apple-converted-space\"><span lang=\"EN-US\">\u00a0E<\/span><\/span><span lang=\"EN-US\">xhibition <strong>Fashion and Religiosity in Body Marks<\/strong>. <\/span><span lang=\"PT-BR\">Centro para os Assuntos da Arte e Arquitectura, Guimar\u00e3es, Portugal.<\/span><\/span><\/p>\n<p style=\"text-align: justify;\"><span style=\"color: #000000;\"><strong><span lang=\"PT-BR\">[2013]<\/span><\/strong><span lang=\"PT-BR\">\u00a0<\/span><span class=\"apple-converted-space\"><span lang=\"PT-BR\">E<\/span><\/span><span lang=\"PT-BR\">xhibition<strong> Kiss me<\/strong>. IV Festival de Formas Po\u00e9ticas, Esta\u00e7\u00e3o Cultura, Catanduva-SP, Brazil.<\/span><\/span><\/p>\n<p><\/p>","protected":false},"excerpt":{"rendered":"<p>&nbsp; Tales Frey, The Kiss II,\u00a02007. Video, 4&#8217;21&#8221; &nbsp; This is the first variant of [&hellip;]<\/p>\n","protected":false},"author":1,"featured_media":0,"parent":54,"menu_order":531,"comment_status":"closed","ping_status":"closed","template":"","meta":{"footnotes":""},"class_list":["post-111","page","type-page","status-publish","hentry"],"_links":{"self":[{"href":"https:\/\/ciaexcessos.com.br\/en\/wp-json\/wp\/v2\/pages\/111","targetHints":{"allow":["GET"]}}],"collection":[{"href":"https:\/\/ciaexcessos.com.br\/en\/wp-json\/wp\/v2\/pages"}],"about":[{"href":"https:\/\/ciaexcessos.com.br\/en\/wp-json\/wp\/v2\/types\/page"}],"author":[{"embeddable":true,"href":"https:\/\/ciaexcessos.com.br\/en\/wp-json\/wp\/v2\/users\/1"}],"replies":[{"embeddable":true,"href":"https:\/\/ciaexcessos.com.br\/en\/wp-json\/wp\/v2\/comments?post=111"}],"version-history":[{"count":20,"href":"https:\/\/ciaexcessos.com.br\/en\/wp-json\/wp\/v2\/pages\/111\/revisions"}],"predecessor-version":[{"id":9375,"href":"https:\/\/ciaexcessos.com.br\/en\/wp-json\/wp\/v2\/pages\/111\/revisions\/9375"}],"up":[{"embeddable":true,"href":"https:\/\/ciaexcessos.com.br\/en\/wp-json\/wp\/v2\/pages\/54"}],"wp:attachment":[{"href":"https:\/\/ciaexcessos.com.br\/en\/wp-json\/wp\/v2\/media?parent=111"}],"curies":[{"name":"wp","href":"https:\/\/api.w.org\/{rel}","templated":true}]}}