{"id":117,"date":"2015-08-31T11:12:20","date_gmt":"2015-08-31T14:12:20","guid":{"rendered":"http:\/\/ciaexcessos.com.br\/ciawp\/?page_id=117"},"modified":"2023-12-23T13:39:13","modified_gmt":"2023-12-23T16:39:13","slug":"reciprocidade-desalmada","status":"publish","type":"page","link":"https:\/\/ciaexcessos.com.br\/en\/tales-frey\/criacoes\/reciprocidade-desalmada\/","title":{"rendered":"Soulless Reciprocity (2010)"},"content":{"rendered":"<p>&nbsp;<\/p>\n<p style=\"text-align: center;\"><span style=\"color: #000000;\"><img loading=\"lazy\" decoding=\"async\" class=\"aligncenter wp-image-826 size-full\" title=\"Tales Frey,\u00a0&quot;Soulless Reciprocity&quot;. Performance art showed in Porto, Portugal. May\u00a02015. Photo\u00a0by Patr\u00edcia Barbosa\/ Espa\u00e7o MIRA.\u00a0Installation with 6 mirrors, 60 x 40 cm each.\" src=\"http:\/\/ciaexcessos.com.br\/ciawp\/wp-content\/uploads\/2015\/08\/reciprocidade-desalmada-tales-frey-espaco-mira.jpg\" alt=\"\" width=\"960\" height=\"640\" srcset=\"https:\/\/ciaexcessos.com.br\/ciawp\/wp-content\/uploads\/2015\/08\/reciprocidade-desalmada-tales-frey-espaco-mira.jpg 960w, https:\/\/ciaexcessos.com.br\/ciawp\/wp-content\/uploads\/2015\/08\/reciprocidade-desalmada-tales-frey-espaco-mira-300x200.jpg 300w\" sizes=\"auto, (max-width: 960px) 100vw, 960px\" \/><\/span><\/p>\n<p style=\"text-align: center;\"><span style=\"color: #000000;\"><span lang=\"EN-US\">Tales Frey,\u00a0<\/span><strong><span lang=\"EN-US\">Soulless Reciprocity<\/span><\/strong><span lang=\"EN-US\">. Performance art showed in Porto, Portugal. May\u00a02015. Photo\u00a0by Patr\u00edcia Barbosa\/ Espa\u00e7o MIRA.\u00a0Installation with 6 mirrors, 60 x 40 cm each<\/span><\/span><\/p>\n<p>&nbsp;<\/p>\n<p style=\"text-align: justify;\"><span style=\"color: #000000;\"><em>Soulless Reciprocity<\/em> is an art performance and consists in a group of artists kissing some mirrors for 1 hour. The framed mirrors are placed along the sidewalk or in the white gallery, the place variants. Women wear looks that are considered menswear while men wear looks considered female clothes.<\/span><\/p>\n<p style=\"text-align: justify;\"><span style=\"color: #000000;\">This performance establishes a link between <em>him and her<\/em>, <em>her and her<\/em>, <em>him and him<\/em>, breaking taboos regarding the social role of the person as to their gender, that in this action is presented with a multiple character through the act of kissing the own image conventionally subverted.<\/span><\/p>\n<p style=\"text-align: justify;\"><span style=\"color: #000000;\">Naturally, this action carries the myth of Narcissus to a new context, not only about the concept of worshiping the own image, but understanding the complexity of the multifaceted person, filled with a lot of instincts and desires.<\/span><\/p>\n<p style=\"text-align: justify;\"><span style=\"color: #000000;\">This work belongs to the sequence <em>The Kiss<\/em>, held in Rio de Janeiro, which originated a second version in that city. This creation has triggered the development of <em>The Other Asphalt Kiss<\/em> and after <em>Soulless Reciprocity<\/em>\u00a0both held in Oporto \u2013 Portugal.<\/span><\/p>\n<p style=\"text-align: justify;\"><span style=\"color: #000000;\">The position of the mouth on the mirror seems to form a powerful <em>sound box<\/em>, and the sound of the kiss is surprisingly high and can be noticed even in the video that recorded the action.<\/span><\/p>\n<p>&nbsp;<\/p>\n<h2 style=\"text-align: justify;\"><span style=\"color: #000000;\"><strong>CREDITS<\/strong><\/span><\/h2>\n<p style=\"text-align: justify;\"><span style=\"color: #000000;\"><span lang=\"PT-BR\">Conception by Tales Frey | Invited performers: Ana Brito, Ana Santos, Ana Tarrinho, Angelina Nogueira, B., Cl\u00e1udia Daiane, Gabriel Souza, Genival Miranda, Helena Ferreira, Hilda de Paulo, Isabela Mardin, Isabele Contarin, Joana Lleys, Jo\u00e3o D. Marqu\u00eas, Lizi Menezes, Lu\u00edsa Rosas, Maiara Fabrizia, Mailson Mota, Mariana Madeira, Miguel Ambrizzi, Mvinni, Naju Conde, Nuno Olivieri, Paula Guedes, Priscilla Davanzo, Ricardo Braga, Stefanie Santana, Thales Maniezzo, Vald\u00edvia Tolentino and Yara Maria<\/span>\u00a0<span lang=\"PT-BR\">| Duration: 60 minutos | Year of the creation: 2010<\/span><\/span><\/p>\n<p>&nbsp;<\/p>\n<h2 style=\"text-align: justify;\"><span style=\"color: #000000;\"><strong>TRAJECTORY<\/strong><\/span><\/h2>\n<h3 style=\"text-align: justify;\"><span style=\"color: #000000;\"><strong><u>LIVE<\/u><\/strong><\/span><\/h3>\n<p style=\"text-align: justify;\"><span style=\"color: #000000;\"><strong><span lang=\"PT-BR\">[2018]\u00a0<\/span><\/strong><span lang=\"PT-BR\">SENAC Catanduva, Catanduva-SP, Brazil.<\/span><\/span><\/p>\n<p style=\"text-align: justify;\"><span style=\"color: #000000;\"><strong><span lang=\"PT-BR\">[2015]\u00a0<\/span><\/strong><span lang=\"PT-BR\">Exhibition\u00a0<strong>(Tra)vestir um fa(c)to<\/strong>. Curated by Jos\u00e9 Maia. Espa\u00e7o MIRA, Porto, Portugal.<\/span><\/span><\/p>\n<p style=\"text-align: justify;\"><span style=\"color: #000000;\"><strong><span lang=\"EN-US\">[2012]<\/span><\/strong><span class=\"apple-converted-space\"><span lang=\"EN-US\">\u00a0<\/span><\/span><strong><span lang=\"EN-US\">XII FLUP Art History Week<\/span><\/strong><strong><span lang=\"EN-US\">. Faculty of Arts, University of Porto, Porto, Portugal.<\/span><\/strong><\/span><\/p>\n<p style=\"text-align: justify;\"><span style=\"color: #000000;\"><strong><span lang=\"EN-US\">[2011]\u00a0<\/span><\/strong><span lang=\"EN-US\">Exhibition\u00a0<strong>Love me<\/strong>. Curated by Teresa Melo. <\/span><span lang=\"PT-BR\">Mercado Negro &#8211; Cultural Intervention Space, Aveiro, Portugal.<\/span><\/span><\/p>\n<p style=\"text-align: justify;\"><span style=\"color: #000000;\"><strong><span lang=\"PT-BR\">[2010]<\/span><\/strong><span lang=\"PT-BR\">\u00a0<strong>Alma da Rua 2010<\/strong>. Lomographic Embassy, Porto, Portugal.<\/span><\/span><\/p>\n<p>&nbsp;<\/p>\n<h3 style=\"text-align: justify;\"><span style=\"color: #000000;\"><strong><u><span lang=\"EN-US\">AS VIDEO, INSTALLATION AND\/OR PHOTO<\/span><\/u><\/strong><\/span><\/h3>\n<p style=\"text-align: justify;\"><span style=\"color: #000000;\"><strong><span lang=\"EN-US\">[2016]\u00a0<\/span><\/strong><span lang=\"EN-US\">Exhibition\u00a0<strong>In State of War<\/strong>. <\/span><span lang=\"PT-BR\">Teatro Acad\u00e9mico de Gil Vicente TAGV, Coimbra, Portugal.<\/span><\/span><\/p>\n<p style=\"text-align: justify;\"><span style=\"color: #000000;\"><strong><span lang=\"PT-BR\">[2015]<\/span><\/strong><span class=\"apple-converted-space\"><span lang=\"PT-BR\">\u00a0E<\/span><\/span><span lang=\"PT-BR\">xhibition<\/span><span class=\"apple-converted-space\"><span lang=\"PT-BR\">\u00a0<\/span><\/span><strong><span lang=\"PT-BR\">(Tra)vestir um Fa(c)to<\/span><\/strong><span lang=\"PT-BR\">. Curated by Jos\u00e9 Maia. Espa\u00e7o MIRA, Porto, Portugal.<\/span><\/span><\/p>\n<p style=\"text-align: justify;\"><span style=\"color: #000000;\"><strong><span lang=\"PT-BR\">[2015]<\/span><\/strong><span class=\"apple-converted-space\"><span lang=\"PT-BR\">\u00a0E<\/span><\/span><span lang=\"PT-BR\">xhibition<\/span><span class=\"apple-converted-space\"><span lang=\"PT-BR\">\u00a0<\/span><\/span><strong><span lang=\"PT-BR\">Kiss me<\/span><\/strong><span lang=\"PT-BR\">. SESC Ribeir\u00e3o Preto, Ribeir\u00e3o Preto-SP, Brazil.<\/span><\/span><\/p>\n<p style=\"text-align: justify;\"><span style=\"color: #000000;\"><strong><span lang=\"EN-US\">[2014]<\/span><\/strong><span class=\"apple-converted-space\"><span lang=\"EN-US\">\u00a0E<\/span><\/span><span lang=\"EN-US\">xhibition<strong> Fashion and Religiosity in Body Marks<\/strong>. <\/span><span lang=\"PT-BR\">SESC Rio Preto, S\u00e3o Jos\u00e9 do Rio Preto-SP, Brazil.<\/span><\/span><\/p>\n<p style=\"text-align: justify;\"><span style=\"color: #000000;\"><strong><span lang=\"EN-US\">[2014]<\/span><\/strong><span class=\"apple-converted-space\"><span lang=\"EN-US\">\u00a0E<\/span><\/span><span lang=\"EN-US\">xhibition<strong> Fashion and Religiosity in Body Marks<\/strong>. <\/span><span lang=\"PT-BR\">SESC Campinas, Campinas-SP, Brazil.<\/span><\/span><\/p>\n<p style=\"text-align: justify;\"><span style=\"color: #000000;\"><strong><span lang=\"EN-US\">[2013]<\/span><\/strong><span class=\"apple-converted-space\"><span lang=\"EN-US\">\u00a0E<\/span><\/span><span lang=\"EN-US\">xhibition <strong>Fashion and Religiosity in Body Marks<\/strong>. <\/span><span lang=\"PT-BR\">Centro para os Assuntos da Arte e Arquitectura, Guimar\u00e3es, Portugal.<\/span><\/span><\/p>\n<p style=\"text-align: justify;\"><span style=\"color: #000000;\"><strong><span lang=\"PT-BR\">[2013]<\/span><\/strong><span lang=\"PT-BR\">\u00a0<\/span><span class=\"apple-converted-space\"><span lang=\"PT-BR\">E<\/span><\/span><span lang=\"PT-BR\">xhibition<strong> Kiss me<\/strong>. IV Festival de Formas Po\u00e9ticas, Esta\u00e7\u00e3o Cultura, Catanduva-SP, Brazil.<\/span><\/span><\/p>\n<p style=\"text-align: justify;\"><span style=\"color: #000000;\"><strong><span lang=\"EN-US\">[2012]\u00a0<\/span><\/strong><span lang=\"EN-US\">Feminist Studies Colloquium: <b>The Future of the Past<\/b>. Colloquium for postgraduate studies in Feminist Studies at the Faculty of Arts of the University of Coimbra, Coimbra, Portugal.<\/span><\/span><\/p>\n<p style=\"text-align: justify;\"><span style=\"color: #000000;\"><strong><span lang=\"EN-US\">[2011]<\/span><\/strong><span class=\"apple-converted-space\"><span lang=\"EN-US\">\u00a0<\/span><\/span><strong><span lang=\"EN-US\">Direct Action 2011<\/span><\/strong><span lang=\"EN-US\">. Institut F\u00fcr Alles M\u00f6gliche, Berlin, German.<\/span><\/span><\/p>\n<p>&nbsp;<\/p>\n<div style=\"padding: 56.25% 0 0 0; position: relative;\"><iframe style=\"position: absolute; top: 0; left: 0; width: 100%; height: 100%;\" src=\"https:\/\/player.vimeo.com\/video\/235559076?color=ffffff&amp;title=0&amp;byline=0&amp;portrait=0\" frameborder=\"0\" allowfullscreen=\"allowfullscreen\"><\/iframe><\/div>\n<p style=\"text-align: center;\"><span style=\"color: #000000;\"><span lang=\"EN-US\">Tales Frey,\u00a0<\/span><strong><span lang=\"EN-US\">Soulless Reciprocity<\/span><\/strong><span lang=\"EN-US\">,\u00a02015. Video, 1\u201913\u201d<\/span><\/span><\/p>\n<p>&nbsp;<\/p>\n<p style=\"text-align: center;\"><span style=\"color: #000000;\"><img loading=\"lazy\" decoding=\"async\" class=\"aligncenter wp-image-5537 size-full\" title=\"Tales Frey, &quot;Soulless Reciprocity&quot;. Performance art showed in Porto, Portugal. April 2012. Photos by Hilda de Paulo.\" src=\"http:\/\/ciaexcessos.com.br\/ciawp\/wp-content\/uploads\/2019\/12\/Tales-Frey-Reciprocidade-2.jpeg\" alt=\"\" width=\"1280\" height=\"1262\" srcset=\"https:\/\/ciaexcessos.com.br\/ciawp\/wp-content\/uploads\/2019\/12\/Tales-Frey-Reciprocidade-2.jpeg 1280w, https:\/\/ciaexcessos.com.br\/ciawp\/wp-content\/uploads\/2019\/12\/Tales-Frey-Reciprocidade-2-300x296.jpeg 300w, https:\/\/ciaexcessos.com.br\/ciawp\/wp-content\/uploads\/2019\/12\/Tales-Frey-Reciprocidade-2-768x757.jpeg 768w, https:\/\/ciaexcessos.com.br\/ciawp\/wp-content\/uploads\/2019\/12\/Tales-Frey-Reciprocidade-2-1024x1010.jpeg 1024w\" sizes=\"auto, (max-width: 1280px) 100vw, 1280px\" \/><\/span><\/p>\n<p style=\"text-align: center;\"><span style=\"color: #000000;\">Tales Frey,\u00a0<strong>Soulless Reciprocity<\/strong>. Performance art showed in Porto, Portugal. April\u00a02012. Photos by Hilda de Paulo<\/span><\/p>\n<p>&nbsp;<\/p>\n<p style=\"text-align: center;\"><span style=\"color: #000000;\"><img loading=\"lazy\" decoding=\"async\" class=\"aligncenter wp-image-706\" title=\"Tales Frey, &quot;Soulless Reciprocity&quot;. Performance art showed in Porto, Portugal. July 2010. Photo by Suianni Macedo.\" src=\"http:\/\/ciaexcessos.com.br\/ciawp\/wp-content\/uploads\/2015\/08\/Reciprocidade-Desalmada-Tales-Frey-04-768x1024.jpg\" alt=\"\" width=\"1000\" height=\"1333\" srcset=\"https:\/\/ciaexcessos.com.br\/ciawp\/wp-content\/uploads\/2015\/08\/Reciprocidade-Desalmada-Tales-Frey-04-768x1024.jpg 768w, https:\/\/ciaexcessos.com.br\/ciawp\/wp-content\/uploads\/2015\/08\/Reciprocidade-Desalmada-Tales-Frey-04-225x300.jpg 225w\" sizes=\"auto, (max-width: 1000px) 100vw, 1000px\" \/><\/span><\/p>\n<p style=\"text-align: center;\"><span style=\"color: #000000;\">Tales Frey,\u00a0<strong>Soulless Reciprocity<\/strong>. Performance art showed in Porto, Portugal. July\u00a02010. Photo by Suianni Macedo<\/span><\/p>\n<p>&nbsp;<\/p>\n<p style=\"text-align: center;\"><span style=\"color: #000000;\"><img loading=\"lazy\" decoding=\"async\" class=\"aligncenter wp-image-5536 size-full\" title=\"Tales Frey, &quot;Soulless Reciprocity&quot;. Performance performed in Porto, Portugal. July 2010. Photographs by Hilda de Paulo.\" src=\"http:\/\/ciaexcessos.com.br\/ciawp\/wp-content\/uploads\/2019\/12\/Tales-Frey-Reciprocidade-3.jpeg\" alt=\"\" width=\"3314\" height=\"845\" srcset=\"https:\/\/ciaexcessos.com.br\/ciawp\/wp-content\/uploads\/2019\/12\/Tales-Frey-Reciprocidade-3.jpeg 3314w, https:\/\/ciaexcessos.com.br\/ciawp\/wp-content\/uploads\/2019\/12\/Tales-Frey-Reciprocidade-3-300x76.jpeg 300w, https:\/\/ciaexcessos.com.br\/ciawp\/wp-content\/uploads\/2019\/12\/Tales-Frey-Reciprocidade-3-768x196.jpeg 768w, https:\/\/ciaexcessos.com.br\/ciawp\/wp-content\/uploads\/2019\/12\/Tales-Frey-Reciprocidade-3-1024x261.jpeg 1024w\" sizes=\"auto, (max-width: 3314px) 100vw, 3314px\" \/><\/span><\/p>\n<p style=\"text-align: center;\"><span style=\"color: #000000;\">Tales Frey, <strong>Soulless Reciprocity<\/strong>. Performance performed in Porto, Portugal. July 2010. Photographs by Hilda de Paulo<\/span><\/p>\n<p>&nbsp;<\/p>\n<p style=\"text-align: center;\"><span style=\"color: #000000;\"><img loading=\"lazy\" decoding=\"async\" class=\"aligncenter wp-image-704\" title=\"Tales Frey, &quot;Soulless Reciprocity&quot;. Performance performed in Porto, Portugal. July 2010. Photographs by Hilda de Paulo.\" src=\"http:\/\/ciaexcessos.com.br\/ciawp\/wp-content\/uploads\/2015\/08\/Reciprocidade-Desalmada-Tales-Frey-03-1024x768.jpg\" alt=\"\" width=\"1000\" height=\"750\" srcset=\"https:\/\/ciaexcessos.com.br\/ciawp\/wp-content\/uploads\/2015\/08\/Reciprocidade-Desalmada-Tales-Frey-03-1024x768.jpg 1024w, https:\/\/ciaexcessos.com.br\/ciawp\/wp-content\/uploads\/2015\/08\/Reciprocidade-Desalmada-Tales-Frey-03-300x225.jpg 300w\" sizes=\"auto, (max-width: 1000px) 100vw, 1000px\" \/><\/span><\/p>\n<p style=\"text-align: center;\"><span style=\"color: #000000;\">Tales Frey, <strong>Soulless Reciprocity<\/strong>. Performance performed in Porto, Portugal. July 2010. Photographs by Hilda de Paulo<\/span><\/p>\n<p>&nbsp;<\/p>\n<div style=\"padding: 74.48% 0 0 0; position: relative;\"><iframe style=\"position: absolute; top: 0; left: 0; width: 100%; height: 100%;\" src=\"https:\/\/player.vimeo.com\/video\/16935584?color=ffffff&amp;title=0&amp;byline=0&amp;portrait=0\" frameborder=\"0\" allowfullscreen=\"allowfullscreen\"><\/iframe><\/div>\n<p style=\"text-align: center;\"><span style=\"color: #000000;\">Tales Frey,\u00a0<strong>Soulless Reciprocity<\/strong>,\u00a02010. Video, 4\u201913\u201d. Edition: 5 + 2 P.A.<\/span><\/p>\n<p>&nbsp;<\/p>\n<p style=\"text-align: center;\"><span style=\"color: #000000;\"><img loading=\"lazy\" decoding=\"async\" class=\"aligncenter wp-image-5535 size-full\" title=\"Tales Frey,\u00a0&quot;Soulless Reciprocity - Installation&quot;, 2013. Matrimonial costumes, mirror and lipstick, varied dimensions. Photographs by Ana Paola Frey and Nath\u00e1lia Mello.\" src=\"http:\/\/ciaexcessos.com.br\/ciawp\/wp-content\/uploads\/2019\/12\/Tales-Frey-Reciprocidade-1.jpeg\" alt=\"\" width=\"1949\" height=\"1310\" srcset=\"https:\/\/ciaexcessos.com.br\/ciawp\/wp-content\/uploads\/2019\/12\/Tales-Frey-Reciprocidade-1.jpeg 1949w, https:\/\/ciaexcessos.com.br\/ciawp\/wp-content\/uploads\/2019\/12\/Tales-Frey-Reciprocidade-1-300x202.jpeg 300w, https:\/\/ciaexcessos.com.br\/ciawp\/wp-content\/uploads\/2019\/12\/Tales-Frey-Reciprocidade-1-768x516.jpeg 768w, https:\/\/ciaexcessos.com.br\/ciawp\/wp-content\/uploads\/2019\/12\/Tales-Frey-Reciprocidade-1-1024x688.jpeg 1024w\" sizes=\"auto, (max-width: 1949px) 100vw, 1949px\" \/><\/span><\/p>\n<p style=\"text-align: center;\"><span style=\"color: #000000;\">Tales Frey,\u00a0<strong>Soulless Reciprocity &#8211; Installation<\/strong>, 2013. Matrimonial costumes, mirror and lipstick, varied dimensions. Photographs by Ana Paola Frey and Nath\u00e1lia Mello<\/span><\/p>\n<p><\/p>","protected":false},"excerpt":{"rendered":"<p>&nbsp; Tales Frey,\u00a0Soulless Reciprocity. Performance art showed in Porto, Portugal. May\u00a02015. Photo\u00a0by Patr\u00edcia Barbosa\/ Espa\u00e7o [&hellip;]<\/p>\n","protected":false},"author":1,"featured_media":0,"parent":54,"menu_order":528,"comment_status":"closed","ping_status":"closed","template":"","meta":{"footnotes":""},"class_list":["post-117","page","type-page","status-publish","hentry"],"_links":{"self":[{"href":"https:\/\/ciaexcessos.com.br\/en\/wp-json\/wp\/v2\/pages\/117","targetHints":{"allow":["GET"]}}],"collection":[{"href":"https:\/\/ciaexcessos.com.br\/en\/wp-json\/wp\/v2\/pages"}],"about":[{"href":"https:\/\/ciaexcessos.com.br\/en\/wp-json\/wp\/v2\/types\/page"}],"author":[{"embeddable":true,"href":"https:\/\/ciaexcessos.com.br\/en\/wp-json\/wp\/v2\/users\/1"}],"replies":[{"embeddable":true,"href":"https:\/\/ciaexcessos.com.br\/en\/wp-json\/wp\/v2\/comments?post=117"}],"version-history":[{"count":41,"href":"https:\/\/ciaexcessos.com.br\/en\/wp-json\/wp\/v2\/pages\/117\/revisions"}],"predecessor-version":[{"id":9372,"href":"https:\/\/ciaexcessos.com.br\/en\/wp-json\/wp\/v2\/pages\/117\/revisions\/9372"}],"up":[{"embeddable":true,"href":"https:\/\/ciaexcessos.com.br\/en\/wp-json\/wp\/v2\/pages\/54"}],"wp:attachment":[{"href":"https:\/\/ciaexcessos.com.br\/en\/wp-json\/wp\/v2\/media?parent=117"}],"curies":[{"name":"wp","href":"https:\/\/api.w.org\/{rel}","templated":true}]}}