{"id":1177,"date":"2015-09-08T00:25:00","date_gmt":"2015-09-08T03:25:00","guid":{"rendered":"http:\/\/ciaexcessos.com.br\/?page_id=1177"},"modified":"2020-12-25T00:36:47","modified_gmt":"2020-12-25T03:36:47","slug":"texto-5","status":"publish","type":"page","link":"https:\/\/ciaexcessos.com.br\/en\/tales-frey\/textos-entrevistas\/texto-5\/","title":{"rendered":"&#8221;Com Amor, \u00c9 Proposto Guerra \u00e0 Intoler\u00e2ncia&#8221;, de Julia Pelison"},"content":{"rendered":"<p>&nbsp;<\/p>\n<p style=\"text-align: justify;\"><span style=\"color: #000000;\"><em>Este texto de Julia Pelison foi publicado em: <\/em>arte ref <em>(Janeiro de 2015)<\/em>.<\/span><\/p>\n<p>&nbsp;<\/p>\n<p style=\"text-align: justify;\"><span style=\"color: #000000;\">Atrav\u00e9s de uma arte-pol\u00edtica <em>queer<\/em> engajada, determinada a suscitar o pensamento cr\u00edtico contra uma rela\u00e7\u00e3o de poder controlador\/disciplinar amparado por uma l\u00f3gica proporcionada pelos regimes de normaliza\u00e7\u00e3o, a Cia. Excessos apresenta, na unidade do SESC Ribeir\u00e3o Preto, de janeiro a mar\u00e7o de 2015, a exposi\u00e7\u00e3o <em>Beija-me,<\/em> que traz uma ir\u00f4nica s\u00faplica pelo gesto de carinho como um ato que substitua as tantas pedradas, porradas e \u201clampadadas\u201d que ainda s\u00e3o, brutalmente, aplicadas contra o ser humano taxado de abjeto em nossa sociedade. A tem\u00e1tica insistente (quase obsessiva) explorada em uma s\u00e9rie de a\u00e7\u00f5es que resultam na exposi\u00e7\u00e3o funciona como um minucioso estudo antropol\u00f3gico e, sobretudo, social, pois evidencia como cada ambiente especulado reage e lida com uma determinada situa\u00e7\u00e3o de beijo, sendo que, em todos os casos, o elo entre os l\u00e1bios exp\u00f5e uma rela\u00e7\u00e3o que questiona normas vigentes mesmo quando trata-se de um beijo heterossexual.<\/span><\/p>\n<p style=\"text-align: justify;\"><span style=\"color: #000000;\">Com <em>O Beijo<\/em> (2006), <em>O Beijo II<\/em> (2007), <em>O Outro Beijo no Asfalto<\/em> (2009), <em>Reciprocidade Desalmada<\/em> (2010), <em>Beija-se<\/em> (2012), <em>Alian\u00e7a<\/em> (2013) e <em>Romance Violentado<\/em> (2010), a heteronormatividade, a chamada \u201cheterossexualidade compuls\u00f3ria\u201d e o heterossexismo s\u00e3o postos em xeque.<\/span><\/p>\n<p style=\"text-align: justify;\"><span style=\"color: #000000;\">Lidar com a diferen\u00e7a \u00e9 incomensur\u00e1vel e a Cia. Excessos procura harmonizar a rela\u00e7\u00e3o entre os subalternizados e os hegem\u00f4nicos atrav\u00e9s das situa\u00e7\u00f5es conflitantes criadas, propondo que enxerguemos n\u00f3s mesmo no Outro, sugerindo a aceita\u00e7\u00e3o de uma perspectiva n\u00e3o normalizadora.<\/span><\/p>\n<p style=\"text-align: justify;\"><span style=\"color: #000000;\">Foi em 2006, depois de um ato de censura por parte do Centro Cultural do Banco do Brasil, ao retirar uma obra de M\u00e1rcia X. da exposi\u00e7\u00e3o <em>Er\u00f3tica: Os Sentidos da Arte<\/em>, que Tales Frey e Cristine \u00c1gape resolveram se beijar por trinta minutos ininterruptos no <em>foyer<\/em> do CCBB com seus trajes convencionalmente trocados segundo uma l\u00f3gica bin\u00e1ria e, assim, surgiu a performance <em>O Beijo<\/em>, que depois foi desdobrada em <em>O Beijo II<\/em> para, posteriormente, originar a a\u00e7\u00e3o <em>O Outro Beijo no Asfalto<\/em>, que extrapola as barreiras institucionais para consignar a primeira interven\u00e7\u00e3o p\u00fablica realizada pela companhia e, tamb\u00e9m, a forte parceria entre Tales Frey e Paulo Aureliano da Mata, bem como a oficializa\u00e7\u00e3o da Cia. Excessos.<\/span><\/p>\n<p style=\"text-align: justify;\"><span style=\"color: #000000;\">Com tais a\u00e7\u00f5es, Tales, junto da Cia. Excessos, prova que a sociedade reage com menos toler\u00e2ncia e compreens\u00e3o com rela\u00e7\u00e3o ao rompimento das normas ou conven\u00e7\u00f5es de g\u00eanero do que com rela\u00e7\u00e3o \u00e0 orienta\u00e7\u00e3o sexual em si (MISKOLCI, 2012: 41). J\u00e1 com <em>Reciprocidade Desalmada<\/em> e <em>Beija-se<\/em>, a estrat\u00e9gia \u00e9 analisar o narcisismo t\u00e3o presente em nossa atualidade e a nossa incans\u00e1vel rela\u00e7\u00e3o com o espelho, bem como os tantos elos poss\u00edveis: ela e ele, ela e ela, ele e ele, entre outros tantos poss\u00edveis elos que rompem os limitadores preceitos j\u00e1 ultrapassados.<\/span><\/p>\n<p style=\"text-align: justify;\"><span style=\"color: #000000;\"><em>Alian\u00e7a<\/em>, um ritual de casamento que se inicia numa galeria de arte e termina num cart\u00f3rio, \u00e9 o desfecho desta s\u00e9rie e o timbrar de uma rela\u00e7\u00e3o que envolve o amor \u00edntegro e uma fundamentada parceria art\u00edstica que busca perseverar, fixar e persistir como uma tatuagem, tal qual a registrada na <em>body art<\/em> <em>Romance Violentado<\/em>, de Paulo Aureliano da Mata, que foi coerentemente incorporada \u00e0 exposi\u00e7\u00e3o. <em>Beija-me<\/em>, embora re\u00fana resqu\u00edcios de eventos inicialmente concebidos para serem vistos ao vivo, transporta o teor despertado na experi\u00eancia da viv\u00eancia para uma viva an\u00e1lise documental.<\/span><\/p>\n<p>&nbsp;<\/p>\n<p style=\"text-align: justify;\"><span style=\"color: #000000;\"><strong>BIBLIOGRAFIA<\/strong><\/span><\/p>\n<p style=\"text-align: justify;\"><span style=\"color: #000000;\">MISKOLCI, Richard. <strong>Teoria <em>queer<\/em>: Um aprendizado pelas diferen\u00e7as<\/strong>. Belo Horizonte: Aut\u00eantica, 2012.<\/span><\/p>\n<p><\/p>","protected":false},"excerpt":{"rendered":"<p>&nbsp; Este texto de Julia Pelison foi publicado em: arte ref (Janeiro de 2015). &nbsp; [&hellip;]<\/p>\n","protected":false},"author":1,"featured_media":0,"parent":56,"menu_order":1001,"comment_status":"closed","ping_status":"closed","template":"","meta":{"footnotes":""},"class_list":["post-1177","page","type-page","status-publish","hentry"],"_links":{"self":[{"href":"https:\/\/ciaexcessos.com.br\/en\/wp-json\/wp\/v2\/pages\/1177","targetHints":{"allow":["GET"]}}],"collection":[{"href":"https:\/\/ciaexcessos.com.br\/en\/wp-json\/wp\/v2\/pages"}],"about":[{"href":"https:\/\/ciaexcessos.com.br\/en\/wp-json\/wp\/v2\/types\/page"}],"author":[{"embeddable":true,"href":"https:\/\/ciaexcessos.com.br\/en\/wp-json\/wp\/v2\/users\/1"}],"replies":[{"embeddable":true,"href":"https:\/\/ciaexcessos.com.br\/en\/wp-json\/wp\/v2\/comments?post=1177"}],"version-history":[{"count":6,"href":"https:\/\/ciaexcessos.com.br\/en\/wp-json\/wp\/v2\/pages\/1177\/revisions"}],"predecessor-version":[{"id":6936,"href":"https:\/\/ciaexcessos.com.br\/en\/wp-json\/wp\/v2\/pages\/1177\/revisions\/6936"}],"up":[{"embeddable":true,"href":"https:\/\/ciaexcessos.com.br\/en\/wp-json\/wp\/v2\/pages\/56"}],"wp:attachment":[{"href":"https:\/\/ciaexcessos.com.br\/en\/wp-json\/wp\/v2\/media?parent=1177"}],"curies":[{"name":"wp","href":"https:\/\/api.w.org\/{rel}","templated":true}]}}