{"id":119,"date":"2015-08-31T11:13:18","date_gmt":"2015-08-31T14:13:18","guid":{"rendered":"http:\/\/ciaexcessos.com.br\/ciawp\/?page_id=119"},"modified":"2023-12-23T13:37:16","modified_gmt":"2023-12-23T16:37:16","slug":"beija-se","status":"publish","type":"page","link":"https:\/\/ciaexcessos.com.br\/en\/tales-frey\/criacoes\/beija-se\/","title":{"rendered":"Kiss Off (2012)"},"content":{"rendered":"<p>&nbsp;<\/p>\n<div style=\"padding: 56.25% 0 0 0; position: relative;\"><iframe style=\"position: absolute; top: 0; left: 0; width: 100%; height: 100%;\" src=\"https:\/\/player.vimeo.com\/video\/44426567?color=ffffff&amp;title=0&amp;byline=0&amp;portrait=0\" frameborder=\"0\" allowfullscreen=\"allowfullscreen\"><\/iframe><\/div>\n<p style=\"text-align: center;\"><span style=\"color: #000000;\">Tales Frey, <strong>Kiss off<\/strong>,\u00a02012. Video, 2\u201915\u201d.\u00a0Edition: 4 + 2 P.A.<\/span><\/p>\n<p>&nbsp;<\/p>\n<div style=\"padding: 56.25% 0 0 0; position: relative;\"><iframe style=\"position: absolute; top: 0; left: 0; width: 100%; height: 100%;\" src=\"https:\/\/player.vimeo.com\/video\/43514002?color=ffffff&amp;title=0&amp;byline=0&amp;portrait=0\" frameborder=\"0\" allowfullscreen=\"allowfullscreen\"><\/iframe><\/div>\n<p style=\"text-align: center;\"><span style=\"color: #000000;\">Tales Frey,\u00a0<strong>Kiss off \u2013 TV Inculta<\/strong>,\u00a02012. Video, 1\u201934\u201d<\/span><\/p>\n<p>&nbsp;<\/p>\n<p style=\"text-align: justify;\"><span style=\"color: #000000;\"><em>Kiss Off<\/em> is an action in which the performer (using a long wedding dress) is kissing a glass for one hour. The glass has two distinct areas: a transparent side that was kissed by the performer, and another mirror side where there was the title \u201cKiss Off\u201d with lipstick. The participant can kiss himself\/herself on the mirror, and it inevitably ends up kissing the performer brokered by the glass.<\/span><\/p>\n<p>&nbsp;<\/p>\n<h2 style=\"text-align: justify;\"><span style=\"color: #000000;\"><strong><span lang=\"EN-US\">CREDITS<\/span><\/strong><\/span><\/h2>\n<p><span style=\"color: #000000;\"><span lang=\"EN-US\">Performance art by Tales Frey | Duration: 60 minute<\/span>s<\/span><\/p>\n<p>&nbsp;<\/p>\n<h2 style=\"text-align: justify;\"><span style=\"color: #000000;\"><strong>TRAJECTORY<\/strong><\/span><\/h2>\n<h3 style=\"text-align: justify;\"><span style=\"color: #000000;\"><strong><u>LIVE<\/u><\/strong><\/span><\/h3>\n<p style=\"text-align: justify;\"><span style=\"color: #000000;\"><strong><span lang=\"EN-US\">[2012]<\/span><\/strong><span lang=\"EN-US\">\u00a0Feminist Studies Colloquium: <b>The Future of the Past<\/b>. Colloquium for postgraduate studies in Feminist Studies at the Faculty of Arts of the University of Coimbra, Coimbra, Portugal. <\/span><\/span><\/p>\n<p style=\"text-align: justify;\"><span style=\"color: #000000;\"><strong><span lang=\"PT-BR\">[2012]<\/span><\/strong><span class=\"apple-converted-space\"><span lang=\"PT-BR\">\u00a0<\/span><\/span><strong><span lang=\"PT-BR\">Pussy Faggot!<\/span><\/strong><span lang=\"PT-BR\">\u00a0Curated by Daniel Pinheiro. Maus H\u00e1bitos, Porto, Portugal.<\/span><\/span><\/p>\n<p>&nbsp;<\/p>\n<h3 style=\"text-align: justify;\"><span style=\"color: #000000;\"><strong><span style=\"text-decoration: underline;\"><u><span lang=\"EN-US\">AS VIDEO AND\/OR PHOTO<\/span><\/u><\/span><\/strong><\/span><\/h3>\n<p style=\"text-align: justify;\"><span style=\"color: #000000;\"><strong><span lang=\"EN-US\">[2016]\u00a0<\/span><\/strong><span lang=\"EN-US\">Exhibition\u00a0<strong>In State of War<\/strong>. <\/span><span lang=\"PT-BR\">Teatro Acad\u00e9mico de Gil Vicente TAGV, Coimbra, Portugal.<\/span><\/span><\/p>\n<p style=\"text-align: justify;\"><span style=\"color: #000000;\"><strong><span lang=\"PT-BR\">[2015]<\/span><\/strong><span class=\"apple-converted-space\"><span lang=\"PT-BR\">\u00a0E<\/span><\/span><span lang=\"PT-BR\">xhibition<\/span><span class=\"apple-converted-space\"><span lang=\"PT-BR\">\u00a0<\/span><\/span><strong><span lang=\"PT-BR\">(Tra)vestir um Fa(c)to<\/span><\/strong><span lang=\"PT-BR\">. Curated by Jos\u00e9 Maia. Espa\u00e7o MIRA, Porto, Portugal.<\/span><\/span><\/p>\n<p style=\"text-align: justify;\"><span style=\"color: #000000;\"><strong><span lang=\"PT-BR\">[2015]<\/span><\/strong><span class=\"apple-converted-space\"><span lang=\"PT-BR\">\u00a0E<\/span><\/span><span lang=\"PT-BR\">xhibition<\/span><span class=\"apple-converted-space\"><span lang=\"PT-BR\">\u00a0<\/span><\/span><strong><span lang=\"PT-BR\">Kiss me<\/span><\/strong><span lang=\"PT-BR\">. SESC Ribeir\u00e3o Preto, Ribeir\u00e3o Preto-SP, Brazil.<\/span><\/span><\/p>\n<p style=\"text-align: justify;\"><span style=\"color: #000000;\"><strong><span lang=\"EN-US\">[2014]<\/span><\/strong><span class=\"apple-converted-space\"><span lang=\"EN-US\">\u00a0E<\/span><\/span><span lang=\"EN-US\">xhibition<strong> Fashion and Religiosity in Body Marks<\/strong>. <\/span><span lang=\"PT-BR\">SESC Rio Preto, S\u00e3o Jos\u00e9 do Rio Preto-SP, Brazil.<\/span><\/span><\/p>\n<p style=\"text-align: justify;\"><span style=\"color: #000000;\"><strong><span lang=\"EN-US\">[2014]<\/span><\/strong><span class=\"apple-converted-space\"><span lang=\"EN-US\">\u00a0E<\/span><\/span><span lang=\"EN-US\">xhibition<strong> Fashion and Religiosity in Body Marks<\/strong>. <\/span><span lang=\"PT-BR\">SESC Campinas, Campinas-SP, Brazil.<\/span><\/span><\/p>\n<p style=\"text-align: justify;\"><span style=\"color: #000000;\"><strong><span lang=\"EN-US\">[2013]<\/span><\/strong><span class=\"apple-converted-space\"><span lang=\"EN-US\">\u00a0E<\/span><\/span><span lang=\"EN-US\">xhibition <strong>Fashion and Religiosity in Body Marks<\/strong>. <\/span><span lang=\"PT-BR\">Centro para os Assuntos da Arte e Arquitectura, Guimar\u00e3es, Portugal.<\/span><\/span><\/p>\n<p style=\"text-align: justify;\"><span style=\"color: #000000;\"><strong><span lang=\"PT-BR\">[2013]<\/span><\/strong><span lang=\"PT-BR\">\u00a0<\/span><span class=\"apple-converted-space\"><span lang=\"PT-BR\">E<\/span><\/span><span lang=\"PT-BR\">xhibition<strong> Kiss me<\/strong>. IV Festival de Formas Po\u00e9ticas, Esta\u00e7\u00e3o Cultura, Catanduva-SP, Brazil<\/span>.<\/span><\/p>\n<p>&nbsp;<\/p>\n<p style=\"text-align: center;\"><span style=\"color: #000000;\"><img loading=\"lazy\" decoding=\"async\" class=\"aligncenter wp-image-568\" title=\"Tales Frey, &quot;Kiss Off&quot;. Performance performed in the city of Porto, Portugal. May 2012. Photograph by Hilda de Paulo.\" src=\"http:\/\/ciaexcessos.com.br\/ciawp\/wp-content\/uploads\/2015\/08\/Beija-se-01-682x1024.jpg\" alt=\"\" width=\"1000\" height=\"1501\" srcset=\"https:\/\/ciaexcessos.com.br\/ciawp\/wp-content\/uploads\/2015\/08\/Beija-se-01-682x1024.jpg 682w, https:\/\/ciaexcessos.com.br\/ciawp\/wp-content\/uploads\/2015\/08\/Beija-se-01-200x300.jpg 200w, https:\/\/ciaexcessos.com.br\/ciawp\/wp-content\/uploads\/2015\/08\/Beija-se-01.jpg 853w\" sizes=\"auto, (max-width: 1000px) 100vw, 1000px\" \/><\/span><\/p>\n<p style=\"text-align: center;\"><span style=\"color: #000000;\"><span lang=\"EN-US\">Tales Frey, <b>Kiss Off<\/b>. <span class=\"jlqj4b\">Performance performed in the city of Porto, Portugal. <\/span><\/span><span class=\"jlqj4b\"><span lang=\"PT-BR\">May 2012. Photograph by Hilda de Paul<\/span><\/span>o<\/span><\/p>\n<p>&nbsp;<\/p>\n<p style=\"text-align: center;\"><span style=\"color: #000000;\"><img loading=\"lazy\" decoding=\"async\" class=\"aligncenter wp-image-566\" title=\"Tales Frey, &quot;Kiss Off&quot;. Performance performed in the city of Porto, Portugal. May 2012. Photograph by Hilda de Paulo.\" src=\"http:\/\/ciaexcessos.com.br\/ciawp\/wp-content\/uploads\/2015\/08\/Beija-se-02-683x1024.jpg\" alt=\"\" width=\"1000\" height=\"1499\" srcset=\"https:\/\/ciaexcessos.com.br\/ciawp\/wp-content\/uploads\/2015\/08\/Beija-se-02-683x1024.jpg 683w, https:\/\/ciaexcessos.com.br\/ciawp\/wp-content\/uploads\/2015\/08\/Beija-se-02-200x300.jpg 200w, https:\/\/ciaexcessos.com.br\/ciawp\/wp-content\/uploads\/2015\/08\/Beija-se-02.jpg 854w\" sizes=\"auto, (max-width: 1000px) 100vw, 1000px\" \/><\/span><\/p>\n<p style=\"text-align: center;\"><span style=\"color: #000000;\"><span lang=\"EN-US\">Tales Frey, <b>Kiss Off<\/b>. <span class=\"jlqj4b\">Performance performed in the city of Porto, Portugal. <\/span><\/span><span class=\"jlqj4b\"><span lang=\"PT-BR\">May 2012. Photograph by Hilda de Paul<\/span><\/span>o<\/span><\/p>\n<p>&nbsp;<\/p>\n<p style=\"text-align: center;\"><span style=\"color: #000000;\"><img loading=\"lazy\" decoding=\"async\" class=\"aligncenter wp-image-567 size-full\" title=\"Tales Frey, &quot;Kiss Off&quot;. Performance performed in the city of Porto, Portugal. May 2012. Photograph by Hilda de Paulo.\" src=\"http:\/\/ciaexcessos.com.br\/ciawp\/wp-content\/uploads\/2015\/08\/Beija-se-03.jpg\" alt=\"\" width=\"1280\" height=\"853\" srcset=\"https:\/\/ciaexcessos.com.br\/ciawp\/wp-content\/uploads\/2015\/08\/Beija-se-03.jpg 1280w, https:\/\/ciaexcessos.com.br\/ciawp\/wp-content\/uploads\/2015\/08\/Beija-se-03-300x200.jpg 300w, https:\/\/ciaexcessos.com.br\/ciawp\/wp-content\/uploads\/2015\/08\/Beija-se-03-1024x682.jpg 1024w\" sizes=\"auto, (max-width: 1280px) 100vw, 1280px\" \/><\/span><\/p>\n<p style=\"text-align: center;\"><span style=\"color: #000000;\"><span lang=\"EN-US\">Tales Frey, <b>Kiss Off<\/b>. <span class=\"jlqj4b\">Performance performed in the city of Porto, Portugal. <\/span><\/span><span class=\"jlqj4b\"><span lang=\"PT-BR\">May 2012. Photograph by Hilda de Paul<\/span><\/span>o<\/span><\/p>\n<p>&nbsp;<\/p>\n<p style=\"text-align: center;\"><span style=\"color: #000000;\"><img loading=\"lazy\" decoding=\"async\" class=\"aligncenter wp-image-560\" title=\"Tales Frey, &quot;Kiss Off&quot;. Performance performed in the city of Porto, Portugal. May 2012. Photograph by Hilda de Paulo.\" src=\"http:\/\/ciaexcessos.com.br\/ciawp\/wp-content\/uploads\/2015\/08\/Beija-se-04-1024x683.jpg\" alt=\"\" width=\"1000\" height=\"667\" srcset=\"https:\/\/ciaexcessos.com.br\/ciawp\/wp-content\/uploads\/2015\/08\/Beija-se-04-1024x683.jpg 1024w, https:\/\/ciaexcessos.com.br\/ciawp\/wp-content\/uploads\/2015\/08\/Beija-se-04-300x200.jpg 300w\" sizes=\"auto, (max-width: 1000px) 100vw, 1000px\" \/><\/span><\/p>\n<p style=\"text-align: center;\"><span style=\"color: #000000;\"><span lang=\"EN-US\">Tales Frey, <b>Kiss Off<\/b>. <span class=\"jlqj4b\">Performance performed in the city of Porto, Portugal. <\/span><\/span><span class=\"jlqj4b\"><span lang=\"PT-BR\">May 2012. Photograph by Hilda de Paul<\/span><\/span>o<\/span><\/p>\n<p>&nbsp;<\/p>\n<p style=\"text-align: center;\"><span style=\"color: #000000;\"><img loading=\"lazy\" decoding=\"async\" class=\"aligncenter wp-image-564\" title=\"Tales Frey, &quot;Kiss Off&quot;. Performance performed in the city of Porto, Portugal. May 2012. Photograph by Hilda de Paulo.\" src=\"http:\/\/ciaexcessos.com.br\/ciawp\/wp-content\/uploads\/2015\/08\/Beija-se-05-682x1024.jpg\" alt=\"\" width=\"1000\" height=\"1501\" srcset=\"https:\/\/ciaexcessos.com.br\/ciawp\/wp-content\/uploads\/2015\/08\/Beija-se-05-682x1024.jpg 682w, https:\/\/ciaexcessos.com.br\/ciawp\/wp-content\/uploads\/2015\/08\/Beija-se-05-200x300.jpg 200w, https:\/\/ciaexcessos.com.br\/ciawp\/wp-content\/uploads\/2015\/08\/Beija-se-05.jpg 853w\" sizes=\"auto, (max-width: 1000px) 100vw, 1000px\" \/><\/span><\/p>\n<p style=\"text-align: center;\"><span style=\"color: #000000;\"><span lang=\"EN-US\">Tales Frey, <b>Kiss Off<\/b>. <span class=\"jlqj4b\">Performance performed in the city of Porto, Portugal. <\/span><\/span><span class=\"jlqj4b\"><span lang=\"PT-BR\">May 2012. Photograph by Hilda de Paul<\/span><\/span>o<\/span><\/p>\n<p>&nbsp;<\/p>\n<p style=\"text-align: center;\"><span style=\"color: #000000;\"><img loading=\"lazy\" decoding=\"async\" class=\"aligncenter wp-image-565 size-full\" title=\"Tales Frey, &quot;Kiss Off&quot;. Performance performed in the city of Porto, Portugal. May 2012. Photograph by Hilda de Paulo.\" src=\"http:\/\/ciaexcessos.com.br\/ciawp\/wp-content\/uploads\/2015\/08\/Beija-se-06.jpg\" alt=\"\" width=\"1280\" height=\"853\" srcset=\"https:\/\/ciaexcessos.com.br\/ciawp\/wp-content\/uploads\/2015\/08\/Beija-se-06.jpg 1280w, https:\/\/ciaexcessos.com.br\/ciawp\/wp-content\/uploads\/2015\/08\/Beija-se-06-300x200.jpg 300w, https:\/\/ciaexcessos.com.br\/ciawp\/wp-content\/uploads\/2015\/08\/Beija-se-06-1024x682.jpg 1024w\" sizes=\"auto, (max-width: 1280px) 100vw, 1280px\" \/><\/span><\/p>\n<p style=\"text-align: center;\"><span style=\"color: #000000;\"><span lang=\"EN-US\">Tales Frey, <b>Kiss Off<\/b>. <span class=\"jlqj4b\">Performance performed in the city of Porto, Portugal. <\/span><\/span><span class=\"jlqj4b\"><span lang=\"PT-BR\">May 2012. Photograph by Hilda de Paul<\/span><\/span>o<\/span><\/p>\n<p><\/p>","protected":false},"excerpt":{"rendered":"<p>&nbsp; Tales Frey, Kiss off,\u00a02012. Video, 2\u201915\u201d.\u00a0Edition: 4 + 2 P.A. &nbsp; Tales Frey,\u00a0Kiss off [&hellip;]<\/p>\n","protected":false},"author":1,"featured_media":0,"parent":54,"menu_order":525,"comment_status":"closed","ping_status":"closed","template":"","meta":{"footnotes":""},"class_list":["post-119","page","type-page","status-publish","hentry"],"_links":{"self":[{"href":"https:\/\/ciaexcessos.com.br\/en\/wp-json\/wp\/v2\/pages\/119","targetHints":{"allow":["GET"]}}],"collection":[{"href":"https:\/\/ciaexcessos.com.br\/en\/wp-json\/wp\/v2\/pages"}],"about":[{"href":"https:\/\/ciaexcessos.com.br\/en\/wp-json\/wp\/v2\/types\/page"}],"author":[{"embeddable":true,"href":"https:\/\/ciaexcessos.com.br\/en\/wp-json\/wp\/v2\/users\/1"}],"replies":[{"embeddable":true,"href":"https:\/\/ciaexcessos.com.br\/en\/wp-json\/wp\/v2\/comments?post=119"}],"version-history":[{"count":29,"href":"https:\/\/ciaexcessos.com.br\/en\/wp-json\/wp\/v2\/pages\/119\/revisions"}],"predecessor-version":[{"id":9369,"href":"https:\/\/ciaexcessos.com.br\/en\/wp-json\/wp\/v2\/pages\/119\/revisions\/9369"}],"up":[{"embeddable":true,"href":"https:\/\/ciaexcessos.com.br\/en\/wp-json\/wp\/v2\/pages\/54"}],"wp:attachment":[{"href":"https:\/\/ciaexcessos.com.br\/en\/wp-json\/wp\/v2\/media?parent=119"}],"curies":[{"name":"wp","href":"https:\/\/api.w.org\/{rel}","templated":true}]}}