{"id":125,"date":"2015-08-31T11:15:28","date_gmt":"2015-08-31T14:15:28","guid":{"rendered":"http:\/\/ciaexcessos.com.br\/ciawp\/?page_id=125"},"modified":"2023-12-23T13:47:17","modified_gmt":"2023-12-23T16:47:17","slug":"vidrar","status":"publish","type":"page","link":"https:\/\/ciaexcessos.com.br\/en\/tales-frey\/criacoes\/vidrar\/","title":{"rendered":"Vidrar (2015)"},"content":{"rendered":"<p>&nbsp;<\/p>\n<div style=\"padding: 75% 0 0 0; position: relative;\"><iframe style=\"position: absolute; top: 0; left: 0; width: 100%; height: 100%;\" src=\"https:\/\/player.vimeo.com\/video\/123161682?color=ffffff&amp;title=0&amp;byline=0&amp;portrait=0\" frameborder=\"0\" allowfullscreen=\"allowfullscreen\"><\/iframe><\/div>\n<p style=\"text-align: center;\"><span style=\"color: #000000;\">Tales Frey,\u00a0<b>Vidrar<\/b>, 2015. Video, 12\u201932\u2019\u2019. <span lang=\"EN-US\">Edition: 5 + 2 P.A.<\/span><\/span><\/p>\n<p>&nbsp;<\/p>\n<p style=\"text-align: justify;\"><span style=\"color: #000000;\"><span lang=\"EN-US\">There\u2019s no form to translate the original Portuguese title that means in one time \u201cbecome glass\u201d and \u201cpassionate\/obsessive\u201d. With the aid of a red lipstick I apply kisses continuously on a transparent glass surface until it is completely translucent and stained with the make-up blush tone in its entirety until my image to become blurred to the viewers<\/span>.<\/span><\/p>\n<p>&nbsp;<\/p>\n<h2 style=\"text-align: justify;\"><strong>TRAJECTORY<\/strong><\/h2>\n<p style=\"text-align: justify;\"><span style=\"color: #000000;\"><strong>[2017]<\/strong><strong>\u00a0<\/strong>Collective exhibition\u00a0<strong>Feminists Transits<\/strong>. CES \u2013 Center for Social Studies, Coimbra, Portugal.<\/span><\/p>\n<p style=\"text-align: justify;\"><span style=\"color: #000000;\"><strong>[2017] La Videoperformance<\/strong>. Curated by Paola Zucchello. Art Web Gallery, Genoa, Italy.<\/span><\/p>\n<p style=\"text-align: justify;\"><span style=\"color: #000000;\"><strong>[2016]\u00a0The Nature of the Margin<\/strong>. XX Queer Lisbon Festival. Curated by\u00a0Jos\u00e9 Apar\u00edcio Gon\u00e7alves.\u00a0Oficina Irm\u00e3os Marques, Lisbon, Portugal.<\/span><\/p>\n<p style=\"text-align: justify;\"><span style=\"color: #000000;\"><strong>[2016]\u00a0<\/strong>SESC Campinas, Campinas, SP, Brazil.<\/span><\/p>\n<p style=\"text-align: justify;\"><span style=\"color: #000000;\"><strong>[2016]\u00a0<\/strong>Collective exhibition\u00a0<strong>In State of War<\/strong>.\u00a0Curated by Hilda de Paulo and Tales Frey. Teatro Acad\u00e9mico de Gil Vicente, Coimbra, Portugal.<\/span><\/p>\n<p style=\"text-align: justify;\"><span style=\"color: #000000;\"><strong>[2016]\u00a0<\/strong>Collective Exhibition<strong>Sob (Ul)Trajes e Gozos<\/strong>. Curated by Suianni Macedo. J\u00falio Dinis Museum, Ovar, Portugal.<\/span><\/p>\n<p style=\"text-align: justify;\"><span style=\"color: #000000;\"><strong>[2015]<\/strong>\u00a0Collective exhibition\u00a0<strong>(Tra)vestir um Fa(c)to<\/strong>. Curated by Jos\u00e9 Maia. Espa\u00e7o MIRA, Porto, Portugal.<\/span><\/p>\n<p>&nbsp;<\/p>\n<p style=\"text-align: center;\"><img loading=\"lazy\" decoding=\"async\" class=\"aligncenter wp-image-5502\" title=\"Tales Frey,\u00a0&quot;Vidrar&quot;\u00a0(Polyptych), 2015. Photos, 50 x 37,5 cm each. Edition: 5 + 2 P.A.\" src=\"http:\/\/ciaexcessos.com.br\/ciawp\/wp-content\/uploads\/2019\/12\/Tales-Frey-Vidrar-1024x760.jpeg\" alt=\"\" width=\"1200\" height=\"891\" srcset=\"https:\/\/ciaexcessos.com.br\/ciawp\/wp-content\/uploads\/2019\/12\/Tales-Frey-Vidrar-1024x760.jpeg 1024w, https:\/\/ciaexcessos.com.br\/ciawp\/wp-content\/uploads\/2019\/12\/Tales-Frey-Vidrar-300x223.jpeg 300w, https:\/\/ciaexcessos.com.br\/ciawp\/wp-content\/uploads\/2019\/12\/Tales-Frey-Vidrar-768x570.jpeg 768w, https:\/\/ciaexcessos.com.br\/ciawp\/wp-content\/uploads\/2019\/12\/Tales-Frey-Vidrar-270x200.jpeg 270w\" sizes=\"auto, (max-width: 1200px) 100vw, 1200px\" \/><\/p>\n<p style=\"text-align: center;\"><span style=\"color: #000000;\"><span lang=\"EN-US\">Tales Frey,\u00a0<\/span><b><span lang=\"EN-US\">Vidrar<\/span><\/b><span lang=\"EN-US\">\u00a0(Polyptych), 2015. Photos, 50 x 37,5 cm each. Edition: 5 + 2 P.A.<\/span><\/span><\/p>\n<p><\/p>","protected":false},"excerpt":{"rendered":"<p>&nbsp; Tales Frey,\u00a0Vidrar, 2015. Video, 12\u201932\u2019\u2019. Edition: 5 + 2 P.A. &nbsp; There\u2019s no form [&hellip;]<\/p>\n","protected":false},"author":1,"featured_media":0,"parent":54,"menu_order":514,"comment_status":"closed","ping_status":"closed","template":"","meta":{"footnotes":""},"class_list":["post-125","page","type-page","status-publish","hentry"],"_links":{"self":[{"href":"https:\/\/ciaexcessos.com.br\/en\/wp-json\/wp\/v2\/pages\/125","targetHints":{"allow":["GET"]}}],"collection":[{"href":"https:\/\/ciaexcessos.com.br\/en\/wp-json\/wp\/v2\/pages"}],"about":[{"href":"https:\/\/ciaexcessos.com.br\/en\/wp-json\/wp\/v2\/types\/page"}],"author":[{"embeddable":true,"href":"https:\/\/ciaexcessos.com.br\/en\/wp-json\/wp\/v2\/users\/1"}],"replies":[{"embeddable":true,"href":"https:\/\/ciaexcessos.com.br\/en\/wp-json\/wp\/v2\/comments?post=125"}],"version-history":[{"count":23,"href":"https:\/\/ciaexcessos.com.br\/en\/wp-json\/wp\/v2\/pages\/125\/revisions"}],"predecessor-version":[{"id":9386,"href":"https:\/\/ciaexcessos.com.br\/en\/wp-json\/wp\/v2\/pages\/125\/revisions\/9386"}],"up":[{"embeddable":true,"href":"https:\/\/ciaexcessos.com.br\/en\/wp-json\/wp\/v2\/pages\/54"}],"wp:attachment":[{"href":"https:\/\/ciaexcessos.com.br\/en\/wp-json\/wp\/v2\/media?parent=125"}],"curies":[{"name":"wp","href":"https:\/\/api.w.org\/{rel}","templated":true}]}}