{"id":129,"date":"2015-08-31T11:01:33","date_gmt":"2015-08-31T14:01:33","guid":{"rendered":"http:\/\/ciaexcessos.com.br\/ciawp\/?page_id=129"},"modified":"2023-12-23T13:50:04","modified_gmt":"2023-12-23T16:50:04","slug":"reverso-variante-i","status":"publish","type":"page","link":"https:\/\/ciaexcessos.com.br\/en\/tales-frey\/criacoes\/reverso-variante-i\/","title":{"rendered":"Reverse \u2013 Variant I (2015)"},"content":{"rendered":"<p>&nbsp;<\/p>\n<p><span style=\"color: #000000;\"><img loading=\"lazy\" decoding=\"async\" class=\"aligncenter wp-image-757 size-full\" title=\"Tales Frey, &quot;Reverse \u2013 Variant I&quot;. Performance art realized in Maia, Portugal. June 2015. Photo by Manuela Matos Monteiro, 45 x 80 cm. Edition: 5 + 2 P.A.\" src=\"http:\/\/ciaexcessos.com.br\/ciawp\/wp-content\/uploads\/2015\/08\/REVERSO-VARIANTE-I-Tales-Frey.jpg\" sizes=\"auto, (max-width: 1280px) 100vw, 1280px\" srcset=\"http:\/\/ciaexcessos.com.br\/ciawp\/wp-content\/uploads\/2015\/08\/REVERSO-VARIANTE-I-Tales-Frey.jpg 1280w, http:\/\/ciaexcessos.com.br\/ciawp\/wp-content\/uploads\/2015\/08\/REVERSO-VARIANTE-I-Tales-Frey-300x169.jpg 300w, http:\/\/ciaexcessos.com.br\/ciawp\/wp-content\/uploads\/2015\/08\/REVERSO-VARIANTE-I-Tales-Frey-1024x576.jpg 1024w, http:\/\/ciaexcessos.com.br\/ciawp\/wp-content\/uploads\/2015\/08\/REVERSO-VARIANTE-I-Tales-Frey-180x100.jpg 180w\" alt=\"\" width=\"1280\" height=\"720\" \/><\/span><\/p>\n<p style=\"text-align: center;\"><span style=\"color: #000000;\"><span lang=\"EN-US\">Tales Frey,<span class=\"apple-converted-space\">\u00a0<\/span><\/span><strong><span lang=\"EN-US\">Reverse \u2013 Variant I<\/span><\/strong><span lang=\"EN-US\">. Performance art realized in Maia, Portugal. June 2015. Photo by\u00a0Manuela Matos Monteiro, 45 x 80 cm. Edition: 5 + 2 P.A.<\/span><\/span><\/p>\n<p>&nbsp;<\/p>\n<p style=\"text-align: justify;\"><span lang=\"EN-US\" style=\"color: #000000;\">In this first variant of the original action entitled only as <i>Reverse<\/i>, I present my own body lying in symmetrically opposite of the ghostly body formed in the reflection of a mirror arranged on a garden. I expose my illusory representation as a body mass in a decomposition process in a lair for who attentive on the image shown on the mirror and, at the same time establish a narcissistic iconographic composition for who observe my palpable body, my real body contemplating my own constitution as image as if I could notice the irrepressible decay inherent in our human condition.<\/span><\/p>\n<p>&nbsp;<\/p>\n<h2 style=\"text-align: justify;\"><span style=\"color: #000000;\"><strong>CREDITS<\/strong><\/span><\/h2>\n<p><span style=\"color: #000000;\">Performance by Tales Frey | Length: 1h | Realization: Cia. Excessos | Maia, Portugal 2015<\/span><\/p>\n<p>&nbsp;<\/p>\n<h2 style=\"text-align: justify;\"><strong>TRAJECTORY<\/strong><\/h2>\n<h3 style=\"text-align: justify;\"><span style=\"color: #000000;\"><strong><u>LIVE<\/u><\/strong><\/span><\/h3>\n<p style=\"text-align: justify;\"><span style=\"color: #000000;\"><strong><span lang=\"EN-US\">[2015]<\/span><\/strong><span class=\"apple-converted-space\"><span lang=\"EN-US\">\u00a0<b>Show of\u00a0<\/b><\/span><\/span><strong><span lang=\"EN-US\">Performance art<\/span><\/strong><span lang=\"EN-US\">. Curated by Jos\u00e9 Maia.<\/span><span class=\"apple-converted-space\"><span lang=\"EN-US\">\u00a0<\/span><\/span><strong><span lang=\"EN-US\">I Biennial of Maia:<\/span><\/strong><span class=\"apple-converted-space\"><b><span lang=\"EN-US\">\u00a0<\/span><\/b><\/span><em><b><span lang=\"EN-US\">Places of the Trip<\/span><\/b><\/em><span lang=\"EN-US\">, Maia, Portugal.<\/span><\/span><\/p>\n<p>&nbsp;<\/p>\n<h3 style=\"text-align: justify;\"><span style=\"color: #000000;\"><strong><u><span lang=\"EN-US\">AS VIDEO AND\/OR PHOTOGRAPHY<\/span><\/u><\/strong><\/span><\/h3>\n<p style=\"text-align: justify;\"><span style=\"color: #000000;\"><strong><span lang=\"EN-US\">[2017]<\/span><\/strong><span class=\"apple-converted-space\"><b><span lang=\"EN-US\">\u00a0<\/span><\/b><\/span><span lang=\"EN-US\">Collective Exhibition<\/span><span class=\"apple-converted-space\"><b><span lang=\"EN-US\">\u00a0<\/span><\/b><\/span><strong><span lang=\"EN-US\">Feminist Transits<\/span><\/strong><span lang=\"EN-US\">. <\/span>Center for Social Studies, Coimbra, Portugal.<\/span><\/p>\n<p style=\"text-align: justify;\"><span style=\"color: #000000;\"><strong><span lang=\"EN-US\">[2016]\u00a0The Nature of the Margin<\/span><\/strong><span lang=\"EN-US\">. Curated by <\/span>Jos\u00e9 Apar\u00edcio Gon\u00e7alves.\u00a0XX Queer Lisbon Festival, Oficina Irm\u00e3os Marques, Lisbon, Portugal.<\/span><\/p>\n<p style=\"text-align: justify;\"><span style=\"color: #000000;\"><strong>[2016]<\/strong>\u00a0<strong>Memento Mori<\/strong>. Centro para os Assuntos da Arte e Arquitectura, Guimaraes, Portugal.<\/span><\/p>\n<p>&nbsp;<\/p>\n<div style=\"padding: 56.25% 0 0 0; position: relative;\"><iframe style=\"position: absolute; top: 0; left: 0; width: 100%; height: 100%;\" src=\"https:\/\/player.vimeo.com\/video\/136404074?color=ffffff&amp;title=0&amp;byline=0&amp;portrait=0\" frameborder=\"0\" allowfullscreen=\"allowfullscreen\"><\/iframe><\/div>\n<p style=\"text-align: center;\"><span style=\"color: #000000;\"><span lang=\"EN-US\">Tales Frey,<span class=\"apple-converted-space\">\u00a0<\/span><\/span><strong><span lang=\"EN-US\">Reverse \u2013 Variant I<\/span><\/strong><em><span lang=\"EN-US\">,<\/span><\/em><span class=\"apple-converted-space\"><i><span lang=\"EN-US\">\u00a0<\/span><\/i><\/span><span lang=\"EN-US\">2015. Video, 49\u2019\u2019. Edition: 5 + 2 P.<\/span>A.<\/span><\/p>\n<p><\/p>","protected":false},"excerpt":{"rendered":"<p>&nbsp; Tales Frey,\u00a0Reverse \u2013 Variant I. Performance art realized in Maia, Portugal. June 2015. Photo [&hellip;]<\/p>\n","protected":false},"author":1,"featured_media":0,"parent":54,"menu_order":511,"comment_status":"closed","ping_status":"closed","template":"","meta":{"footnotes":""},"class_list":["post-129","page","type-page","status-publish","hentry"],"_links":{"self":[{"href":"https:\/\/ciaexcessos.com.br\/en\/wp-json\/wp\/v2\/pages\/129","targetHints":{"allow":["GET"]}}],"collection":[{"href":"https:\/\/ciaexcessos.com.br\/en\/wp-json\/wp\/v2\/pages"}],"about":[{"href":"https:\/\/ciaexcessos.com.br\/en\/wp-json\/wp\/v2\/types\/page"}],"author":[{"embeddable":true,"href":"https:\/\/ciaexcessos.com.br\/en\/wp-json\/wp\/v2\/users\/1"}],"replies":[{"embeddable":true,"href":"https:\/\/ciaexcessos.com.br\/en\/wp-json\/wp\/v2\/comments?post=129"}],"version-history":[{"count":24,"href":"https:\/\/ciaexcessos.com.br\/en\/wp-json\/wp\/v2\/pages\/129\/revisions"}],"predecessor-version":[{"id":9389,"href":"https:\/\/ciaexcessos.com.br\/en\/wp-json\/wp\/v2\/pages\/129\/revisions\/9389"}],"up":[{"embeddable":true,"href":"https:\/\/ciaexcessos.com.br\/en\/wp-json\/wp\/v2\/pages\/54"}],"wp:attachment":[{"href":"https:\/\/ciaexcessos.com.br\/en\/wp-json\/wp\/v2\/media?parent=129"}],"curies":[{"name":"wp","href":"https:\/\/api.w.org\/{rel}","templated":true}]}}