{"id":1488,"date":"2015-10-11T00:43:13","date_gmt":"2015-10-11T03:43:13","guid":{"rendered":"http:\/\/ciaexcessos.com.br\/?page_id=1488"},"modified":"2023-12-23T13:50:32","modified_gmt":"2023-12-23T16:50:32","slug":"por-favor-nao-tocar","status":"publish","type":"page","link":"https:\/\/ciaexcessos.com.br\/en\/tales-frey\/criacoes\/por-favor-nao-tocar\/","title":{"rendered":"Please, Don\u2019t Touch (2015)"},"content":{"rendered":"<p>&nbsp;<\/p>\n<div style=\"padding: 56.25% 0 0 0; position: relative;\"><iframe style=\"position: absolute; top: 0; left: 0; width: 100%; height: 100%;\" src=\"https:\/\/player.vimeo.com\/video\/142067475?color=ffffff&amp;title=0&amp;byline=0&amp;portrait=0\" frameborder=\"0\" allowfullscreen=\"allowfullscreen\"><\/iframe><\/div>\n<p style=\"text-align: center;\"><span style=\"color: #000000;\"><span lang=\"EN-US\">Tales Frey,<\/span><span class=\"apple-converted-space\"><span lang=\"EN-US\">\u00a0<\/span><\/span><strong><span lang=\"EN-US\">Please, Don\u2019t Touch<\/span><\/strong><span lang=\"EN-US\">, 2015. Video, 1\u201934\u201d<\/span><\/span><\/p>\n<p>&nbsp;<\/p>\n<p style=\"text-align: justify;\"><span style=\"color: #000000;\"><span lang=\"EN-US\">In a hole made in a white wall of a gallery, from inside I fit my butt and I stand for about 2 hours. The butt is not placed in its actual height; it is presented to 1m60cm away from the floor<\/span>.<\/span><\/p>\n<p>&nbsp;<\/p>\n<h2 style=\"text-align: justify;\"><span style=\"color: #000000;\"><strong>CREDITS<\/strong><\/span><\/h2>\n<p style=\"text-align: justify;\"><span style=\"color: #000000;\"><span lang=\"EN-US\">Performance art by Tales Frey | Length of the action: about 120 minutes | Production: Cia. <\/span>Excessos |\u00a0Porto, Portugal 2015<\/span><\/p>\n<p>&nbsp;<\/p>\n<h2 style=\"text-align: justify;\"><strong>TRAJECTORY<\/strong><\/h2>\n<h3 style=\"text-align: justify;\"><span style=\"text-decoration: underline; color: #000000;\"><strong>LIVE<\/strong><\/span><\/h3>\n<p style=\"text-align: justify;\"><span style=\"color: #000000;\"><strong>[2015]<\/strong>\u00a0<strong>I Queer Porto<\/strong>.\u00a0Espa\u00e7o de Interven\u00e7\u00e3o Cultural Maus H\u00e1bitos,\u00a0Porto, Portugal.<\/span><\/p>\n<p>&nbsp;<\/p>\n<h3 style=\"text-align: justify;\"><span style=\"color: #000000;\"><strong><u><span lang=\"EN-US\">AS VIDEO, INSTALLATION AND\/OR PHOTO<\/span><\/u><\/strong><\/span><\/h3>\n<p style=\"text-align: justify;\"><span style=\"color: #000000;\"><strong>[2018]\u00a0Banheir\u00e3o de Quinta<\/strong>. Curated by Vin\u00edcius Davi. Alinalice, Rio de Janeiro, RJ, Brazil.<\/span><\/p>\n<p style=\"text-align: justify;\"><span style=\"color: #000000;\"><strong>[2017]<\/strong><span class=\"apple-converted-space\">\u00a0<\/span><strong>Desova \u2013 Mostra de Performance Arte e Novas M\u00eddias<\/strong>. Belem, PA, Brazil.<\/span><\/p>\n<p style=\"text-align: justify;\"><span style=\"color: #000000;\"><strong>[2016] Mostra X\u00d8KE<\/strong>. Largo da Alf\u00e2ndega, Florianopolis, SC, Brazil.<\/span><\/p>\n<p style=\"text-align: justify;\"><span style=\"color: #000000;\"><strong>[2016]\u00a0Esfor\u00e7os #2 \u2013 Mostra de Performances<\/strong>. Curated by Caio Riscado and Lucas Canavarro. Olho da Rua, Rio de Janeiro-RJ, Brazil.<\/span><\/p>\n<p style=\"text-align: justify;\"><span style=\"color: #000000;\"><strong>[2015]<\/strong>\u00a0Collective exhibition<span class=\"apple-converted-space\">\u00a0<\/span><strong>2\u00ba TRAN(S)SARAU \u2013 Do Pulso \u00e0 Virilha<\/strong>. Curated by Andr\u00e9 Rosa. Coimbra, Portugal.<\/span><\/p>\n<p>&nbsp;<\/p>\n<p style=\"text-align: center;\"><img loading=\"lazy\" decoding=\"async\" class=\"aligncenter wp-image-5493 size-full\" title=\"Tales Frey,\u00a0&quot;Please, Don\u2019t Touch&quot;. Performance art realized\u00a0in Porto, Portugal. October 2015. Photos by Hilda de Paulo.\" src=\"http:\/\/ciaexcessos.com.br\/ciawp\/wp-content\/uploads\/2019\/12\/Tales-Frey-Por-Favor-Nao-Tocar.jpeg\" alt=\"\" width=\"993\" height=\"571\" srcset=\"https:\/\/ciaexcessos.com.br\/ciawp\/wp-content\/uploads\/2019\/12\/Tales-Frey-Por-Favor-Nao-Tocar.jpeg 993w, https:\/\/ciaexcessos.com.br\/ciawp\/wp-content\/uploads\/2019\/12\/Tales-Frey-Por-Favor-Nao-Tocar-300x173.jpeg 300w, https:\/\/ciaexcessos.com.br\/ciawp\/wp-content\/uploads\/2019\/12\/Tales-Frey-Por-Favor-Nao-Tocar-768x442.jpeg 768w\" sizes=\"auto, (max-width: 993px) 100vw, 993px\" \/><\/p>\n<p style=\"text-align: center;\"><span style=\"color: #000000;\"><span lang=\"EN-US\">Tales Frey,<\/span><span class=\"apple-converted-space\"><span lang=\"EN-US\">\u00a0<\/span><\/span><strong><span lang=\"EN-US\">Please, Don\u2019t Touch<\/span><\/strong><span lang=\"EN-US\">. Performance art <\/span><span lang=\"EN-US\">realized\u00a0<\/span><span lang=\"EN-US\">in Porto, Portugal. October 2015. Photos by Hilda de Paulo<\/span><\/span><\/p>\n<p><\/p>","protected":false},"excerpt":{"rendered":"<p>&nbsp; Tales Frey,\u00a0Please, Don\u2019t Touch, 2015. Video, 1\u201934\u201d &nbsp; In a hole made in a [&hellip;]<\/p>\n","protected":false},"author":1,"featured_media":0,"parent":54,"menu_order":510,"comment_status":"closed","ping_status":"closed","template":"","meta":{"footnotes":""},"class_list":["post-1488","page","type-page","status-publish","hentry"],"_links":{"self":[{"href":"https:\/\/ciaexcessos.com.br\/en\/wp-json\/wp\/v2\/pages\/1488","targetHints":{"allow":["GET"]}}],"collection":[{"href":"https:\/\/ciaexcessos.com.br\/en\/wp-json\/wp\/v2\/pages"}],"about":[{"href":"https:\/\/ciaexcessos.com.br\/en\/wp-json\/wp\/v2\/types\/page"}],"author":[{"embeddable":true,"href":"https:\/\/ciaexcessos.com.br\/en\/wp-json\/wp\/v2\/users\/1"}],"replies":[{"embeddable":true,"href":"https:\/\/ciaexcessos.com.br\/en\/wp-json\/wp\/v2\/comments?post=1488"}],"version-history":[{"count":33,"href":"https:\/\/ciaexcessos.com.br\/en\/wp-json\/wp\/v2\/pages\/1488\/revisions"}],"predecessor-version":[{"id":9390,"href":"https:\/\/ciaexcessos.com.br\/en\/wp-json\/wp\/v2\/pages\/1488\/revisions\/9390"}],"up":[{"embeddable":true,"href":"https:\/\/ciaexcessos.com.br\/en\/wp-json\/wp\/v2\/pages\/54"}],"wp:attachment":[{"href":"https:\/\/ciaexcessos.com.br\/en\/wp-json\/wp\/v2\/media?parent=1488"}],"curies":[{"name":"wp","href":"https:\/\/api.w.org\/{rel}","templated":true}]}}