{"id":1766,"date":"2015-12-07T22:55:44","date_gmt":"2015-12-08T00:55:44","guid":{"rendered":"http:\/\/ciaexcessos.com.br\/?page_id=1766"},"modified":"2023-12-23T13:51:07","modified_gmt":"2023-12-23T16:51:07","slug":"f2m2m2f","status":"publish","type":"page","link":"https:\/\/ciaexcessos.com.br\/en\/tales-frey\/criacoes\/f2m2m2f\/","title":{"rendered":"F2M2M2F (2015)"},"content":{"rendered":"<p>&nbsp;<\/p>\n<p><span style=\"color: #000000;\"><img loading=\"lazy\" decoding=\"async\" class=\"aligncenter wp-image-1772\" title=\"Tales Frey, &quot;F2M2M2F&quot;. Performance art realized in Sao Paulo, Brazil. November 2015. Photo by Ana Santos.\" src=\"http:\/\/ciaexcessos.com.br\/ciawp\/wp-content\/uploads\/2015\/12\/Tales-Frey-F2M2M2F-1024x576.jpg\" sizes=\"auto, (max-width: 1000px) 100vw, 1000px\" srcset=\"http:\/\/ciaexcessos.com.br\/ciawp\/wp-content\/uploads\/2015\/12\/Tales-Frey-F2M2M2F-1024x576.jpg 1024w, http:\/\/ciaexcessos.com.br\/ciawp\/wp-content\/uploads\/2015\/12\/Tales-Frey-F2M2M2F-300x169.jpg 300w, http:\/\/ciaexcessos.com.br\/ciawp\/wp-content\/uploads\/2015\/12\/Tales-Frey-F2M2M2F-180x100.jpg 180w\" alt=\"\" width=\"1000\" height=\"563\" \/><\/span><\/p>\n<p style=\"text-align: center;\"><span style=\"color: #000000;\"><span lang=\"EN-US\">Tales Frey,\u00a0<b>F2M2M2F<\/b>. Performance art <\/span><span lang=\"EN-US\">realized\u00a0<\/span><span lang=\"EN-US\">in Sao Paulo, Brazil. November 2015. Photo by Ana Santo<\/span>s<\/span><\/p>\n<p>&nbsp;<\/p>\n<p style=\"text-align: justify;\"><span style=\"color: #000000;\">Two performers \u2013 a cisgender man and a cisgender woman \u2013 positioned face to face, with their bodies almost united. At the same position of their faces, there is a double-sided mirror on which each artist spend a kiss with 1 hour long, whose mouths are coinciding in the very same height.\u00a0<\/span><\/p>\n<p style=\"text-align: justify;\"><span style=\"color: #000000;\">Costumes are subverted regarding heterosexual culture: he costumes clothing and accessories considered female and she otherwise.<\/span><\/p>\n<p>&nbsp;<\/p>\n<h2 style=\"text-align: justify;\"><span style=\"color: #000000;\"><strong>CREDITS<\/strong><\/span><\/h2>\n<p style=\"text-align: justify;\"><span style=\"color: #000000;\"><span lang=\"EN-US\">Conception by Tales Frey | Invited Performers: Adriele Sussuarana, Fernanda Moraes, Isabeli Santiago, Lizi Menezes, Lohanye Garcia, Maju Minervino, Mayara Yamada and Paola Frey | Length of the action: 1h | Production: Cia. <\/span>Excessos<\/span><\/p>\n<p>&nbsp;<\/p>\n<h2 style=\"text-align: justify;\"><strong>TRAJECTORY<\/strong><\/h2>\n<h3 style=\"text-align: justify;\"><span style=\"color: #000000;\"><strong><u>LIVE<\/u><\/strong><\/span><\/h3>\n<p><b>[2019] <\/b>SESC S\u00e3o Jos\u00e9 dos Campos, S\u00e3o Jos\u00e9 dos Campos, SP, Brazil.<\/p>\n<p><span style=\"color: #000000;\"><b><span lang=\"PT-BR\">[2019]\u00a0<\/span><\/b><span lang=\"PT-BR\">SESC Interlagos, Sao Paulo, SP, Brazil.<\/span><\/span><\/p>\n<p style=\"text-align: justify;\"><span style=\"color: #000000;\"><strong>[2018]\u00a0Limiar<\/strong>. SESC Bauru, Bauru, SP, Brazil.<\/span><\/p>\n<p style=\"text-align: justify;\"><span style=\"color: #000000;\"><strong>[2017]<\/strong>\u00a0<strong>Paralela arte.corpo.performance \u2013 III Edition<\/strong>. Uberlandia, MG, Brazil.<\/span><\/p>\n<p style=\"text-align: justify;\"><span style=\"color: #000000;\"><strong>[2017]<\/strong>\u00a0SESC Araraquara, Araraquara, SP, Brazil.<\/span><\/p>\n<p style=\"text-align: justify;\"><span style=\"color: #000000;\"><strong>[2017]<\/strong>\u00a0Collective exhibition\u00a0<strong>Liquid Words<\/strong>. SESC Tijuca, Rio de Janeiro, Brazil.<\/span><\/p>\n<p style=\"text-align: justify;\"><span style=\"color: #000000;\"><strong>[2016]\u00a0Mix Dan\u00e7a<\/strong>. SESC Palladium, Belo Horizonte, MG, Brazil.<\/span><\/p>\n<p style=\"text-align: justify;\"><span style=\"color: #000000;\"><strong>[2016]\u00a0Converg\u00eancia 2016<\/strong>. SESC TO, Palmas, TO, Brazil.<\/span><\/p>\n<p style=\"text-align: justify;\"><span style=\"color: #000000;\"><strong>[2016]\u00a0XX Queer Lisbon<\/strong>. Cinema S\u00e3o Jorge, Lisbon, Portugal.<\/span><\/p>\n<p style=\"text-align: justify;\"><span style=\"color: #000000;\"><strong>[2016]\u00a0<\/strong>SESC Campinas, Campinas, SP, Brazil.<\/span><\/p>\n<p style=\"text-align: justify;\"><span style=\"color: #000000;\"><strong>[2016]\u00a0Mirada Festival<\/strong>. SESC Santos and Cadeia Velha, Santos, SP, Brazil.<\/span><\/p>\n<p style=\"text-align: justify;\"><span style=\"color: #000000;\"><strong>[2016]\u00a0Corpus Urbis<\/strong>. Fortaleza de S\u00e3o Jos\u00e9 Museum, Macap\u00e1, AP, Brazil.<\/span><\/p>\n<p style=\"text-align: justify;\"><span style=\"color: #000000;\"><strong>[2016]\u00a0<\/strong>SESC Rio Preto, S\u00e3o Jos\u00e9 do Rio Preto, SP, Brazil.<\/span><\/p>\n<p style=\"text-align: justify;\"><span style=\"color: #000000;\"><strong>[2016]<\/strong>\u00a0<strong>Esta\u00e7\u00e3o Cultura<\/strong>.\u00a0Secretaria Municipal de Cultura de Catanduva, Catanduva, SP, Brazil.<\/span><\/p>\n<p style=\"text-align: justify;\"><span style=\"color: #000000;\"><strong>[2016]<\/strong>\u00a0<strong>In All As It Is World Said or Not Said<\/strong>. Cinema Batalha, Disobedoc 2016, April 29, 2016. Curated by Jos\u00e9 Maia. Porto, Portugal.<\/span><\/p>\n<p style=\"text-align: justify;\"><span style=\"color: #000000;\"><strong>[2016]<\/strong>\u00a0Espa\u00e7o MIRA. Curated by Jos\u00e9 Maia, Porto, Portugal.<\/span><\/p>\n<p style=\"text-align: justify;\"><span style=\"color: #000000;\"><strong>[2016]<\/strong>\u00a0<strong>Sob (Ul)Trajes e Gozos<\/strong>. Julio Dinis Museum, Curated by Suianni Macedo, Ovar, Portugal.<\/span><\/p>\n<p style=\"text-align: justify;\"><span style=\"color: #000000;\"><strong>[2016]\u00a0<\/strong>Teatro Acad\u00e9mico Gil Vicente. Coimbra, Portugal.<\/span><\/p>\n<p style=\"text-align: justify;\"><span style=\"color: #000000;\"><strong>[2015] Perfor 6 [quem?]<\/strong>. Pa\u00e7o das Artes, S\u00e3o Paulo, Brazil.<\/span><\/p>\n<p>&nbsp;<\/p>\n<h3 style=\"text-align: justify;\"><span style=\"color: #000000;\"><strong><u><span lang=\"EN-US\">AS VIDEO AND\/OR PHOTOGRAPHY<\/span><\/u><\/strong><\/span><\/h3>\n<p style=\"text-align: justify;\"><span style=\"color: #000000;\"><strong>[2016]\u00a0Mostra IP &#8211;\u00a0 National Videos Show, Interventions and Performance Art<\/strong>. Varand\u00e3o CCE-UFSC. Florian\u00f3polis, SC; Festival La Plataformance. Oficina Cultural Oswald Andrade, S\u00e3o Paulo, SP; Esta\u00e7\u00e3o Cultura, Catanduva, SP; Crici\u00fama, SC; Unifap. Macap\u00e1, AM; Brazil.<\/span><\/p>\n<p>&nbsp;<\/p>\n<div style=\"padding: 56.25% 0 0 0; position: relative;\"><iframe style=\"position: absolute; top: 0; left: 0; width: 100%; height: 100%;\" src=\"https:\/\/player.vimeo.com\/video\/145828041?color=ffffff&amp;title=0&amp;byline=0&amp;portrait=0\" frameborder=\"0\" allowfullscreen=\"allowfullscreen\"><\/iframe><\/div>\n<p style=\"text-align: center;\"><span style=\"color: #000000;\">Tales Frey,\u00a0<strong>F2M2M2F<\/strong>, 2015. Video, 3\u201918\u201d<\/span><\/p>\n<p>&nbsp;<\/p>\n<div style=\"padding: 56.25% 0 0 0; position: relative;\"><iframe style=\"position: absolute; top: 0; left: 0; width: 100%; height: 100%;\" src=\"https:\/\/player.vimeo.com\/video\/169631529?color=ffffff&amp;title=0&amp;byline=0&amp;portrait=0\" frameborder=\"0\" allowfullscreen=\"allowfullscreen\"><\/iframe><\/div>\n<p style=\"text-align: center;\"><span style=\"color: #000000;\">Tales Frey,\u00a0<strong>F2M2M2F<\/strong>, 2016. Video, 2\u201936\u201d<\/span><\/p>\n<p>&nbsp;<\/p>\n<p><span style=\"color: #000000;\"><img loading=\"lazy\" decoding=\"async\" class=\"aligncenter wp-image-2015 size-full\" title=\"Tales Frey, &quot;F2M2M2F&quot;. Performance art realized in Coimbra, Portugal. February 2016. Photo by Hilda de Paulo.\" src=\"http:\/\/ciaexcessos.com.br\/ciawp\/wp-content\/uploads\/2015\/12\/F2M2M2F-Tales-Frey-TAGV-Coimbra-03.jpg\" sizes=\"auto, (max-width: 1280px) 100vw, 1280px\" srcset=\"http:\/\/ciaexcessos.com.br\/ciawp\/wp-content\/uploads\/2015\/12\/F2M2M2F-Tales-Frey-TAGV-Coimbra-03.jpg 1280w, http:\/\/ciaexcessos.com.br\/ciawp\/wp-content\/uploads\/2015\/12\/F2M2M2F-Tales-Frey-TAGV-Coimbra-03-300x200.jpg 300w, http:\/\/ciaexcessos.com.br\/ciawp\/wp-content\/uploads\/2015\/12\/F2M2M2F-Tales-Frey-TAGV-Coimbra-03-1024x682.jpg 1024w\" alt=\"\" width=\"1280\" height=\"853\" \/><\/span><\/p>\n<p><span style=\"color: #000000;\"><img loading=\"lazy\" decoding=\"async\" class=\"aligncenter wp-image-2021 size-full\" title=\"Tales Frey, &quot;F2M2M2F&quot;. Performance art realized in Coimbra, Portugal. February 2016. Photo by Hilda de Paulo.\" src=\"http:\/\/ciaexcessos.com.br\/ciawp\/wp-content\/uploads\/2015\/12\/F2M2M2F-Tales-Frey-TAGV-Coimbra-09.jpg\" sizes=\"auto, (max-width: 1280px) 100vw, 1280px\" srcset=\"http:\/\/ciaexcessos.com.br\/ciawp\/wp-content\/uploads\/2015\/12\/F2M2M2F-Tales-Frey-TAGV-Coimbra-09.jpg 1280w, http:\/\/ciaexcessos.com.br\/ciawp\/wp-content\/uploads\/2015\/12\/F2M2M2F-Tales-Frey-TAGV-Coimbra-09-300x200.jpg 300w, http:\/\/ciaexcessos.com.br\/ciawp\/wp-content\/uploads\/2015\/12\/F2M2M2F-Tales-Frey-TAGV-Coimbra-09-1024x682.jpg 1024w\" alt=\"\" width=\"1280\" height=\"853\" \/><\/span><\/p>\n<p style=\"text-align: center;\"><span style=\"color: #000000;\">Tales Frey,\u00a0<strong>F2M2M2F<\/strong>. Performance art realized in Coimbra, Portugal. <span lang=\"EN-US\">February 2016. Photos by Hilda de Paulo<\/span><\/span><\/p>\n<p>&nbsp;<\/p>\n<p><span style=\"color: #000000;\"><img loading=\"lazy\" decoding=\"async\" class=\"aligncenter wp-image-2176 size-full\" title=\"Tales Frey, &quot;F2M2M2F&quot;. Performance art realized in Ovar, Portugal. April 2016. Photo by Hilda de Paulo.\" src=\"http:\/\/ciaexcessos.com.br\/ciawp\/wp-content\/uploads\/2015\/12\/F2M2M2F-Ovar-2.jpg\" sizes=\"auto, (max-width: 1280px) 100vw, 1280px\" srcset=\"http:\/\/ciaexcessos.com.br\/ciawp\/wp-content\/uploads\/2015\/12\/F2M2M2F-Ovar-2.jpg 1280w, http:\/\/ciaexcessos.com.br\/ciawp\/wp-content\/uploads\/2015\/12\/F2M2M2F-Ovar-2-300x200.jpg 300w, http:\/\/ciaexcessos.com.br\/ciawp\/wp-content\/uploads\/2015\/12\/F2M2M2F-Ovar-2-1024x682.jpg 1024w\" alt=\"\" width=\"1280\" height=\"853\" \/><\/span><\/p>\n<p style=\"text-align: center;\"><span style=\"color: #000000;\"><span lang=\"EN-US\">Tales Frey,\u00a0<\/span><strong><span lang=\"EN-US\">F2M2M2F<\/span><\/strong><span lang=\"EN-US\">. Performance art realized in Ovar, Portugal. April 2016. Photo by Hilda de Paulo<\/span><\/span><\/p>\n<p>&nbsp;<\/p>\n<p><span style=\"color: #000000;\"><img loading=\"lazy\" decoding=\"async\" class=\"aligncenter wp-image-2327\" title=\"Tales Frey, &quot;F2M2M2F&quot;. Performance art realized in Porto, Portugal. April 2016. Photo by Hilda de Paulo.\" src=\"http:\/\/ciaexcessos.com.br\/ciawp\/wp-content\/uploads\/2015\/12\/F2M2M2F-Espa%C3%A7o-Mira-Tales-Frey-Porto-1-1024x682.jpg\" sizes=\"auto, (max-width: 1000px) 100vw, 1000px\" srcset=\"http:\/\/ciaexcessos.com.br\/ciawp\/wp-content\/uploads\/2015\/12\/F2M2M2F-Espa%C3%A7o-Mira-Tales-Frey-Porto-1-1024x682.jpg 1024w, http:\/\/ciaexcessos.com.br\/ciawp\/wp-content\/uploads\/2015\/12\/F2M2M2F-Espa%C3%A7o-Mira-Tales-Frey-Porto-1-300x200.jpg 300w, http:\/\/ciaexcessos.com.br\/ciawp\/wp-content\/uploads\/2015\/12\/F2M2M2F-Espa%C3%A7o-Mira-Tales-Frey-Porto-1.jpg 1280w\" alt=\"\" width=\"1000\" height=\"666\" \/><\/span><\/p>\n<p style=\"text-align: center;\"><span style=\"color: #000000;\"><span lang=\"EN-US\">Tales Frey,\u00a0<\/span><strong><span lang=\"EN-US\">F2M2M2F<\/span><\/strong><span lang=\"EN-US\">. Performance art realized in Porto, Portugal. April 2016. Photo by Hilda de Paulo<\/span><\/span><\/p>\n<p>&nbsp;<\/p>\n<p><span style=\"color: #000000;\"><img loading=\"lazy\" decoding=\"async\" class=\"aligncenter wp-image-3396\" title=\"Tales Frey, &quot;F2M2M2F&quot;. Performance art realized in Macap\u00e1, AM, Brazil. August 2016. Photo by Waleff Dias.\" src=\"http:\/\/ciaexcessos.com.br\/ciawp\/wp-content\/uploads\/2015\/12\/F2M2M2F-Tales-Frey-1.jpg\" sizes=\"auto, (max-width: 785px) 100vw, 785px\" srcset=\"http:\/\/ciaexcessos.com.br\/ciawp\/wp-content\/uploads\/2015\/12\/F2M2M2F-Tales-Frey-1.jpg 785w, http:\/\/ciaexcessos.com.br\/ciawp\/wp-content\/uploads\/2015\/12\/F2M2M2F-Tales-Frey-1-300x187.jpg 300w, http:\/\/ciaexcessos.com.br\/ciawp\/wp-content\/uploads\/2015\/12\/F2M2M2F-Tales-Frey-1-768x479.jpg 768w\" alt=\"\" width=\"1000\" height=\"624\" \/><\/span><\/p>\n<p style=\"text-align: center;\"><span style=\"color: #000000;\">Tales Frey,\u00a0<strong>F2M2M2F<\/strong>. Performance art realized in Macap\u00e1, AM, Brazil. August 2016. Photo by\u00a0Waleff Dias<\/span><\/p>\n<p>&nbsp;<\/p>\n<p><span style=\"color: #000000;\"><img loading=\"lazy\" decoding=\"async\" class=\"aligncenter wp-image-3397\" title=\"Tales Frey, &quot;F2M2M2F&quot;. Performance art realized in Rio de Janeiro, RJ, Brazil. November 2016. Photo by Marcela Tavares.\" src=\"http:\/\/ciaexcessos.com.br\/ciawp\/wp-content\/uploads\/2015\/12\/F2M2M2F-Tales-Frey-2-1-1024x682.jpg\" sizes=\"auto, (max-width: 1000px) 100vw, 1000px\" srcset=\"http:\/\/ciaexcessos.com.br\/ciawp\/wp-content\/uploads\/2015\/12\/F2M2M2F-Tales-Frey-2-1-1024x682.jpg 1024w, http:\/\/ciaexcessos.com.br\/ciawp\/wp-content\/uploads\/2015\/12\/F2M2M2F-Tales-Frey-2-1-300x200.jpg 300w, http:\/\/ciaexcessos.com.br\/ciawp\/wp-content\/uploads\/2015\/12\/F2M2M2F-Tales-Frey-2-1-768x512.jpg 768w, http:\/\/ciaexcessos.com.br\/ciawp\/wp-content\/uploads\/2015\/12\/F2M2M2F-Tales-Frey-2-1.jpg 1280w\" alt=\"\" width=\"1000\" height=\"666\" \/><\/span><\/p>\n<p style=\"text-align: center;\"><span style=\"color: #000000;\">Tales Frey,\u00a0<strong>F2M2M2F<\/strong>. Performance art realized in Rio de Janeiro, RJ, Brazil. November 2016. Photo by\u00a0Marcela Tavares<\/span><\/p>\n<p>&nbsp;<\/p>\n<p style=\"text-align: center;\"><img loading=\"lazy\" decoding=\"async\" class=\"aligncenter wp-image-4861\" src=\"http:\/\/ciaexcessos.com.br\/ciawp\/wp-content\/uploads\/2019\/04\/F2M2M2F-Bruxelas-Tales-Frey-1024x683.jpeg\" alt=\"\" width=\"1000\" height=\"667\" srcset=\"https:\/\/ciaexcessos.com.br\/ciawp\/wp-content\/uploads\/2019\/04\/F2M2M2F-Bruxelas-Tales-Frey-1024x683.jpeg 1024w, https:\/\/ciaexcessos.com.br\/ciawp\/wp-content\/uploads\/2019\/04\/F2M2M2F-Bruxelas-Tales-Frey-300x200.jpeg 300w, https:\/\/ciaexcessos.com.br\/ciawp\/wp-content\/uploads\/2019\/04\/F2M2M2F-Bruxelas-Tales-Frey-768x512.jpeg 768w\" sizes=\"auto, (max-width: 1000px) 100vw, 1000px\" \/><\/p>\n<p style=\"text-align: center;\">legenda em breve<\/p>\n<p><\/p>","protected":false},"excerpt":{"rendered":"<p>&nbsp; Tales Frey,\u00a0F2M2M2F. Performance art realized\u00a0in Sao Paulo, Brazil. November 2015. Photo by Ana Santos [&hellip;]<\/p>\n","protected":false},"author":1,"featured_media":0,"parent":54,"menu_order":509,"comment_status":"closed","ping_status":"closed","template":"","meta":{"footnotes":""},"class_list":["post-1766","page","type-page","status-publish","hentry"],"_links":{"self":[{"href":"https:\/\/ciaexcessos.com.br\/en\/wp-json\/wp\/v2\/pages\/1766","targetHints":{"allow":["GET"]}}],"collection":[{"href":"https:\/\/ciaexcessos.com.br\/en\/wp-json\/wp\/v2\/pages"}],"about":[{"href":"https:\/\/ciaexcessos.com.br\/en\/wp-json\/wp\/v2\/types\/page"}],"author":[{"embeddable":true,"href":"https:\/\/ciaexcessos.com.br\/en\/wp-json\/wp\/v2\/users\/1"}],"replies":[{"embeddable":true,"href":"https:\/\/ciaexcessos.com.br\/en\/wp-json\/wp\/v2\/comments?post=1766"}],"version-history":[{"count":37,"href":"https:\/\/ciaexcessos.com.br\/en\/wp-json\/wp\/v2\/pages\/1766\/revisions"}],"predecessor-version":[{"id":9391,"href":"https:\/\/ciaexcessos.com.br\/en\/wp-json\/wp\/v2\/pages\/1766\/revisions\/9391"}],"up":[{"embeddable":true,"href":"https:\/\/ciaexcessos.com.br\/en\/wp-json\/wp\/v2\/pages\/54"}],"wp:attachment":[{"href":"https:\/\/ciaexcessos.com.br\/en\/wp-json\/wp\/v2\/media?parent=1766"}],"curies":[{"name":"wp","href":"https:\/\/api.w.org\/{rel}","templated":true}]}}