{"id":2089,"date":"2016-03-03T21:36:20","date_gmt":"2016-03-04T00:36:20","guid":{"rendered":"http:\/\/ciaexcessos.com.br\/?page_id=2089"},"modified":"2026-02-18T12:54:57","modified_gmt":"2026-02-18T15:54:57","slug":"ilha","status":"publish","type":"page","link":"https:\/\/ciaexcessos.com.br\/en\/tales-frey\/criacoes\/ilha\/","title":{"rendered":"Island (2016)"},"content":{"rendered":"<p>&nbsp;<\/p>\n<p style=\"text-align: justify;\"><span style=\"color: #000000;\"><span lang=\"EN-US\">On<span class=\"apple-converted-space\">\u00a0<\/span><\/span><em><span lang=\"EN-US\">Island #1<\/span><\/em><span lang=\"EN-US\">,<span class=\"apple-converted-space\">\u00a0<\/span><\/span><em><span lang=\"EN-US\">#2\u00a0<\/span><\/em><span lang=\"EN-US\">and<span class=\"apple-converted-space\">\u00a0<\/span><\/span><em><span lang=\"EN-US\">#3<\/span><\/em><span lang=\"EN-US\">, I present my body in direct dialogue with the Icelandic glacial landscape and, like an island, my corporeal matter is exposed in contrast to the surrounding territory and, conversely, in complete approaching with it, when I place myself surrounded by water (solid state) on all sides, establishing sometimes a cross-sectional analogy about the landscape and sometimes the representation of it<\/span>.<\/span><\/p>\n<p>&nbsp;<\/p>\n<p style=\"text-align: justify;\"><span style=\"color: #000000;\"><span lang=\"EN-US\">This series was developed in artistic residence at the Fj\u00fak Arts Center in H\u00fasav\u00edk in Iceland between December 2015 and January 2016<\/span>.<\/span><\/p>\n<p>&nbsp;<\/p>\n<div style=\"padding: 56.25% 0 0 0; position: relative;\"><iframe style=\"position: absolute; top: 0; left: 0; width: 100%; height: 100%;\" src=\"https:\/\/player.vimeo.com\/video\/151659592?color=ffffff&amp;title=0&amp;byline=0&amp;portrait=0\" frameborder=\"0\" allowfullscreen=\"allowfullscreen\"><\/iframe><\/div>\n<p style=\"text-align: center;\"><span style=\"color: #000000;\"><span lang=\"EN-US\">Tales Frey, <b>Island #1<\/b><i>, <\/i>2016. Videoperformance, 8\u201921\u2019\u2019. Edition: 5 + 2 P.A<\/span>.<\/span><\/p>\n<p>&nbsp;<\/p>\n<p style=\"text-align: center;\"><span style=\"color: #000000;\"><img loading=\"lazy\" decoding=\"async\" class=\"aligncenter wp-image-6870 size-full\" title=\"Tales Frey,\u00a0&quot;Island #1&quot;,\u00a02016. Photo, 100 x 72 cm. Edition: 5 + 2 P.A.\" src=\"http:\/\/ciaexcessos.com.br\/ciawp\/wp-content\/uploads\/2020\/12\/Tales-Frey-Ilha-1.jpeg\" alt=\"\" width=\"1280\" height=\"854\" \/><\/span><\/p>\n<p style=\"text-align: center;\">Tales Frey,\u00a0<strong>Island #1<\/strong><em>,\u00a0<\/em>2016. Photo, 100 x 72 cm. Edition: 5 + 2 P.A.<\/p>\n<p>&nbsp;<\/p>\n<div style=\"padding: 56.25% 0 0 0; position: relative;\"><iframe style=\"position: absolute; top: 0; left: 0; width: 100%; height: 100%;\" src=\"https:\/\/player.vimeo.com\/video\/153577837?color=ffffff&amp;title=0&amp;byline=0&amp;portrait=0\" frameborder=\"0\" allowfullscreen=\"allowfullscreen\"><\/iframe><\/div>\n<p style=\"text-align: center;\"><span lang=\"EN-US\" style=\"color: #000000;\">Tales Frey, <b>Island #2<\/b><i>, <\/i>2016. Videoperformance, 1\u201951\u2019\u2019. Edition: 5 + 2 P.A<\/span><\/p>\n<p>&nbsp;<\/p>\n<p style=\"text-align: center;\"><span style=\"color: #000000;\"><img loading=\"lazy\" decoding=\"async\" class=\"aligncenter wp-image-6217\" title=\"Tales Frey, &quot;Island #3&quot;, 2016. Photos. 40 x 60 cm each. Edition: 5 + 2 P.A.\" src=\"http:\/\/ciaexcessos.com.br\/ciawp\/wp-content\/uploads\/2020\/05\/Tales-Frey-Ilha-3-1024x693.jpeg\" alt=\"\" width=\"1200\" height=\"812\" srcset=\"https:\/\/ciaexcessos.com.br\/ciawp\/wp-content\/uploads\/2020\/05\/Tales-Frey-Ilha-3-1024x693.jpeg 1024w, https:\/\/ciaexcessos.com.br\/ciawp\/wp-content\/uploads\/2020\/05\/Tales-Frey-Ilha-3-300x203.jpeg 300w, https:\/\/ciaexcessos.com.br\/ciawp\/wp-content\/uploads\/2020\/05\/Tales-Frey-Ilha-3-768x520.jpeg 768w\" sizes=\"auto, (max-width: 1200px) 100vw, 1200px\" \/><\/span><\/p>\n<p style=\"text-align: center;\"><span style=\"color: #000000;\">Tales Frey, <strong>Island #3<\/strong><em>, <\/em>2016. Photos. 40 x 60 cm each. Edition: 5 + 2 P.A.<\/span><\/p>\n<p style=\"text-align: center;\"><span style=\"color: #000000;\">Honorable Mention in the 2nd Gaia International Biennial of Art 2017<\/span><\/p>\n<p>&nbsp;<\/p>\n<h2 style=\"text-align: justify;\"><strong>TRAJECTORY<\/strong><\/h2>\n<p style=\"text-align: justify;\"><span style=\"color: #000000;\"><strong>[2021]<\/strong> <strong>What Can a Body Do?<\/strong>\u00a0SP-Arte 365 and Verve Gallery, S\u00e3o Paulo-SP, Brazil.<\/span><\/p>\n<p><span style=\"color: #000000;\"><strong>[2020]<\/strong><strong>\u00a0<\/strong><strong>SP\u2013Photo Viewing Room<\/strong>. Galeria Verve. S\u00e3o Paulo, Brazil.<\/span><\/p>\n<p style=\"text-align: justify;\"><span style=\"color: #000000;\"><strong>[2019] <\/strong><strong>Trees Outside the Academy #3&#8242;: Pr\u00e1ticas Colectivas\/ Collective Practices<\/strong>. CAAA \u2013 Centro para os Assuntos da Arte e Arquitectura, Guimar\u00e3es, Portugal.<\/span><\/p>\n<p style=\"text-align: justify;\"><span style=\"color: #000000;\"><strong>[2019] Functional Metaphors for Bodies in Space, Galeria Monumental, Lisboa, Portugal.<\/strong><\/span><\/p>\n<p><span style=\"color: #000000;\"><strong><span lang=\"EN-US\">[2017]\u00a02nd Gaia International Biennial of Art 2017<\/span><\/strong><span lang=\"EN-US\">. <\/span>Vila Nova de Gaia, Portugal.<\/span><\/p>\n<p><span style=\"color: #000000;\"><strong><span lang=\"EN-US\">[2016]\u00a0<\/span><\/strong><span lang=\"EN-US\">Collective Exhibition\u00a0<\/span><strong><span lang=\"EN-US\">The Island<\/span><\/strong><span lang=\"EN-US\">. Curated by Susana Rodrigues. <\/span>Sput&amp;Nik The Window, Porto, Portugal.<\/span><\/p>\n<p><span style=\"color: #000000;\"><strong>[2016]<\/strong>\u00a0<strong>Memento Mori<\/strong>. Centro para os Assuntos da Arte e Arquitectura, Guimaraes, Portugal.<\/span><\/p>\n<p>&nbsp;<\/p>\n<p style=\"text-align: center;\"><span style=\"color: #000000;\"><img loading=\"lazy\" decoding=\"async\" class=\"aligncenter wp-image-5990 size-full\" title=\"A s\u00e9rie &quot;Ilha&quot;\u00a0(2016), de Tales Frey, na exposi\u00e7\u00e3o coletiva\u00a0&quot;A Ilha&quot;. Sput&amp;Nik the window, Porto, Portugal, 2016.\u00a0Fotografia de\u00a0Ana Efe.\" src=\"http:\/\/ciaexcessos.com.br\/ciawp\/wp-content\/uploads\/2020\/05\/A-Ilha-Tales-Frey-Exposicao-1.jpg\" alt=\"\" width=\"1024\" height=\"683\" srcset=\"https:\/\/ciaexcessos.com.br\/ciawp\/wp-content\/uploads\/2020\/05\/A-Ilha-Tales-Frey-Exposicao-1.jpg 1024w, https:\/\/ciaexcessos.com.br\/ciawp\/wp-content\/uploads\/2020\/05\/A-Ilha-Tales-Frey-Exposicao-1-300x200.jpg 300w, https:\/\/ciaexcessos.com.br\/ciawp\/wp-content\/uploads\/2020\/05\/A-Ilha-Tales-Frey-Exposicao-1-768x512.jpg 768w\" sizes=\"auto, (max-width: 1024px) 100vw, 1024px\" \/><\/span><\/p>\n<p style=\"text-align: center;\"><span style=\"color: #000000;\"><img loading=\"lazy\" decoding=\"async\" class=\"aligncenter wp-image-6216 size-full\" title=\"&quot;Island&quot; series\u00a0(2016), by Tales Frey, at the collective exhibition\u00a0&quot;The Island&quot;. Sput&amp;Nik the window, Porto, Portugal, 2016.\u00a0Photo by\u00a0Ana Efe.\" src=\"http:\/\/ciaexcessos.com.br\/ciawp\/wp-content\/uploads\/2020\/05\/Exposi\u00e7\u00e3o-A-Ilha-Tales-Frey-2.jpg\" alt=\"\" width=\"1024\" height=\"683\" srcset=\"https:\/\/ciaexcessos.com.br\/ciawp\/wp-content\/uploads\/2020\/05\/Exposi\u00e7\u00e3o-A-Ilha-Tales-Frey-2.jpg 1024w, https:\/\/ciaexcessos.com.br\/ciawp\/wp-content\/uploads\/2020\/05\/Exposi\u00e7\u00e3o-A-Ilha-Tales-Frey-2-300x200.jpg 300w, https:\/\/ciaexcessos.com.br\/ciawp\/wp-content\/uploads\/2020\/05\/Exposi\u00e7\u00e3o-A-Ilha-Tales-Frey-2-768x512.jpg 768w\" sizes=\"auto, (max-width: 1024px) 100vw, 1024px\" \/><\/span><\/p>\n<p style=\"text-align: center;\"><span style=\"color: #000000;\"><strong>Island<\/strong> series\u00a0(2016), by Tales Frey, at the collective exhibition\u00a0<strong>The Island<\/strong>. Sput&amp;Nik the window, Porto, Portugal, 2016.\u00a0Photo by\u00a0Ana Efe<\/span><\/p>\n<p><\/p>","protected":false},"excerpt":{"rendered":"<p>&nbsp; On\u00a0Island #1,\u00a0#2\u00a0and\u00a0#3, I present my body in direct dialogue with the Icelandic glacial landscape [&hellip;]<\/p>\n","protected":false},"author":1,"featured_media":0,"parent":54,"menu_order":508,"comment_status":"closed","ping_status":"closed","template":"","meta":{"footnotes":""},"class_list":["post-2089","page","type-page","status-publish","hentry"],"_links":{"self":[{"href":"https:\/\/ciaexcessos.com.br\/en\/wp-json\/wp\/v2\/pages\/2089","targetHints":{"allow":["GET"]}}],"collection":[{"href":"https:\/\/ciaexcessos.com.br\/en\/wp-json\/wp\/v2\/pages"}],"about":[{"href":"https:\/\/ciaexcessos.com.br\/en\/wp-json\/wp\/v2\/types\/page"}],"author":[{"embeddable":true,"href":"https:\/\/ciaexcessos.com.br\/en\/wp-json\/wp\/v2\/users\/1"}],"replies":[{"embeddable":true,"href":"https:\/\/ciaexcessos.com.br\/en\/wp-json\/wp\/v2\/comments?post=2089"}],"version-history":[{"count":37,"href":"https:\/\/ciaexcessos.com.br\/en\/wp-json\/wp\/v2\/pages\/2089\/revisions"}],"predecessor-version":[{"id":10430,"href":"https:\/\/ciaexcessos.com.br\/en\/wp-json\/wp\/v2\/pages\/2089\/revisions\/10430"}],"up":[{"embeddable":true,"href":"https:\/\/ciaexcessos.com.br\/en\/wp-json\/wp\/v2\/pages\/54"}],"wp:attachment":[{"href":"https:\/\/ciaexcessos.com.br\/en\/wp-json\/wp\/v2\/media?parent=2089"}],"curies":[{"name":"wp","href":"https:\/\/api.w.org\/{rel}","templated":true}]}}