{"id":2517,"date":"2016-10-10T22:40:58","date_gmt":"2016-10-11T01:40:58","guid":{"rendered":"http:\/\/ciaexcessos.com.br\/?page_id=2517"},"modified":"2023-12-23T13:53:15","modified_gmt":"2023-12-23T16:53:15","slug":"f2m2m2f-x-6","status":"publish","type":"page","link":"https:\/\/ciaexcessos.com.br\/en\/tales-frey\/criacoes\/f2m2m2f-x-6\/","title":{"rendered":"F2M2M2F x 6 (2016)"},"content":{"rendered":"<p>&nbsp;<\/p>\n<div style=\"padding: 56.25% 0 0 0; position: relative;\"><iframe style=\"position: absolute; top: 0; left: 0; width: 100%; height: 100%;\" src=\"https:\/\/player.vimeo.com\/video\/193977077?color=ffffff&amp;title=0&amp;byline=0&amp;portrait=0\" frameborder=\"0\" allowfullscreen=\"allowfullscreen\"><\/iframe><\/div>\n<p style=\"text-align: center;\"><span lang=\"EN-US\" style=\"color: #000000;\">Tales Frey,\u00a0<b>F2M2M2F x 6<\/b>, 2016. Video, 3\u201957\u201d<\/span><\/p>\n<p>&nbsp;<\/p>\n<p style=\"text-align: justify;\"><span style=\"color: #000000;\">In this unfolding of the <em>F2M2M2F<\/em> performance art, the action is activated by 12 artists, and through the binary referents (bodies and costumes held by men or women), heteronormative social codes are subverted in relation to a logic considered ideal in a heterocentered system. Divided into 6 doubles, always moving through space, each artist kisses her\/his own image reflected in a double-sided mirror for an uninterrupted hour.<\/span><\/p>\n<p style=\"text-align: justify;\"><span style=\"color: #000000;\">Although the established link in the action is the ultra-exposition of binarisms, they are emphasized precisely to emphasize the questioning of social codes already so recognized and introjected in our culture.<\/span><\/p>\n<p><span style=\"color: #000000;\"><strong>\u00a0<\/strong><\/span><\/p>\n<h2 style=\"text-align: justify;\"><span style=\"color: #000000;\"><strong><b><span lang=\"EN-US\">CREDITS<\/span><\/b><\/strong><\/span><\/h2>\n<p style=\"text-align: justify;\"><span style=\"color: #000000;\">Performance art by Tales Frey | Extraordinary participations: (France) Anouk Mignot, Cansouline Jordi, Deltort Clara, Figueras Violette, Gaillard Augustin, Lagrange Adrien, Martin Celia, Paulo Aureliano da Mata, S\u00e9verine Letailleur,Socheata Aingand Valentin Labatut;(Portugal) Ana Santos, Daniel Pinheiro, Joana Bueno, Liliana Correia, Igor Gaviole, Isabel Costa, Isabel Martinez, Renato Duran, Rolando Galhardas, T\u00e2nia Dinis and Tiago Sarmento; (Brazil) Ailton Rosa, Alexandre De Angeli, Aloh\u00e1 De La Queiroz, Gabriela Russo Bassani, Maj\u00fa Minervino, Marcela Tiboni, Marcio Vasconcelos, Michele Zotareli, Monica Galv\u00e3o, Outro Luiz and Thiago Panini\u00a0<\/span><\/p>\n<p style=\"text-align: justify;\"><span style=\"color: #000000;\">Length of the action: 1h<\/span><\/p>\n<p style=\"text-align: justify;\"><span style=\"color: #000000;\">Year of the creation: 2016<\/span><\/p>\n<p>&nbsp;<\/p>\n<h2 style=\"text-align: justify;\"><strong>TRAJECTORY<\/strong><\/h2>\n<h3 style=\"text-align: justify;\"><span style=\"color: #000000;\"><strong><u>LIVE<\/u><\/strong><\/span><\/h3>\n<p style=\"text-align: justify;\"><span style=\"color: #000000;\"><strong>[2019]\u00a022\u00e8mes Rencontres Traverse Vid\u00e9o: \u201cL\u2019Exp\u00e9rimental recherche\/art\u201d<\/strong>. Pr\u00e9p\u2019art, Toulouse, France.<\/span><\/p>\n<p style=\"text-align: justify;\"><span style=\"color: #000000;\"><strong>[2018] 86\u00ba Birthday of Rivoli<\/strong>. Municipal Theatre Rivoli, Porto, Portugal.<\/span><\/p>\n<p style=\"text-align: justify;\"><span style=\"color: #000000;\"><strong>[2016]<\/strong>\u00a0<strong>Permeable Presence<\/strong>, Pra\u00e7a das Artes \u2013 Municipal Theatre of Sao Paulo Fundation, Sao Paulo, SP, Brazil.<\/span><\/p>\n<p>&nbsp;<\/p>\n<div style=\"padding: 56.25% 0 0 0; position: relative;\"><iframe style=\"position: absolute; top: 0; left: 0; width: 100%; height: 100%;\" src=\"https:\/\/player.vimeo.com\/video\/354393826?color=ffffff&amp;title=0&amp;byline=0&amp;portrait=0\" frameborder=\"0\" allowfullscreen=\"allowfullscreen\"><\/iframe><\/div>\n<p style=\"text-align: center;\"><span style=\"color: #000000;\">Performance <strong>F2M2M2FX6<\/strong>\u00a0de Tales Frey realizada na 22\u00aa Rencontres Traverse Vid\u00e9o: L\u2019Exp\u00e9rimental {recherche\/art} na cidade de Toulouse na Fran\u00e7a\u00a0em mar\u00e7o de 2019<\/span><\/p>\n<p>&nbsp;<\/p>\n<div style=\"padding: 56.25% 0 0 0; position: relative;\"><iframe style=\"position: absolute; top: 0; left: 0; width: 100%; height: 100%;\" src=\"https:\/\/player.vimeo.com\/video\/258611420?color=ffffff&amp;title=0&amp;byline=0&amp;portrait=0\" frameborder=\"0\" allowfullscreen=\"allowfullscreen\"><\/iframe><\/div>\n<p style=\"text-align: center;\"><span style=\"color: #000000;\">Performance <strong>F2M2M2FX6<\/strong>\u00a0de Tales Frey realizada no\u00a086\u00ba Anivers\u00e1rio do Teatro Municipal Rivoli na cidade do Porto em Portugal\u00a0em janeiro de 2018.\u00a0Fotografia de\u00a0Jos\u00e9 Caldeira<\/span><\/p>\n<p><\/p>","protected":false},"excerpt":{"rendered":"<p>&nbsp; Tales Frey,\u00a0F2M2M2F x 6, 2016. Video, 3\u201957\u201d &nbsp; In this unfolding of the F2M2M2F [&hellip;]<\/p>\n","protected":false},"author":1,"featured_media":0,"parent":54,"menu_order":505,"comment_status":"closed","ping_status":"closed","template":"","meta":{"footnotes":""},"class_list":["post-2517","page","type-page","status-publish","hentry"],"_links":{"self":[{"href":"https:\/\/ciaexcessos.com.br\/en\/wp-json\/wp\/v2\/pages\/2517","targetHints":{"allow":["GET"]}}],"collection":[{"href":"https:\/\/ciaexcessos.com.br\/en\/wp-json\/wp\/v2\/pages"}],"about":[{"href":"https:\/\/ciaexcessos.com.br\/en\/wp-json\/wp\/v2\/types\/page"}],"author":[{"embeddable":true,"href":"https:\/\/ciaexcessos.com.br\/en\/wp-json\/wp\/v2\/users\/1"}],"replies":[{"embeddable":true,"href":"https:\/\/ciaexcessos.com.br\/en\/wp-json\/wp\/v2\/comments?post=2517"}],"version-history":[{"count":22,"href":"https:\/\/ciaexcessos.com.br\/en\/wp-json\/wp\/v2\/pages\/2517\/revisions"}],"predecessor-version":[{"id":9395,"href":"https:\/\/ciaexcessos.com.br\/en\/wp-json\/wp\/v2\/pages\/2517\/revisions\/9395"}],"up":[{"embeddable":true,"href":"https:\/\/ciaexcessos.com.br\/en\/wp-json\/wp\/v2\/pages\/54"}],"wp:attachment":[{"href":"https:\/\/ciaexcessos.com.br\/en\/wp-json\/wp\/v2\/media?parent=2517"}],"curies":[{"name":"wp","href":"https:\/\/api.w.org\/{rel}","templated":true}]}}