{"id":2624,"date":"2016-12-06T22:55:35","date_gmt":"2016-12-07T00:55:35","guid":{"rendered":"http:\/\/ciaexcessos.com.br\/?page_id=2624"},"modified":"2023-12-23T13:55:07","modified_gmt":"2023-12-23T16:55:07","slug":"estar-a-par","status":"publish","type":"page","link":"https:\/\/ciaexcessos.com.br\/en\/tales-frey\/criacoes\/estar-a-par\/","title":{"rendered":"To Be Privy (2017)"},"content":{"rendered":"<p>&nbsp;<\/p>\n<p><span style=\"color: #000000;\"><img loading=\"lazy\" decoding=\"async\" class=\"aligncenter wp-image-2660\" title=\"Tales Frey, &quot;To Be Privy \u2013 Object&quot;, 2017. Object, 63 x 24 x 11,5 cm. Edition: 3 + 2 P.A.\" src=\"http:\/\/ciaexcessos.com.br\/ciawp\/wp-content\/uploads\/2016\/12\/Estar-A-Par-Tales-Frey-1-1024x740.jpeg\" alt=\"\" width=\"1000\" height=\"722\" srcset=\"https:\/\/ciaexcessos.com.br\/ciawp\/wp-content\/uploads\/2016\/12\/Estar-A-Par-Tales-Frey-1-1024x740.jpeg 1024w, https:\/\/ciaexcessos.com.br\/ciawp\/wp-content\/uploads\/2016\/12\/Estar-A-Par-Tales-Frey-1-300x217.jpeg 300w\" sizes=\"auto, (max-width: 1000px) 100vw, 1000px\" \/><\/span><\/p>\n<p style=\"text-align: center;\"><span lang=\"EN-US\" style=\"color: #000000;\">Tales Frey,<span class=\"apple-converted-space\">\u00a0<\/span><strong>To Be Privy \u2013 Object<\/strong>, 2017. Object, 63 x 24 x 11,5 cm. Edition: 3 + 2 P.A.<\/span><\/p>\n<p style=\"text-align: center;\"><span lang=\"EN-US\" style=\"color: #000000;\">Acquisition Award of the City Council of Cerveira at the XIX International Biennial of Art of Cerveira, Portugal<\/span><\/p>\n<p style=\"text-align: center;\"><span lang=\"EN-US\" style=\"color: #000000;\">Edition 1\/3 belongs to the collection of the Bienal de Cerveira Museum, Vila Nova de Cerveira, Portugal<\/span><\/p>\n<p>&nbsp;<\/p>\n<p style=\"text-align: justify;\"><span style=\"color: #000000;\"><span lang=\"EN-US\">Wearing a pair of shoes with a four-foot entrance, I propose a two hours uninterrupted coexistence with Hilda de Paulo*, with whom I walk, in silence, the entire area bounded for action to take place. The design of the object forces our bodies to be placed facing each other and also this makes our steps seem to dance. During this time together, we explore the swings of our physical and mental states together until the end of time. Once the performance is over, the pair of shoes can remain on display along with the action video record and photography<\/span>.<\/span><\/p>\n<p>&nbsp;<\/p>\n<p style=\"text-align: justify;\"><span style=\"color: #000000;\"><em><span lang=\"EN-US\">* At the time of the creation of the performance <\/span><\/em><span lang=\"EN-US\">To Be Privy<\/span><em><span lang=\"EN-US\">, Hilda de Paulo was still known as Paulo Aureliano da Mata. <span class=\"jlqj4b\">The artist began her gender transition in 2020, changing her name in the same year.<\/span><\/span><\/em><\/span><\/p>\n<p>&nbsp;<\/p>\n<h2 style=\"text-align: justify;\"><span style=\"color: #000000;\"><strong>CREDITS<\/strong><\/span><\/h2>\n<p style=\"text-align: justify;\"><span lang=\"EN-US\" style=\"color: #000000;\">Performance by Tales Frey | <span class=\"jlqj4b\">Exclusive participation of Hilda de Paulo | Duration: 2 hours<\/span><\/span><\/p>\n<p>&nbsp;<\/p>\n<h2 style=\"text-align: justify;\"><strong>TRAJECTORY<\/strong><\/h2>\n<h3 style=\"text-align: justify;\"><span style=\"color: #000000;\"><u>LIVE<\/u><\/span><\/h3>\n<p><span style=\"color: #000000;\"><strong>[2021]<\/strong> <strong>Toll of Me<\/strong>. Not a Museum, Lisboa, Portugal.<\/span><\/p>\n<p><span style=\"color: #000000;\"><strong>[2021]<\/strong> <strong>What Can a Body Do?<\/strong>\u00a0SP-Arte 365 and Verve Gallery, S\u00e3o Paulo-SP, Brazil.<\/span><\/p>\n<p style=\"text-align: justify;\"><span style=\"color: #000000;\"><strong><span lang=\"EN-US\">[2019]<\/span><\/strong><span class=\"apple-converted-space\"><span lang=\"EN-US\">\u00a0<\/span><\/span><strong><span lang=\"EN-US\">A! Performance Festival<\/span><\/strong><span lang=\"EN-US\">. Akureyri Art Museu, Akyreyri, Iceland.<\/span><\/span><\/p>\n<p style=\"text-align: justify;\"><span style=\"color: #000000;\"><strong><span lang=\"PT-BR\">[2019] BienalSur<\/span><\/strong><span lang=\"PT-BR\">. MUNTREF \u2013 Museo de la Inmigraci\u00f3n (Sede Hotel de Inmigrantes), Buenos Aires, Argentina.<\/span><\/span><\/p>\n<p style=\"text-align: justify;\"><span style=\"color: #000000;\"><strong><span lang=\"PT-BR\">[2019] Sonora [+]<\/span><\/strong><span lang=\"PT-BR\">. SESC S\u00e3o Jos\u00e9 do Rio Preto. S\u00e3o Jos\u00e9 do Rio Preto-SP, Brazil.<\/span><\/span><\/p>\n<p style=\"text-align: justify;\"><span style=\"color: #000000;\"><strong><span lang=\"EN-US\">[2019]<\/span><\/strong><span class=\"apple-converted-space\"><b><span lang=\"EN-US\">\u00a0<\/span><\/b><\/span><span lang=\"EN-US\">Exposi\u00e7\u00e3o<\/span><span class=\"apple-converted-space\"><span lang=\"EN-US\">\u00a0<\/span><\/span><strong><span lang=\"EN-US\">In Position of Dance<\/span><\/strong><span lang=\"EN-US\">. <\/span><span lang=\"PT-BR\">Curated by Daniela Labra. Centro Municipal de Arte H\u00e9lio Oiticica, Rio de Janeiro-RJ, Brazil.<\/span><\/span><\/p>\n<p style=\"text-align: justify;\"><span style=\"color: #000000;\"><strong><span lang=\"PT-BR\">[2019]<\/span><\/strong><span class=\"apple-converted-space\"><b><span lang=\"PT-BR\">\u00a0<\/span><\/b><\/span><span lang=\"PT-BR\">SESC S\u00e3o Jos\u00e9 dos Campos. S\u00e3o Jos\u00e9 dos Campos-SP, Brazil.<\/span><\/span><\/p>\n<p style=\"text-align: justify;\"><span style=\"color: #000000;\"><strong><span lang=\"PT-BR\">[2019] 22\u00e8mes Rencontres Traverse Vid\u00e9o: \u201cL\u2019Exp\u00e9rimental recherche\/art\u201d<\/span><\/strong><span lang=\"PT-BR\">. Librairie Ombres Blanches, Toulouse, France.<\/span><\/span><\/p>\n<p style=\"text-align: justify;\"><span style=\"color: #000000;\"><strong><span lang=\"PT-BR\">[2018] 86\u00ba Anivers\u00e1rio Rivoli<\/span><\/strong><span lang=\"PT-BR\">. Teatro Municipal Rivoli, Porto, Portugal.<\/span><\/span><\/p>\n<p style=\"text-align: justify;\"><span style=\"color: #000000;\"><strong><span lang=\"PT-BR\">[2017]<\/span><\/strong><span class=\"apple-converted-space\"><span lang=\"PT-BR\">\u00a0<\/span><\/span><span lang=\"PT-BR\">SESC Santana.\u00a0S\u00e3o Paulo-SP, Brazil.<\/span><\/span><\/p>\n<p style=\"text-align: justify;\"><span style=\"color: #000000;\"><strong><span lang=\"PT-BR\">[2017]<\/span><\/strong><span class=\"apple-converted-space\"><span lang=\"PT-BR\">\u00a0<\/span><\/span><span lang=\"PT-BR\">SESC Registro.\u00a0Registro-SP, Brazil.<\/span><\/span><\/p>\n<p style=\"text-align: justify;\"><span style=\"color: #000000;\"><strong><span lang=\"EN-US\">[2017]<\/span><\/strong><span lang=\"EN-US\">\u00a0Athens Museum of Queer Arts (AMOQA), Athens, Greece.<\/span><\/span><\/p>\n<p>&nbsp;<\/p>\n<h3><span style=\"color: #000000;\"><u><span lang=\"EN-US\">AS OBJECT, PHOTOGRAPHY AND VIDEO<\/span><\/u><\/span><\/h3>\n<div style=\"text-align: justify;\"><span style=\"color: #000000;\"><b>[2022]\u00a0<\/b>SESC Campinas. Campinas-SP, Brazil.<\/span><\/div>\n<p><span style=\"color: #000000;\"><strong>[2021]<\/strong> <strong>Toll of Me<\/strong>. Not a Museum, Lisboa, Portugal.<\/span><\/p>\n<p style=\"text-align: justify;\"><span style=\"color: #000000;\"><strong>[2020]<\/strong><span class=\"apple-converted-space\"><b>\u00a0<\/b><\/span><strong>Hot Offer<\/strong>. Galeria Verve, S\u00e3o Paulo-SP, Brazil.<\/span><\/p>\n<p style=\"text-align: justify;\"><span style=\"color: #000000;\"><strong><span lang=\"EN-US\">[2019]\u00a0<\/span><\/strong><span lang=\"EN-US\">Exposi\u00e7\u00e3o<\/span><span class=\"apple-converted-space\"><span lang=\"EN-US\">\u00a0<\/span><\/span><strong><span lang=\"EN-US\">Loving in Times of Cholera<\/span><\/strong><span lang=\"EN-US\">. <\/span><span lang=\"PT-BR\">Galeria Verve, S\u00e3o Paulo-SP, Brazil.<\/span><\/span><\/p>\n<p style=\"text-align: justify;\"><span style=\"color: #000000;\"><strong><span lang=\"PT-BR\">[2019] Movedi\u00e7a \u2013 III Mostra de Performance Arte<\/span><\/strong><span lang=\"PT-BR\">. Liberdade Galeria de Arte. S\u00e3o Paulo-SP, Brazil.<\/span><\/span><\/p>\n<p style=\"text-align: justify;\"><span style=\"color: #000000;\"><strong><span lang=\"PT-BR\">[2019] BienalSur<\/span><\/strong><span lang=\"PT-BR\">. MUNTREF \u2013 Museo de la Inmigraci\u00f3n (Sede Hotel de Inmigrantes), Buenos Aires, Argentina.<\/span><\/span><\/p>\n<p style=\"text-align: justify;\"><span style=\"color: #000000;\"><strong><span lang=\"PT-BR\">[2019] Mostra IP\u00earform\u00e1tico<\/span><\/strong><span lang=\"PT-BR\">. Centro Cultural Jos\u00e9 Oct\u00e1vio Guizzo, Sala Ign\u00eas Correa, Campo Grande-MS, Brazil.<\/span><\/span><\/p>\n<p style=\"text-align: justify;\"><span style=\"color: #000000;\"><strong><span lang=\"PT-BR\">[2019] 22\u00e8mes Rencontres Traverse Vid\u00e9o: \u201cL\u2019Exp\u00e9rimental recherche\/art\u201d<\/span><\/strong><span lang=\"PT-BR\">. <\/span><span lang=\"EN-US\">Cin\u00e9ma Le Crat\u00e8re,Toulouse, France.<\/span><\/span><\/p>\n<p style=\"text-align: justify;\"><span style=\"color: #000000;\"><strong><span lang=\"EN-US\">[2019] 5th ARTAnkara Contemporary Art Fair<\/span><\/strong><span lang=\"EN-US\">. Ankara, Turkey.<\/span><\/span><\/p>\n<p style=\"text-align: justify;\"><span style=\"color: #000000;\"><strong><span lang=\"EN-US\">[2019]<\/span><\/strong><span class=\"apple-converted-space\"><span lang=\"EN-US\">\u00a0<\/span><\/span><span lang=\"EN-US\">Exposi\u00e7\u00e3o<\/span><span class=\"apple-converted-space\"><span lang=\"EN-US\">\u00a0<\/span><\/span><strong><span lang=\"EN-US\">Five Activation Tactics<\/span><\/strong><span lang=\"EN-US\">. <\/span><span lang=\"PT-BR\">Centro para os Assuntos da Arte e Arquitectura, Guimar\u00e3es, Portugal.<\/span><\/span><\/p>\n<p style=\"text-align: justify;\"><span style=\"color: #000000;\"><strong><span lang=\"EN-US\">[2019]\u00a0PerfoArtNet: VI International Biennial of Performance. <\/span><\/strong><strong><span lang=\"PT-BR\">Manifiestos de G\u00e9nero, Raza y Relaciones<\/span><\/strong><span lang=\"PT-BR\">. <\/span><span lang=\"EN-US\">Asab, Bogot\u00e1, Colombia.<\/span><\/span><\/p>\n<p style=\"text-align: justify;\"><span style=\"color: #000000;\"><strong><span lang=\"EN-US\">[2018]\u00a0<\/span><\/strong><span lang=\"EN-US\">Galeria Zsenne Art Lab, Bruxelas, B\u00e9lgica.<\/span><\/span><\/p>\n<p style=\"text-align: justify;\"><span style=\"color: #000000;\"><b><span lang=\"EN-US\">[2018-19]<\/span><\/b><span class=\"apple-converted-space\"><b><span lang=\"EN-US\">\u00a0<\/span><\/b><\/span><b><span lang=\"EN-US\">Aesthetics of Movement<\/span><\/b><span lang=\"EN-US\">. Online exhibition presented in collaboration with Stockholm Performance Art e Istambul Performance Art.<\/span><\/span><\/p>\n<p style=\"text-align: justify;\"><span style=\"color: #000000;\"><b><span lang=\"PT-BR\">[2018]<\/span><\/b><span class=\"apple-converted-space\"><b><span lang=\"PT-BR\">\u00a0<\/span><\/b><\/span><span lang=\"PT-BR\">Tac\u00e3o R\u00e1pido, Porto, Portugal.<\/span><\/span><\/p>\n<p style=\"text-align: justify;\"><span style=\"color: #000000;\"><strong><span lang=\"PT-BR\">[2018]<\/span><\/strong><span lang=\"PT-BR\">\u00a0<strong>Festival Internacional de Danza de C\u00f3rdoba<\/strong>.\u00a0Centro Cultural Alta C\u00f3rdoba e Espacio 75, C\u00f3rdoba, Argentina.<\/span><\/span><\/p>\n<p style=\"text-align: justify;\"><span style=\"color: #000000;\"><strong><span lang=\"EN-US\">[2018]<\/span><\/strong><span lang=\"EN-US\">\u00a0<strong>Body\u00a0Landscapes Performance Art Festival<\/strong>. <\/span><span lang=\"PT-BR\">VerdensKulturCentret, Copenhagen, Dinamarca.<\/span><\/span><\/p>\n<p style=\"text-align: justify;\"><span style=\"color: #000000;\"><strong><span lang=\"PT-BR\">[2018]<\/span><\/strong><span class=\"apple-converted-space\"><span lang=\"PT-BR\">\u00a0<\/span><\/span><strong><span lang=\"PT-BR\">Conquista Ruas:\u00a0Festival de Artes Performativas<\/span><\/strong><span lang=\"PT-BR\">. Centro\u00a0Cultural del Carmen, Valencia, Spain.<\/span><\/span><\/p>\n<p style=\"text-align: justify;\"><span style=\"color: #000000;\"><strong><span lang=\"PT-BR\">[2018]<\/span><\/strong><span lang=\"PT-BR\">\u00a0<strong>Acciones al Margen \u2013 Festival Internacional de Performance<\/strong>. <\/span><span lang=\"EN-US\">Bucaramanga, Colombia.<\/span><\/span><\/p>\n<p style=\"text-align: justify;\"><span style=\"color: #000000;\"><strong><span lang=\"EN-US\">[2018]<\/span><\/strong><span class=\"apple-converted-space\"><span lang=\"EN-US\">\u00a0<\/span><\/span><span lang=\"EN-US\">Exhibition<\/span><span class=\"apple-converted-space\"><span lang=\"EN-US\">\u00a0<\/span><\/span><strong><span lang=\"EN-US\">It&#8217;s All About Performativity<\/span><\/strong><span lang=\"EN-US\">. Curated by Elisa Noronha. <\/span><span lang=\"PT-BR\">F\u00f3rum Cultural de Cerveira, Vila Nova de Cerveira, Portugal.<\/span><\/span><\/p>\n<p style=\"text-align: justify;\"><span style=\"color: #000000;\"><strong><span lang=\"PT-BR\">[2018]<\/span><\/strong><span lang=\"PT-BR\">\u00a0Exhibition\u00a0<strong>Entanglements for a Body<\/strong>. Curated by Raphael Fonseca. Centro Cultural da Justi\u00e7a Federal, Rio de Janeiro-RJ, Brazil.<\/span><\/span><\/p>\n<p style=\"text-align: justify;\"><span style=\"color: #000000;\"><strong><span lang=\"PT-BR\">[2017]<\/span><\/strong><span lang=\"PT-BR\">\u00a0SESC Araraquara, Araraquara-SP, Brazil.<\/span><\/span><\/p>\n<p style=\"text-align: justify;\"><span style=\"color: #000000;\"><strong><span lang=\"EN-US\">[2017]<\/span><\/strong><span lang=\"EN-US\">\u00a0<strong>2nd PERFORM \u2013 OR NOT<\/strong>. Gallery 3,14, Tallinn, Estonia.<\/span><\/span><\/p>\n<p style=\"text-align: justify;\"><span style=\"color: #000000;\"><strong><span lang=\"PT-BR\">[2017] Converg\u00eancia 2017<\/span><\/strong><span lang=\"PT-BR\">. SESC Palmas, Palmas-TO, Brazil.<\/span><\/span><\/p>\n<p style=\"text-align: justify;\"><span style=\"color: #000000;\"><strong><span lang=\"EN-US\">[2017]<\/span><\/strong><span class=\"apple-converted-space\"><span lang=\"EN-US\">\u00a0<\/span><\/span><span lang=\"EN-US\">Solo exhibition<\/span><span class=\"apple-converted-space\"><span lang=\"EN-US\">\u00a0<\/span><\/span><strong><span lang=\"EN-US\">To be Privy<\/span><\/strong><span lang=\"EN-US\">. Curated by Rob\u00a0Garrett. Corner Window Gallery, Auckland, New Zealand.<\/span><\/span><\/p>\n<p style=\"text-align: justify;\"><span style=\"color: #000000;\"><strong><span lang=\"EN-US\">[2017]\u00a0XIX International Biennial of Art of Cerveira: From Pop Art to Trans-avant-garde<\/span><\/strong><span lang=\"EN-US\">. <\/span><span lang=\"PT-BR\">Vila Nova de Cerveira, Portugal.<\/span><\/span><\/p>\n<p>&nbsp;<\/p>\n<div style=\"padding: 56.25% 0 0 0; position: relative;\"><iframe style=\"position: absolute; top: 0; left: 0; width: 100%; height: 100%;\" src=\"https:\/\/player.vimeo.com\/video\/231816216?color=ffffff&amp;title=0&amp;byline=0&amp;portrait=0\" frameborder=\"0\" allowfullscreen=\"allowfullscreen\"><\/iframe><\/div>\n<p style=\"text-align: center;\"><span style=\"color: #000000;\"><span lang=\"PT-BR\">Tales Frey,<span class=\"apple-converted-space\">\u00a0<\/span><\/span><span class=\"jlqj4b\"><b><span lang=\"PT-BR\">To Be Privy<\/span><\/b><\/span><span lang=\"PT-BR\">, 2017. <\/span><span lang=\"EN-US\">Video, 3\u201950\u2019\u2019. Edition: 5 + 2 P.A.<\/span><\/span><\/p>\n<p style=\"text-align: center;\"><span lang=\"EN-US\" style=\"color: #000000;\">Edition 1\/5 + 2 P.A. belongs to the collection of the Museum of Contemporary Art of Niter\u00f3i (MAC Niter\u00f3i), Niter\u00f3i-RJ, Brazil<\/span><\/p>\n<p>&nbsp;<\/p>\n<p style=\"text-align: center;\"><span style=\"color: #000000;\"><img loading=\"lazy\" decoding=\"async\" class=\"aligncenter wp-image-3569 size-full\" title=\"Tales Frey, &quot;To Be Privy&quot;, 2017. Photography, 150 x 108 cm. Edition: 5 + 2 P.A.\" src=\"http:\/\/ciaexcessos.com.br\/ciawp\/wp-content\/uploads\/2016\/12\/estar-a-par-tales-frey-1.jpg\" alt=\"\" width=\"921\" height=\"1280\" srcset=\"https:\/\/ciaexcessos.com.br\/ciawp\/wp-content\/uploads\/2016\/12\/estar-a-par-tales-frey-1.jpg 921w, https:\/\/ciaexcessos.com.br\/ciawp\/wp-content\/uploads\/2016\/12\/estar-a-par-tales-frey-1-216x300.jpg 216w, https:\/\/ciaexcessos.com.br\/ciawp\/wp-content\/uploads\/2016\/12\/estar-a-par-tales-frey-1-768x1067.jpg 768w, https:\/\/ciaexcessos.com.br\/ciawp\/wp-content\/uploads\/2016\/12\/estar-a-par-tales-frey-1-737x1024.jpg 737w\" sizes=\"auto, (max-width: 921px) 100vw, 921px\" \/><\/span><\/p>\n<p style=\"text-align: center;\"><span style=\"color: #000000;\"><span lang=\"EN-US\">Tales Frey, <\/span><span class=\"jlqj4b\"><b><span lang=\"EN-US\">To Be Privy<\/span><\/b><\/span><span lang=\"EN-US\">, 2017. Photography, 150 x 108 cm. Edition: 5 + 2 P.A.<\/span><\/span><\/p>\n<p>&nbsp;<\/p>\n<p style=\"text-align: center;\"><span style=\"color: #000000;\"><img loading=\"lazy\" decoding=\"async\" class=\"aligncenter wp-image-3570 size-full\" title=\"Individual exhibition &quot;To Be Privy&quot;, by Tales Frey curated by Rob Garrett at the Window Corner Gallery. Auckland, New Zealand, 2017. Photograph by Clinton Phillips.\" src=\"http:\/\/ciaexcessos.com.br\/ciawp\/wp-content\/uploads\/2016\/12\/estar-a-par-tales-frey-2.jpg\" alt=\"\" width=\"1280\" height=\"1280\" srcset=\"https:\/\/ciaexcessos.com.br\/ciawp\/wp-content\/uploads\/2016\/12\/estar-a-par-tales-frey-2.jpg 1280w, https:\/\/ciaexcessos.com.br\/ciawp\/wp-content\/uploads\/2016\/12\/estar-a-par-tales-frey-2-150x150.jpg 150w, https:\/\/ciaexcessos.com.br\/ciawp\/wp-content\/uploads\/2016\/12\/estar-a-par-tales-frey-2-300x300.jpg 300w, https:\/\/ciaexcessos.com.br\/ciawp\/wp-content\/uploads\/2016\/12\/estar-a-par-tales-frey-2-768x768.jpg 768w, https:\/\/ciaexcessos.com.br\/ciawp\/wp-content\/uploads\/2016\/12\/estar-a-par-tales-frey-2-1024x1024.jpg 1024w\" sizes=\"auto, (max-width: 1280px) 100vw, 1280px\" \/><\/span><\/p>\n<p style=\"text-align: center;\"><span style=\"color: #000000;\"><span lang=\"EN-US\">Individual exhibition <\/span><span class=\"jlqj4b\"><b><span lang=\"EN-US\">To Be Privy<\/span><\/b><\/span><span lang=\"EN-US\">, by Tales Frey curated by Rob Garrett at the Window Corner Gallery. Auckland, New Zealand, 2017. Photograph by Clinton Phillips<\/span><\/span><\/p>\n<p>&nbsp;<\/p>\n<p style=\"text-align: center;\"><span style=\"color: #000000;\"><img loading=\"lazy\" decoding=\"async\" class=\"aligncenter wp-image-5299 size-full\" title=\"Performance &quot;To Be Privy&quot; by Tales Frey performed at A! Akureyri Art Museum Performance Festival in Akureyri city in Iceland in October 2019. Photograph of Akureyri Art Museum team.\" src=\"http:\/\/ciaexcessos.com.br\/ciawp\/wp-content\/uploads\/2019\/10\/estar-a-par-tales-frey-Akureyri-Art-Museum.jpg\" alt=\"\" width=\"1024\" height=\"683\" srcset=\"https:\/\/ciaexcessos.com.br\/ciawp\/wp-content\/uploads\/2019\/10\/estar-a-par-tales-frey-Akureyri-Art-Museum.jpg 1024w, https:\/\/ciaexcessos.com.br\/ciawp\/wp-content\/uploads\/2019\/10\/estar-a-par-tales-frey-Akureyri-Art-Museum-300x200.jpg 300w, https:\/\/ciaexcessos.com.br\/ciawp\/wp-content\/uploads\/2019\/10\/estar-a-par-tales-frey-Akureyri-Art-Museum-768x512.jpg 768w\" sizes=\"auto, (max-width: 1024px) 100vw, 1024px\" \/><\/span><\/p>\n<p style=\"text-align: center;\"><span style=\"color: #000000;\">Performance <strong>To Be Privy<\/strong> by Tales Frey performed at A! Akureyri Art Museum Performance Festival in Akureyri city in Iceland in October 2019. Photograph of Akureyri Art Museum team<\/span><\/p>\n<p>&nbsp;<\/p>\n<div style=\"padding: 56.25% 0 0 0; position: relative;\"><iframe style=\"position: absolute; top: 0; left: 0; width: 100%; height: 100%;\" src=\"https:\/\/player.vimeo.com\/video\/366620017?color=ffffff&amp;title=0&amp;byline=0&amp;portrait=0\" frameborder=\"0\" allowfullscreen=\"allowfullscreen\" data-mce-fragment=\"1\"><\/iframe><\/div>\n<p style=\"text-align: center;\"><span style=\"color: #000000;\">Video made by the Icelandic public television network Sj\u00f3nvarpi\u00f0 to publicize A! Performance Festival held by the Akureyri Art Museum in Iceland<\/span><\/p>\n<p>&nbsp;<\/p>\n<div style=\"padding: 56.25% 0 0 0; position: relative;\"><iframe style=\"position: absolute; top: 0; left: 0; width: 100%; height: 100%;\" src=\"https:\/\/player.vimeo.com\/video\/356563874?color=ffffff&amp;title=0&amp;byline=0&amp;portrait=0\" frameborder=\"0\" allowfullscreen=\"allowfullscreen\"><\/iframe><\/div>\n<p style=\"text-align: center;\"><span style=\"color: #000000;\">Performance <strong>To Be Privy<\/strong> by Tales Frey held at BIENALSUR at the MUNTREF Centro de Arte Contempor\u00e1neo y Museo de la Inmigraci\u00f3n &#8211; Headquarters Hotel de Inmigrantes in the city of Buenos Aires in Argentina in June 2019<\/span><\/p>\n<p>&nbsp;<\/p>\n<p style=\"text-align: center;\"><span style=\"color: #000000;\"><img loading=\"lazy\" decoding=\"async\" class=\"aligncenter wp-image-5785 size-full\" title=\"Performance &quot;To Be Privy&quot; by Tales Frey held at the Cultural Center of Municipal Art H\u00e9lio Oiticica in the city of Rio de Janeiro in Brazil in June 2019. Photographs by Angela Moss and Bernardo Feitosa.\" src=\"http:\/\/ciaexcessos.com.br\/ciawp\/wp-content\/uploads\/2020\/02\/em-posi\u00e7\u00f5es-de-danca-paulo-aureliano-da-mata-tales-frey-03.jpeg\" alt=\"\" width=\"3162\" height=\"1327\" srcset=\"https:\/\/ciaexcessos.com.br\/ciawp\/wp-content\/uploads\/2020\/02\/em-posi\u00e7\u00f5es-de-danca-paulo-aureliano-da-mata-tales-frey-03.jpeg 3162w, https:\/\/ciaexcessos.com.br\/ciawp\/wp-content\/uploads\/2020\/02\/em-posi\u00e7\u00f5es-de-danca-paulo-aureliano-da-mata-tales-frey-03-300x126.jpeg 300w, https:\/\/ciaexcessos.com.br\/ciawp\/wp-content\/uploads\/2020\/02\/em-posi\u00e7\u00f5es-de-danca-paulo-aureliano-da-mata-tales-frey-03-768x322.jpeg 768w, https:\/\/ciaexcessos.com.br\/ciawp\/wp-content\/uploads\/2020\/02\/em-posi\u00e7\u00f5es-de-danca-paulo-aureliano-da-mata-tales-frey-03-1024x430.jpeg 1024w\" sizes=\"auto, (max-width: 3162px) 100vw, 3162px\" \/><\/span><\/p>\n<p style=\"text-align: center;\"><span style=\"color: #000000;\">Performance <strong>To Be Privy<\/strong> by Tales Frey held at the Cultural Center of Municipal Art H\u00e9lio Oiticica in the city of Rio de Janeiro in Brazil in June 2019. Photographs by Angela Moss and Bernardo Feitosa<\/span><\/p>\n<p>&nbsp;<\/p>\n<div style=\"padding: 56.25% 0 0 0; position: relative;\"><iframe style=\"position: absolute; top: 0; left: 0; width: 100%; height: 100%;\" src=\"https:\/\/player.vimeo.com\/video\/354394991?color=ffffff&amp;title=0&amp;byline=0&amp;portrait=0\" frameborder=\"0\" allowfullscreen=\"allowfullscreen\" data-mce-fragment=\"1\"><\/iframe><\/div>\n<p style=\"text-align: center;\"><span style=\"color: #000000;\">Performance <strong>To Be Privy<\/strong> by Tales Frey held at the 22nd Rencontres Traverse Vid\u00e9o: L\u2019Exp\u00e9rimental {recherche \/ art} in the city of Toulouse in France in March 2019<\/span><\/p>\n<p>&nbsp;<\/p>\n<p style=\"text-align: center;\"><span style=\"color: #000000;\"><img loading=\"lazy\" decoding=\"async\" class=\"aligncenter wp-image-5238 size-full\" title=\"&quot;To Be Privy&quot; (2017), by Tales Frey in his solo exhibition &quot;Five Activation Tactics&quot;. Center for the Affairs of Art and Architecture, Guimar\u00e3es, Portugal, 2019.\" src=\"http:\/\/ciaexcessos.com.br\/ciawp\/wp-content\/uploads\/2019\/08\/estar-a-par-caaa-tales-frey.jpg\" alt=\"\" width=\"1280\" height=\"853\" srcset=\"https:\/\/ciaexcessos.com.br\/ciawp\/wp-content\/uploads\/2019\/08\/estar-a-par-caaa-tales-frey.jpg 1280w, https:\/\/ciaexcessos.com.br\/ciawp\/wp-content\/uploads\/2019\/08\/estar-a-par-caaa-tales-frey-300x200.jpg 300w, https:\/\/ciaexcessos.com.br\/ciawp\/wp-content\/uploads\/2019\/08\/estar-a-par-caaa-tales-frey-768x512.jpg 768w, https:\/\/ciaexcessos.com.br\/ciawp\/wp-content\/uploads\/2019\/08\/estar-a-par-caaa-tales-frey-1024x682.jpg 1024w\" sizes=\"auto, (max-width: 1280px) 100vw, 1280px\" \/><\/span><\/p>\n<p style=\"text-align: center;\"><span style=\"color: #000000;\"><strong>To Be Privy<\/strong> (2017), by Tales Frey in his solo exhibition <strong>Five Activation Tactics<\/strong>. Center for the Affairs of Art and Architecture, Guimar\u00e3es, Portugal, 2019<\/span><\/p>\n<p>&nbsp;<\/p>\n<div style=\"padding: 56.25% 0 0 0; position: relative;\"><iframe style=\"position: absolute; top: 0; left: 0; width: 100%; height: 100%;\" src=\"https:\/\/player.vimeo.com\/video\/258611420?color=ffffff&amp;title=0&amp;byline=0&amp;portrait=0\" frameborder=\"0\" allowfullscreen=\"allowfullscreen\"><\/iframe><\/div>\n<p style=\"text-align: center;\"><span style=\"color: #000000;\">Performance <strong>To Be Privy<\/strong> by Tales Frey held at the 86th Anniversary of Teatro Municipal Rivoli in the city of Porto in Portugal in January 2018<\/span><\/p>\n<p><\/p>","protected":false},"excerpt":{"rendered":"<p>&nbsp; Tales Frey,\u00a0To Be Privy \u2013 Object, 2017. Object, 63 x 24 x 11,5 cm. [&hellip;]<\/p>\n","protected":false},"author":1,"featured_media":0,"parent":54,"menu_order":502,"comment_status":"closed","ping_status":"closed","template":"","meta":{"footnotes":""},"class_list":["post-2624","page","type-page","status-publish","hentry"],"_links":{"self":[{"href":"https:\/\/ciaexcessos.com.br\/en\/wp-json\/wp\/v2\/pages\/2624","targetHints":{"allow":["GET"]}}],"collection":[{"href":"https:\/\/ciaexcessos.com.br\/en\/wp-json\/wp\/v2\/pages"}],"about":[{"href":"https:\/\/ciaexcessos.com.br\/en\/wp-json\/wp\/v2\/types\/page"}],"author":[{"embeddable":true,"href":"https:\/\/ciaexcessos.com.br\/en\/wp-json\/wp\/v2\/users\/1"}],"replies":[{"embeddable":true,"href":"https:\/\/ciaexcessos.com.br\/en\/wp-json\/wp\/v2\/comments?post=2624"}],"version-history":[{"count":51,"href":"https:\/\/ciaexcessos.com.br\/en\/wp-json\/wp\/v2\/pages\/2624\/revisions"}],"predecessor-version":[{"id":9398,"href":"https:\/\/ciaexcessos.com.br\/en\/wp-json\/wp\/v2\/pages\/2624\/revisions\/9398"}],"up":[{"embeddable":true,"href":"https:\/\/ciaexcessos.com.br\/en\/wp-json\/wp\/v2\/pages\/54"}],"wp:attachment":[{"href":"https:\/\/ciaexcessos.com.br\/en\/wp-json\/wp\/v2\/media?parent=2624"}],"curies":[{"name":"wp","href":"https:\/\/api.w.org\/{rel}","templated":true}]}}