{"id":2657,"date":"2017-01-28T03:18:26","date_gmt":"2017-01-28T05:18:26","guid":{"rendered":"http:\/\/ciaexcessos.com.br\/?page_id=2657"},"modified":"2023-12-23T14:17:49","modified_gmt":"2023-12-23T17:17:49","slug":"finitas-contagens","status":"publish","type":"page","link":"https:\/\/ciaexcessos.com.br\/en\/tales-frey\/criacoes\/finitas-contagens\/","title":{"rendered":"Finite Counting for Infinite Variations (2017)"},"content":{"rendered":"<p>&nbsp;<\/p>\n<p style=\"text-align: center;\"><span style=\"color: #000000;\"><img loading=\"lazy\" decoding=\"async\" class=\"aligncenter wp-image-3579\" title=\"Tales Frey, &quot;Finite Counting for Infinite Variations&quot;, 2017. Photos, 5 x 7 cm each. Edition: 7 + 2 P.A.\" src=\"http:\/\/ciaexcessos.com.br\/ciawp\/wp-content\/uploads\/2017\/01\/Finitas-Contagens-para-Infinitas-Variacoes-Tales-Frey-1024x694.jpg\" alt=\"\" width=\"900\" height=\"610\" srcset=\"https:\/\/ciaexcessos.com.br\/ciawp\/wp-content\/uploads\/2017\/01\/Finitas-Contagens-para-Infinitas-Variacoes-Tales-Frey-1024x694.jpg 1024w, https:\/\/ciaexcessos.com.br\/ciawp\/wp-content\/uploads\/2017\/01\/Finitas-Contagens-para-Infinitas-Variacoes-Tales-Frey-300x203.jpg 300w, https:\/\/ciaexcessos.com.br\/ciawp\/wp-content\/uploads\/2017\/01\/Finitas-Contagens-para-Infinitas-Variacoes-Tales-Frey-768x521.jpg 768w, https:\/\/ciaexcessos.com.br\/ciawp\/wp-content\/uploads\/2017\/01\/Finitas-Contagens-para-Infinitas-Variacoes-Tales-Frey.jpg 1280w\" sizes=\"auto, (max-width: 900px) 100vw, 900px\" \/><\/span><\/p>\n<p style=\"text-align: center;\"><span style=\"color: #000000;\"><span lang=\"EN-US\">Tales Frey, <b>Finite Counting for Infinite Variations<\/b>,\u00a0<\/span>2017. Photos, 5 x 7 cm each. Edition: 7 + 2 P.A.<\/span><\/p>\n<p style=\"text-align: center;\"><span style=\"color: #000000;\">Edition 1\/7 + 2 P.A.\u00a0<span lang=\"EN-US\">is part of the permanent collection of the<\/span>\u00a0Museu de Arte de Goi\u00e2nia, Goi\u00e2nia-GO, Brazil<\/span><\/p>\n<p>&nbsp;<\/p>\n<p style=\"text-align: justify;\"><span style=\"color: #000000;\"><i><span lang=\"EN-US\">Finite Counting for Infinite Variations <\/span><\/i><span lang=\"EN-US\">is a durational performance grounded on the notion that identity cannot be presented as a fixed unit; It is in constant construction, always multiplying in moving identities, with which we identify only temporarily.<\/span><\/span><\/p>\n<p style=\"text-align: justify;\"><span lang=\"EN-US\" style=\"color: #000000;\">The action is based on the work &#8220;Pose Work for Plinths&#8221; (1971) by Bruce McLean and culminates in a creation that relates performance, sculpture, contemporary dance and the musical style noise. In space, we see 3 plinths &#8211; on which the performer does poses incessantly -, a microphone, a pedal (looper) and a sound amplifier. In addition to the varied poses, the performer counts in ascending order, with his voice amplified, for each one of the postures erected there, avoiding repetitions of corporal compositions, varying voices and impulses in his grimaces. It influences and is influenced by external and internal stimuli. The looper is triggered at the beginning of the counting, gradually registering the tangle of numbers that add up and become noises.<\/span><\/p>\n<p><span style=\"color: #000000;\"><strong>\u00a0<\/strong><\/span><\/p>\n<h2 style=\"text-align: justify;\"><span style=\"color: #000000;\"><strong><span lang=\"EN-US\">CREDITS<\/span><\/strong><\/span><\/h2>\n<p style=\"text-align: justify;\"><span style=\"color: #000000;\">Performance art by Tales Frey | Production: Cia. Excessos | Length: 60 minutes<\/span><\/p>\n<p><span style=\"color: #000000;\"><strong>\u00a0<\/strong><\/span><\/p>\n<div style=\"padding: 56.25% 0 0 0; position: relative;\"><iframe style=\"position: absolute; top: 0; left: 0; width: 100%; height: 100%;\" src=\"https:\/\/player.vimeo.com\/video\/202703811?color=ffffff&amp;title=0&amp;byline=0&amp;portrait=0\" frameborder=\"0\" allowfullscreen=\"allowfullscreen\"><\/iframe><\/div>\n<p style=\"text-align: center;\"><span lang=\"EN-US\" style=\"color: #000000;\">Tales Frey,\u00a0<b>Finite Counting for Infinite Variations<\/b>, 2017. Video, 3\u201940\u2019\u2019<\/span><\/p>\n<p>&nbsp;<\/p>\n<h2 style=\"text-align: justify;\"><strong>TRAJECTORY<\/strong><\/h2>\n<h3 style=\"text-align: justify;\"><span style=\"color: #000000;\"><u>LIVE<\/u><\/span><\/h3>\n<p style=\"text-align: justify;\"><span style=\"color: #000000;\"><b><span lang=\"PT-BR\">[2022]<\/span><\/b><span lang=\"PT-BR\"> SESC Campinas. Campinas-SP, Brazil.<\/span><\/span><\/p>\n<p style=\"text-align: justify;\"><span style=\"color: #000000;\"><b><span lang=\"PT-BR\">[2019] F\u00f3rum Internacional de Gaia 2019<\/span><\/b><span lang=\"PT-BR\">. Vila Nova de Gaia, Portugal.<\/span><\/span><\/p>\n<p style=\"text-align: justify;\"><span style=\"color: #000000;\"><strong>[2019] FIT \u2013 Festival Intenacional de Teatro de S\u00e3o Jos\u00e9 do Rio Preto<\/strong>. S\u00e3o Jos\u00e9 do Rio Preto, SP, Brazil.<\/span><\/p>\n<p style=\"text-align: justify;\"><span style=\"color: #000000;\"><strong>[2019] <\/strong><strong>22\u00e8mes Rencontres Traverse Vid\u00e9o: \u201cL\u2019Exp\u00e9rimental recherche\/art\u201d<\/strong>. Mus\u00e9e des Abattoirs. Toulouse, France.<\/span><\/p>\n<p style=\"text-align: justify;\"><span style=\"color: #000000;\"><strong>[2019] <\/strong>SESC Jundia\u00ed, Jundia\u00ed, SP, Brazil.<\/span><\/p>\n<p style=\"text-align: justify;\"><span style=\"color: #000000;\"><strong>[2018] In Loqus: Mostra de Performance<\/strong>. Curator by Marcos Villas Boas. SESC Santo Amaro, Sao Paulo, SP, Brazil.<\/span><\/p>\n<p style=\"text-align: justify;\"><span style=\"color: #000000;\"><strong>[2018]\u00a0<\/strong>SESC Vila Mariana, Sao Paulo, SP, Brazil.<\/span><\/p>\n<p style=\"text-align: justify;\"><span style=\"color: #000000;\"><strong>[2018]\u00a0Limiar<\/strong>. SESC Bauru, Bauru, SP, Brazil.<\/span><\/p>\n<p style=\"text-align: justify;\"><span style=\"color: #000000;\"><strong>[2017] <\/strong><strong>Singular Look: An Invitation to New Perspectives<\/strong>.\u00a0Pinacoteca Jo\u00e3o Nasser, Catanduva, SP, Brazil.<\/span><\/p>\n<p style=\"text-align: justify;\"><span style=\"color: #000000;\"><strong>[2017]\u00a0<\/strong>SESC Registro. Registro, SP, Brazil.<\/span><\/p>\n<p style=\"text-align: justify;\"><span style=\"color: #000000;\"><strong>[2017]<\/strong>\u00a0<strong>Atmo #3<\/strong>. Curated by Rodrigo Garcia and Rosa Gr\u00fcn. Berlin, Germany.<\/span><\/p>\n<p style=\"text-align: justify;\"><span style=\"color: #000000;\"><strong>[2017]<\/strong>\u00a0Maus H\u00e1bitos \u2013 Espa\u00e7o de Interven\u00e7\u00e3o Cultural, Porto, Portugal.<\/span><\/p>\n<p style=\"text-align: justify;\"><span style=\"color: #000000;\"><strong>[2017]<\/strong>\u00a0<strong>Projeto T3<\/strong>, Caf\u00e9-Concerto ESMAE, Porto, Portugal.<\/span><\/p>\n<p>&nbsp;<\/p>\n<h3 style=\"text-align: justify;\"><span style=\"color: #000000;\"><strong><u>AS VIDEO,\u00a0INSTALLATION\u00a0AND\/OR PHOTOGRAPHY<\/u><\/strong><\/span><\/h3>\n<p style=\"font-weight: 400; text-align: justify;\"><span style=\"color: #000000;\"><strong>[2022]<\/strong> Solo exhibition <strong>Sharing Illusions<\/strong>. Verve Gallery,\u00a0S\u00e3o Paulo-SP, Brazil. <\/span><\/p>\n<p style=\"font-weight: 400; text-align: justify;\"><span style=\"color: #000000;\"><strong>[2022]<\/strong> Solo exhibition <strong>Academia Corpus<\/strong>. Galeria do Lago, Museu da Rep\u00fablica, Rio de Janeiro-RJ, Brazil.<\/span><\/p>\n<p style=\"text-align: justify;\"><span style=\"color: #000000;\"><strong>[2018] In Loqus: Mostra de Performance<\/strong>.\u00a0Curated by Marcos Villas Boas e Renan Marcondes. SESC Santo Amaro, Sao Paulo, SP, Brazil.<\/span><\/p>\n<p>&nbsp;<\/p>\n<p style=\"text-align: center;\"><img loading=\"lazy\" decoding=\"async\" class=\"aligncenter wp-image-8271 size-full\" title=\"&quot;Finite Counts for Infinite Variations&quot; (2017), by Tales Frey, in his solo exhibition &quot;Sharing Illusions&quot;. Verve Gallery, S\u00e3o Paulo, Brazil, 2022.\" src=\"http:\/\/ciaexcessos.com.br\/ciawp\/wp-content\/uploads\/2022\/07\/Finitas-Contagens-Para-Infinitas-Variacoes-Tales-Frey.jpeg\" alt=\"\" width=\"1651\" height=\"1651\" srcset=\"https:\/\/ciaexcessos.com.br\/ciawp\/wp-content\/uploads\/2022\/07\/Finitas-Contagens-Para-Infinitas-Variacoes-Tales-Frey.jpeg 1651w, https:\/\/ciaexcessos.com.br\/ciawp\/wp-content\/uploads\/2022\/07\/Finitas-Contagens-Para-Infinitas-Variacoes-Tales-Frey-300x300.jpeg 300w, https:\/\/ciaexcessos.com.br\/ciawp\/wp-content\/uploads\/2022\/07\/Finitas-Contagens-Para-Infinitas-Variacoes-Tales-Frey-1024x1024.jpeg 1024w, https:\/\/ciaexcessos.com.br\/ciawp\/wp-content\/uploads\/2022\/07\/Finitas-Contagens-Para-Infinitas-Variacoes-Tales-Frey-150x150.jpeg 150w, https:\/\/ciaexcessos.com.br\/ciawp\/wp-content\/uploads\/2022\/07\/Finitas-Contagens-Para-Infinitas-Variacoes-Tales-Frey-768x768.jpeg 768w, https:\/\/ciaexcessos.com.br\/ciawp\/wp-content\/uploads\/2022\/07\/Finitas-Contagens-Para-Infinitas-Variacoes-Tales-Frey-1536x1536.jpeg 1536w\" sizes=\"auto, (max-width: 1651px) 100vw, 1651px\" \/><\/p>\n<p style=\"text-align: center;\"><span style=\"color: #000000;\"><span lang=\"EN-US\"><strong>Finite Counts for Infinite Variations<\/strong>\u00a0<\/span>(2017), by Tales Frey, in his solo exhibition\u00a0<strong><span lang=\"EN-US\">Sharing Illusions<\/span><\/strong><span lang=\"EN-US\">. <\/span>Verve Gallery, S\u00e3o Paulo, Brazil, 2022<\/span><\/p>\n<p>&nbsp;<\/p>\n<p style=\"text-align: center;\"><span style=\"color: #000000;\"><img loading=\"lazy\" decoding=\"async\" class=\"aligncenter wp-image-5476\" title=\"Tales Frey,\u00a0&quot;Finite Counting for Infinite Variations&quot;. Performance showed in Bauru-SP, Brasil. April 2018. Photos by Paola Frey.\" src=\"http:\/\/ciaexcessos.com.br\/ciawp\/wp-content\/uploads\/2019\/12\/Finitas-Contagens-para-Infinitas-Variacoes-Tales-Frey-Sesc-Bauru.jpeg\" alt=\"\" width=\"1001\" height=\"1626\" srcset=\"https:\/\/ciaexcessos.com.br\/ciawp\/wp-content\/uploads\/2019\/12\/Finitas-Contagens-para-Infinitas-Variacoes-Tales-Frey-Sesc-Bauru.jpeg 781w, https:\/\/ciaexcessos.com.br\/ciawp\/wp-content\/uploads\/2019\/12\/Finitas-Contagens-para-Infinitas-Variacoes-Tales-Frey-Sesc-Bauru-185x300.jpeg 185w, https:\/\/ciaexcessos.com.br\/ciawp\/wp-content\/uploads\/2019\/12\/Finitas-Contagens-para-Infinitas-Variacoes-Tales-Frey-Sesc-Bauru-768x1248.jpeg 768w, https:\/\/ciaexcessos.com.br\/ciawp\/wp-content\/uploads\/2019\/12\/Finitas-Contagens-para-Infinitas-Variacoes-Tales-Frey-Sesc-Bauru-630x1024.jpeg 630w\" sizes=\"auto, (max-width: 1001px) 100vw, 1001px\" \/><\/span><\/p>\n<p style=\"text-align: center;\"><span style=\"color: #000000;\">Tales Frey,\u00a0<strong>Finite Counting for Infinite Variations<\/strong>. Performance showed in Bauru-SP, Brasil. April 2018. Photos by Paola Frey<\/span><\/p>\n<p>&nbsp;<\/p>\n<p style=\"text-align: center;\"><span style=\"color: #000000;\"><img loading=\"lazy\" decoding=\"async\" class=\"aligncenter wp-image-5233 size-full\" title=\"Brazilian Newspaper &quot;O Regional&quot;, Catanduva, July 11, 2019.\" src=\"http:\/\/ciaexcessos.com.br\/ciawp\/wp-content\/uploads\/2019\/08\/o-regional-julho-2019-tales-frey.jpg\" alt=\"\" width=\"1752\" height=\"1870\" srcset=\"https:\/\/ciaexcessos.com.br\/ciawp\/wp-content\/uploads\/2019\/08\/o-regional-julho-2019-tales-frey.jpg 1752w, https:\/\/ciaexcessos.com.br\/ciawp\/wp-content\/uploads\/2019\/08\/o-regional-julho-2019-tales-frey-281x300.jpg 281w, https:\/\/ciaexcessos.com.br\/ciawp\/wp-content\/uploads\/2019\/08\/o-regional-julho-2019-tales-frey-768x820.jpg 768w, https:\/\/ciaexcessos.com.br\/ciawp\/wp-content\/uploads\/2019\/08\/o-regional-julho-2019-tales-frey-959x1024.jpg 959w\" sizes=\"auto, (max-width: 1752px) 100vw, 1752px\" \/><\/span><\/p>\n<p style=\"text-align: center;\"><span style=\"color: #000000;\">Brazilian Newspaper <strong>O Regional<\/strong>, Catanduva, July 11, 2019<\/span><\/p>\n<p><\/p>","protected":false},"excerpt":{"rendered":"<p>&nbsp; Tales Frey, Finite Counting for Infinite Variations,\u00a02017. Photos, 5 x 7 cm each. Edition: [&hellip;]<\/p>\n","protected":false},"author":1,"featured_media":0,"parent":54,"menu_order":503,"comment_status":"closed","ping_status":"closed","template":"","meta":{"footnotes":""},"class_list":["post-2657","page","type-page","status-publish","hentry"],"_links":{"self":[{"href":"https:\/\/ciaexcessos.com.br\/en\/wp-json\/wp\/v2\/pages\/2657","targetHints":{"allow":["GET"]}}],"collection":[{"href":"https:\/\/ciaexcessos.com.br\/en\/wp-json\/wp\/v2\/pages"}],"about":[{"href":"https:\/\/ciaexcessos.com.br\/en\/wp-json\/wp\/v2\/types\/page"}],"author":[{"embeddable":true,"href":"https:\/\/ciaexcessos.com.br\/en\/wp-json\/wp\/v2\/users\/1"}],"replies":[{"embeddable":true,"href":"https:\/\/ciaexcessos.com.br\/en\/wp-json\/wp\/v2\/comments?post=2657"}],"version-history":[{"count":31,"href":"https:\/\/ciaexcessos.com.br\/en\/wp-json\/wp\/v2\/pages\/2657\/revisions"}],"predecessor-version":[{"id":9418,"href":"https:\/\/ciaexcessos.com.br\/en\/wp-json\/wp\/v2\/pages\/2657\/revisions\/9418"}],"up":[{"embeddable":true,"href":"https:\/\/ciaexcessos.com.br\/en\/wp-json\/wp\/v2\/pages\/54"}],"wp:attachment":[{"href":"https:\/\/ciaexcessos.com.br\/en\/wp-json\/wp\/v2\/media?parent=2657"}],"curies":[{"name":"wp","href":"https:\/\/api.w.org\/{rel}","templated":true}]}}