{"id":4580,"date":"2018-11-24T12:14:41","date_gmt":"2018-11-24T14:14:41","guid":{"rendered":"http:\/\/ciaexcessos.com.br\/?page_id=4580"},"modified":"2023-12-23T13:58:18","modified_gmt":"2023-12-23T16:58:18","slug":"conjunto-sensivel","status":"publish","type":"page","link":"https:\/\/ciaexcessos.com.br\/en\/tales-frey\/criacoes\/conjunto-sensivel\/","title":{"rendered":"Sensitive Group (2018)"},"content":{"rendered":"<p>&nbsp;<\/p>\n<p style=\"text-align: center;\"><span style=\"color: #000000;\"><img loading=\"lazy\" decoding=\"async\" class=\"aligncenter wp-image-4585 size-full\" title=\"Tales Frey, &quot;Sensitive Group&quot;, 2018. Interactive dressing, 100 x 100 cm. Edition: 20 + 2 P.A.\" src=\"http:\/\/ciaexcessos.com.br\/ciawp\/wp-content\/uploads\/2018\/11\/Conjunto-Sensivel-Tales-Frey.jpg\" alt=\"\" width=\"1280\" height=\"721\" srcset=\"https:\/\/ciaexcessos.com.br\/ciawp\/wp-content\/uploads\/2018\/11\/Conjunto-Sensivel-Tales-Frey.jpg 1280w, https:\/\/ciaexcessos.com.br\/ciawp\/wp-content\/uploads\/2018\/11\/Conjunto-Sensivel-Tales-Frey-300x169.jpg 300w, https:\/\/ciaexcessos.com.br\/ciawp\/wp-content\/uploads\/2018\/11\/Conjunto-Sensivel-Tales-Frey-768x433.jpg 768w, https:\/\/ciaexcessos.com.br\/ciawp\/wp-content\/uploads\/2018\/11\/Conjunto-Sensivel-Tales-Frey-1024x577.jpg 1024w, https:\/\/ciaexcessos.com.br\/ciawp\/wp-content\/uploads\/2018\/11\/Conjunto-Sensivel-Tales-Frey-180x100.jpg 180w\" sizes=\"auto, (max-width: 1280px) 100vw, 1280px\" \/><\/span><\/p>\n<p style=\"text-align: center;\"><span lang=\"EN-US\" style=\"color: #000000;\">Tales Frey, <strong>Sensitive Group<\/strong>, 2018. Interactive dressing, 100 x 100 cm. Edition: 20 + 2 P.A.<\/span><\/p>\n<p>&nbsp;<\/p>\n<p style=\"text-align: justify;\"><span style=\"color: #000000;\">The idea of a \u201cSensitive Group\u201d is based on a basic problem of political thought, which consists in proposing guarantees of harmonious experiences in a common unit, considering the various singularities, the dissimilar subjectivities.<\/span><\/p>\n<p style=\"text-align: justify;\"><span style=\"color: #000000;\">The work can be exposed as an interactive object and activated from the following instruction:<\/span><\/p>\n<p style=\"text-align: justify;\"><span style=\"color: #000000;\">Minimum 3 and maximum 5 persons. Remove shoes, coats, belts, earrings, bracelets and other objects that could damage the material and leave them to indicate area. Each one should enter the bag carefully so as not to tear it. Close the zipper and move around the space. Move all the time during the stay in the textile.<\/span><\/p>\n<p>&nbsp;<\/p>\n<h2 style=\"text-align: justify;\"><strong>TRAJECTORY<\/strong><\/h2>\n<h3 style=\"text-align: justify;\"><span style=\"color: #000000;\"><u>LIVE<\/u><\/span><\/h3>\n<p style=\"text-align: justify;\"><span style=\"color: #000000;\"><strong>[2022]<\/strong> SESC Santo Amaro. Sao Paulo-SP, Brazil. <\/span><\/p>\n<p style=\"text-align: justify;\"><span style=\"color: #000000;\"><strong>[2022]<\/strong> SESC Campinas. Campinas-SP, Brazil.<\/span><\/p>\n<p style=\"text-align: justify;\"><span style=\"color: #000000;\"><strong>[2021]\u00a0Double Trouble #2<\/strong>. Teatro Rivoli. Porto, Portugal. <\/span><\/p>\n<p style=\"text-align: justify;\"><span style=\"color: #000000;\"><strong>[2019] LIMIAR<\/strong>.\u00a0SESC Bauru, Bauru-SP, Brazil.<\/span><\/p>\n<p style=\"text-align: justify;\"><span style=\"color: #000000;\"><strong>[2019]<\/strong>SESC Sorocaba, Sorocaba-SP, Brazil<\/span><\/p>\n<p style=\"text-align: justify;\"><span style=\"color: #000000;\"><strong>[2019]<\/strong>\u00a0SESC Interlagos. Sao Paulo, SP, Brazil.<\/span><\/p>\n<p style=\"text-align: justify;\"><span style=\"color: #000000;\"><strong>[2019]<\/strong>\u00a0SESC Jundia\u00ed. Jundia\u00ed, SP, Brazil.<\/span><\/p>\n<p><span style=\"color: #000000;\"><strong>\u00a0<\/strong><\/span><\/p>\n<h3 style=\"text-align: justify;\"><span style=\"color: #000000;\"><u>AS INSTALLATION<\/u><\/span><\/h3>\n<p style=\"text-align: justify;\"><span style=\"color: #000000;\"><strong>[2019] In Dance Positions<\/strong>. Curadoria de Daniela Labra. Centro Municipal de Arte H\u00e9lio Oiticica, Rio de Janeiro,RJ, Brasil.<\/span><\/p>\n<p style=\"text-align: justify;\"><span style=\"color: #000000;\"><strong>[2019] Five Activation Tacts<\/strong>. CAAA \u2013 Centro para os Assuntos da Arte e Arquitectura. Guimar\u00e3es, Portugal.<\/span><\/p>\n<p style=\"text-align: justify;\"><span style=\"color: #000000;\"><strong>[2018]<\/strong>\u00a0<strong>Via Aberta<\/strong>. Curators\u00a0by Luisa Mota, Jos\u00e9 Almeida Pereira, Jos\u00e9 Maia and Jos\u00e9 Oliveira.\u00a0Mota Galiza Comercial Center.\u00a0Porto, Portugal.<\/span><\/p>\n<p style=\"text-align: justify;\"><span style=\"color: #000000;\"><strong>[2018]<\/strong><strong>The Body Never Exists in Itself \u2013 First Experimentation<\/strong>. Zsenne Art Laboratory, Brussels, Belgium<\/span><\/p>\n<p>&nbsp;<\/p>\n<p style=\"text-align: center;\"><span style=\"color: #000000;\"><img loading=\"lazy\" decoding=\"async\" class=\"aligncenter wp-image-6202 size-full\" title=\"&quot;Sensitive Group&quot; (2018), by Tales Frey, in the collective exhibition &quot;In Position of Dance&quot;. Centro Municipal de Arte Helio Oiticica, Rio de Janeiro-RJ, Brazil, 2019. Photograph by Hilda de Paulo.\" src=\"http:\/\/ciaexcessos.com.br\/ciawp\/wp-content\/uploads\/2020\/05\/Tales-Frey-CMAHO-Conjunto-Sensivel.jpg\" alt=\"\" width=\"1024\" height=\"683\" srcset=\"https:\/\/ciaexcessos.com.br\/ciawp\/wp-content\/uploads\/2020\/05\/Tales-Frey-CMAHO-Conjunto-Sensivel.jpg 1024w, https:\/\/ciaexcessos.com.br\/ciawp\/wp-content\/uploads\/2020\/05\/Tales-Frey-CMAHO-Conjunto-Sensivel-300x200.jpg 300w, https:\/\/ciaexcessos.com.br\/ciawp\/wp-content\/uploads\/2020\/05\/Tales-Frey-CMAHO-Conjunto-Sensivel-768x512.jpg 768w\" sizes=\"auto, (max-width: 1024px) 100vw, 1024px\" \/><\/span><\/p>\n<p style=\"text-align: center;\"><span style=\"color: #000000;\"><strong>Sensitive Group<\/strong> (2018), by Tales Frey, in the collective exhibition <strong>In Position of Dance<\/strong>. Centro Municipal de Arte Helio Oiticica, Rio de Janeiro-RJ, Brazil, 2019. Photograph by Hilda de Paulo<\/span><\/p>\n<p>&nbsp;<\/p>\n<p style=\"text-align: center;\"><span style=\"color: #000000;\"><img loading=\"lazy\" decoding=\"async\" class=\"aligncenter wp-image-6204 size-full\" title=\"Tales Frey, &quot;Sensitive Group&quot;. Relational costume activated in Brussels, Belgium. September 2018.\" src=\"http:\/\/ciaexcessos.com.br\/ciawp\/wp-content\/uploads\/2020\/05\/Conjunto-Sensivel-Tales-Frey-1.jpeg\" alt=\"\" width=\"1248\" height=\"446\" srcset=\"https:\/\/ciaexcessos.com.br\/ciawp\/wp-content\/uploads\/2020\/05\/Conjunto-Sensivel-Tales-Frey-1.jpeg 1248w, https:\/\/ciaexcessos.com.br\/ciawp\/wp-content\/uploads\/2020\/05\/Conjunto-Sensivel-Tales-Frey-1-300x107.jpeg 300w, https:\/\/ciaexcessos.com.br\/ciawp\/wp-content\/uploads\/2020\/05\/Conjunto-Sensivel-Tales-Frey-1-768x274.jpeg 768w, https:\/\/ciaexcessos.com.br\/ciawp\/wp-content\/uploads\/2020\/05\/Conjunto-Sensivel-Tales-Frey-1-1024x366.jpeg 1024w\" sizes=\"auto, (max-width: 1248px) 100vw, 1248px\" \/><\/span><\/p>\n<p style=\"text-align: center;\"><span style=\"color: #000000;\">Tales Frey, <strong>Sensitive Group<\/strong>. Relational costume activated in Brussels, Belgium. September 2018<\/span><\/p>\n<p>&nbsp;<\/p>\n<p style=\"text-align: center;\"><span style=\"color: #000000;\"><img loading=\"lazy\" decoding=\"async\" class=\"aligncenter wp-image-6205 size-full\" title=\"Tales Frey, &quot;Sensitive Group&quot;. Relational costume activated in Brussels, Belgium. September 2018.\" src=\"http:\/\/ciaexcessos.com.br\/ciawp\/wp-content\/uploads\/2020\/05\/Tales-Frey-Conjunto-Sensivel-Bruxelas-2.jpeg\" alt=\"\" width=\"1099\" height=\"1080\" srcset=\"https:\/\/ciaexcessos.com.br\/ciawp\/wp-content\/uploads\/2020\/05\/Tales-Frey-Conjunto-Sensivel-Bruxelas-2.jpeg 1099w, https:\/\/ciaexcessos.com.br\/ciawp\/wp-content\/uploads\/2020\/05\/Tales-Frey-Conjunto-Sensivel-Bruxelas-2-300x295.jpeg 300w, https:\/\/ciaexcessos.com.br\/ciawp\/wp-content\/uploads\/2020\/05\/Tales-Frey-Conjunto-Sensivel-Bruxelas-2-768x755.jpeg 768w, https:\/\/ciaexcessos.com.br\/ciawp\/wp-content\/uploads\/2020\/05\/Tales-Frey-Conjunto-Sensivel-Bruxelas-2-1024x1006.jpeg 1024w\" sizes=\"auto, (max-width: 1099px) 100vw, 1099px\" \/><\/span><\/p>\n<p style=\"text-align: center;\"><span style=\"color: #000000;\">Tales Frey, <strong>Sensitive Group<\/strong>. Relational costume activated in Brussels, Belgium. September 2018<\/span><\/p>\n<p><\/p>","protected":false},"excerpt":{"rendered":"<p>&nbsp; Tales Frey, Sensitive Group, 2018. Interactive dressing, 100 x 100 cm. Edition: 20 + [&hellip;]<\/p>\n","protected":false},"author":1,"featured_media":0,"parent":54,"menu_order":497,"comment_status":"closed","ping_status":"closed","template":"","meta":{"footnotes":""},"class_list":["post-4580","page","type-page","status-publish","hentry"],"_links":{"self":[{"href":"https:\/\/ciaexcessos.com.br\/en\/wp-json\/wp\/v2\/pages\/4580","targetHints":{"allow":["GET"]}}],"collection":[{"href":"https:\/\/ciaexcessos.com.br\/en\/wp-json\/wp\/v2\/pages"}],"about":[{"href":"https:\/\/ciaexcessos.com.br\/en\/wp-json\/wp\/v2\/types\/page"}],"author":[{"embeddable":true,"href":"https:\/\/ciaexcessos.com.br\/en\/wp-json\/wp\/v2\/users\/1"}],"replies":[{"embeddable":true,"href":"https:\/\/ciaexcessos.com.br\/en\/wp-json\/wp\/v2\/comments?post=4580"}],"version-history":[{"count":22,"href":"https:\/\/ciaexcessos.com.br\/en\/wp-json\/wp\/v2\/pages\/4580\/revisions"}],"predecessor-version":[{"id":9403,"href":"https:\/\/ciaexcessos.com.br\/en\/wp-json\/wp\/v2\/pages\/4580\/revisions\/9403"}],"up":[{"embeddable":true,"href":"https:\/\/ciaexcessos.com.br\/en\/wp-json\/wp\/v2\/pages\/54"}],"wp:attachment":[{"href":"https:\/\/ciaexcessos.com.br\/en\/wp-json\/wp\/v2\/media?parent=4580"}],"curies":[{"name":"wp","href":"https:\/\/api.w.org\/{rel}","templated":true}]}}