{"id":4582,"date":"2018-11-24T12:39:41","date_gmt":"2018-11-24T14:39:41","guid":{"rendered":"http:\/\/ciaexcessos.com.br\/?page_id=4582"},"modified":"2023-12-23T13:58:39","modified_gmt":"2023-12-23T16:58:39","slug":"o-corpo-nunca-existe-em-si-mesmo","status":"publish","type":"page","link":"https:\/\/ciaexcessos.com.br\/en\/tales-frey\/criacoes\/o-corpo-nunca-existe-em-si-mesmo\/","title":{"rendered":"The Body Never Exists in Itself (2018)"},"content":{"rendered":"<p>&nbsp;<\/p>\n<p style=\"text-align: center;\"><span style=\"color: #000000;\"><img loading=\"lazy\" decoding=\"async\" class=\"aligncenter wp-image-7852 size-full\" title=\"Tales Frey, &quot;The Body Never Exists in Itself&quot;. Performance showed in S\u00e3o Paulo, Brazil. October 2018. Photo by Carol Vidal.\" src=\"http:\/\/ciaexcessos.com.br\/ciawp\/wp-content\/uploads\/2022\/01\/O-Corpo-Nunca-Existe-em-Si-Mesmo-2-scaled.jpeg\" alt=\"\" width=\"2560\" height=\"1707\" srcset=\"https:\/\/ciaexcessos.com.br\/ciawp\/wp-content\/uploads\/2022\/01\/O-Corpo-Nunca-Existe-em-Si-Mesmo-2-scaled.jpeg 2560w, https:\/\/ciaexcessos.com.br\/ciawp\/wp-content\/uploads\/2022\/01\/O-Corpo-Nunca-Existe-em-Si-Mesmo-2-300x200.jpeg 300w, https:\/\/ciaexcessos.com.br\/ciawp\/wp-content\/uploads\/2022\/01\/O-Corpo-Nunca-Existe-em-Si-Mesmo-2-1024x683.jpeg 1024w, https:\/\/ciaexcessos.com.br\/ciawp\/wp-content\/uploads\/2022\/01\/O-Corpo-Nunca-Existe-em-Si-Mesmo-2-768x512.jpeg 768w, https:\/\/ciaexcessos.com.br\/ciawp\/wp-content\/uploads\/2022\/01\/O-Corpo-Nunca-Existe-em-Si-Mesmo-2-1536x1024.jpeg 1536w, https:\/\/ciaexcessos.com.br\/ciawp\/wp-content\/uploads\/2022\/01\/O-Corpo-Nunca-Existe-em-Si-Mesmo-2-2048x1365.jpeg 2048w\" sizes=\"auto, (max-width: 2560px) 100vw, 2560px\" \/><\/span><\/p>\n<p style=\"font-weight: 400; text-align: center;\"><span style=\"color: #000000;\">Tales Frey,\u00a0<strong>The Body Never Exists in Itself<\/strong>. Performance showed in S\u00e3o Paulo, Brazil. October 2018. Photo by Carol Vidal<\/span><\/p>\n<p>&nbsp;<\/p>\n<p style=\"text-align: justify;\"><span style=\"color: #000000;\">Simple and random poses performed by bodies devoid of identity in short and controlled times. It is in this way that five performers use their corporeal masses either to refer to the dance or sometimes to remember the sculpture. In allusion to Man Ray&#8217;s surrealist masterpiece, &#8220;Object to be Destroyed&#8221; (1923), in addition to readings based on narratives and unpredictable effects, there is a clear proposal for a rhythmic observation of the work.<\/span><\/p>\n<p>&nbsp;<\/p>\n<h2 style=\"text-align: justify;\"><span style=\"color: #000000;\">CREDITS<\/span><\/h2>\n<div>\n<p style=\"text-align: justify;\"><span style=\"color: #000000;\">Performance by Tales Frey<\/span><\/p>\n<\/div>\n<div style=\"text-align: justify;\">\n<p><span style=\"color: #000000;\">Invited Performers: Andr\u00e9 Perosa, Fernanda Moraes, Gui Silvestre, Gustavo Frey, Helena Ferreira, Hilda de Paulo, Let\u00edcia Maia, Lyz Parayzo, Lucas Alves, Marianna London, Paola Frey, Renan Marcondes, V\u00edtor Moraes and Yuri Machado.<\/span><\/p>\n<\/div>\n<div>\n<p style=\"text-align: justify;\"><span lang=\"EN-US\" style=\"color: #000000;\">Duration:<span class=\"apple-converted-space\">\u00a0<\/span>120 minutes<\/span><\/p>\n<\/div>\n<p><span style=\"color: #000000;\"><strong>\u00a0<\/strong><\/span><\/p>\n<h2 style=\"text-align: justify;\"><strong>TRAJECTORY<\/strong><\/h2>\n<div>\n<h3 style=\"text-align: justify;\"><span style=\"color: #000000;\"><u>LIVE<\/u><\/span><\/h3>\n<\/div>\n<p style=\"text-align: justify;\"><span style=\"color: #000000;\"><strong>[2021]<\/strong>\u00a0<strong>Unstable Stages<\/strong>, Teatro Municipal do Porto \u2013 Campo Alegre, Porto, Portugal.<\/span><\/p>\n<p style=\"text-align: justify;\"><span style=\"color: #000000;\"><b>[2019] LIMIAR<\/b>.\u00a0SESC Bauru, Bauru- SP, Brazil.<\/span><\/p>\n<p style=\"text-align: justify;\"><span style=\"color: #000000;\"><b>[2019] <\/b>SESC Rio Preto, S\u00e3o Jos\u00e9 do Rio Preto- SP, Brazil.<\/span><\/p>\n<p style=\"text-align: justify;\"><span style=\"color: #000000;\"><strong>[2019]<\/strong> SESC Jundia\u00ed, Jundia\u00ed-SP, Brazil.<\/span><\/p>\n<p style=\"text-align: justify;\"><span style=\"color: #000000;\"><strong>[2018]<\/strong>\u00a0SESC Av. Paulista, S\u00e3o Paulo-SP, Brazil.<\/span><\/p>\n<p>&nbsp;<\/p>\n<h3><span style=\"color: #000000;\"><u><span lang=\"EN-US\">AS OBJECT, PHOTOGRAPHY AND VIDEO<\/span><\/u><\/span><\/h3>\n<p style=\"text-align: justify;\"><span style=\"color: #000000;\"><strong>[2022]<\/strong> SESC Campinas. Campinas-SP, Brazil.<\/span><\/p>\n<p style=\"text-align: justify;\"><span style=\"color: #000000;\"><strong>[2021]\u00a0<\/strong><b>Unstable Stages<\/b>, Teatro Municipal do Porto \u2013 Campo Alegre, Porto, Portugal.<\/span><\/p>\n<p>&nbsp;<\/p>\n<div style=\"padding: 56.25% 0 0 0; position: relative;\"><iframe style=\"position: absolute; top: 0; left: 0; width: 100%; height: 100%;\" src=\"https:\/\/player.vimeo.com\/video\/661979858?h=39a09526a2&amp;title=0&amp;byline=0&amp;portrait=0\" frameborder=\"0\" allowfullscreen=\"allowfullscreen\" data-mce-fragment=\"1\"><\/iframe><\/div>\n<p style=\"text-align: center;\"><span style=\"color: #000000;\">Tales Frey<span lang=\"EN-US\">,<span class=\"apple-converted-space\">\u00a0<b>The Body Never Exists in Itself<\/b><\/span>, 2018-2021.\u00a0<\/span>Teatro Municipal do Porto \u2013 Campo Alegre. Video by Tundra Filmes, 59\u201911\u201d<\/span><\/p>\n<p>&nbsp;<\/p>\n<p style=\"text-align: center;\"><span style=\"color: #000000;\"><img loading=\"lazy\" decoding=\"async\" class=\"aligncenter wp-image-7848 size-full\" title=\"Tales Frey,\u00a0&quot;The Body Never Exists in Itself&quot;. Performance showed in Porto, Portugal.\u00a0December 2021. Photo by Jos\u00e9 Caldeira.\" src=\"http:\/\/ciaexcessos.com.br\/ciawp\/wp-content\/uploads\/2022\/01\/DSC9388_\u00a9-Jose-Caldeira-scaled.jpg\" alt=\"\" width=\"2560\" height=\"1703\" srcset=\"https:\/\/ciaexcessos.com.br\/ciawp\/wp-content\/uploads\/2022\/01\/DSC9388_\u00a9-Jose-Caldeira-scaled.jpg 2560w, https:\/\/ciaexcessos.com.br\/ciawp\/wp-content\/uploads\/2022\/01\/DSC9388_\u00a9-Jose-Caldeira-300x200.jpg 300w, https:\/\/ciaexcessos.com.br\/ciawp\/wp-content\/uploads\/2022\/01\/DSC9388_\u00a9-Jose-Caldeira-1024x681.jpg 1024w, https:\/\/ciaexcessos.com.br\/ciawp\/wp-content\/uploads\/2022\/01\/DSC9388_\u00a9-Jose-Caldeira-768x511.jpg 768w, https:\/\/ciaexcessos.com.br\/ciawp\/wp-content\/uploads\/2022\/01\/DSC9388_\u00a9-Jose-Caldeira-1536x1022.jpg 1536w, https:\/\/ciaexcessos.com.br\/ciawp\/wp-content\/uploads\/2022\/01\/DSC9388_\u00a9-Jose-Caldeira-2048x1363.jpg 2048w\" sizes=\"auto, (max-width: 2560px) 100vw, 2560px\" \/><\/span><\/p>\n<p style=\"text-align: center;\"><span style=\"color: #000000;\"><img loading=\"lazy\" decoding=\"async\" class=\"aligncenter wp-image-7849 size-full\" title=\"Tales Frey,\u00a0&quot;The Body Never Exists in Itself&quot;. Performance showed in Porto, Portugal.\u00a0December 2021. Photo by Jos\u00e9 Caldeira.\" src=\"http:\/\/ciaexcessos.com.br\/ciawp\/wp-content\/uploads\/2022\/01\/DSC9394_\u00a9-Jose-Caldeira-scaled.jpg\" alt=\"\" width=\"2560\" height=\"1703\" srcset=\"https:\/\/ciaexcessos.com.br\/ciawp\/wp-content\/uploads\/2022\/01\/DSC9394_\u00a9-Jose-Caldeira-scaled.jpg 2560w, https:\/\/ciaexcessos.com.br\/ciawp\/wp-content\/uploads\/2022\/01\/DSC9394_\u00a9-Jose-Caldeira-300x200.jpg 300w, https:\/\/ciaexcessos.com.br\/ciawp\/wp-content\/uploads\/2022\/01\/DSC9394_\u00a9-Jose-Caldeira-1024x681.jpg 1024w, https:\/\/ciaexcessos.com.br\/ciawp\/wp-content\/uploads\/2022\/01\/DSC9394_\u00a9-Jose-Caldeira-768x511.jpg 768w, https:\/\/ciaexcessos.com.br\/ciawp\/wp-content\/uploads\/2022\/01\/DSC9394_\u00a9-Jose-Caldeira-1536x1022.jpg 1536w, https:\/\/ciaexcessos.com.br\/ciawp\/wp-content\/uploads\/2022\/01\/DSC9394_\u00a9-Jose-Caldeira-2048x1363.jpg 2048w\" sizes=\"auto, (max-width: 2560px) 100vw, 2560px\" \/><\/span><\/p>\n<p style=\"text-align: center;\"><span style=\"color: #000000;\"><img loading=\"lazy\" decoding=\"async\" class=\"aligncenter wp-image-7850 size-full\" title=\"Tales Frey,\u00a0&quot;The Body Never Exists in Itself&quot;. Performance showed in Porto, Portugal.\u00a0December 2021. Photo by Jos\u00e9 Caldeira.\" src=\"http:\/\/ciaexcessos.com.br\/ciawp\/wp-content\/uploads\/2022\/01\/DSC9404_\u00a9-Jose-Caldeira-scaled.jpg\" alt=\"\" width=\"2560\" height=\"1703\" srcset=\"https:\/\/ciaexcessos.com.br\/ciawp\/wp-content\/uploads\/2022\/01\/DSC9404_\u00a9-Jose-Caldeira-scaled.jpg 2560w, https:\/\/ciaexcessos.com.br\/ciawp\/wp-content\/uploads\/2022\/01\/DSC9404_\u00a9-Jose-Caldeira-300x200.jpg 300w, https:\/\/ciaexcessos.com.br\/ciawp\/wp-content\/uploads\/2022\/01\/DSC9404_\u00a9-Jose-Caldeira-1024x681.jpg 1024w, https:\/\/ciaexcessos.com.br\/ciawp\/wp-content\/uploads\/2022\/01\/DSC9404_\u00a9-Jose-Caldeira-768x511.jpg 768w, https:\/\/ciaexcessos.com.br\/ciawp\/wp-content\/uploads\/2022\/01\/DSC9404_\u00a9-Jose-Caldeira-1536x1022.jpg 1536w, https:\/\/ciaexcessos.com.br\/ciawp\/wp-content\/uploads\/2022\/01\/DSC9404_\u00a9-Jose-Caldeira-2048x1363.jpg 2048w\" sizes=\"auto, (max-width: 2560px) 100vw, 2560px\" \/><\/span><\/p>\n<div style=\"text-align: center;\"><span style=\"color: #000000;\"><span lang=\"EN-US\">Tales Frey,\u00a0<\/span><span class=\"apple-converted-space\"><b><span lang=\"EN-US\">The Body Never Exists in Itself<\/span><\/b><\/span><span lang=\"EN-US\">. Performance showed in Porto, Portugal.\u00a0<\/span>December 2021. Photos by Jos\u00e9 Caldeira<\/span><\/div>\n<p>&nbsp;<\/p>\n<p><span style=\"color: #000000;\"><img loading=\"lazy\" decoding=\"async\" class=\"aligncenter wp-image-7853 size-full\" title=\"Tales Frey, &quot;The Body Never Exists in Itself&quot;. Performance showed in S\u00e3o Jos\u00e9 do Rio Preto-SP, Brazil. June 2018. Photo by Hilda de Paulo.\" src=\"http:\/\/ciaexcessos.com.br\/ciawp\/wp-content\/uploads\/2022\/01\/O-Corpo-Nunca-Existe-em-Si-Mesmo.jpg\" alt=\"\" width=\"2000\" height=\"1333\" srcset=\"https:\/\/ciaexcessos.com.br\/ciawp\/wp-content\/uploads\/2022\/01\/O-Corpo-Nunca-Existe-em-Si-Mesmo.jpg 2000w, https:\/\/ciaexcessos.com.br\/ciawp\/wp-content\/uploads\/2022\/01\/O-Corpo-Nunca-Existe-em-Si-Mesmo-300x200.jpg 300w, https:\/\/ciaexcessos.com.br\/ciawp\/wp-content\/uploads\/2022\/01\/O-Corpo-Nunca-Existe-em-Si-Mesmo-1024x682.jpg 1024w, https:\/\/ciaexcessos.com.br\/ciawp\/wp-content\/uploads\/2022\/01\/O-Corpo-Nunca-Existe-em-Si-Mesmo-768x512.jpg 768w, https:\/\/ciaexcessos.com.br\/ciawp\/wp-content\/uploads\/2022\/01\/O-Corpo-Nunca-Existe-em-Si-Mesmo-1536x1024.jpg 1536w\" sizes=\"auto, (max-width: 2000px) 100vw, 2000px\" \/><\/span><\/p>\n<p style=\"font-weight: 400; text-align: center;\"><span style=\"color: #000000;\">Tales Frey,\u00a0<strong>The Body Never Exists in Itself<\/strong>. Performance showed in S\u00e3o Jos\u00e9 do Rio Preto-SP, Brazil. June 2018. Photo by Hilda de Paulo<\/span><\/p>\n<p>&nbsp;<\/p>\n<p style=\"text-align: center;\"><span style=\"color: #000000;\"><img loading=\"lazy\" decoding=\"async\" class=\"aligncenter wp-image-8373 size-full\" title=\"Tales Frey,\u00a0&quot;The Body Never Exists in Itself&quot;, 2022. Photographs, 20 x 20 cm each.\" src=\"http:\/\/ciaexcessos.com.br\/ciawp\/wp-content\/uploads\/2022\/09\/O-Corpo-Tales-Frey-scaled.jpg\" alt=\"\" width=\"2560\" height=\"1060\" srcset=\"https:\/\/ciaexcessos.com.br\/ciawp\/wp-content\/uploads\/2022\/09\/O-Corpo-Tales-Frey-scaled.jpg 2560w, https:\/\/ciaexcessos.com.br\/ciawp\/wp-content\/uploads\/2022\/09\/O-Corpo-Tales-Frey-300x124.jpg 300w, https:\/\/ciaexcessos.com.br\/ciawp\/wp-content\/uploads\/2022\/09\/O-Corpo-Tales-Frey-1024x424.jpg 1024w, https:\/\/ciaexcessos.com.br\/ciawp\/wp-content\/uploads\/2022\/09\/O-Corpo-Tales-Frey-768x318.jpg 768w, https:\/\/ciaexcessos.com.br\/ciawp\/wp-content\/uploads\/2022\/09\/O-Corpo-Tales-Frey-1536x636.jpg 1536w, https:\/\/ciaexcessos.com.br\/ciawp\/wp-content\/uploads\/2022\/09\/O-Corpo-Tales-Frey-2048x848.jpg 2048w\" sizes=\"auto, (max-width: 2560px) 100vw, 2560px\" \/><\/span><\/p>\n<p style=\"font-weight: 400; text-align: center;\"><span style=\"color: #000000;\"><span lang=\"PT-BR\">Tales Frey,<span class=\"apple-converted-space\">\u00a0<\/span><\/span><strong>The Body Never Exists in Itself<\/strong>, 2022. Photographs, 20 x 20 cm each<\/span><\/p>\n<p>&nbsp;<\/p>\n<div style=\"padding: 56.25% 0 0 0; position: relative;\"><iframe style=\"position: absolute; top: 0; left: 0; width: 100%; height: 100%;\" src=\"https:\/\/player.vimeo.com\/video\/297477543?color=ffffff&amp;title=0&amp;byline=0&amp;portrait=0\" frameborder=\"0\" allowfullscreen=\"allowfullscreen\"><\/iframe><\/div>\n<p style=\"text-align: center;\"><span style=\"color: #000000;\"><span lang=\"PT-BR\">Tales Frey,<span class=\"apple-converted-space\"> <b><span lang=\"EN-US\">The Body Never Exists in Itself<\/span><\/b><\/span><\/span><span lang=\"PT-BR\">, 2018. Video, 3&#8217;16&#8221;<\/span><\/span><\/p>\n<p><\/p>","protected":false},"excerpt":{"rendered":"<p>&nbsp; Tales Frey,\u00a0The Body Never Exists in Itself. Performance showed in S\u00e3o Paulo, Brazil. October [&hellip;]<\/p>\n","protected":false},"author":1,"featured_media":0,"parent":54,"menu_order":496,"comment_status":"closed","ping_status":"closed","template":"","meta":{"footnotes":""},"class_list":["post-4582","page","type-page","status-publish","hentry"],"_links":{"self":[{"href":"https:\/\/ciaexcessos.com.br\/en\/wp-json\/wp\/v2\/pages\/4582","targetHints":{"allow":["GET"]}}],"collection":[{"href":"https:\/\/ciaexcessos.com.br\/en\/wp-json\/wp\/v2\/pages"}],"about":[{"href":"https:\/\/ciaexcessos.com.br\/en\/wp-json\/wp\/v2\/types\/page"}],"author":[{"embeddable":true,"href":"https:\/\/ciaexcessos.com.br\/en\/wp-json\/wp\/v2\/users\/1"}],"replies":[{"embeddable":true,"href":"https:\/\/ciaexcessos.com.br\/en\/wp-json\/wp\/v2\/comments?post=4582"}],"version-history":[{"count":21,"href":"https:\/\/ciaexcessos.com.br\/en\/wp-json\/wp\/v2\/pages\/4582\/revisions"}],"predecessor-version":[{"id":9404,"href":"https:\/\/ciaexcessos.com.br\/en\/wp-json\/wp\/v2\/pages\/4582\/revisions\/9404"}],"up":[{"embeddable":true,"href":"https:\/\/ciaexcessos.com.br\/en\/wp-json\/wp\/v2\/pages\/54"}],"wp:attachment":[{"href":"https:\/\/ciaexcessos.com.br\/en\/wp-json\/wp\/v2\/media?parent=4582"}],"curies":[{"name":"wp","href":"https:\/\/api.w.org\/{rel}","templated":true}]}}