{"id":5093,"date":"2019-06-09T22:53:04","date_gmt":"2019-06-10T01:53:04","guid":{"rendered":"http:\/\/ciaexcessos.com.br\/?page_id=5093"},"modified":"2023-12-23T14:00:01","modified_gmt":"2023-12-23T17:00:01","slug":"penetras","status":"publish","type":"page","link":"https:\/\/ciaexcessos.com.br\/en\/tales-frey\/criacoes\/penetras\/","title":{"rendered":"Gatecrashers (2019)"},"content":{"rendered":"<p>&nbsp;<\/p>\n<p style=\"text-align: center;\"><span style=\"color: #000000;\"><img loading=\"lazy\" decoding=\"async\" class=\"aligncenter wp-image-6956 size-full\" title=\"Tales Frey,\u00a0&quot;Gatecrashers&quot;, 2019. Performative object, 70 x 140 cm. Edition: 5 + 2 P.A.\" src=\"http:\/\/ciaexcessos.com.br\/ciawp\/wp-content\/uploads\/2020\/12\/Tales-Frey-Penetras-1.jpg\" alt=\"\" width=\"2000\" height=\"1333\" srcset=\"https:\/\/ciaexcessos.com.br\/ciawp\/wp-content\/uploads\/2020\/12\/Tales-Frey-Penetras-1.jpg 2000w, https:\/\/ciaexcessos.com.br\/ciawp\/wp-content\/uploads\/2020\/12\/Tales-Frey-Penetras-1-300x200.jpg 300w, https:\/\/ciaexcessos.com.br\/ciawp\/wp-content\/uploads\/2020\/12\/Tales-Frey-Penetras-1-768x512.jpg 768w, https:\/\/ciaexcessos.com.br\/ciawp\/wp-content\/uploads\/2020\/12\/Tales-Frey-Penetras-1-1024x682.jpg 1024w\" sizes=\"auto, (max-width: 2000px) 100vw, 2000px\" \/><\/span><\/p>\n<p style=\"text-align: center;\"><span style=\"color: #000000;\"><img loading=\"lazy\" decoding=\"async\" class=\"aligncenter wp-image-6957 size-full\" title=\"Tales Frey,\u00a0&quot;Gatecrashers&quot;, 2019. Performative object, 70 x 140 cm. Edition: 5 + 2 P.A.\" src=\"http:\/\/ciaexcessos.com.br\/ciawp\/wp-content\/uploads\/2020\/12\/Tales-Frey-Penetras-2.jpg\" alt=\"\" width=\"2000\" height=\"1333\" srcset=\"https:\/\/ciaexcessos.com.br\/ciawp\/wp-content\/uploads\/2020\/12\/Tales-Frey-Penetras-2.jpg 2000w, https:\/\/ciaexcessos.com.br\/ciawp\/wp-content\/uploads\/2020\/12\/Tales-Frey-Penetras-2-300x200.jpg 300w, https:\/\/ciaexcessos.com.br\/ciawp\/wp-content\/uploads\/2020\/12\/Tales-Frey-Penetras-2-768x512.jpg 768w, https:\/\/ciaexcessos.com.br\/ciawp\/wp-content\/uploads\/2020\/12\/Tales-Frey-Penetras-2-1024x682.jpg 1024w\" sizes=\"auto, (max-width: 2000px) 100vw, 2000px\" \/><\/span><\/p>\n<p style=\"text-align: center;\"><span style=\"color: #000000;\">Tales Frey,\u00a0<strong>Gatecrashers<\/strong>, 2019. Performative object, 70 x 140 cm. Edition: 5 + 2 P.A.<\/span><\/p>\n<div style=\"text-align: center;\"><span lang=\"EN-US\" style=\"color: #000000;\">Honorable Mention in the <b>17th Contemporary Art Salon of Guarulhos<\/b>, Brazil (2021\/2022)<\/span><\/div>\n<p>&nbsp;<\/p>\n<p style=\"text-align: justify;\"><span style=\"color: #000000;\"><em>Gatecrashers<\/em>\u00a0is not an interactive object to be activated in this particular exhibition. It\u2019s a special sweatshirt to be dressed by 3 persons at same time in events and in specific situations, such as when a unique person has free access, while the other 2 persons get in together like \u201cgatecrashers\u201d.<\/span><\/p>\n<p style=\"text-align: justify;\"><span style=\"color: #000000;\">The action could be activated in private parties, vernissages, reunion, lectures, public transports\u00a0and other spaces.<\/span><\/p>\n<p>&nbsp;<\/p>\n<h2><strong>TRAJECTORY<\/strong><\/h2>\n<h3><span style=\"color: #000000;\"><u>SOB O FORMATO DE INSTALA\u00c7\u00c3O<\/u><\/span><\/h3>\n<p style=\"text-align: justify;\"><span style=\"color: #000000;\"><strong>[2021\/2022]<\/strong>\u00a0<strong>17th Contemporary Art Salon of Guarulhos<\/strong>, Guarulhos-SP, Brazil.<\/span><\/p>\n<p style=\"text-align: justify;\"><span style=\"color: #000000;\"><strong>[2021]<\/strong>\u00a0<strong>What Can a Body Do?<\/strong>, SP-Arte 365 and Galeria Verve, S\u00e3o Paulo-SP, Brazil.<\/span><\/p>\n<p style=\"text-align: justify;\"><span style=\"color: #000000;\"><strong>[2020]<\/strong>\u00a0Collective exhibition <strong>Calamus<\/strong>. Curated by \u00cdcaro Ferraz Vidal Jr. Massap\u00ea Projetos, S\u00e3o Paulo-SP, Brazil.<\/span><\/p>\n<p style=\"text-align: justify;\"><span style=\"color: #000000;\"><strong>[2019]<\/strong> <strong>In Dance Positions<\/strong>. Curated by Daniela Labra. Centro Municipal de Arte H\u00e9lio Oiticica, Rio de Janeiro, Brazil.<\/span><\/p>\n<p>&nbsp;<\/p>\n<h3><span style=\"color: #000000;\"><u>OBJECT ENABLED AS PERFORMANCE ART<\/u><\/span><\/h3>\n<p><span style=\"color: #000000;\"><strong>[2022]<\/strong> SESC Santo Amaro. Sao Paulo-SP, Brazil.<\/span><\/p>\n<p><span style=\"color: #000000;\"><strong>[2022]<\/strong> SESC Campinas. Campinas-SP, Brazil.<\/span><\/p>\n<p><span style=\"color: #000000;\">[2019]\u00a0Activated during the performance conversation &#8220;Common Movement: Dance and Performance art between Brazil and Portugal&#8221; within the scope of the <strong>LIMIAR<\/strong> event at SESC Bauru. Bauru-SP, Brazil.<\/span><\/p>\n<p>&nbsp;<\/p>\n<p style=\"text-align: center;\"><span style=\"color: #000000;\"><img loading=\"lazy\" decoding=\"async\" class=\"aligncenter wp-image-6197 size-full\" title=\"&quot;Gatecrashers&quot;\u00a0(2019), by Tales Frey, in collective exhibition\u00a0&quot;In Dance Positions&quot;. Centro Municipal de Arte H\u00e9lio Oiticica, Rio de Janeiro, RJ, Brazil, 2019. Photo by Hilda de Paulo.\" src=\"http:\/\/ciaexcessos.com.br\/ciawp\/wp-content\/uploads\/2020\/05\/Tales-Frey-Penetras-CMAHO.jpg\" alt=\"\" width=\"1024\" height=\"768\" srcset=\"https:\/\/ciaexcessos.com.br\/ciawp\/wp-content\/uploads\/2020\/05\/Tales-Frey-Penetras-CMAHO.jpg 1024w, https:\/\/ciaexcessos.com.br\/ciawp\/wp-content\/uploads\/2020\/05\/Tales-Frey-Penetras-CMAHO-300x225.jpg 300w, https:\/\/ciaexcessos.com.br\/ciawp\/wp-content\/uploads\/2020\/05\/Tales-Frey-Penetras-CMAHO-768x576.jpg 768w\" sizes=\"auto, (max-width: 1024px) 100vw, 1024px\" \/><\/span><\/p>\n<p style=\"text-align: center;\"><span style=\"color: #000000;\"><strong>Gatecrashers<\/strong>\u00a0(2019), by Tales Frey, in collective exhibition\u00a0<em>In Dance Positions<\/em>. Centro Municipal de Arte H\u00e9lio Oiticica, Rio de Janeiro, RJ, Brazil, 2019. Photo by Hilda de Paulo<\/span><\/p>\n<p><\/p>","protected":false},"excerpt":{"rendered":"<p>&nbsp; Tales Frey,\u00a0Gatecrashers, 2019. Performative object, 70 x 140 cm. Edition: 5 + 2 P.A. [&hellip;]<\/p>\n","protected":false},"author":1,"featured_media":0,"parent":54,"menu_order":492,"comment_status":"closed","ping_status":"closed","template":"","meta":{"footnotes":""},"class_list":["post-5093","page","type-page","status-publish","hentry"],"_links":{"self":[{"href":"https:\/\/ciaexcessos.com.br\/en\/wp-json\/wp\/v2\/pages\/5093","targetHints":{"allow":["GET"]}}],"collection":[{"href":"https:\/\/ciaexcessos.com.br\/en\/wp-json\/wp\/v2\/pages"}],"about":[{"href":"https:\/\/ciaexcessos.com.br\/en\/wp-json\/wp\/v2\/types\/page"}],"author":[{"embeddable":true,"href":"https:\/\/ciaexcessos.com.br\/en\/wp-json\/wp\/v2\/users\/1"}],"replies":[{"embeddable":true,"href":"https:\/\/ciaexcessos.com.br\/en\/wp-json\/wp\/v2\/comments?post=5093"}],"version-history":[{"count":17,"href":"https:\/\/ciaexcessos.com.br\/en\/wp-json\/wp\/v2\/pages\/5093\/revisions"}],"predecessor-version":[{"id":9408,"href":"https:\/\/ciaexcessos.com.br\/en\/wp-json\/wp\/v2\/pages\/5093\/revisions\/9408"}],"up":[{"embeddable":true,"href":"https:\/\/ciaexcessos.com.br\/en\/wp-json\/wp\/v2\/pages\/54"}],"wp:attachment":[{"href":"https:\/\/ciaexcessos.com.br\/en\/wp-json\/wp\/v2\/media?parent=5093"}],"curies":[{"name":"wp","href":"https:\/\/api.w.org\/{rel}","templated":true}]}}