{"id":5115,"date":"2019-06-10T12:18:07","date_gmt":"2019-06-10T15:18:07","guid":{"rendered":"http:\/\/ciaexcessos.com.br\/?page_id=5115"},"modified":"2023-12-23T13:59:17","modified_gmt":"2023-12-23T16:59:17","slug":"estar-a-par-passo-a-passo","status":"publish","type":"page","link":"https:\/\/ciaexcessos.com.br\/en\/tales-frey\/criacoes\/estar-a-par-passo-a-passo\/","title":{"rendered":"To be Privy \u2013 Step by Step (2019)"},"content":{"rendered":"<p>&nbsp;<\/p>\n<div style=\"padding: 56.25% 0 0 0; position: relative;\"><iframe style=\"position: absolute; top: 0; left: 0; width: 100%; height: 100%;\" src=\"https:\/\/player.vimeo.com\/video\/332350034?color=ffffff&amp;title=0&amp;byline=0&amp;portrait=0\" frameborder=\"0\" allowfullscreen=\"allowfullscreen\"><\/iframe><\/div>\n<p style=\"text-align: center;\"><span style=\"color: #000000;\">Tales Frey, <strong>To be Privy \u2013 Step by Step<\/strong>, 2019. Video, 1\u201949\u2019\u2019. Edition: 5 + 2 P.A.<\/span><\/p>\n<p style=\"text-align: center;\"><span style=\"color: #000000;\">Edition 1\/5 belongs to the collection of MUNTREF &#8211; Museo de la Universidad Nacional de Tres de Febrero, Buenos Aires, Argentina<\/span><\/p>\n<p>&nbsp;<\/p>\n<p style=\"text-align: justify;\"><span lang=\"EN-US\" style=\"color: #000000;\">The design of a singular object &#8211; the same pair of shoes with an entrance for four feet &#8211; forces two bodies to face each other. The movement seems dance and the sound could be understood as noise music.<\/span><\/p>\n<p><span style=\"color: #000000;\"><strong>\u00a0<\/strong><\/span><\/p>\n<h2 style=\"text-align: justify;\"><strong>TRAJECTORY<\/strong><\/h2>\n<p style=\"font-weight: 400; text-align: justify;\"><span style=\"color: #000000;\"><strong>[2022]<\/strong> SESC Campinas. Campinas-SP, Brazil.<\/span><\/p>\n<p><span style=\"color: #000000;\"><strong>[2021]<\/strong> <strong>Dismantle<\/strong>. CCVM \u2013 Centro Cultural Vale do Maranh\u00e3o, S\u00e3o Lu\u00eds-MA, Brazil.<\/span><\/p>\n<p><span style=\"color: #000000;\"><strong>[2021]<\/strong> <strong>Shared Skins<\/strong>. Oficina Cultural Oswald Andrade, S\u00e3o Paulo-SP, Brazil.<\/span><\/p>\n<p><span style=\"color: #000000;\"><strong>[2021] Montanhas D\u2019Artes \u2013 Festival de Artes de Oliveira do Hospital<\/strong>. Pa\u00e7os do Concelho do Munic\u00edpio, Oliveira do Hospital, Portugal.<\/span><\/p>\n<p style=\"text-align: justify;\"><span style=\"color: #000000;\"><strong><span lang=\"EN-US\">[2020] Crossed Bodies<\/span><\/strong><span lang=\"EN-US\">.<\/span><span lang=\"EN-US\">\u00a0MEANWHILE Gallery, Wellington, New Zealand.<\/span><\/span><\/p>\n<p style=\"text-align: justify;\"><span style=\"color: #000000;\"><strong><span lang=\"PT-BR\">[2020]<\/span><\/strong><span class=\"apple-converted-space\"><b><span lang=\"PT-BR\">\u00a0<\/span><\/b><\/span><strong><span lang=\"PT-BR\">ALC Videoart festival 2020<\/span><\/strong><span lang=\"PT-BR\">. MACA \u2013 Museo de Arte Contempor\u00e1neo de Alicante. Alicante. Espanha.<\/span><\/span><\/p>\n<p style=\"text-align: justify;\"><span style=\"color: #000000;\"><strong><span lang=\"PT-BR\">[2020]<\/span><\/strong><span class=\"apple-converted-space\"><b><span lang=\"PT-BR\">\u00a0<\/span><\/b><\/span><strong><span lang=\"PT-BR\">The Performance Arcade<\/span><\/strong><span lang=\"PT-BR\">. Wellington, Nova Zel\u00e2ndia.\u00a0<\/span><\/span><\/p>\n<p style=\"text-align: justify;\"><span style=\"color: #000000;\"><strong><span lang=\"PT-BR\">[2019] Video Raymi [9], Festival Internacional de Videoarte del Cusco<\/span><\/strong><span lang=\"PT-BR\">. Alianza Francesa del Cusco, Cusco, Peru.<\/span><\/span><\/p>\n<p style=\"text-align: justify;\"><span style=\"color: #000000;\"><strong><span lang=\"PT-BR\">[2019]<\/span><\/strong><span class=\"apple-converted-space\"><b><span lang=\"PT-BR\">\u00a0<\/span><\/b><\/span><strong><span lang=\"PT-BR\">PLAY 8th edition<\/span><\/strong><span lang=\"PT-BR\">. Buenos Aires, Argentina.<\/span><\/span><\/p>\n<p style=\"text-align: justify;\"><span style=\"color: #000000;\"><strong><span lang=\"PT-BR\">[2019] BienalSur<\/span><\/strong><span lang=\"PT-BR\">, MUNTREF \u2013 Museo de la Inmigraci\u00f3n (Hotel de Inmigrantes), Buenos Aires, Argentina.<\/span><\/span><\/p>\n<p style=\"text-align: justify;\"><span style=\"color: #000000;\"><strong><span lang=\"PT-BR\">[2019] In Dance Positions<\/span><\/strong><span lang=\"PT-BR\">, curated by Daniela Labra, Centro Municipal de Arte H\u00e9lio Oiticica, Rio de Janeiro, Brazil.<\/span><\/span><\/p>\n<p style=\"text-align: justify;\"><span style=\"color: #000000;\"><strong><span lang=\"EN-US\">[2019] Zabih Performance Festival<\/span><\/strong><span lang=\"EN-US\">. Video Series. Curated by Pinar Derin Gen\u00e7er. <\/span><span lang=\"PT-BR\">Lviv, Ukraine.<\/span><\/span><\/p>\n<p><\/p>","protected":false},"excerpt":{"rendered":"<p>&nbsp; Tales Frey, To be Privy \u2013 Step by Step, 2019. Video, 1\u201949\u2019\u2019. Edition: 5 [&hellip;]<\/p>\n","protected":false},"author":1,"featured_media":0,"parent":54,"menu_order":494,"comment_status":"closed","ping_status":"closed","template":"","meta":{"footnotes":""},"class_list":["post-5115","page","type-page","status-publish","hentry"],"_links":{"self":[{"href":"https:\/\/ciaexcessos.com.br\/en\/wp-json\/wp\/v2\/pages\/5115","targetHints":{"allow":["GET"]}}],"collection":[{"href":"https:\/\/ciaexcessos.com.br\/en\/wp-json\/wp\/v2\/pages"}],"about":[{"href":"https:\/\/ciaexcessos.com.br\/en\/wp-json\/wp\/v2\/types\/page"}],"author":[{"embeddable":true,"href":"https:\/\/ciaexcessos.com.br\/en\/wp-json\/wp\/v2\/users\/1"}],"replies":[{"embeddable":true,"href":"https:\/\/ciaexcessos.com.br\/en\/wp-json\/wp\/v2\/comments?post=5115"}],"version-history":[{"count":17,"href":"https:\/\/ciaexcessos.com.br\/en\/wp-json\/wp\/v2\/pages\/5115\/revisions"}],"predecessor-version":[{"id":9406,"href":"https:\/\/ciaexcessos.com.br\/en\/wp-json\/wp\/v2\/pages\/5115\/revisions\/9406"}],"up":[{"embeddable":true,"href":"https:\/\/ciaexcessos.com.br\/en\/wp-json\/wp\/v2\/pages\/54"}],"wp:attachment":[{"href":"https:\/\/ciaexcessos.com.br\/en\/wp-json\/wp\/v2\/media?parent=5115"}],"curies":[{"name":"wp","href":"https:\/\/api.w.org\/{rel}","templated":true}]}}