{"id":52,"date":"2015-08-26T17:14:43","date_gmt":"2015-08-26T20:14:43","guid":{"rendered":"http:\/\/ciaexcessos.com.br\/ciawp\/?page_id=52"},"modified":"2026-04-06T17:46:48","modified_gmt":"2026-04-06T20:46:48","slug":"biografia","status":"publish","type":"page","link":"https:\/\/ciaexcessos.com.br\/en\/tales-frey\/biografia\/","title":{"rendered":"Biography"},"content":{"rendered":"<p>&nbsp;<\/p>\n<p style=\"text-align: justify;\"><span style=\"color: #000000;\"><strong>TALES FREY <\/strong>(Catanduva-S\u00e3o Paulo, Brazil, 1982). Even though Tales Frey can hastily be called a performer, the title, in fact, does not account for the many languages that cross his transdisciplinary investigations. Driven primarily by drawing and the body, the artist built a path that accumulates experiences from the scenic universe, such as acting, costume design, dramaturgy, scenography and theatrical direction, in addition to dance and choreography, and visual art languages, such as sculpture, objects, photography and video art. His practice is based on studies of art criticism, gender theories, performativity and others, in an aesthetic radicalism supported by a deep desire for artistic experimentalism and a vast contemporary cultural repertoire. Committed to propositions that challenge what he calls \u201ccompulsory cisheteronormativity\u201d, his thinking and art practice are also activist.<\/span><\/p>\n<p style=\"font-weight: 400; text-align: justify;\"><span style=\"color: #000000;\">He is concluding his postdoctoral fellow at the Center for Humanistic Studies at the University of Minho in Portugal, where he is a Professor and Assistant Researcher for the exercise of scientific research activities in the scientific area of Arts or Aesthetics, within the scope of the Agreement Programme celebrated between the Foundation for Science and Technology and University of Minho. He studied PhD in Theater and Performative Studies at the University of Coimbra, a Master&#8217;s in Art Theory and Criticism and a Specialization in Contemporary Artistic Practices at FBAUP and a BA degree in Theatre Staging at UFRJ.<\/span><\/p>\n<p style=\"font-weight: 400; text-align: justify;\"><span style=\"color: #000000;\">He presented authorial creations at The Kitchen, Judson Memorial Church and Satellite Art Show in New York, Mus\u00e9e des Abattoirs in Toulouse in France, Athens Museum Of Queer Arts (AMOQA) in Athens, MACRO \u2013 Museo d&#8217;Arte Contemporanea di Roma, Museum of the Republic of Rio de Janeiro, Centro Municipal de Arte Helio Oiticica, SESC SP, MIS S\u00e3o Paulo, BienalSur in Buenos Aires, TSB Bank Wallace Arts Center in Auckland, New Zealand, Labirynt Gallery in Poland, Defibrillator Gallery in Chicago, Galleria Moitre in Turin, Kuala Lumpur 7th Triennial \u2013 Barricade in Malaysia, The Biennial 6th Bangkok Experimental Film Festival in Thailand, among others.<\/span><\/p>\n<p style=\"font-weight: 400; text-align: justify;\"><span style=\"color: #000000;\">His works are in public and private collections, including: Serralves Contemporary Art Museum and \u00a0Bienal de Cerveira Museum in Portugal, Akureyri Art Museum in Iceland, MUNTREF in Buenos Aires, Argentina, Pinacoteca Jo\u00e3o Nasser, Museum of Contemporary Art in Niter\u00f3i, Museum of Modern Art in Rio de Janeiro, Museum of Contemporary Art from the University of S\u00e3o Paulo.<\/span><\/p>\n<p style=\"font-weight: 400; text-align: justify;\"><span style=\"color: #000000;\">He received the Acquisition Award at the XIX Cerveira International Art Biennial 2017, Honorable Mention at the 17th National Salon of Contemporary Art in Guarulhos in 2021, Honorable Mention at the II Gaia International Art Biennial 2017, Best Costume Designer at Aldeia FIT 2006.<\/span><\/p>\n<p style=\"text-align: justify;\"><span style=\"color: #000000;\"><span style=\"font-weight: 400;\">He has frequently presented works at international art fairs, including ARCOlisboa in Portugal, SP-Arte and ArtRio in Brazil, ARTAnkara Contemporary Art Fair in Turkey, Paratissima Art Fair in Italy, SUPERMARKET \u2013 Stockholm Independent Art Fair in Sweden, among others<\/span>.<\/span><\/p>\n<p>&nbsp;<\/p>\n<h3 style=\"text-align: justify;\"><span style=\"color: #000000;\">-&gt;\u00a0<span style=\"text-decoration: underline;\">Download\u00a0Curr\u00edculo<\/span>\u00a0e\u00a0<a style=\"color: #000000;\" href=\"http:\/\/ciaexcessos.com.br\/ciawp\/wp-content\/uploads\/2023\/02\/Tales-Frey_Portfolio_En.pdf\" target=\"_blank\" rel=\"noopener\"><span style=\"text-decoration: underline;\">Portf\u00f3lio do Artista<\/span><\/a>\u00a0(ambos em PDF para download)<\/span><\/h3>\n<p><\/p>","protected":false},"excerpt":{"rendered":"<p>&nbsp; TALES FREY (Catanduva-S\u00e3o Paulo, Brazil, 1982). Even though Tales Frey can hastily be called [&hellip;]<\/p>\n","protected":false},"author":1,"featured_media":0,"parent":18,"menu_order":1,"comment_status":"open","ping_status":"open","template":"","meta":{"footnotes":""},"class_list":["post-52","page","type-page","status-publish","hentry"],"_links":{"self":[{"href":"https:\/\/ciaexcessos.com.br\/en\/wp-json\/wp\/v2\/pages\/52","targetHints":{"allow":["GET"]}}],"collection":[{"href":"https:\/\/ciaexcessos.com.br\/en\/wp-json\/wp\/v2\/pages"}],"about":[{"href":"https:\/\/ciaexcessos.com.br\/en\/wp-json\/wp\/v2\/types\/page"}],"author":[{"embeddable":true,"href":"https:\/\/ciaexcessos.com.br\/en\/wp-json\/wp\/v2\/users\/1"}],"replies":[{"embeddable":true,"href":"https:\/\/ciaexcessos.com.br\/en\/wp-json\/wp\/v2\/comments?post=52"}],"version-history":[{"count":103,"href":"https:\/\/ciaexcessos.com.br\/en\/wp-json\/wp\/v2\/pages\/52\/revisions"}],"predecessor-version":[{"id":10574,"href":"https:\/\/ciaexcessos.com.br\/en\/wp-json\/wp\/v2\/pages\/52\/revisions\/10574"}],"up":[{"embeddable":true,"href":"https:\/\/ciaexcessos.com.br\/en\/wp-json\/wp\/v2\/pages\/18"}],"wp:attachment":[{"href":"https:\/\/ciaexcessos.com.br\/en\/wp-json\/wp\/v2\/media?parent=52"}],"curies":[{"name":"wp","href":"https:\/\/api.w.org\/{rel}","templated":true}]}}