{"id":5319,"date":"2019-11-10T16:35:13","date_gmt":"2019-11-10T18:35:13","guid":{"rendered":"http:\/\/ciaexcessos.com.br\/?page_id=5319"},"modified":"2023-12-23T14:04:11","modified_gmt":"2023-12-23T17:04:11","slug":"melodia-visual","status":"publish","type":"page","link":"https:\/\/ciaexcessos.com.br\/en\/tales-frey\/criacoes\/melodia-visual\/","title":{"rendered":"Visual Melody (2019-2021)"},"content":{"rendered":"<p>&nbsp;<\/p>\n<p style=\"text-align: center;\"><span style=\"color: #000000;\"><img loading=\"lazy\" decoding=\"async\" class=\"aligncenter wp-image-7824 size-full\" title=\"Tales Frey, &quot;Visual Melody \u2013 Variant I&quot;. Performance art showed in S\u00e3o Paulo, Brazil. August 2021.\" src=\"http:\/\/ciaexcessos.com.br\/ciawp\/wp-content\/uploads\/2022\/01\/Melodia-Visual-Tales-Frey-2.jpg\" alt=\"\" width=\"1920\" height=\"1080\" srcset=\"https:\/\/ciaexcessos.com.br\/ciawp\/wp-content\/uploads\/2022\/01\/Melodia-Visual-Tales-Frey-2.jpg 1920w, https:\/\/ciaexcessos.com.br\/ciawp\/wp-content\/uploads\/2022\/01\/Melodia-Visual-Tales-Frey-2-300x169.jpg 300w, https:\/\/ciaexcessos.com.br\/ciawp\/wp-content\/uploads\/2022\/01\/Melodia-Visual-Tales-Frey-2-1024x576.jpg 1024w, https:\/\/ciaexcessos.com.br\/ciawp\/wp-content\/uploads\/2022\/01\/Melodia-Visual-Tales-Frey-2-768x432.jpg 768w, https:\/\/ciaexcessos.com.br\/ciawp\/wp-content\/uploads\/2022\/01\/Melodia-Visual-Tales-Frey-2-1536x864.jpg 1536w, https:\/\/ciaexcessos.com.br\/ciawp\/wp-content\/uploads\/2022\/01\/Melodia-Visual-Tales-Frey-2-180x100.jpg 180w\" sizes=\"auto, (max-width: 1920px) 100vw, 1920px\" \/><\/span><\/p>\n<p style=\"text-align: center;\"><span style=\"color: #000000;\"><span lang=\"EN-US\">Tales Frey, <strong>Visual Melody \u2013 Variant I<\/strong>. Performance art showed in S\u00e3o Paulo, Brazil. <\/span><span lang=\"PT-BR\">August 2021<\/span><\/span><\/p>\n<p>&nbsp;<\/p>\n<div>\n<p style=\"text-align: justify;\"><span style=\"color: #000000;\">With <em>Visual Melody<\/em>, I suggest the materialization of sound when playing the notes of a piano with the help of wooden and PVC sticks, all of which are presented in standardized colors. In this work, through which I express gesture and composition with sound propagation in space, I propose a live presentation that culminates in an installation, which can remain on display for visitation for a stipulated period of time.<\/span><\/p>\n<p style=\"text-align: justify;\"><span style=\"color: #000000;\">Furthermore, the videos generated from the presentation of each variant of this action can be presented as expansions of the live event.<\/span><\/p>\n<\/div>\n<div>\n<p>&nbsp;<\/p>\n<\/div>\n<div style=\"text-align: justify;\"><span style=\"color: #000000;\"><span lang=\"EN-US\">This work was conceived during an artist residency held at the Zsenne Art Lab space in Brussels\/Belgium during the month of September 2019<\/span>.<\/span><\/div>\n<p>&nbsp;<\/p>\n<div style=\"padding: 56.25% 0 0 0; position: relative;\"><iframe style=\"position: absolute; top: 0; left: 0; width: 100%; height: 100%;\" src=\"https:\/\/player.vimeo.com\/video\/662134841?h=3b89c4e4e7&amp;title=0&amp;byline=0&amp;portrait=0\" frameborder=\"0\" allowfullscreen=\"allowfullscreen\"><\/iframe><\/div>\n<p style=\"text-align: center;\"><span style=\"color: #000000;\"><span lang=\"EN-US\">Tales Frey, <\/span><strong><span lang=\"EN-US\">Visual Melody\u00a0<\/span><\/strong>&#8211;<b> Variant II<\/b>, 2021. Video, 1\u201946\u2019\u2019<\/span><\/p>\n<p>&nbsp;<\/p>\n<div style=\"padding: 56.25% 0 0 0; position: relative;\"><iframe style=\"position: absolute; top: 0; left: 0; width: 100%; height: 100%;\" src=\"https:\/\/player.vimeo.com\/video\/663194146?h=4c910f5bba&amp;title=0&amp;byline=0&amp;portrait=0\" frameborder=\"0\" allowfullscreen=\"allowfullscreen\"><\/iframe><\/div>\n<p style=\"text-align: center;\"><span style=\"color: #000000;\"><span lang=\"EN-US\">Tales Frey, <\/span><strong><span lang=\"EN-US\">Visual Melody\u00a0<\/span><\/strong>&#8211;<b> Variant I<\/b>, 2021. Video, 9\u201951\u2019\u2019<\/span><\/p>\n<p>&nbsp;<\/p>\n<div style=\"padding: 56.25% 0 0 0; position: relative;\"><iframe style=\"position: absolute; top: 0; left: 0; width: 100%; height: 100%;\" src=\"https:\/\/player.vimeo.com\/video\/363432390?h=4d8d1b1033&amp;title=0&amp;byline=0&amp;portrait=0\" frameborder=\"0\" allowfullscreen=\"allowfullscreen\"><\/iframe><\/div>\n<p style=\"font-weight: 400; text-align: center;\"><span style=\"color: #000000;\">Tales Frey,\u00a0<strong>Visual Melody<\/strong>, 2019, video, 4\u201940\u2019\u2019<\/span><\/p>\n<p>&nbsp;<\/p>\n<h2 style=\"text-align: justify;\"><strong>TRAJECTORY<\/strong><\/h2>\n<div style=\"text-align: justify;\">\n<h3><span style=\"color: #000000;\"><u>LIVE<\/u><\/span><\/h3>\n<\/div>\n<p style=\"text-align: justify;\"><span style=\"color: #000000;\"><strong>[2021]<\/strong> ZSenne Art Laboratory. Brussels, Belgium.<\/span><\/p>\n<p style=\"text-align: justify;\"><span style=\"color: #000000;\"><strong>[2021] Shared Skins<\/strong>. Oswald Andrade Cultural Workshop, S\u00e3o Paulo, Brazil.<\/span><\/p>\n<p>&nbsp;<\/p>\n<h3 style=\"text-align: justify;\"><span style=\"text-decoration: underline; color: #000000;\"><strong>VIDEO AND\/OR INSTALLATION<\/strong><\/span><\/h3>\n<p style=\"text-align: justify;\"><span style=\"color: #000000;\"><strong>[2021]<\/strong> ZSenne Art Laboratory, Brussels, Belgium.<\/span><\/p>\n<p style=\"text-align: justify;\"><span style=\"color: #000000;\"><strong>[2021] Shared Skins<\/strong>. Oswald Andrade Cultural Workshop, S\u00e3o Paulo, Brazil.<\/span><\/p>\n<p style=\"text-align: justify;\"><span style=\"color: #000000;\"><strong>[2019]<\/strong> ZSenne Art Laboratory, Brussels, Belgium.<\/span><\/p>\n<p>&nbsp;<\/p>\n<p style=\"text-align: center;\"><span style=\"color: #000000;\"><img loading=\"lazy\" decoding=\"async\" class=\"aligncenter wp-image-7825\" title=\"Instala\u00e7\u00e3o gerada a partir da a\u00e7\u00e3o na galeria Zsenne Art Lab em Bruxelas em junho de 2021.\" src=\"http:\/\/ciaexcessos.com.br\/ciawp\/wp-content\/uploads\/2022\/01\/Melodia-Visual-Tales-Frey-3-1024x1024.jpeg\" alt=\"\" width=\"1000\" height=\"1000\" srcset=\"https:\/\/ciaexcessos.com.br\/ciawp\/wp-content\/uploads\/2022\/01\/Melodia-Visual-Tales-Frey-3-1024x1024.jpeg 1024w, https:\/\/ciaexcessos.com.br\/ciawp\/wp-content\/uploads\/2022\/01\/Melodia-Visual-Tales-Frey-3-300x300.jpeg 300w, https:\/\/ciaexcessos.com.br\/ciawp\/wp-content\/uploads\/2022\/01\/Melodia-Visual-Tales-Frey-3-150x150.jpeg 150w, https:\/\/ciaexcessos.com.br\/ciawp\/wp-content\/uploads\/2022\/01\/Melodia-Visual-Tales-Frey-3-768x768.jpeg 768w, https:\/\/ciaexcessos.com.br\/ciawp\/wp-content\/uploads\/2022\/01\/Melodia-Visual-Tales-Frey-3-1536x1536.jpeg 1536w, https:\/\/ciaexcessos.com.br\/ciawp\/wp-content\/uploads\/2022\/01\/Melodia-Visual-Tales-Frey-3-2048x2048.jpeg 2048w\" sizes=\"auto, (max-width: 1000px) 100vw, 1000px\" \/><\/span><\/p>\n<p style=\"text-align: center;\"><span style=\"color: #000000;\">Instala\u00e7\u00e3o gerada a partir da a\u00e7\u00e3o na galeria Zsenne Art Lab em Bruxelas em junho de 2021<\/span><\/p>\n<p>&nbsp;<\/p>\n<p style=\"text-align: center;\"><span style=\"color: #000000;\"><img loading=\"lazy\" decoding=\"async\" class=\"aligncenter wp-image-5350 size-full\" title=\"Traces of the action showed during the exhibition &quot;The Body Never Exhists in Itself&quot; at the Zsenne Gallery in Brussels in September 2019\" src=\"http:\/\/ciaexcessos.com.br\/ciawp\/wp-content\/uploads\/2019\/11\/Melodia-Visual-Tales-Frey.jpeg\" alt=\"\" width=\"1024\" height=\"1752\" srcset=\"https:\/\/ciaexcessos.com.br\/ciawp\/wp-content\/uploads\/2019\/11\/Melodia-Visual-Tales-Frey.jpeg 1024w, https:\/\/ciaexcessos.com.br\/ciawp\/wp-content\/uploads\/2019\/11\/Melodia-Visual-Tales-Frey-175x300.jpeg 175w, https:\/\/ciaexcessos.com.br\/ciawp\/wp-content\/uploads\/2019\/11\/Melodia-Visual-Tales-Frey-768x1314.jpeg 768w, https:\/\/ciaexcessos.com.br\/ciawp\/wp-content\/uploads\/2019\/11\/Melodia-Visual-Tales-Frey-599x1024.jpeg 599w\" sizes=\"auto, (max-width: 1024px) 100vw, 1024px\" \/><\/span><\/p>\n<p style=\"text-align: center;\"><span style=\"color: #000000;\">Traces of the action showed during the exhibition <em>The Body Never Exhists in Itself<\/em>\u00a0at the Zsenne Gallery in Brussels in September 2019<\/span><\/p>\n<p><\/p>","protected":false},"excerpt":{"rendered":"<p>&nbsp; Tales Frey, Visual Melody \u2013 Variant I. Performance art showed in S\u00e3o Paulo, Brazil. [&hellip;]<\/p>\n","protected":false},"author":1,"featured_media":0,"parent":54,"menu_order":481,"comment_status":"closed","ping_status":"closed","template":"","meta":{"footnotes":""},"class_list":["post-5319","page","type-page","status-publish","hentry"],"_links":{"self":[{"href":"https:\/\/ciaexcessos.com.br\/en\/wp-json\/wp\/v2\/pages\/5319","targetHints":{"allow":["GET"]}}],"collection":[{"href":"https:\/\/ciaexcessos.com.br\/en\/wp-json\/wp\/v2\/pages"}],"about":[{"href":"https:\/\/ciaexcessos.com.br\/en\/wp-json\/wp\/v2\/types\/page"}],"author":[{"embeddable":true,"href":"https:\/\/ciaexcessos.com.br\/en\/wp-json\/wp\/v2\/users\/1"}],"replies":[{"embeddable":true,"href":"https:\/\/ciaexcessos.com.br\/en\/wp-json\/wp\/v2\/comments?post=5319"}],"version-history":[{"count":15,"href":"https:\/\/ciaexcessos.com.br\/en\/wp-json\/wp\/v2\/pages\/5319\/revisions"}],"predecessor-version":[{"id":9413,"href":"https:\/\/ciaexcessos.com.br\/en\/wp-json\/wp\/v2\/pages\/5319\/revisions\/9413"}],"up":[{"embeddable":true,"href":"https:\/\/ciaexcessos.com.br\/en\/wp-json\/wp\/v2\/pages\/54"}],"wp:attachment":[{"href":"https:\/\/ciaexcessos.com.br\/en\/wp-json\/wp\/v2\/media?parent=5319"}],"curies":[{"name":"wp","href":"https:\/\/api.w.org\/{rel}","templated":true}]}}