{"id":5553,"date":"2019-12-16T03:40:12","date_gmt":"2019-12-16T05:40:12","guid":{"rendered":"http:\/\/ciaexcessos.com.br\/?page_id=5553"},"modified":"2022-09-18T11:53:32","modified_gmt":"2022-09-18T14:53:32","slug":"kill-the-president","status":"publish","type":"page","link":"https:\/\/ciaexcessos.com.br\/en\/tales-frey\/curadoria-organizacao\/kill-the-president\/","title":{"rendered":"Sama: &#8220;Kill the President&#8221; (2019)"},"content":{"rendered":"<p>&nbsp;<\/p>\n<p style=\"text-align: center;\"><span style=\"color: #000000;\"><img loading=\"lazy\" decoding=\"async\" class=\"aligncenter wp-image-5833 size-full\" src=\"http:\/\/ciaexcessos.com.br\/ciawp\/wp-content\/uploads\/2020\/04\/Sama-Kill-the-President.png\" alt=\"\" width=\"1373\" height=\"612\" srcset=\"https:\/\/ciaexcessos.com.br\/ciawp\/wp-content\/uploads\/2020\/04\/Sama-Kill-the-President.png 1373w, https:\/\/ciaexcessos.com.br\/ciawp\/wp-content\/uploads\/2020\/04\/Sama-Kill-the-President-300x134.png 300w, https:\/\/ciaexcessos.com.br\/ciawp\/wp-content\/uploads\/2020\/04\/Sama-Kill-the-President-768x342.png 768w, https:\/\/ciaexcessos.com.br\/ciawp\/wp-content\/uploads\/2020\/04\/Sama-Kill-the-President-1024x456.png 1024w\" sizes=\"auto, (max-width: 1373px) 100vw, 1373px\" \/><\/span><\/p>\n<p>&nbsp;<\/p>\n<p style=\"text-align: justify;\"><span lang=\"PT-BR\" style=\"color: #000000;\">No final de 2016, Andrei Karlov, um embaixador russo, foi morto a tiros em uma galeria de arte em Ancara por um pistoleiro que afirmava se vingar em nome da S\u00edria. Os disparos ocorreram em frente a uma audi\u00eancia enquanto o diplomata inaugurava uma exposi\u00e7\u00e3o fotogr\u00e1fica em um bairro central da capital turca. N\u00e3o se tratava de uma performance art\u00edstica como \u00e9 o caso da a\u00e7\u00e3o <i>Shoot<\/i> (1971) de Chris Burden, que consistia em literalmente receber um tiro disparado por um rifle a 5 metros de dist\u00e2ncia do seu corpo, ou ainda, como as <i>action paintings<\/i> de Niki de Saint Phalle realizadas nas d\u00e9cadas de 60 e 70. Tais referenciais despontam em <i>Kill The President<\/i>, exposi\u00e7\u00e3o individual do artista brasileiro Sama, onde ele prop\u00f5e configura\u00e7\u00f5es desenvolvidas, em sua maior parte, nos \u00faltimos tr\u00eas anos da sua trajet\u00f3ria, embora haja um \u00fanico trabalho de 2001 no meio de todo o conjunto. Seus trabalhos s\u00e3o como disparos discursivos similares aos da charge pol\u00edtica, que por meio do humor, s\u00e3o desenvolvidos rapidamente para discutirem algum assunto em pauta na atualidade e, no caso, para denunciar e debater os abusos de poder de autoridades da nossa atualidade, realizando uma narrativa sobre contextos distintos de uma forma mais globalizada, mas sempre mantendo como uma linha de abordagem a mescla de fic\u00e7\u00f5es dist\u00f3picas com a sua pr\u00f3pria brasilidade. Fatalmente, a atual realidade pol\u00edtica brasileira \u2013 que combina fascismo e neoliberalismo \u2013 \u00e9 veementemente delatada, desde o seu est\u00e1gio original, incluindo o golpe ocorrido em 2016, at\u00e9 as mais claras evid\u00eancias de viol\u00eancias do estado contra as popula\u00e7\u00f5es n\u00e3o contempladas em realidades hegem\u00f3nicas nos dias atuais. Como pe\u00e7a central, na abertura do evento, Sama utiliza uma arma de paintball para, por meio de uma brincadeira, disparar tiros de tinta contra a representa\u00e7\u00e3o de um presidente e, ent\u00e3o, o vest\u00edgio da a\u00e7\u00e3o que d\u00e1 t\u00edtulo \u00e0 exposi\u00e7\u00e3o permanece no espa\u00e7o.<\/span><\/p>\n<p>&nbsp;<\/p>\n<p style=\"text-align: right;\"><span style=\"color: #000000;\">Tales Frey<\/span><\/p>\n<p style=\"text-align: right;\"><span style=\"color: #000000;\"><em>curador<\/em><\/span><\/p>\n<p>&nbsp;<\/p>\n<p style=\"text-align: center;\"><span style=\"color: #000000;\"><img loading=\"lazy\" decoding=\"async\" class=\"aligncenter wp-image-5835\" title=\"Exposi\u00e7\u00e3o &quot;Kill the President&quot;\u00a0(2019),\u00a0de Sama. Espa\u00e7o de Interven\u00e7\u00e3o Cultural Maus H\u00e1bitos, Porto, Portugal. Fotografias de Luisa Sequeira.\" src=\"http:\/\/ciaexcessos.com.br\/ciawp\/wp-content\/uploads\/2020\/04\/Sama-Kill-the-President-1-1024x664.jpeg\" alt=\"\" width=\"1200\" height=\"778\" srcset=\"https:\/\/ciaexcessos.com.br\/ciawp\/wp-content\/uploads\/2020\/04\/Sama-Kill-the-President-1-1024x664.jpeg 1024w, https:\/\/ciaexcessos.com.br\/ciawp\/wp-content\/uploads\/2020\/04\/Sama-Kill-the-President-1-300x194.jpeg 300w, https:\/\/ciaexcessos.com.br\/ciawp\/wp-content\/uploads\/2020\/04\/Sama-Kill-the-President-1-768x498.jpeg 768w\" sizes=\"auto, (max-width: 1200px) 100vw, 1200px\" \/><\/span><\/p>\n<p style=\"text-align: center;\"><span style=\"color: #000000;\">Exposi\u00e7\u00e3o <strong>Kill the President<\/strong>\u00a0(2019),\u00a0de Sama. Espa\u00e7o de Interven\u00e7\u00e3o Cultural Maus H\u00e1bitos, Porto, Portugal. Fotografias de Luisa Sequeira<\/span><\/p>\n<p>&nbsp;<\/p>\n<h4><span style=\"color: #000000;\">Programa Paralelo da Exposi\u00e7\u00e3o <em>Kill the President<\/em><\/span><\/h4>\n<p><span style=\"color: #000000;\">08 de maio de 2019, \u00e0s 17h<\/span><\/p>\n<p><span style=\"color: #000000;\">Performance <strong>Kill the President<\/strong>, de Sama.<\/span><\/p>\n<p>&nbsp;<\/p>\n<p style=\"text-align: center;\"><span style=\"color: #000000;\"><img loading=\"lazy\" decoding=\"async\" class=\"aligncenter wp-image-5836\" title=\"Sama, &quot;Kill the President&quot;. Performance realizada na cidade do Porto, Portugal. Maio de 2019.\u00a0Fotografias de Luisa Sequeira.\" src=\"http:\/\/ciaexcessos.com.br\/ciawp\/wp-content\/uploads\/2020\/04\/Sama-Kill-the-President-2-1024x665.jpeg\" alt=\"\" width=\"1000\" height=\"649\" srcset=\"https:\/\/ciaexcessos.com.br\/ciawp\/wp-content\/uploads\/2020\/04\/Sama-Kill-the-President-2-1024x665.jpeg 1024w, https:\/\/ciaexcessos.com.br\/ciawp\/wp-content\/uploads\/2020\/04\/Sama-Kill-the-President-2-300x195.jpeg 300w, https:\/\/ciaexcessos.com.br\/ciawp\/wp-content\/uploads\/2020\/04\/Sama-Kill-the-President-2-768x499.jpeg 768w\" sizes=\"auto, (max-width: 1000px) 100vw, 1000px\" \/><\/span><\/p>\n<p style=\"text-align: center;\"><span style=\"color: #000000;\">Sama, <strong>Kill the President<\/strong>. Performance realizada na cidade do Porto, Portugal. Maio de 2019.\u00a0Fotografias de Luisa Sequeira<\/span><\/p>\n<p>&nbsp;<\/p>\n<h2 style=\"text-align: justify;\"><span style=\"color: #000000;\">FICHA T\u00c9CNICA<\/span><\/h2>\n<p style=\"text-align: justify;\"><span style=\"color: #000000;\">Sama: <em>Kill the President<\/em>\u00a0|\u00a0Curadoria e Texto: Tales Frey | Espa\u00e7o de Interven\u00e7\u00e3o Cultural Maus H\u00e1bitos, Porto, Portugal | Organiza\u00e7\u00e3o: FITEI &#8211; Festival Internacional de Teatro de Express\u00e3o Ib\u00e9rica \u00a0| 08\u00a0a 12 de maio de 2019<\/span><\/p>\n","protected":false},"excerpt":{"rendered":"<p>&nbsp; &nbsp; No final de 2016, Andrei Karlov, um embaixador russo, foi morto a tiros [&hellip;]<\/p>\n","protected":false},"author":1,"featured_media":0,"parent":5271,"menu_order":101,"comment_status":"closed","ping_status":"closed","template":"","meta":{"footnotes":""},"class_list":["post-5553","page","type-page","status-publish","hentry"],"_links":{"self":[{"href":"https:\/\/ciaexcessos.com.br\/en\/wp-json\/wp\/v2\/pages\/5553","targetHints":{"allow":["GET"]}}],"collection":[{"href":"https:\/\/ciaexcessos.com.br\/en\/wp-json\/wp\/v2\/pages"}],"about":[{"href":"https:\/\/ciaexcessos.com.br\/en\/wp-json\/wp\/v2\/types\/page"}],"author":[{"embeddable":true,"href":"https:\/\/ciaexcessos.com.br\/en\/wp-json\/wp\/v2\/users\/1"}],"replies":[{"embeddable":true,"href":"https:\/\/ciaexcessos.com.br\/en\/wp-json\/wp\/v2\/comments?post=5553"}],"version-history":[{"count":8,"href":"https:\/\/ciaexcessos.com.br\/en\/wp-json\/wp\/v2\/pages\/5553\/revisions"}],"predecessor-version":[{"id":8387,"href":"https:\/\/ciaexcessos.com.br\/en\/wp-json\/wp\/v2\/pages\/5553\/revisions\/8387"}],"up":[{"embeddable":true,"href":"https:\/\/ciaexcessos.com.br\/en\/wp-json\/wp\/v2\/pages\/5271"}],"wp:attachment":[{"href":"https:\/\/ciaexcessos.com.br\/en\/wp-json\/wp\/v2\/media?parent=5553"}],"curies":[{"name":"wp","href":"https:\/\/api.w.org\/{rel}","templated":true}]}}