{"id":7202,"date":"2021-02-22T22:45:37","date_gmt":"2021-02-23T01:45:37","guid":{"rendered":"http:\/\/ciaexcessos.com.br\/?page_id=7202"},"modified":"2023-12-23T14:03:34","modified_gmt":"2023-12-23T17:03:34","slug":"pe-45-sem-par","status":"publish","type":"page","link":"https:\/\/ciaexcessos.com.br\/en\/tales-frey\/criacoes\/pe-45-sem-par\/","title":{"rendered":"XXL Lag With Single Foot  (2020)"},"content":{"rendered":"<p>&nbsp;<\/p>\n<p style=\"text-align: center;\"><span style=\"color: #000000;\"><img loading=\"lazy\" decoding=\"async\" class=\"aligncenter wp-image-7204\" title=\"Tales Frey,\u00a0&quot;XXL Lag With Single Foot&quot;, 2020. Sculpture, 9 meters.\" src=\"http:\/\/ciaexcessos.com.br\/ciawp\/wp-content\/uploads\/2021\/02\/Tales-Frey-P\u00e9-45-Sem-Par-1-e1614044962690-1024x1024.jpeg\" alt=\"\" width=\"1200\" height=\"1200\" srcset=\"https:\/\/ciaexcessos.com.br\/ciawp\/wp-content\/uploads\/2021\/02\/Tales-Frey-P\u00e9-45-Sem-Par-1-e1614044962690-1024x1024.jpeg 1024w, https:\/\/ciaexcessos.com.br\/ciawp\/wp-content\/uploads\/2021\/02\/Tales-Frey-P\u00e9-45-Sem-Par-1-e1614044962690-150x150.jpeg 150w, https:\/\/ciaexcessos.com.br\/ciawp\/wp-content\/uploads\/2021\/02\/Tales-Frey-P\u00e9-45-Sem-Par-1-e1614044962690-300x300.jpeg 300w, https:\/\/ciaexcessos.com.br\/ciawp\/wp-content\/uploads\/2021\/02\/Tales-Frey-P\u00e9-45-Sem-Par-1-e1614044962690-768x768.jpeg 768w\" sizes=\"auto, (max-width: 1200px) 100vw, 1200px\" \/><\/span><\/p>\n<p style=\"text-align: center;\"><span style=\"color: #000000;\">Tales Frey, <strong>XXL Lag With Single Foot\u00a0\u2013 Variant I<\/strong>, 2020. Sculpture, 9 meters<\/span><\/p>\n<p style=\"text-align: center;\"><span style=\"color: #000000;\">[Exhibition <strong>Between Tension And Delirium<\/strong>. Centro para os Assuntos da Arte e Arquitectura, Guimar\u00e3es, Portugal, 2021.]<\/span><\/p>\n<p>&nbsp;<\/p>\n<p style=\"text-align: justify;\"><span style=\"color: #000000;\">It is in the context of the coronavirus pandemic and a consequent financial crisis &#8211; coinciding with a greater understanding of the era of depletion of natural resources &#8211; that the sculpture <em>XXL Lag With Single Foot<\/em> is created. It is a piece made of papier-mache from materials found in urban waste, with the addition of a mixture of glue, plaster and paint in very little quantity.<\/span><\/p>\n<p style=\"text-align: justify;\"><span style=\"color: #000000;\">The work mixes shapes, textures, dimensions, weight or lightness that we perceive as masculine or feminine, presenting the representation of a hybrid physicality that can be positioned in different ways.<\/span><\/p>\n<p>&nbsp;<\/p>\n<p style=\"text-align: center;\"><span style=\"color: #000000;\"><img loading=\"lazy\" decoding=\"async\" class=\"aligncenter wp-image-7212 size-full\" title=\"Tales Frey,\u00a0&quot;XXL Lag With Single Foot&quot;, 2020. Sculpture, 3 meters.\" src=\"http:\/\/ciaexcessos.com.br\/ciawp\/wp-content\/uploads\/2021\/02\/2-Tales-Frey-P\u00e9-45-Sem-Par-2.jpeg\" alt=\"\" width=\"1280\" height=\"854\" srcset=\"https:\/\/ciaexcessos.com.br\/ciawp\/wp-content\/uploads\/2021\/02\/2-Tales-Frey-P\u00e9-45-Sem-Par-2.jpeg 1280w, https:\/\/ciaexcessos.com.br\/ciawp\/wp-content\/uploads\/2021\/02\/2-Tales-Frey-P\u00e9-45-Sem-Par-2-300x200.jpeg 300w, https:\/\/ciaexcessos.com.br\/ciawp\/wp-content\/uploads\/2021\/02\/2-Tales-Frey-P\u00e9-45-Sem-Par-2-768x512.jpeg 768w, https:\/\/ciaexcessos.com.br\/ciawp\/wp-content\/uploads\/2021\/02\/2-Tales-Frey-P\u00e9-45-Sem-Par-2-1024x683.jpeg 1024w\" sizes=\"auto, (max-width: 1280px) 100vw, 1280px\" \/><\/span><\/p>\n<p style=\"text-align: center;\"><span style=\"color: #000000;\">Tales Frey, <strong>XXL Lag With Single Foot<\/strong>, 2020. Sculpture, 3 meters<\/span><\/p>\n<p style=\"text-align: center;\"><span style=\"color: #000000;\">[Exhibition <strong>Meat Indicator<\/strong>. Galeria Ocupa, Porto, Portugal, 2020.]<\/span><\/p>\n<p>&nbsp;<\/p>\n<div>\n<p style=\"text-align: justify;\"><span style=\"color: #000000;\"><em><span lang=\"EN-US\">(&#8230;) <\/span><span lang=\"EN-US\">The sculpture \u201c<\/span><\/em><\/span><em>XXL Lag With Single Foot<\/em><span style=\"color: #000000;\"><em><span lang=\"EN-US\">\u201d [\u201cP\u00e9 45 Sem Par\u201d] brings a dialogue between opposing elements that compose a single body, through the binary contrast and gender neutrality. Positioned as a creative instrument of body art, the structure comprehends representations; the shape of the muscles of the \u201cmale\u201d legs evokes a feeling of heaviness, opposed to the \u201cfemale\u201d shoes, both are blended with the light paper mach\u00e8 used to sculpt the open legs. The two extremities of the body member go through possibilities of expressing identities and reproductions, which readjust to the concepts of a single body, including the allusion of the decomposed dance position (&#8230;)<\/span>.<\/em><\/span><\/p>\n<\/div>\n<p style=\"text-align: justify;\"><span style=\"color: #000000;\">&#8212; Estef\u00e2nia Tumenas, trecho de texto curatorial da exposi\u00e7\u00e3o <strong>Entre a Tens\u00e3o e o Del\u00edrio<\/strong>, ocorrida no CAAA Centro para os Assuntos da Arte e Arquitectura, Guimar\u00e3es, Portugal, 2021.<\/span><\/p>\n<p>&nbsp;<\/p>\n<h2 style=\"text-align: justify;\"><strong>TRAJECTORY<\/strong><\/h2>\n<p style=\"text-align: justify;\"><span style=\"color: #000000;\"><strong>[2020] <\/strong><span lang=\"EN-US\">Individual exhibition<b> Between Tension and Delirium<\/b>.\u00a0<\/span><span lang=\"PT-BR\">CAAA Centro para os Assuntos da Arte e Arquitectura, Guimar\u00e3es, Portugal.<\/span><\/span><\/p>\n<p style=\"text-align: justify;\"><span style=\"color: #000000;\"><strong>[2020]\u00a0<\/strong><span lang=\"PT-BR\">Individual exhibition <b>Meat Indicators<\/b>. Galeria Ocupa, Porto, Portugal, 2020.<\/span><\/span><\/p>\n<p>&nbsp;<\/p>\n<p style=\"text-align: center;\"><span style=\"color: #000000;\"><img loading=\"lazy\" decoding=\"async\" class=\"aligncenter wp-image-7206 size-full\" title=\"Manipulation tests with the sculpture still in process during an artistic residency held in December 2020 at CAAA \u2013 Centro para os Assuntos da Arte e Arquitectura, Guimar\u00e3es, Portugal.\" src=\"http:\/\/ciaexcessos.com.br\/ciawp\/wp-content\/uploads\/2021\/02\/Tales-Frey-P\u00e9-45-Sem-Par-3.jpeg\" alt=\"\" width=\"1639\" height=\"1080\" srcset=\"https:\/\/ciaexcessos.com.br\/ciawp\/wp-content\/uploads\/2021\/02\/Tales-Frey-P\u00e9-45-Sem-Par-3.jpeg 1639w, https:\/\/ciaexcessos.com.br\/ciawp\/wp-content\/uploads\/2021\/02\/Tales-Frey-P\u00e9-45-Sem-Par-3-300x198.jpeg 300w, https:\/\/ciaexcessos.com.br\/ciawp\/wp-content\/uploads\/2021\/02\/Tales-Frey-P\u00e9-45-Sem-Par-3-768x506.jpeg 768w, https:\/\/ciaexcessos.com.br\/ciawp\/wp-content\/uploads\/2021\/02\/Tales-Frey-P\u00e9-45-Sem-Par-3-1024x675.jpeg 1024w\" sizes=\"auto, (max-width: 1639px) 100vw, 1639px\" \/><\/span><\/p>\n<p style=\"text-align: center;\"><span style=\"color: #000000;\">Manipulation tests with the sculpture still in process during an artistic residency held in December 2020 at CAAA \u2013 Centro para os Assuntos da Arte e Arquitectura, Guimar\u00e3es, Portugal<\/span><\/p>\n<p><\/p>","protected":false},"excerpt":{"rendered":"<p>&nbsp; Tales Frey, XXL Lag With Single Foot\u00a0\u2013 Variant I, 2020. Sculpture, 9 meters [Exhibition [&hellip;]<\/p>\n","protected":false},"author":1,"featured_media":0,"parent":54,"menu_order":482,"comment_status":"closed","ping_status":"closed","template":"","meta":{"footnotes":""},"class_list":["post-7202","page","type-page","status-publish","hentry"],"_links":{"self":[{"href":"https:\/\/ciaexcessos.com.br\/en\/wp-json\/wp\/v2\/pages\/7202","targetHints":{"allow":["GET"]}}],"collection":[{"href":"https:\/\/ciaexcessos.com.br\/en\/wp-json\/wp\/v2\/pages"}],"about":[{"href":"https:\/\/ciaexcessos.com.br\/en\/wp-json\/wp\/v2\/types\/page"}],"author":[{"embeddable":true,"href":"https:\/\/ciaexcessos.com.br\/en\/wp-json\/wp\/v2\/users\/1"}],"replies":[{"embeddable":true,"href":"https:\/\/ciaexcessos.com.br\/en\/wp-json\/wp\/v2\/comments?post=7202"}],"version-history":[{"count":8,"href":"https:\/\/ciaexcessos.com.br\/en\/wp-json\/wp\/v2\/pages\/7202\/revisions"}],"predecessor-version":[{"id":9412,"href":"https:\/\/ciaexcessos.com.br\/en\/wp-json\/wp\/v2\/pages\/7202\/revisions\/9412"}],"up":[{"embeddable":true,"href":"https:\/\/ciaexcessos.com.br\/en\/wp-json\/wp\/v2\/pages\/54"}],"wp:attachment":[{"href":"https:\/\/ciaexcessos.com.br\/en\/wp-json\/wp\/v2\/media?parent=7202"}],"curies":[{"name":"wp","href":"https:\/\/api.w.org\/{rel}","templated":true}]}}