{"id":7424,"date":"2021-05-08T23:06:44","date_gmt":"2021-05-09T02:06:44","guid":{"rendered":"http:\/\/ciaexcessos.com.br\/?page_id=7424"},"modified":"2023-12-23T14:04:40","modified_gmt":"2023-12-23T17:04:40","slug":"8-corpos-para-588-quadros","status":"publish","type":"page","link":"https:\/\/ciaexcessos.com.br\/en\/tales-frey\/criacoes\/8-corpos-para-588-quadros\/","title":{"rendered":"8 Bodies for 588 Frames (2021)"},"content":{"rendered":"<p>&nbsp;<\/p>\n<div style=\"padding: 56.25% 0 0 0; position: relative;\"><iframe style=\"position: absolute; top: 0; left: 0; width: 100%; height: 100%;\" src=\"https:\/\/player.vimeo.com\/video\/522052043?title=0&amp;byline=0&amp;portrait=0\" frameborder=\"0\" allowfullscreen=\"allowfullscreen\" data-mce-fragment=\"1\"><\/iframe><\/div>\n<div><\/div>\n<div style=\"text-align: center;\"><span style=\"color: #000000;\"><span lang=\"EN-US\">Tales Frey,\u00a0<\/span><b><span lang=\"EN-US\">8 Bodies for 588 Frames<\/span><\/b><span lang=\"EN-US\">, 2021. Video, 1\u201951\u201d. Edition: 15 + 2 P.A<\/span>.<\/span><\/div>\n<p><span style=\"color: #000000;\"><strong>\u00a0<\/strong><\/span><\/p>\n<div style=\"text-align: justify;\"><span style=\"color: #000000;\"><span lang=\"EN-US\">This work is based on a proposition aimed to 8 performers who, from their homes in different locations, captured images of their own bodies and performed various movements under clothes and accessories of the same black color. From each of the 8 videos, a huge set of frames was exported and printed and then digitized in the form of stop motion, where we see a hand manipulating all the leaves, with the ultimate performative character of the work in the mediation gesture<\/span>.<\/span><\/div>\n<p>&nbsp;<\/p>\n<h2><span style=\"color: #000000;\"><strong>CREDITS<\/strong><\/span><\/h2>\n<p style=\"text-align: justify;\"><span style=\"color: #000000;\">Proposition by Tales Frey | Performers (creation of bodies compositions): Ana Andr\u00e9, Ana Efe, Baltazar Vicente Xavier, Cl\u00e1udio Marconcine, Marianna London, Nara Rosetto, Henrique Montagne, Edna Luz, Thais Ara\u00fajo, Washington Pastore and Rosa Bunchaft |\u00a0Porto\/Portugal, 2021<\/span><\/p>\n<p>&nbsp;<\/p>\n<h2><strong>TRAJECTORY<\/strong><\/h2>\n<p style=\"font-weight: 400; text-align: justify;\"><span style=\"color: #000000;\"><strong>[2022]<\/strong> SESC Campinas. Campinas-SP, Brazil.<\/span><\/p>\n<p style=\"text-align: justify;\"><span style=\"color: #000000;\"><strong>[2021]<\/strong> <strong>11th Edition Under the Subway Video Art Night<\/strong>. St. Nicholas Park, New York City, USA, and Fantastiklab, Valencia, Spain.<\/span><\/p>\n<p style=\"text-align: justify;\"><span style=\"color: #000000;\"><strong>[2021]<\/strong> <strong>Shared Skins<\/strong>. Oficina Cultural Oswald Andrade. S\u00e3o Paulo-SP, Brazil.<\/span><\/p>\n<p><span style=\"color: #000000;\"><strong>[2021]<\/strong>\u00a0SESC Guarulhos [IGTV]. Guarulhos-SP, Brazil.<\/span><\/p>","protected":false},"excerpt":{"rendered":"<p>&nbsp; Tales Frey,\u00a08 Bodies for 588 Frames, 2021. Video, 1\u201951\u201d. Edition: 15 + 2 P.A. [&hellip;]<\/p>\n","protected":false},"author":1,"featured_media":0,"parent":54,"menu_order":479,"comment_status":"closed","ping_status":"closed","template":"","meta":{"footnotes":""},"class_list":["post-7424","page","type-page","status-publish","hentry"],"_links":{"self":[{"href":"https:\/\/ciaexcessos.com.br\/en\/wp-json\/wp\/v2\/pages\/7424","targetHints":{"allow":["GET"]}}],"collection":[{"href":"https:\/\/ciaexcessos.com.br\/en\/wp-json\/wp\/v2\/pages"}],"about":[{"href":"https:\/\/ciaexcessos.com.br\/en\/wp-json\/wp\/v2\/types\/page"}],"author":[{"embeddable":true,"href":"https:\/\/ciaexcessos.com.br\/en\/wp-json\/wp\/v2\/users\/1"}],"replies":[{"embeddable":true,"href":"https:\/\/ciaexcessos.com.br\/en\/wp-json\/wp\/v2\/comments?post=7424"}],"version-history":[{"count":10,"href":"https:\/\/ciaexcessos.com.br\/en\/wp-json\/wp\/v2\/pages\/7424\/revisions"}],"predecessor-version":[{"id":9414,"href":"https:\/\/ciaexcessos.com.br\/en\/wp-json\/wp\/v2\/pages\/7424\/revisions\/9414"}],"up":[{"embeddable":true,"href":"https:\/\/ciaexcessos.com.br\/en\/wp-json\/wp\/v2\/pages\/54"}],"wp:attachment":[{"href":"https:\/\/ciaexcessos.com.br\/en\/wp-json\/wp\/v2\/media?parent=7424"}],"curies":[{"name":"wp","href":"https:\/\/api.w.org\/{rel}","templated":true}]}}