{"id":7688,"date":"2021-10-12T18:08:17","date_gmt":"2021-10-12T21:08:17","guid":{"rendered":"http:\/\/ciaexcessos.com.br\/?page_id=7688"},"modified":"2024-02-11T12:03:39","modified_gmt":"2024-02-11T15:03:39","slug":"casa-do-colonizador","status":"publish","type":"page","link":"https:\/\/ciaexcessos.com.br\/en\/hilda-de-paulo\/obras\/casa-do-colonizador\/","title":{"rendered":"(PT) Eu estou na casa do colonizador. Ent\u00e3o, mexer nos m\u00f3veis dessa casa \u00e9 um pouco dif\u00edcil. Mas eu vou mexer. (2021)"},"content":{"rendered":"<p class=\"qtranxs-available-languages-message qtranxs-available-languages-message-en\">Sorry, this entry is only available in <a href=\"https:\/\/ciaexcessos.com.br\/pb\/wp-json\/wp\/v2\/pages\/7688\" class=\"qtranxs-available-language-link qtranxs-available-language-link-pb\" title=\"PT\">PT<\/a>.<\/p>","protected":false},"excerpt":{"rendered":"<p>Sorry, this entry is only available in PT.<\/p>\n","protected":false},"author":1,"featured_media":0,"parent":3721,"menu_order":996,"comment_status":"closed","ping_status":"closed","template":"","meta":{"footnotes":""},"class_list":["post-7688","page","type-page","status-publish","hentry"],"_links":{"self":[{"href":"https:\/\/ciaexcessos.com.br\/en\/wp-json\/wp\/v2\/pages\/7688","targetHints":{"allow":["GET"]}}],"collection":[{"href":"https:\/\/ciaexcessos.com.br\/en\/wp-json\/wp\/v2\/pages"}],"about":[{"href":"https:\/\/ciaexcessos.com.br\/en\/wp-json\/wp\/v2\/types\/page"}],"author":[{"embeddable":true,"href":"https:\/\/ciaexcessos.com.br\/en\/wp-json\/wp\/v2\/users\/1"}],"replies":[{"embeddable":true,"href":"https:\/\/ciaexcessos.com.br\/en\/wp-json\/wp\/v2\/comments?post=7688"}],"version-history":[{"count":18,"href":"https:\/\/ciaexcessos.com.br\/en\/wp-json\/wp\/v2\/pages\/7688\/revisions"}],"predecessor-version":[{"id":8959,"href":"https:\/\/ciaexcessos.com.br\/en\/wp-json\/wp\/v2\/pages\/7688\/revisions\/8959"}],"up":[{"embeddable":true,"href":"https:\/\/ciaexcessos.com.br\/en\/wp-json\/wp\/v2\/pages\/3721"}],"wp:attachment":[{"href":"https:\/\/ciaexcessos.com.br\/en\/wp-json\/wp\/v2\/media?parent=7688"}],"curies":[{"name":"wp","href":"https:\/\/api.w.org\/{rel}","templated":true}]}}