{"id":8255,"date":"2022-07-28T16:38:22","date_gmt":"2022-07-28T19:38:22","guid":{"rendered":"http:\/\/ciaexcessos.com.br\/?page_id=8255"},"modified":"2022-07-30T01:21:50","modified_gmt":"2022-07-30T04:21:50","slug":"peles-partilhadas","status":"publish","type":"page","link":"https:\/\/ciaexcessos.com.br\/en\/tales-frey\/exposicoes\/peles-partilhadas\/","title":{"rendered":"Shared Skins (2021)"},"content":{"rendered":"<p>&nbsp;<\/p>\n<p style=\"font-weight: 400; text-align: center;\"><span style=\"color: #000000;\"><img loading=\"lazy\" decoding=\"async\" class=\"aligncenter wp-image-8309 size-full\" src=\"http:\/\/ciaexcessos.com.br\/ciawp\/wp-content\/uploads\/2022\/07\/Estar-a-Par-Tales-Frey-Foto-scaled.jpg\" alt=\"\" width=\"2560\" height=\"1849\" srcset=\"https:\/\/ciaexcessos.com.br\/ciawp\/wp-content\/uploads\/2022\/07\/Estar-a-Par-Tales-Frey-Foto-scaled.jpg 2560w, https:\/\/ciaexcessos.com.br\/ciawp\/wp-content\/uploads\/2022\/07\/Estar-a-Par-Tales-Frey-Foto-300x217.jpg 300w, https:\/\/ciaexcessos.com.br\/ciawp\/wp-content\/uploads\/2022\/07\/Estar-a-Par-Tales-Frey-Foto-1024x739.jpg 1024w, https:\/\/ciaexcessos.com.br\/ciawp\/wp-content\/uploads\/2022\/07\/Estar-a-Par-Tales-Frey-Foto-768x555.jpg 768w, https:\/\/ciaexcessos.com.br\/ciawp\/wp-content\/uploads\/2022\/07\/Estar-a-Par-Tales-Frey-Foto-1536x1109.jpg 1536w, https:\/\/ciaexcessos.com.br\/ciawp\/wp-content\/uploads\/2022\/07\/Estar-a-Par-Tales-Frey-Foto-2048x1479.jpg 2048w\" sizes=\"auto, (max-width: 2560px) 100vw, 2560px\" \/><\/span><\/p>\n<p style=\"font-weight: 400; text-align: center;\"><span style=\"color: #000000;\">Legenda em breve.<\/span><\/p>\n<p>&nbsp;<\/p>\n<p style=\"font-weight: 400; text-align: justify;\"><span style=\"color: #000000;\">Thinking of the body as a pivot for artistic conception implies paths of research and reflection. One possibility, present in the work of artist Tales Frey, highlights the notion of outer tissue, either the skin or the material placed on it, producing questions arising from existing codes in the encounter between the individual and the clothing, where shared skins emerge as strategic aesthetic solutions to put bodies in direct dialogue, reflecting on the coexistence between differences, between approximations and distances.<\/span><\/p>\n<p style=\"font-weight: 400; text-align: justify;\"><span style=\"color: #000000;\"><span style=\"font-weight: 400;\"><em>Shared Skins<\/em> presents works based on the intersection of performance, video, and clothing through creations in which adornments\/costumes have the function of connecting bodies, bringing them closer to sculptural forms and placing them in dance situations.<\/span><\/span><\/p>\n<p>&nbsp;<\/p>\n<p style=\"font-weight: 400; text-align: right;\"><span style=\"color: #000000;\">Marcus Moreno<\/span><\/p>\n<p><span style=\"color: #000000;\"><strong>\u00a0<\/strong><strong>\u00a0<\/strong><\/span><\/p>\n<h3><span style=\"color: #000000;\"><b><span lang=\"EN-US\">ARTWORKS<\/span><\/b><\/span><\/h3>\n<p style=\"text-align: justify;\"><span style=\"color: #000000;\"><strong>1)<\/strong>\u00a0Tales Frey,\u00a0<strong><span lang=\"EN-US\">Conductive Wire<\/span><\/strong>, 2020. Video, 4\u201948\u2019\u2019;<\/span><\/p>\n<p style=\"text-align: justify;\"><span style=\"color: #000000;\"><strong>2)<\/strong> Tales Frey,\u00a0<strong><span lang=\"EN-US\">8 Bodies to 588 Frames<\/span><\/strong>, 2020. Video, 2\u201914\u2019\u2019;<\/span><\/p>\n<p style=\"text-align: justify;\"><span style=\"color: #000000;\"><strong>3)<\/strong> Tales Frey,\u00a0<strong><span lang=\"EN-US\">About Gests that Survive in Us<\/span><\/strong>, 2020. Video, 5\u201903\u2019\u2019;<\/span><\/p>\n<p style=\"text-align: justify;\"><span style=\"color: #000000;\"><strong>4)<\/strong> Tales Frey,\u00a0<strong><span lang=\"EN-US\">The Body Never Exists in Itself \u2013 120 bps<\/span><\/strong>, 2020. Video, 5\u201953\u2019\u2019;<\/span><\/p>\n<p style=\"text-align: justify;\"><span style=\"color: #000000;\"><strong>5)<\/strong> Tales Frey,\u00a0<strong><span lang=\"EN-US\">One Hundred and Thirty-Two Corporeal Figures as Signical Mediations<\/span><\/strong>, 2020. Video, 4\u201941\u2019\u2019;<\/span><\/p>\n<p style=\"text-align: justify;\"><span style=\"color: #000000;\"><strong>6)<\/strong> Tales Frey,\u00a0<strong><span lang=\"EN-US\">To Be Privy &#8211; Step by Step<\/span><\/strong>, 2019. Video, 1\u201949\u2019\u2019;<\/span><\/p>\n<p style=\"text-align: justify;\"><span style=\"color: #000000;\"><strong>7)<\/strong> Tales Frey,\u00a0<strong><span lang=\"EN-US\">Red Carpet<\/span><\/strong>, 2019. Video, 3\u201931\u2019.<\/span><\/p>\n<p>&nbsp;<\/p>\n<p style=\"text-align: center;\"><span style=\"color: #000000;\"><img loading=\"lazy\" decoding=\"async\" class=\"aligncenter wp-image-8307 size-full\" title=\"Tales Frey, Frame by\u00a0&quot;Conductive Wire&quot;, 2020. Video, 4\u201948\u2019\u2019.\" src=\"http:\/\/ciaexcessos.com.br\/ciawp\/wp-content\/uploads\/2022\/07\/Fio-Condutor-3.png\" alt=\"\" width=\"1266\" height=\"712\" srcset=\"https:\/\/ciaexcessos.com.br\/ciawp\/wp-content\/uploads\/2022\/07\/Fio-Condutor-3.png 1266w, https:\/\/ciaexcessos.com.br\/ciawp\/wp-content\/uploads\/2022\/07\/Fio-Condutor-3-300x169.png 300w, https:\/\/ciaexcessos.com.br\/ciawp\/wp-content\/uploads\/2022\/07\/Fio-Condutor-3-1024x576.png 1024w, https:\/\/ciaexcessos.com.br\/ciawp\/wp-content\/uploads\/2022\/07\/Fio-Condutor-3-768x432.png 768w, https:\/\/ciaexcessos.com.br\/ciawp\/wp-content\/uploads\/2022\/07\/Fio-Condutor-3-180x100.png 180w\" sizes=\"auto, (max-width: 1266px) 100vw, 1266px\" \/><\/span><\/p>\n<p style=\"text-align: center;\"><span style=\"color: #000000;\">Tales Frey, Frame by\u00a0<strong><span lang=\"EN-US\">Conductive Wire<\/span><\/strong>, 2020. Video, 4\u201948\u2019\u2019<\/span><\/p>\n<p>&nbsp;<\/p>\n<h3 style=\"text-align: justify;\"><span style=\"color: #000000;\"><b><span lang=\"EN-US\">Parallel Program<\/span><\/b><\/span><\/h3>\n<p style=\"font-weight: 400;\"><span style=\"color: #000000;\"><u>20 de maio de 2021, \u00e0s 15h<\/u><\/span><\/p>\n<p style=\"font-weight: 400;\"><span style=\"color: #000000;\">Live de abertura, com Tales Frey e Marcus Moreno. Instagram da Oficina Cultural Oswald de Andrade.<\/span><\/p>\n<p>&nbsp;<\/p>\n<p style=\"font-weight: 400;\"><span style=\"color: #000000;\"><u>27 de agosto de 2021, \u00e0s 14h<\/u><\/span><\/p>\n<p style=\"font-weight: 400;\"><span style=\"color: #000000;\"><em>Melodia Visual<\/em>, performance de Tales Frey.<\/span><\/p>\n<p>&nbsp;<\/p>\n<h2 style=\"text-align: justify;\"><span style=\"color: #000000;\"><b>CREDITS<\/b><\/span><\/h2>\n<p style=\"font-weight: 400; text-align: justify;\"><span style=\"color: #000000;\">Tales Frey:\u00a0<em>Shared Skins<\/em>\u00a0| Curator: Marcus Moreno | Oficina Cultural Oswald de Andrade, S\u00e3o Paulo-SP, Brazil | Support: SHUTTLE \u2013 Apoio a Internacionaliza\u00e7\u00e3o Art\u00edstica, C\u00e2mara Municipal do Porto | 20 May to 27 August.<\/span><\/p>\n<p><\/p>","protected":false},"excerpt":{"rendered":"<p>&nbsp; Legenda em breve. &nbsp; Thinking of the body as a pivot for artistic conception [&hellip;]<\/p>\n","protected":false},"author":1,"featured_media":0,"parent":5269,"menu_order":95,"comment_status":"closed","ping_status":"closed","template":"","meta":{"footnotes":""},"class_list":["post-8255","page","type-page","status-publish","hentry"],"_links":{"self":[{"href":"https:\/\/ciaexcessos.com.br\/en\/wp-json\/wp\/v2\/pages\/8255","targetHints":{"allow":["GET"]}}],"collection":[{"href":"https:\/\/ciaexcessos.com.br\/en\/wp-json\/wp\/v2\/pages"}],"about":[{"href":"https:\/\/ciaexcessos.com.br\/en\/wp-json\/wp\/v2\/types\/page"}],"author":[{"embeddable":true,"href":"https:\/\/ciaexcessos.com.br\/en\/wp-json\/wp\/v2\/users\/1"}],"replies":[{"embeddable":true,"href":"https:\/\/ciaexcessos.com.br\/en\/wp-json\/wp\/v2\/comments?post=8255"}],"version-history":[{"count":4,"href":"https:\/\/ciaexcessos.com.br\/en\/wp-json\/wp\/v2\/pages\/8255\/revisions"}],"predecessor-version":[{"id":8311,"href":"https:\/\/ciaexcessos.com.br\/en\/wp-json\/wp\/v2\/pages\/8255\/revisions\/8311"}],"up":[{"embeddable":true,"href":"https:\/\/ciaexcessos.com.br\/en\/wp-json\/wp\/v2\/pages\/5269"}],"wp:attachment":[{"href":"https:\/\/ciaexcessos.com.br\/en\/wp-json\/wp\/v2\/media?parent=8255"}],"curies":[{"name":"wp","href":"https:\/\/api.w.org\/{rel}","templated":true}]}}