{"id":8375,"date":"2022-09-18T11:45:53","date_gmt":"2022-09-18T14:45:53","guid":{"rendered":"http:\/\/ciaexcessos.com.br\/?page_id=8375"},"modified":"2022-11-20T20:31:22","modified_gmt":"2022-11-20T23:31:22","slug":"quiasmas-e-aglutinacoes","status":"publish","type":"page","link":"https:\/\/ciaexcessos.com.br\/en\/tales-frey\/exposicoes\/quiasmas-e-aglutinacoes\/","title":{"rendered":"Chiasms and Agglutinations (2022)"},"content":{"rendered":"<p>&nbsp;<\/p>\n<p style=\"font-weight: 400; text-align: justify;\"><span style=\"color: #000000;\"><em>Chiasmata and Agglutinations<\/em> is a transdisciplinary project, which contemplates drawings, photography, objects, performance art and installation. The set of propositions reflects on codes that we assimilate as feminine and masculine through compositions that congregate or that supposedly or concretely are incompatible.<\/span><\/p>\n<p>&nbsp;<\/p>\n<h3><span style=\"color: #000000;\"><strong>ARTWORKS<\/strong><\/span><\/h3>\n<p style=\"text-align: center;\"><span style=\"color: #000000;\"><img loading=\"lazy\" decoding=\"async\" class=\"alignnone wp-image-8752\" src=\"http:\/\/ciaexcessos.com.br\/ciawp\/wp-content\/uploads\/2022\/11\/Mapa-Quiasmas-e-Aglutinacoes.jpeg\" alt=\"\" width=\"512\" height=\"384\" srcset=\"https:\/\/ciaexcessos.com.br\/ciawp\/wp-content\/uploads\/2022\/11\/Mapa-Quiasmas-e-Aglutinacoes.jpeg 720w, https:\/\/ciaexcessos.com.br\/ciawp\/wp-content\/uploads\/2022\/11\/Mapa-Quiasmas-e-Aglutinacoes-300x225.jpeg 300w\" sizes=\"auto, (max-width: 512px) 100vw, 512px\" \/><\/span><\/p>\n<p style=\"font-weight: 400;\"><span style=\"color: #000000;\"><strong>1)<\/strong> Tales Frey,\u00a0<span lang=\"EN-US\"><strong>Order Araneae<\/strong>, <\/span>2022. <span lang=\"EN-US\">Photos, 40 x 40 cm each;<\/span><\/span><\/p>\n<p style=\"font-weight: 400;\"><span style=\"color: #000000;\"><strong>2)<\/strong> Tales Frey,\u00a0<strong><span lang=\"EN-US\">Forefinger<\/span><\/strong>, 2022. P<span lang=\"EN-US\">rototype for kinetic object and installation exercise, varied dimensions;<\/span><\/span><\/p>\n<p style=\"font-weight: 400;\"><span style=\"color: #000000;\"><strong>3)<\/strong> Tales Frey,\u00a0<strong><span lang=\"EN-US\">Collapsing<\/span><\/strong>, 2022. P<span lang=\"EN-US\">erformance art and Installation, varied length;<\/span><\/span><\/p>\n<p style=\"font-weight: 400;\"><span style=\"color: #000000;\"><strong>4)<\/strong> Tales Frey,\u00a0<strong><span lang=\"EN-US\">Bixona #1<\/span><span lang=\"EN-US\">, #2, #3,\u00a0#4<\/span><\/strong>, 2020-22.\u00a0Ballpoint pen on paper,\u00a0<span lang=\"EN-US\">64 x 44 cm each pair;<\/span><\/span><\/p>\n<p style=\"font-weight: 400;\"><span style=\"color: #000000;\"><strong>5)<\/strong> Tales Frey,\u00a0<strong><span lang=\"EN-US\">Gushing<\/span><\/strong>, 2022.\u00a0India ink on paper, 33 x 22 cm.<\/span><\/p>\n<p>&nbsp;<\/p>\n<div style=\"padding: 56.25% 0 0 0; position: relative;\"><iframe style=\"position: absolute; top: 0; left: 0; width: 100%; height: 100%;\" src=\"https:\/\/player.vimeo.com\/video\/772911006?h=d417edef38&amp;title=0&amp;byline=0&amp;portrait=0\" frameborder=\"0\" allowfullscreen=\"allowfullscreen\"><\/iframe><\/div>\n<p style=\"text-align: center;\"><span style=\"color: #000000;\"><strong>Collapsing<\/strong> (2022) by Tales Frey at Zsenne Art Lab in Brussels, Belgium<\/span><\/p>\n<p>&nbsp;<\/p>\n<h2><span style=\"color: #000000;\"><b>FICHA T\u00c9CNICA<\/b><\/span><\/h2>\n<p style=\"font-weight: 400; text-align: justify;\"><span style=\"color: #000000;\">Tales Frey: <em>Chiasmata and Agglutinations<\/em>\u00a0|\u00a0ZSenne Art Laboratory, Brussels, Belgium\u00a0|\u00a0Assistance: Andrea Morado and Eve Bonneau\u00a0|\u00a0Support: Shuttle \u2013 Porto City Hall\u00a0|\u00a008th October 2022<\/span><\/p>\n<p>&nbsp;<\/p>\n<p style=\"text-align: center;\"><span style=\"color: #000000;\"><img loading=\"lazy\" decoding=\"async\" class=\"aligncenter wp-image-8754 size-full\" title=\"Cartaz da exposi\u00e7\u00e3o &quot;Quiasmas e Aglutina\u00e7\u00f5es&quot;\u00a0(2022),\u00a0de Tales Frey.\" src=\"http:\/\/ciaexcessos.com.br\/ciawp\/wp-content\/uploads\/2022\/11\/Tales-Frey-Quiasmas-e-Aglutinacoes.jpg\" alt=\"\" width=\"2000\" height=\"2000\" srcset=\"https:\/\/ciaexcessos.com.br\/ciawp\/wp-content\/uploads\/2022\/11\/Tales-Frey-Quiasmas-e-Aglutinacoes.jpg 2000w, https:\/\/ciaexcessos.com.br\/ciawp\/wp-content\/uploads\/2022\/11\/Tales-Frey-Quiasmas-e-Aglutinacoes-300x300.jpg 300w, https:\/\/ciaexcessos.com.br\/ciawp\/wp-content\/uploads\/2022\/11\/Tales-Frey-Quiasmas-e-Aglutinacoes-1024x1024.jpg 1024w, https:\/\/ciaexcessos.com.br\/ciawp\/wp-content\/uploads\/2022\/11\/Tales-Frey-Quiasmas-e-Aglutinacoes-150x150.jpg 150w, https:\/\/ciaexcessos.com.br\/ciawp\/wp-content\/uploads\/2022\/11\/Tales-Frey-Quiasmas-e-Aglutinacoes-768x768.jpg 768w, https:\/\/ciaexcessos.com.br\/ciawp\/wp-content\/uploads\/2022\/11\/Tales-Frey-Quiasmas-e-Aglutinacoes-1536x1536.jpg 1536w\" sizes=\"auto, (max-width: 2000px) 100vw, 2000px\" \/><\/span><\/p>\n<p style=\"text-align: center;\"><span style=\"color: #000000;\">Poster for the exhibition <strong>Chiasmata and Agglutination<\/strong> (2022), by Tales Frey<\/span><\/p>\n<p><\/p>","protected":false},"excerpt":{"rendered":"<p>&nbsp; Chiasmata and Agglutinations is a transdisciplinary project, which contemplates drawings, photography, objects, performance art [&hellip;]<\/p>\n","protected":false},"author":1,"featured_media":0,"parent":5269,"menu_order":89,"comment_status":"closed","ping_status":"closed","template":"","meta":{"footnotes":""},"class_list":["post-8375","page","type-page","status-publish","hentry"],"_links":{"self":[{"href":"https:\/\/ciaexcessos.com.br\/en\/wp-json\/wp\/v2\/pages\/8375","targetHints":{"allow":["GET"]}}],"collection":[{"href":"https:\/\/ciaexcessos.com.br\/en\/wp-json\/wp\/v2\/pages"}],"about":[{"href":"https:\/\/ciaexcessos.com.br\/en\/wp-json\/wp\/v2\/types\/page"}],"author":[{"embeddable":true,"href":"https:\/\/ciaexcessos.com.br\/en\/wp-json\/wp\/v2\/users\/1"}],"replies":[{"embeddable":true,"href":"https:\/\/ciaexcessos.com.br\/en\/wp-json\/wp\/v2\/comments?post=8375"}],"version-history":[{"count":6,"href":"https:\/\/ciaexcessos.com.br\/en\/wp-json\/wp\/v2\/pages\/8375\/revisions"}],"predecessor-version":[{"id":8758,"href":"https:\/\/ciaexcessos.com.br\/en\/wp-json\/wp\/v2\/pages\/8375\/revisions\/8758"}],"up":[{"embeddable":true,"href":"https:\/\/ciaexcessos.com.br\/en\/wp-json\/wp\/v2\/pages\/5269"}],"wp:attachment":[{"href":"https:\/\/ciaexcessos.com.br\/en\/wp-json\/wp\/v2\/media?parent=8375"}],"curies":[{"name":"wp","href":"https:\/\/api.w.org\/{rel}","templated":true}]}}