{"id":8378,"date":"2022-09-18T11:51:35","date_gmt":"2022-09-18T14:51:35","guid":{"rendered":"http:\/\/ciaexcessos.com.br\/?page_id=8378"},"modified":"2022-09-25T22:47:31","modified_gmt":"2022-09-26T01:47:31","slug":"suaves-brutalidades","status":"publish","type":"page","link":"https:\/\/ciaexcessos.com.br\/en\/tales-frey\/curadoria-organizacao\/suaves-brutalidades\/","title":{"rendered":"Henrique Montanha: &#8220;Sweet Brutalities&#8221; (2022)"},"content":{"rendered":"<p>&nbsp;<\/p>\n<p style=\"text-align: center;\"><span style=\"color: #000000;\"><img loading=\"lazy\" decoding=\"async\" class=\"aligncenter wp-image-8645 size-full\" title=\"Details of some works showed in the exhibition &quot;Sweet Brutalities&quot; at Museu de Arte Contempor\u00e2nea Casa das Onze Janelas. July and August 2021, Bel\u00e9m-PA, Brazil.\" src=\"http:\/\/ciaexcessos.com.br\/ciawp\/wp-content\/uploads\/2022\/09\/henrique-montanha-2-scaled.jpeg\" alt=\"\" width=\"2560\" height=\"1026\" srcset=\"https:\/\/ciaexcessos.com.br\/ciawp\/wp-content\/uploads\/2022\/09\/henrique-montanha-2-scaled.jpeg 2560w, https:\/\/ciaexcessos.com.br\/ciawp\/wp-content\/uploads\/2022\/09\/henrique-montanha-2-300x120.jpeg 300w, https:\/\/ciaexcessos.com.br\/ciawp\/wp-content\/uploads\/2022\/09\/henrique-montanha-2-1024x411.jpeg 1024w, https:\/\/ciaexcessos.com.br\/ciawp\/wp-content\/uploads\/2022\/09\/henrique-montanha-2-768x308.jpeg 768w, https:\/\/ciaexcessos.com.br\/ciawp\/wp-content\/uploads\/2022\/09\/henrique-montanha-2-1536x616.jpeg 1536w, https:\/\/ciaexcessos.com.br\/ciawp\/wp-content\/uploads\/2022\/09\/henrique-montanha-2-2048x821.jpeg 2048w\" sizes=\"auto, (max-width: 2560px) 100vw, 2560px\" \/><\/span><\/p>\n<p style=\"text-align: center;\"><span style=\"color: #000000;\">D<span lang=\"EN-US\">etails of some works showed in the exhibition <strong>Sweet Brutalities<\/strong> at <\/span><span lang=\"EN-US\">Museu de Arte Contempor\u00e2nea Casa das Onze Janelas<\/span><span lang=\"EN-US\">. <\/span>July and August 2021, Bel\u00e9m-PA, Brazil<\/span><\/p>\n<p>&nbsp;<\/p>\n<p style=\"text-align: justify;\"><span style=\"color: #000000;\">By exploring different artistic expressions, Henrique Montanha takes a risk towards a broad possibility of languages \u200b\u200bthat, when observed together, can be understood as an unusual visual poetics, whose central issue is the approaches to the body, its identities and subjectivations, but not just that. We can see an explanation of a distressing generalized loneliness so inseparable from consumer societies and their technologies, where the very relationships are crossed by the capitalist logic of ephemeral, disposable pleasures, fleeting experiences, momentary affections, fleeting loves.<\/span><\/p>\n<p style=\"font-weight: 400; text-align: justify;\"><span style=\"color: #000000;\">The artist directs us to different versions of himself, sometimes presenting fictionalized autobiographies, sometimes allegorical representations of trustworthy or imagined intimate desires, which confirm and, at the same time, denounce such flagrant symbolic constructions in a cysheterocentric and masculinist culture.<\/span><\/p>\n<p style=\"font-weight: 400; text-align: justify;\"><span style=\"color: #000000;\">Through the intersection of performance, video, photography, painting, drawing, installation, object and writing, \u201cSweet Brutalities\u201d brings to light the way in which globalization produces and subjects the configuration of what we understand as masculine through a wide circulation of images of bodies and models of masculinities in a cybernetic age, commenting on the massively diffused, codified and incorporated physical archetypes, as well as the inevitable disillusionment resulting from the excessive demands imposed by the fanciful hegemonic constructs in their government practices on the bodies. After all, the semantics of violence structures the imagination about masculinity not only by the diffusion of virile bodies associated with absolute vigor, but also by the frustration it generates even in individuals who inhabit the place of masculinity, because it is utopian, and no one fulfills it in its entirety.<\/span><\/p>\n<p style=\"font-weight: 400; text-align: justify;\"><span style=\"color: #000000;\">And even though the hyper-exposure of desires imprisoned to the constructions admitted in a culture disciplined by corporeal conventions is blatant, they are not submissive to the moralities so typical of a power willing to censor everything that does not fit its very castrating rules.<\/span><\/p>\n<p style=\"font-weight: 400; text-align: justify;\"><span style=\"color: #000000;\">\u201cSweet Brutalities\u201d proposes an uninterrupted tension, a constant short-circuit between analogue and digital technology, between the revival and the current, between the tactile\/feasible and the virtual, between tenderness, delicacy, and violence.<\/span><\/p>\n<p>&nbsp;<\/p>\n<p style=\"font-weight: 400; text-align: right;\"><span style=\"color: #000000;\">Tales Frey<\/span><\/p>\n<p style=\"font-weight: 400; text-align: right;\"><span style=\"color: #000000;\"><em>Curator<\/em><\/span><\/p>\n<p>&nbsp;<\/p>\n<h4 style=\"text-align: justify;\"><span style=\"color: #000000;\"><u><span lang=\"EN-US\">Parallel Program of the exhibition Sweet Brutalities<\/span><\/u><\/span><\/h4>\n<div>\n<p style=\"text-align: justify;\"><span style=\"color: #000000;\"><span lang=\"EN-US\">6 August 2021\u00a0<\/span><span style=\"text-align: justify;\">|\u00a0L<\/span><span lang=\"EN-US\">ive <i>Body of Place Not Place<\/i>, with Tales Frey and Henrique Montanha. <\/span>Mediation by Armando Sobral. YouTube da Secult Par\u00e1.<\/span><\/p>\n<\/div>\n<p>&nbsp;<\/p>\n<h2><span style=\"color: #000000;\">CREDITS<\/span><\/h2>\n<p style=\"font-weight: 400; text-align: justify;\"><span style=\"color: #000000;\">Henrique Montanha:\u00a0<em>Sweet Brutalities <\/em>| Curator: Tales Frey | Museu de Arte Contempor\u00e2nea Casa das Onze Janelas. <span lang=\"EN-US\">Bel\u00e9m-PA, Brazil | 15 July to 30 August 2021<\/span><\/span><\/p>\n<p>&nbsp;<\/p>\n<h2 style=\"text-align: justify;\"><span style=\"color: #000000;\">Clipping<\/span><\/h2>\n<p style=\"text-align: justify;\"><span style=\"color: #000000;\"><a style=\"color: #000000;\" href=\"https:\/\/www.oliberal.com\/cultura\/casa-das-onze-janelas-apresenta-exposicoes-que-destacam-corpo-genero-e-diversidade-1.409625\" target=\"_blank\" rel=\"noopener\"><span style=\"text-decoration: underline;\">Jornal <strong>oliberal.com<\/strong>, 15 de julho de 2021<\/span><\/a><\/span><\/p>\n<p style=\"text-align: justify;\"><span style=\"color: #000000;\"><a style=\"color: #000000;\" href=\"https:\/\/dol.com.br\/entretenimento\/cultura\/662547\/exposicao-suaves-brutalidades-entra-em-cartaz-apos-polemica?d=1\" target=\"_blank\" rel=\"noopener\"><span style=\"text-decoration: underline;\">Portal <strong>DOL<\/strong>, 13 de julho de 2021<\/span><\/a><\/span><\/p>\n<p style=\"text-align: justify;\"><span style=\"color: #000000;\"><a style=\"color: #000000;\" href=\"https:\/\/www.cartacapital.com.br\/sociedade\/precisamos-falar-sobre-lgbtfobia-e-discurso-de-odio-na-midia-e-na-internet\/\" target=\"_blank\" rel=\"noopener\"><span style=\"text-decoration: underline;\">Revista <strong>Carta Capital<\/strong>, 17 de maio de 2021<\/span><\/a><\/span><\/p>\n<p style=\"text-align: justify;\"><span style=\"color: #000000;\"><a style=\"color: #000000;\" href=\"https:\/\/www.agazeta.com.br\/entretenimento\/cultura\/polemica-ressurge-e-especialistas-discutem-barreiras-a-arte-erotica-no-es-0521\" target=\"_blank\" rel=\"noopener\"><span style=\"text-decoration: underline;\">Jornal <strong>A Gazeta<\/strong>, 14 de julho de 2021<\/span><\/a><\/span><\/p>\n<p style=\"text-align: justify;\"><span style=\"color: #000000;\"><a style=\"color: #000000;\" href=\"https:\/\/opopular.com.br\/noticias\/magazine\/suaves-brutalidades-mostra-homoer\u00f3tica-\u00e9-cancelada-no-par\u00e1-e-ecoa-censura-\u00e0-queermuseu-1.2249891\" target=\"_blank\" rel=\"noopener\"><span style=\"text-decoration: underline;\">Jornal O<strong> Popular<\/strong>, 13 de maio de 2021<\/span><\/a><\/span><\/p>\n<p style=\"text-align: justify;\"><span style=\"color: #000000;\"><a style=\"color: #000000;\" href=\"https:\/\/oglobo.globo.com\/cultura\/suaves-brutalidades-vejas-as-obras-da-exposicao-de-henrique-montagne-figueira-25016285\" target=\"_blank\" rel=\"noopener\"><span style=\"text-decoration: underline;\">Jornal <strong>O Globo<\/strong>, 13 de maio de 2021<\/span><\/a><\/span><\/p>\n<p style=\"text-align: justify;\"><span style=\"color: #000000;\"><a style=\"color: #000000;\" href=\"https:\/\/www1.folha.uol.com.br\/ilustrada\/2021\/05\/exposicao-homoerotica-e-cancelada-no-para-e-ecoa-censura-a-queermuseu.shtml\" target=\"_blank\" rel=\"noopener\"><span style=\"text-decoration: underline;\">Jornal <strong>Folha de S\u00e3o Paulo<\/strong>, 13 de maio de 2021<\/span><\/a><\/span><\/p>\n<p style=\"text-align: justify;\"><span style=\"color: #000000;\"><a style=\"color: #000000;\" href=\"https:\/\/www.otempo.com.br\/diversao\/exposicao-homoerotica-e-cancelada-no-para-e-ecoa-censura-a-queermuseu-1.2484858\" target=\"_blank\" rel=\"noopener\"><span style=\"text-decoration: underline;\">Jornal O<strong> Tempo<\/strong>, 13 de maio de 2021<\/span><\/a><\/span><\/p>\n<p style=\"text-align: justify;\"><span style=\"text-decoration: underline;\"><span style=\"color: #000000;\"><a style=\"color: #000000; text-decoration: underline;\" href=\"https:\/\/diaadianoticia.com.br\/exposicao-homoerotica-e-cancelada-no-para-e-levanta-novo-debate-sobre-censura-nas-artes\/\" target=\"_blank\" rel=\"noopener\"><strong>Dia a Dia Not\u00edcia<\/strong>, 13 de maio de 2021<\/a><\/span><\/span><\/p>\n<p style=\"text-align: justify;\"><span style=\"color: #000000;\"><a style=\"color: #000000;\" href=\"https:\/\/www.metropoles.com\/brasil\/sem-maiores-explicacoes-exposicao-com-tema-lgbt-e-cancelada-no-para\" target=\"_blank\" rel=\"noopener\"><span style=\"text-decoration: underline;\">Jornal <strong>Metr\u00f3poles<\/strong>, 13 de maio de 2021<\/span><\/a><\/span><\/p>\n<p style=\"text-align: justify;\"><span style=\"color: #000000;\"><a style=\"color: #000000;\" href=\"https:\/\/fotografia.folha.uol.com.br\/galerias\/1699589422475865-veja-obras-de-suaves-brutalidades\" target=\"_blank\" rel=\"noopener\"><span style=\"text-decoration: underline;\">Jornal\u00a0<strong>Folha de S\u00e3o Paulo<\/strong>, 12 de maio de 2021<\/span><\/a><\/span><\/p>\n<p>&nbsp;<\/p>\n<p style=\"font-weight: 400; text-align: center;\"><span style=\"color: #000000;\"><img loading=\"lazy\" decoding=\"async\" class=\"aligncenter wp-image-8614 size-full\" title=\"Details of some works showed in the exhibition &quot;Sweet Brutalities&quot; at Museu de Arte Contempor\u00e2nea Casa das Onze Janelas. July and August 2021, Bel\u00e9m-PA, Brazil.\" src=\"http:\/\/ciaexcessos.com.br\/ciawp\/wp-content\/uploads\/2022\/09\/henrique-montanha-scaled.jpeg\" alt=\"\" width=\"2560\" height=\"1334\" srcset=\"https:\/\/ciaexcessos.com.br\/ciawp\/wp-content\/uploads\/2022\/09\/henrique-montanha-scaled.jpeg 2560w, https:\/\/ciaexcessos.com.br\/ciawp\/wp-content\/uploads\/2022\/09\/henrique-montanha-300x156.jpeg 300w, https:\/\/ciaexcessos.com.br\/ciawp\/wp-content\/uploads\/2022\/09\/henrique-montanha-1024x533.jpeg 1024w, https:\/\/ciaexcessos.com.br\/ciawp\/wp-content\/uploads\/2022\/09\/henrique-montanha-768x400.jpeg 768w, https:\/\/ciaexcessos.com.br\/ciawp\/wp-content\/uploads\/2022\/09\/henrique-montanha-1536x800.jpeg 1536w, https:\/\/ciaexcessos.com.br\/ciawp\/wp-content\/uploads\/2022\/09\/henrique-montanha-2048x1067.jpeg 2048w\" sizes=\"auto, (max-width: 2560px) 100vw, 2560px\" \/><\/span><\/p>\n<p style=\"font-weight: 400; text-align: center;\"><span style=\"color: #000000;\">D<span lang=\"EN-US\">etails of some works showed in the exhibition <strong>Sweet Brutalities<\/strong> at <\/span><span lang=\"EN-US\">Museu de Arte Contempor\u00e2nea Casa das Onze Janelas<\/span><span lang=\"EN-US\">. <\/span>July and August 2021, Bel\u00e9m-PA, Brazil<\/span><\/p>\n<p><\/p>","protected":false},"excerpt":{"rendered":"<p>&nbsp; Details of some works showed in the exhibition Sweet Brutalities at Museu de Arte [&hellip;]<\/p>\n","protected":false},"author":1,"featured_media":0,"parent":5271,"menu_order":96,"comment_status":"closed","ping_status":"closed","template":"","meta":{"footnotes":""},"class_list":["post-8378","page","type-page","status-publish","hentry"],"_links":{"self":[{"href":"https:\/\/ciaexcessos.com.br\/en\/wp-json\/wp\/v2\/pages\/8378","targetHints":{"allow":["GET"]}}],"collection":[{"href":"https:\/\/ciaexcessos.com.br\/en\/wp-json\/wp\/v2\/pages"}],"about":[{"href":"https:\/\/ciaexcessos.com.br\/en\/wp-json\/wp\/v2\/types\/page"}],"author":[{"embeddable":true,"href":"https:\/\/ciaexcessos.com.br\/en\/wp-json\/wp\/v2\/users\/1"}],"replies":[{"embeddable":true,"href":"https:\/\/ciaexcessos.com.br\/en\/wp-json\/wp\/v2\/comments?post=8378"}],"version-history":[{"count":19,"href":"https:\/\/ciaexcessos.com.br\/en\/wp-json\/wp\/v2\/pages\/8378\/revisions"}],"predecessor-version":[{"id":8658,"href":"https:\/\/ciaexcessos.com.br\/en\/wp-json\/wp\/v2\/pages\/8378\/revisions\/8658"}],"up":[{"embeddable":true,"href":"https:\/\/ciaexcessos.com.br\/en\/wp-json\/wp\/v2\/pages\/5271"}],"wp:attachment":[{"href":"https:\/\/ciaexcessos.com.br\/en\/wp-json\/wp\/v2\/media?parent=8378"}],"curies":[{"name":"wp","href":"https:\/\/api.w.org\/{rel}","templated":true}]}}