{"id":8476,"date":"2022-09-18T20:51:41","date_gmt":"2022-09-18T23:51:41","guid":{"rendered":"http:\/\/ciaexcessos.com.br\/?page_id=8476"},"modified":"2022-09-25T22:04:18","modified_gmt":"2022-09-26T01:04:18","slug":"daniela-labra","status":"publish","type":"page","link":"https:\/\/ciaexcessos.com.br\/en\/hilda-de-paulo\/citacoes\/daniela-labra\/","title":{"rendered":"(PT) &#8221;Em Posi\u00e7\u00f5es de Dan\u00e7a ou Convite Para uma Dan\u00e7a-Intera\u00e7\u00e3o&#8221;, de Daniela Labra (2019)"},"content":{"rendered":"<p class=\"qtranxs-available-languages-message qtranxs-available-languages-message-en\">Sorry, this entry is only available in <a href=\"https:\/\/ciaexcessos.com.br\/pb\/wp-json\/wp\/v2\/pages\/8476\" class=\"qtranxs-available-language-link qtranxs-available-language-link-pb\" title=\"PT\">PT<\/a>.<\/p>","protected":false},"excerpt":{"rendered":"<p>Sorry, this entry is only available in PT.<\/p>\n","protected":false},"author":1,"featured_media":0,"parent":12,"menu_order":489,"comment_status":"closed","ping_status":"closed","template":"","meta":{"footnotes":""},"class_list":["post-8476","page","type-page","status-publish","hentry"],"_links":{"self":[{"href":"https:\/\/ciaexcessos.com.br\/en\/wp-json\/wp\/v2\/pages\/8476","targetHints":{"allow":["GET"]}}],"collection":[{"href":"https:\/\/ciaexcessos.com.br\/en\/wp-json\/wp\/v2\/pages"}],"about":[{"href":"https:\/\/ciaexcessos.com.br\/en\/wp-json\/wp\/v2\/types\/page"}],"author":[{"embeddable":true,"href":"https:\/\/ciaexcessos.com.br\/en\/wp-json\/wp\/v2\/users\/1"}],"replies":[{"embeddable":true,"href":"https:\/\/ciaexcessos.com.br\/en\/wp-json\/wp\/v2\/comments?post=8476"}],"version-history":[{"count":5,"href":"https:\/\/ciaexcessos.com.br\/en\/wp-json\/wp\/v2\/pages\/8476\/revisions"}],"predecessor-version":[{"id":8642,"href":"https:\/\/ciaexcessos.com.br\/en\/wp-json\/wp\/v2\/pages\/8476\/revisions\/8642"}],"up":[{"embeddable":true,"href":"https:\/\/ciaexcessos.com.br\/en\/wp-json\/wp\/v2\/pages\/12"}],"wp:attachment":[{"href":"https:\/\/ciaexcessos.com.br\/en\/wp-json\/wp\/v2\/media?parent=8476"}],"curies":[{"name":"wp","href":"https:\/\/api.w.org\/{rel}","templated":true}]}}