{"id":8477,"date":"2022-09-18T20:52:01","date_gmt":"2022-09-18T23:52:01","guid":{"rendered":"http:\/\/ciaexcessos.com.br\/?page_id=8477"},"modified":"2022-09-18T22:27:15","modified_gmt":"2022-09-19T01:27:15","slug":"adoeca-de-brasil","status":"publish","type":"page","link":"https:\/\/ciaexcessos.com.br\/en\/hilda-de-paulo\/citacoes\/adoeca-de-brasil\/","title":{"rendered":"(PT) \u201c\u2026que eu tamb\u00e9m n\u00e3o adoe\u00e7a de Brasil!\u201d, de Tales Frey (2020)"},"content":{"rendered":"<p class=\"qtranxs-available-languages-message qtranxs-available-languages-message-en\">Sorry, this entry is only available in <a href=\"https:\/\/ciaexcessos.com.br\/pb\/wp-json\/wp\/v2\/pages\/8477\" class=\"qtranxs-available-language-link qtranxs-available-language-link-pb\" title=\"PT\">PT<\/a>.<\/p>","protected":false},"excerpt":{"rendered":"<p>Sorry, this entry is only available in PT.<\/p>\n","protected":false},"author":1,"featured_media":0,"parent":12,"menu_order":488,"comment_status":"closed","ping_status":"closed","template":"","meta":{"footnotes":""},"class_list":["post-8477","page","type-page","status-publish","hentry"],"_links":{"self":[{"href":"https:\/\/ciaexcessos.com.br\/en\/wp-json\/wp\/v2\/pages\/8477","targetHints":{"allow":["GET"]}}],"collection":[{"href":"https:\/\/ciaexcessos.com.br\/en\/wp-json\/wp\/v2\/pages"}],"about":[{"href":"https:\/\/ciaexcessos.com.br\/en\/wp-json\/wp\/v2\/types\/page"}],"author":[{"embeddable":true,"href":"https:\/\/ciaexcessos.com.br\/en\/wp-json\/wp\/v2\/users\/1"}],"replies":[{"embeddable":true,"href":"https:\/\/ciaexcessos.com.br\/en\/wp-json\/wp\/v2\/comments?post=8477"}],"version-history":[{"count":7,"href":"https:\/\/ciaexcessos.com.br\/en\/wp-json\/wp\/v2\/pages\/8477\/revisions"}],"predecessor-version":[{"id":8551,"href":"https:\/\/ciaexcessos.com.br\/en\/wp-json\/wp\/v2\/pages\/8477\/revisions\/8551"}],"up":[{"embeddable":true,"href":"https:\/\/ciaexcessos.com.br\/en\/wp-json\/wp\/v2\/pages\/12"}],"wp:attachment":[{"href":"https:\/\/ciaexcessos.com.br\/en\/wp-json\/wp\/v2\/media?parent=8477"}],"curies":[{"name":"wp","href":"https:\/\/api.w.org\/{rel}","templated":true}]}}