{"id":9419,"date":"2023-12-23T21:13:07","date_gmt":"2023-12-24T00:13:07","guid":{"rendered":"http:\/\/ciaexcessos.com.br\/?page_id=9419"},"modified":"2024-09-07T00:28:12","modified_gmt":"2024-09-07T03:28:12","slug":"provador","status":"publish","type":"page","link":"https:\/\/ciaexcessos.com.br\/en\/tales-frey\/exposicoes\/provador\/","title":{"rendered":"Provador (2024)"},"content":{"rendered":"<p>&nbsp;<\/p>\n<p style=\"text-align: center;\"><img loading=\"lazy\" decoding=\"async\" class=\"aligncenter wp-image-9569 size-full\" src=\"http:\/\/ciaexcessos.com.br\/ciawp\/wp-content\/uploads\/2024\/04\/STILETTO-DANCE-Tales-Frey-1.jpeg\" alt=\"\" width=\"1280\" height=\"854\" srcset=\"https:\/\/ciaexcessos.com.br\/ciawp\/wp-content\/uploads\/2024\/04\/STILETTO-DANCE-Tales-Frey-1.jpeg 1280w, https:\/\/ciaexcessos.com.br\/ciawp\/wp-content\/uploads\/2024\/04\/STILETTO-DANCE-Tales-Frey-1-300x200.jpeg 300w, https:\/\/ciaexcessos.com.br\/ciawp\/wp-content\/uploads\/2024\/04\/STILETTO-DANCE-Tales-Frey-1-1024x683.jpeg 1024w, https:\/\/ciaexcessos.com.br\/ciawp\/wp-content\/uploads\/2024\/04\/STILETTO-DANCE-Tales-Frey-1-768x512.jpeg 768w\" sizes=\"auto, (max-width: 1280px) 100vw, 1280px\" \/><\/p>\n<p style=\"text-align: center;\">Legenda<\/p>\n<p>&nbsp;<\/p>\n<p style=\"font-weight: 400; padding-left: 40px; text-align: justify;\"><span style=\"color: #000000;\"><em>Os saberes dominantes s\u00e3o derrubados [&#8230;] como desmaia um corpo que se deixa beijar at\u00e9 a mordida de uma amante vampira.<\/em><\/span><\/p>\n<p style=\"font-weight: 400; padding-left: 40px; text-align: justify;\"><span style=\"color: #000000;\">Paul B. Preciado<\/span><\/p>\n<p>&nbsp;<\/p>\n<p style=\"font-weight: 400; text-align: justify;\"><span style=\"color: #000000;\">Tales Frey prova sapatos de salto alto. Como exerc\u00edcio art\u00edstico e modo de vida, o artista subverte os c\u00f3digos \u2013 ou os roteiros culturais que dialogam com o imagin\u00e1rio social \u2013 da masculinidade e da feminilidade \u2013 e tamb\u00e9m das pr\u00e1ticas sexuais \u2013 em suas ic\u00f4nicas e emblem\u00e1ticas <em>(re)constru\u00e7\u00f5es queer<\/em> para questionar a a\u00e7\u00e3o das disciplinas dominantes de normaliza\u00e7\u00e3o que produzem e imp\u00f5em formas espec\u00edficas de subjetiva\u00e7\u00e3o na fic\u00e7\u00e3o pol\u00edtica encarnada que somos \u2013 mesmo nos deixando vistas por vezes em estado de tens\u00e3o, indispostas, enfurecidas e destitu\u00eddas por conta de n\u00e3o pertencermos \u00e0 norma. Com o percurso multifacetado de quase duas d\u00e9cadas, Frey reafirma, antes de tudo, uma forma muito pr\u00f3pria sua de se articular no espa\u00e7o da cria\u00e7\u00e3o, em que se sucede e se justap\u00f5e o seu corpo como material prim\u00e1rio \u2013 pot\u00eancia pol\u00edtica de vida \u2013 em m\u00faltiplas m\u00eddias, desde os v\u00eddeos e fotografias \u00e0s esculturas cin\u00e9ticas, performances, desenhos, indumentos e instala\u00e7\u00f5es.<\/span><\/p>\n<p style=\"font-weight: 400; text-align: justify;\"><span style=\"color: #000000;\">Em <em>Provador<\/em>, o gesto fabulat\u00f3rio do artista contesta o que \u00e9 tido por normal, natural e verdadeiro dentro do ordenamento cisheteropatriarcal do nosso dia a dia, mostrando que a dimens\u00e3o dispositiva da vida n\u00e3o \u00e9 somente resultado dos efeitos discursivos sobre o sexo-g\u00eanero-desejo, e ressalta, assim, a pot\u00eancia pol\u00edtica transformadora de determinados corpos e identidades que s\u00e3o lidos cotidianamente como \u201canormais\u201d e atravessados constantemente pela cansativa regula\u00e7\u00e3o normativa. Por isso, \u00e9 importante localizar que o sujeito-artista de enuncia\u00e7\u00e3o \u00e9 uma bicha, porque parte da imagem e consci\u00eancia de seu corpo para produzir formas de <em>representa\u00e7\u00e3o queer<\/em> solo ou em conjunto com outros corpos de m\u00faltiplos outros marcadores identit\u00e1rios, e n\u00e3o \u00e9 \u00e0 toa que vemos nos muitos registros documentais de suas performances algumas pessoas da audi\u00eancia se sentindo autorizadas quase sempre a interpelar explicitamente o(s) corpo(s) do(s) artista(s) numa tentativa de corrigi-lo(s), como \u00e9 o caso do espectador quase queimando com um isqueiro a bunda do artista em <em>Por Favor, N\u00e3o Tocar<\/em> (2015) em Portugal, bem como o dos homens profetizando e amea\u00e7ando dar um soco na dupla de performers durante a apresenta\u00e7\u00e3o de <em>Be (On) You<\/em> (2016) no M\u00e9xico, e o do transeunte querendo dar um tiro nos cinco performers em <em>O Corpo Nunca Existe em Si Mesmo \u2013 Variante I<\/em> (2018) no Brasil, entre outros exemplos.<\/span><\/p>\n<p style=\"font-weight: 400; text-align: justify;\"><span style=\"color: #000000;\">Na sala de exposi\u00e7\u00e3o do Maus H\u00e1bitos, o salto alto \u00e9 reapropriado pelo artista como reviravolta epistemol\u00f3gica na videoperformance <em>Il Faut Souffrir pour \u00catre Belle <\/em>(2018), na documenta\u00e7\u00e3o da performance <em>Cal\u00e7ado<\/em> (2024), no desenho <em>Passo III<\/em> (2024) e na escultura <em>Stiletto Dance<\/em> (2024). Em s\u00edntese, essas <em>met\u00e1foras queer<\/em> evocadas por Frey \u2013 juntamente com a interven\u00e7\u00e3o de parede <em>Transbordamento<\/em> (2024) \u2013 respondem \u00e0s diversas quest\u00f5es que emergem do nosso tempo, servindo como instrumento basilar de conceitualiza\u00e7\u00e3o de outras formas de organiza\u00e7\u00e3o dos corpos e de suas pr\u00e1ticas sociais, bem como de ferramenta te\u00f3rica para compreender a constru\u00e7\u00e3o social e a fabrica\u00e7\u00e3o hist\u00f3rica e cultural das diferen\u00e7as diante da tal suposta verdade ontol\u00f3gica.<\/span><\/p>\n<p>&nbsp;<\/p>\n<p style=\"text-align: right;\"><span style=\"color: #000000;\">Hilda de Paulo<\/span><\/p>\n<p>&nbsp;<\/p>\n<h3><span style=\"color: #000000;\"><strong>OBRAS<\/strong><\/span><\/h3>\n<p style=\"text-align: center;\"><span style=\"color: #000000;\"><img loading=\"lazy\" decoding=\"async\" class=\"aligncenter wp-image-9557 \" src=\"http:\/\/ciaexcessos.com.br\/ciawp\/wp-content\/uploads\/2024\/04\/mapa-obras.png\" alt=\"\" width=\"477\" height=\"339\" srcset=\"https:\/\/ciaexcessos.com.br\/ciawp\/wp-content\/uploads\/2024\/04\/mapa-obras.png 788w, https:\/\/ciaexcessos.com.br\/ciawp\/wp-content\/uploads\/2024\/04\/mapa-obras-300x213.png 300w, https:\/\/ciaexcessos.com.br\/ciawp\/wp-content\/uploads\/2024\/04\/mapa-obras-768x546.png 768w\" sizes=\"auto, (max-width: 477px) 100vw, 477px\" \/><\/span><\/p>\n<p>&nbsp;<\/p>\n<p style=\"text-align: justify;\"><span style=\"color: #000000;\"><strong>1)<\/strong> Tales Frey,\u00a0<strong><span lang=\"EN-US\">Il Faut Souffrir pour \u00catre Belle<\/span><\/strong><span lang=\"EN-US\">, 2018. <\/span>Videoperformance, 2\u201903\u201d;<\/span><\/p>\n<p><span style=\"color: #000000;\"><strong>2)<\/strong> Tales Frey,\u00a0<strong><span lang=\"PT-BR\">Stiletto Dance<\/span><\/strong><span lang=\"PT-BR\">, 2024. Escultura;<\/span><\/span><\/p>\n<p><span style=\"color: #000000;\"><strong>3)<\/strong> Tales Frey,\u00a0<strong>Transbordamento<\/strong>, 2024. Interven\u00e7\u00e3o sobre parede;<\/span><\/p>\n<p><span style=\"color: #000000;\"><strong>4)<\/strong> Tales Frey,\u00a0<strong><span lang=\"PT-BR\">Passo III<\/span><\/strong><span lang=\"PT-BR\">, 2024. Desenho;<\/span><\/span><\/p>\n<p><span style=\"color: #000000;\"><strong>5)<\/strong> Tales Frey,\u00a0<strong><span lang=\"PT-BR\">Cal\u00e7ado<\/span><\/strong><span lang=\"PT-BR\">, 2024. Colagem.<\/span><\/span><\/p>\n<p>&nbsp;<\/p>\n<h3 style=\"text-align: justify;\"><span style=\"color: #000000;\"><strong>PROGRAMA\u00c7\u00c3O PARALELA<\/strong><\/span><\/h3>\n<p style=\"font-weight: 400; text-align: justify;\"><span style=\"color: #000000;\"><u>20 de abril de 2024, 15h | 5\u00ba andar<\/u><\/span><\/p>\n<p style=\"font-weight: 400; text-align: justify;\"><span style=\"color: #000000;\"><strong><u>Sess\u00e3o de v\u00eddeos \u201cQuebrar Normas \u00e9 a Norma da Performance\u201d, com Tales Frey<\/u><\/strong><\/span><\/p>\n<p style=\"font-weight: 400; text-align: justify;\"><span style=\"color: #000000;\">O artista apresenta uma s\u00e9rie de v\u00eddeos de trabalhos autorais que documentam a\u00e7\u00f5es ao vivo, tendo como tema central a quebra de padr\u00f5es sociais.<\/span><\/p>\n<p style=\"font-weight: 400;\">\n<p style=\"font-weight: 400; text-align: justify;\"><span style=\"color: #000000;\"><u>04 de maio de 2024, 18h | Sala de exposi\u00e7\u00f5es<\/u><\/span><\/p>\n<p style=\"font-weight: 400; text-align: justify;\"><span style=\"color: #000000;\"><strong><u>Visita Guiada com o artista Tales Frey e a curadora Hilda de Paulo<\/u><\/strong><\/span><\/p>\n<p style=\"font-weight: 400; text-align: justify;\"><span style=\"color: #000000;\">A partir das obras da exposi\u00e7\u00e3o, o artista e a curadora apresentam um di\u00e1logo que comenta os diferentes processos criativos dos trabalhos expostos.\u00a0\u00a0<\/span><\/p>\n<p>&nbsp;<\/p>\n<p style=\"text-align: center;\"><img loading=\"lazy\" decoding=\"async\" class=\"aligncenter wp-image-9639 size-full\" src=\"http:\/\/ciaexcessos.com.br\/ciawp\/wp-content\/uploads\/2024\/07\/Tales-Frey-Provador-scaled.jpeg\" alt=\"\" width=\"2560\" height=\"1959\" srcset=\"https:\/\/ciaexcessos.com.br\/ciawp\/wp-content\/uploads\/2024\/07\/Tales-Frey-Provador-scaled.jpeg 2560w, https:\/\/ciaexcessos.com.br\/ciawp\/wp-content\/uploads\/2024\/07\/Tales-Frey-Provador-300x230.jpeg 300w, https:\/\/ciaexcessos.com.br\/ciawp\/wp-content\/uploads\/2024\/07\/Tales-Frey-Provador-1024x783.jpeg 1024w, https:\/\/ciaexcessos.com.br\/ciawp\/wp-content\/uploads\/2024\/07\/Tales-Frey-Provador-768x588.jpeg 768w, https:\/\/ciaexcessos.com.br\/ciawp\/wp-content\/uploads\/2024\/07\/Tales-Frey-Provador-1536x1175.jpeg 1536w, https:\/\/ciaexcessos.com.br\/ciawp\/wp-content\/uploads\/2024\/07\/Tales-Frey-Provador-2048x1567.jpeg 2048w\" sizes=\"auto, (max-width: 2560px) 100vw, 2560px\" \/><\/p>\n<p style=\"text-align: center;\">Legenda<\/p>\n<p>&nbsp;<\/p>\n<h3><span style=\"color: #000000;\">CLIPPING<\/span><\/h3>\n<p style=\"font-weight: 400;\"><span style=\"color: #000000;\"><a style=\"color: #000000;\" href=\"https:\/\/glam-magazine.pt\/provador-chega-aos-maus-habitos-em-dia-de-aniversario\/\" target=\"_blank\" rel=\"noopener\"><span style=\"text-decoration: underline;\"><strong>Glam Magazine<\/strong>, 03 de abril 2024<\/span><\/a><\/span><\/p>\n<p>&nbsp;<\/p>\n<h3><span style=\"color: #000000;\">FICHA T\u00c9CNICA<\/span><\/h3>\n<p style=\"text-align: justify;\">Tales Frey: <em>Provador<\/em>\u00a0| Curadoria de Hilda de Paulo |\u00a0Programa\u00e7\u00e3o e Gest\u00e3o:\u00a0Saco Azul &#8211; Associa\u00e7\u00e3o Cultural |\u00a0Produ\u00e7\u00e3o: Daniel Pires e Daniel Amorim |\u00a0Apoios: ArtWorks, Concurso Anual de Apoio \u00e0 Cria\u00e7\u00e3o Criat\u00f3rio 2023\/C\u00e2mara Municipal do Porto e Bondhabits |\u00a0Gest\u00e3o de Conte\u00fados Digitais e Comunica\u00e7\u00e3o:\u00a0Lu\u00eds Masquete |\u00a0Assessoria de Imprensa:\u00a0Lu\u00eds Masquete |\u00a0Design: Sim\u00e3o Martinez |\u00a0Montagem:\u00a0Alexandre Sim\u00f5es |\u00a0Limpeza:\u00a0Manuela Pinto |\u00a0Organiza\u00e7\u00e3o e Dire\u00e7\u00e3o Art\u00edstica:\u00a0Saco Azul &amp; Maus H\u00e1bitos<\/p>\n<p><\/p>","protected":false},"excerpt":{"rendered":"<p>&nbsp; Legenda &nbsp; Os saberes dominantes s\u00e3o derrubados [&#8230;] como desmaia um corpo que se [&hellip;]<\/p>\n","protected":false},"author":1,"featured_media":0,"parent":5269,"menu_order":87,"comment_status":"closed","ping_status":"closed","template":"","meta":{"footnotes":""},"class_list":["post-9419","page","type-page","status-publish","hentry"],"_links":{"self":[{"href":"https:\/\/ciaexcessos.com.br\/en\/wp-json\/wp\/v2\/pages\/9419","targetHints":{"allow":["GET"]}}],"collection":[{"href":"https:\/\/ciaexcessos.com.br\/en\/wp-json\/wp\/v2\/pages"}],"about":[{"href":"https:\/\/ciaexcessos.com.br\/en\/wp-json\/wp\/v2\/types\/page"}],"author":[{"embeddable":true,"href":"https:\/\/ciaexcessos.com.br\/en\/wp-json\/wp\/v2\/users\/1"}],"replies":[{"embeddable":true,"href":"https:\/\/ciaexcessos.com.br\/en\/wp-json\/wp\/v2\/comments?post=9419"}],"version-history":[{"count":5,"href":"https:\/\/ciaexcessos.com.br\/en\/wp-json\/wp\/v2\/pages\/9419\/revisions"}],"predecessor-version":[{"id":9721,"href":"https:\/\/ciaexcessos.com.br\/en\/wp-json\/wp\/v2\/pages\/9419\/revisions\/9721"}],"up":[{"embeddable":true,"href":"https:\/\/ciaexcessos.com.br\/en\/wp-json\/wp\/v2\/pages\/5269"}],"wp:attachment":[{"href":"https:\/\/ciaexcessos.com.br\/en\/wp-json\/wp\/v2\/media?parent=9419"}],"curies":[{"name":"wp","href":"https:\/\/api.w.org\/{rel}","templated":true}]}}