{"id":96,"date":"2015-08-31T11:01:28","date_gmt":"2015-08-31T14:01:28","guid":{"rendered":"http:\/\/ciaexcessos.com.br\/ciawp\/?page_id=96"},"modified":"2023-12-23T13:43:23","modified_gmt":"2023-12-23T16:43:23","slug":"proxima-i-dade","status":"publish","type":"page","link":"https:\/\/ciaexcessos.com.br\/en\/tales-frey\/criacoes\/proxima-i-dade\/","title":{"rendered":"Proximity (2013)"},"content":{"rendered":"<p><\/p>\n<h2><strong>TRAJECTORY<\/strong><\/h2>\n<p style=\"text-align: center;\"><span style=\"color: #000000;\"><img loading=\"lazy\" decoding=\"async\" class=\"aligncenter wp-image-1125 size-full\" title=\"Tales Frey, &quot;Proximity&quot;. Performance art showed in Lublin, Poland. October 2013. Photo by Artur Dowgird.\" src=\"http:\/\/ciaexcessos.com.br\/ciawp\/wp-content\/uploads\/2015\/08\/Proximaidade-Tales-Frey-02.jpg\" alt=\"\" width=\"1280\" height=\"720\" srcset=\"https:\/\/ciaexcessos.com.br\/ciawp\/wp-content\/uploads\/2015\/08\/Proximaidade-Tales-Frey-02.jpg 1280w, https:\/\/ciaexcessos.com.br\/ciawp\/wp-content\/uploads\/2015\/08\/Proximaidade-Tales-Frey-02-300x169.jpg 300w, https:\/\/ciaexcessos.com.br\/ciawp\/wp-content\/uploads\/2015\/08\/Proximaidade-Tales-Frey-02-1024x576.jpg 1024w, https:\/\/ciaexcessos.com.br\/ciawp\/wp-content\/uploads\/2015\/08\/Proximaidade-Tales-Frey-02-180x100.jpg 180w\" sizes=\"auto, (max-width: 1280px) 100vw, 1280px\" \/><\/span><\/p>\n<p style=\"text-align: center;\"><span lang=\"EN-US\">Tales Frey,<span class=\"apple-converted-space\">\u00a0<\/span><\/span><strong><span lang=\"EN-US\">Proximity<\/span><\/strong><span lang=\"EN-US\">. Performance art showed in Lublin, Poland. October 2013. Photo by\u00a0Artur Dowgird<\/span><\/p>\n<p>&nbsp;<\/p>\n<p style=\"text-align: justify;\"><span style=\"color: #000000;\">On the date of my 31\u00ba age celebration, I used my body as a symbolic field to convert signs that marked the \u201crite of passage\u201d of my birthday\u00a0to\u00a0announce my\u00a0proximity to my death.<\/span><\/p>\n<p style=\"text-align: justify;\"><span style=\"color: #000000;\">From the celebrated new year of life, I\u00a0collected\u00a0the announcement of my death.<\/span><\/p>\n<p style=\"text-align: justify;\"><span style=\"color: #000000;\">The performance explains the celebration of a skeptical youth, obsessed with consumption of what is elusive, but full of enthusiasm,\u00a0connected with\u00a0the old age, wedded with the metaphysical faith for fear of a cruel\u00a0denouement\u00a0in a vacuum.<\/span><\/p>\n<p style=\"text-align: justify;\"><span style=\"color: #000000;\">The contradiction emphasizes\u00a0two ideas\u00a0coming from the same date, when we celebrate one more year of life and regret the time it leads to death.<\/span><\/p>\n<p>&nbsp;<\/p>\n<h2 style=\"text-align: justify;\"><span style=\"color: #000000;\"><strong>TRAJECTORY<\/strong><\/span><\/h2>\n<h3 style=\"text-align: justify;\"><span style=\"color: #000000;\"><strong><u>LIVE<\/u><\/strong><\/span><\/h3>\n<p style=\"text-align: justify;\"><span style=\"color: #000000;\"><strong>[2016]<\/strong><span class=\"apple-converted-space\">\u00a0<\/span><strong>Memento Mori<\/strong>. SESC Sorocaba, Sorocaba, SP, Brazil.<\/span><\/p>\n<p style=\"text-align: justify;\"><span style=\"color: #000000;\"><strong>[2016]<\/strong><span class=\"apple-converted-space\">\u00a0<\/span><strong>Memento Mori<\/strong>. SESC Ribeirao Preto, Ribeirao Preto, SP, Brazil.<\/span><\/p>\n<p style=\"text-align: justify;\"><span style=\"color: #000000;\"><strong>[2015] Memento Mori<\/strong>. SESC Santos, Santos, Brazil.<\/span><\/p>\n<p style=\"text-align: justify;\"><span style=\"color: #000000;\"><strong>[2015] Performapa<\/strong>. SESC Ipiranga, S\u00e3o Paulo, Brazil.<\/span><\/p>\n<p style=\"text-align: justify;\"><span style=\"color: #000000;\"><strong>[2015]\u00a0<\/strong>SESC Santana. S\u00e3o Paulo, Brazil.<\/span><\/p>\n<p style=\"text-align: justify;\"><span style=\"color: #000000;\"><strong><span lang=\"EN-US\">[2015] 83\u00ba Birthday of Municipal Theatre Rivoli<\/span><\/strong><span lang=\"EN-US\">. Porto, Portugal.<\/span><\/span><\/p>\n<p style=\"text-align: justify;\"><span style=\"color: #000000;\"><strong>[2014] p.ARTE \u2013 Mostra de Performance Art<\/strong>. Curitiba, Brazil.<\/span><\/p>\n<p style=\"text-align: justify;\"><span style=\"color: #000000;\"><strong>[2014] Corpo Hospedeiro<\/strong>. SESC Rio Preto. S\u00e3o Jos\u00e9 do Rio Preto, Brazil.<\/span><\/p>\n<p style=\"text-align: justify;\"><span style=\"color: #000000;\"><strong>[2014] Performance<\/strong>. SESC Campinas, Campinas, SP, Brazil.<\/span><\/p>\n<p style=\"text-align: justify;\"><span style=\"color: #000000;\"><strong><span lang=\"EN-US\">[2013] Performance Platform Lublin 2013<\/span><\/strong><span lang=\"EN-US\">. Labirynt Gallery, Lublin, Poland.<\/span><\/span><\/p>\n<p style=\"text-align: justify;\"><span style=\"color: #000000;\"><strong>[2013]\u00a0<\/strong>Colletive Exhibition\u00a0<strong>Moda e Religiosidade em Registros Corporais<\/strong>. Organization by Da Mata.\u00a0Centro para os Assuntos da Arte e Arquitectura, Guimar\u00e3es, Portugal.<\/span><\/p>\n<p>&nbsp;<\/p>\n<h3 style=\"text-align: justify;\"><span style=\"color: #000000;\"><strong><u><span lang=\"EN-US\">AS VIDEO AND\/OR PHOTOGRAPHY<\/span><\/u><\/strong><\/span><\/h3>\n<p style=\"text-align: justify;\"><span style=\"color: #000000;\"><strong><span lang=\"EN-US\">[2016]\u00a0Memento Mori<\/span><\/strong><span lang=\"EN-US\">. <\/span>Centro para os Assuntos da Arte e Arquitectura, Guimar\u00e3es, Portugal.<\/span><\/p>\n<p style=\"text-align: justify;\"><span style=\"color: #000000;\"><strong>[2015]<\/strong>\u00a0Mostra\u00a0<strong>Performance em Encontro<\/strong>. Curator: C\u00e1ssio Quit\u00e9rio. <span lang=\"EN-US\">SESC Campinas, Campinas, SP, Brazil.<\/span><\/span><\/p>\n<p style=\"text-align: justify;\"><span style=\"color: #000000;\"><strong><span lang=\"EN-US\">[2015]<\/span><\/strong><span lang=\"EN-US\">\u00a0Collective Exhibition\u00a0<\/span><strong><span lang=\"EN-US\">Cemetery of the Fish &#8211; Death and Magic in the Visual Arts<\/span><\/strong><span lang=\"EN-US\">. Curated by <\/span>Francilins. Cemit\u00e9rio do Peixe, Concei\u00e7\u00e3o do Mato Dentro, Minas Gerais, Brazil.<\/span><\/p>\n<p style=\"text-align: justify;\"><span style=\"color: #000000;\"><strong>[2013]<\/strong><span class=\"apple-converted-space\"><b>\u00a0<\/b><\/span>ZOOM Cultural Association, Barcelos, Portugal. <\/span><\/p>\n<p>&nbsp;<\/p>\n<h2 style=\"text-align: justify;\"><span style=\"color: #000000;\"><strong>CREDITS<\/strong><\/span><\/h2>\n<p style=\"text-align: justify;\"><span style=\"color: #000000;\">Concept\/Direct\/Performer: Tales Frey | Action length: about 3 hours<\/span><\/p>\n<p>&nbsp;<\/p>\n<p style=\"text-align: center;\"><span style=\"color: #000000;\"><img loading=\"lazy\" decoding=\"async\" class=\"aligncenter wp-image-1121\" title=\"Tales Frey, &quot;Proximity&quot;. Performance art realized in Guimaraes, Portugal. June 2013. Photo by Hilda de Paulo, 100 x 56,2 cm. Edition: 5 + 2 P.A.\" src=\"http:\/\/ciaexcessos.com.br\/ciawp\/wp-content\/uploads\/2015\/08\/Proximaidade-Tales-Frey-01-575x1024.jpg\" alt=\"\" width=\"1000\" height=\"1780\" srcset=\"https:\/\/ciaexcessos.com.br\/ciawp\/wp-content\/uploads\/2015\/08\/Proximaidade-Tales-Frey-01-575x1024.jpg 575w, https:\/\/ciaexcessos.com.br\/ciawp\/wp-content\/uploads\/2015\/08\/Proximaidade-Tales-Frey-01-169x300.jpg 169w\" sizes=\"auto, (max-width: 1000px) 100vw, 1000px\" \/><\/span><\/p>\n<p style=\"text-align: center;\"><span style=\"color: #000000;\"><span lang=\"EN-US\">Tales Frey,\u00a0<\/span><b><span lang=\"EN-US\">Proximity<\/span><\/b><span lang=\"EN-US\">. Performance art realized in Guimaraes, Portugal. June 2013. Photo by Hilda de Paulo, 100 x 56,2 cm. Edition: 5 + 2 P.A.<\/span><\/span><\/p>\n<p>&nbsp;<\/p>\n<div style=\"padding: 56.25% 0 0 0; position: relative;\"><iframe style=\"position: absolute; top: 0; left: 0; width: 100%; height: 100%;\" src=\"https:\/\/player.vimeo.com\/video\/72240545?color=ffffff&amp;title=0&amp;byline=0&amp;portrait=0\" frameborder=\"0\" allowfullscreen=\"allowfullscreen\"><\/iframe><\/div>\n<p style=\"text-align: center;\"><span style=\"color: #000000;\"><span lang=\"EN-US\">Tales Frey,\u00a0<\/span><b><span lang=\"EN-US\">Proximity<\/span><\/b><span lang=\"EN-US\">, 2013. Video, 2\u201939\u201d. Edition: 5 + 2 P.A.<\/span><\/span><\/p>\n<p>&nbsp;<\/p>\n<div style=\"padding: 56.25% 0 0 0; position: relative;\"><iframe style=\"position: absolute; top: 0; left: 0; width: 100%; height: 100%;\" src=\"https:\/\/player.vimeo.com\/video\/81900355?color=ffffff&amp;title=0&amp;byline=0&amp;portrait=0\" frameborder=\"0\" allowfullscreen=\"allowfullscreen\"><\/iframe><\/div>\n<p style=\"text-align: center;\"><span lang=\"EN-US\" style=\"color: #000000;\">Tales Frey,\u00a0<b>Proximity<\/b>, 2013. Video, 1\u201958\u201d<\/span><\/p>\n<p>&nbsp;<\/p>\n<div style=\"padding: 56.25% 0 0 0; position: relative;\"><iframe style=\"position: absolute; top: 0; left: 0; width: 100%; height: 100%;\" src=\"https:\/\/player.vimeo.com\/video\/124270922?color=ffffff&amp;title=0&amp;byline=0&amp;portrait=0\" frameborder=\"0\" allowfullscreen=\"allowfullscreen\"><\/iframe><\/div>\n<p style=\"text-align: center;\"><span style=\"color: #000000;\">Tales Frey,\u00a0<strong>Proximity<\/strong>, 2015. Video, 1\u201917&#8221;<\/span><\/p>\n<p><\/p>","protected":false},"excerpt":{"rendered":"<p>TRAJECTORY Tales Frey,\u00a0Proximity. Performance art showed in Lublin, Poland. October 2013. Photo by\u00a0Artur Dowgird &nbsp; [&hellip;]<\/p>\n","protected":false},"author":1,"featured_media":0,"parent":54,"menu_order":522,"comment_status":"closed","ping_status":"closed","template":"","meta":{"footnotes":""},"class_list":["post-96","page","type-page","status-publish","hentry"],"_links":{"self":[{"href":"https:\/\/ciaexcessos.com.br\/en\/wp-json\/wp\/v2\/pages\/96","targetHints":{"allow":["GET"]}}],"collection":[{"href":"https:\/\/ciaexcessos.com.br\/en\/wp-json\/wp\/v2\/pages"}],"about":[{"href":"https:\/\/ciaexcessos.com.br\/en\/wp-json\/wp\/v2\/types\/page"}],"author":[{"embeddable":true,"href":"https:\/\/ciaexcessos.com.br\/en\/wp-json\/wp\/v2\/users\/1"}],"replies":[{"embeddable":true,"href":"https:\/\/ciaexcessos.com.br\/en\/wp-json\/wp\/v2\/comments?post=96"}],"version-history":[{"count":39,"href":"https:\/\/ciaexcessos.com.br\/en\/wp-json\/wp\/v2\/pages\/96\/revisions"}],"predecessor-version":[{"id":9378,"href":"https:\/\/ciaexcessos.com.br\/en\/wp-json\/wp\/v2\/pages\/96\/revisions\/9378"}],"up":[{"embeddable":true,"href":"https:\/\/ciaexcessos.com.br\/en\/wp-json\/wp\/v2\/pages\/54"}],"wp:attachment":[{"href":"https:\/\/ciaexcessos.com.br\/en\/wp-json\/wp\/v2\/media?parent=96"}],"curies":[{"name":"wp","href":"https:\/\/api.w.org\/{rel}","templated":true}]}}